{"id":17,"date":"2026-01-19T16:05:07","date_gmt":"2026-01-19T09:05:07","guid":{"rendered":"https:\/\/markethive.io\/?page_id=17"},"modified":"2026-01-22T14:31:01","modified_gmt":"2026-01-22T07:31:01","slug":"mien-tru-trach-nhiem-open88","status":"publish","type":"page","link":"https:\/\/markethive.io\/vi-vn\/mien-tru-trach-nhiem-open88\/","title":{"rendered":"Mi\u1ec5n tr\u1eeb tr\u00e1ch nhi\u1ec7m Open88"},"content":{"rendered":"<h1 style=\"text-align: center;\"><span style=\"font-weight: 400;\">Mi\u1ec5n Tr\u1eeb Tr\u00e1ch Nhi\u1ec7m Open88 \u2013 Cam K\u1ebft B\u1ea3o V\u1ec7 Ng\u01b0\u1eddi Ch\u01a1i<\/span><\/h1>\n<p><span style=\"font-weight: 400;\"><strong><a href=\"https:\/\/markethive.io\/\">Open88.com<\/a><\/strong>, m\u1ed9t trong nh\u1eefng nh\u00e0 c\u00e1i uy t\u00edn h\u00e0ng \u0111\u1ea7u, lu\u00f4n \u0111\u1eb7t s\u1ef1 an to\u00e0n v\u00e0 b\u1ea3o m\u1eadt c\u1ee7a ng\u01b0\u1eddi ch\u01a1i l\u00ean h\u00e0ng \u0111\u1ea7u. Ch\u00ednh s\u00e1ch <\/span><b>Mi\u1ec5n Tr\u1eeb Tr\u00e1ch Nhi\u1ec7m Open88<\/b><span style=\"font-weight: 400;\"> \u0111\u01b0\u1ee3c x\u00e2y d\u1ef1ng \u0111\u1ec3 \u0111\u1ea3m b\u1ea3o quy\u1ec1n l\u1ee3i ng\u01b0\u1eddi ch\u01a1i v\u00e0 b\u1ea3o v\u1ec7 h\u1ecd kh\u1ecfi nh\u1eefng r\u1ee7i ro kh\u00f4ng mong mu\u1ed1n trong qu\u00e1 tr\u00ecnh tham gia c\u00e1 c\u01b0\u1ee3c. B\u00e0i vi\u1ebft n\u00e0y s\u1ebd gi\u00fap b\u1ea1n hi\u1ec3u r\u00f5 h\u01a1n v\u1ec1 c\u00e1c ch\u00ednh s\u00e1ch mi\u1ec5n tr\u1eeb tr\u00e1ch nhi\u1ec7m v\u00e0 c\u00e1ch Open88 b\u1ea3o v\u1ec7 d\u1eef li\u1ec7u c\u00e1 nh\u00e2n c\u1ee7a b\u1ea1n.<\/span><\/p>\n<h2><span style=\"font-weight: 400;\">Ch\u00ednh S\u00e1ch Mi\u1ec5n Tr\u1eeb Tr\u00e1ch Nhi\u1ec7m Open88 \u2013 T\u1ed5ng Quan C\u1ea7n Bi\u1ebft<\/span><\/h2>\n<p><span style=\"font-weight: 400;\">Ch\u00ednh s\u00e1ch mi\u1ec5n tr\u1eeb tr\u00e1ch nhi\u1ec7m c\u1ee7a Open88 \u0111\u00f3ng vai tr\u00f2 quan tr\u1ecdng trong vi\u1ec7c b\u1ea3o v\u1ec7 nh\u00e0 c\u00e1i kh\u1ecfi nh\u1eefng r\u1ee7i ro ph\u00e1p l\u00fd v\u00e0 t\u00e0i ch\u00ednh, \u0111\u1ed3ng th\u1eddi \u0111\u1ea3m b\u1ea3o ng\u01b0\u1eddi ch\u01a1i hi\u1ec3u r\u00f5 quy\u1ec1n l\u1ee3i v\u00e0 ngh\u0129a v\u1ee5 c\u1ee7a m\u00ecnh khi tham gia v\u00e0o c\u00e1c ho\u1ea1t \u0111\u1ed9ng c\u00e1 c\u01b0\u1ee3c. Ch\u00ednh s\u00e1ch n\u00e0y \u0111\u01b0\u1ee3c \u00e1p d\u1ee5ng minh b\u1ea1ch v\u00e0 tu\u00e2n th\u1ee7 c\u00e1c quy \u0111\u1ecbnh ph\u00e1p l\u00fd t\u1ea1i c\u00e1c qu\u1ed1c gia n\u01a1i Open88 ho\u1ea1t \u0111\u1ed9ng. V\u1edbi <\/span><b>Mi\u1ec5n Tr\u1eeb Tr\u00e1ch Nhi\u1ec7m Open88<\/b><span style=\"font-weight: 400;\">, ng\u01b0\u1eddi ch\u01a1i c\u00f3 th\u1ec3 ho\u00e0n to\u00e0n y\u00ean t\u00e2m v\u1ec1 s\u1ef1 b\u1ea3o v\u1ec7 th\u00f4ng tin c\u00e1 nh\u00e2n v\u00e0 giao d\u1ecbch c\u1ee7a m\u00ecnh.<\/span><\/p>\n<figure id=\"attachment_199\" aria-describedby=\"caption-attachment-199\" style=\"width: 800px\" class=\"wp-caption aligncenter\"><img loading=\"lazy\" decoding=\"async\" class=\"size-full wp-image-199\" src=\"https:\/\/markethive.io\/wp-content\/uploads\/2026\/01\/chinh-sach-mien-tru-trach-nhiem-open88.webp\" alt=\"Ch\u00ednh s\u00e1ch mi\u1ec5n tr\u1eeb tr\u00e1ch nhi\u1ec7m t\u1ea1i Open88\" width=\"800\" height=\"400\" srcset=\"https:\/\/markethive.io\/wp-content\/uploads\/2026\/01\/chinh-sach-mien-tru-trach-nhiem-open88.webp 800w, https:\/\/markethive.io\/wp-content\/uploads\/2026\/01\/chinh-sach-mien-tru-trach-nhiem-open88-300x150.webp 300w, https:\/\/markethive.io\/wp-content\/uploads\/2026\/01\/chinh-sach-mien-tru-trach-nhiem-open88-768x384.webp 768w\" sizes=\"auto, (max-width: 800px) 100vw, 800px\" \/><figcaption id=\"caption-attachment-199\" class=\"wp-caption-text\">Ch\u00ednh s\u00e1ch mi\u1ec5n tr\u1eeb tr\u00e1ch nhi\u1ec7m t\u1ea1i Open88<\/figcaption><\/figure>\n<h3><span style=\"font-weight: 400;\">Mi\u1ec5n Tr\u1eeb Tr\u00e1ch Nhi\u1ec7m V\u1ec1 C\u00e1c V\u1ea5n \u0110\u1ec1 K\u1ef9 Thu\u1eadt<\/span><\/h3>\n<p><span style=\"font-weight: 400;\">Open88 kh\u00f4ng ch\u1ecbu tr\u00e1ch nhi\u1ec7m v\u1edbi s\u1ef1 c\u1ed1 ngo\u00e0i t\u1ea7m ki\u1ec3m so\u00e1t, nh\u01b0 gi\u00e1n \u0111o\u1ea1n d\u1ecbch v\u1ee5 ho\u1eb7c l\u1ed7i m\u1ea1ng. Tuy nhi\u00ean, vi\u1ec7c b\u1ea3o v\u1ec7 th\u00f4ng tin v\u00e0 giao d\u1ecbch c\u1ee7a ng\u01b0\u1eddi ch\u01a1i lu\u00f4n \u0111\u01b0\u1ee3c tu\u00e2n th\u1ee7 nghi\u00eam ng\u1eb7t. <\/span><b>Mi\u1ec5n Tr\u1eeb Tr\u00e1ch Nhi\u1ec7m Open88<\/b><span style=\"font-weight: 400;\"> c\u0169ng \u00e1p d\u1ee5ng cho c\u00e1c t\u00ecnh hu\u1ed1ng kh\u00f4ng th\u1ec3 ki\u1ec3m so\u00e1t.<\/span><\/p>\n<h3><span style=\"font-weight: 400;\">Mi\u1ec5n Tr\u1eeb Tr\u00e1ch Nhi\u1ec7m Khi Ng\u01b0\u1eddi Ch\u01a1i Vi Ph\u1ea1m Ch\u00ednh S\u00e1ch<\/span><\/h3>\n<p><span style=\"font-weight: 400;\">M\u1ecdi vi ph\u1ea1m c\u1ee7a ng\u01b0\u1eddi ch\u01a1i \u0111\u1ed1i v\u1edbi c\u00e1c \u0111i\u1ec1u kho\u1ea3n v\u00e0 ch\u00ednh s\u00e1ch c\u1ee7a Open88, bao g\u1ed3m c\u00e1c h\u00e0nh vi gian l\u1eadn, hack t\u00e0i kho\u1ea3n, ho\u1eb7c s\u1eed d\u1ee5ng c\u00e1c c\u00f4ng c\u1ee5 kh\u00f4ng h\u1ee3p ph\u00e1p trong c\u00e1 c\u01b0\u1ee3c, s\u1ebd d\u1eabn \u0111\u1ebfn vi\u1ec7c nh\u00e0 c\u00e1i kh\u00f4ng ch\u1ecbu tr\u00e1ch nhi\u1ec7m ph\u00e1p l\u00fd v\u1ec1 c\u00e1c h\u1eadu qu\u1ea3 ph\u00e1t sinh t\u1eeb h\u00e0nh vi n\u00e0y. \u0110\u1ec3 \u0111\u1ea3m b\u1ea3o s\u1ef1 c\u00f4ng b\u1eb1ng, Open88 lu\u00f4n c\u00f3 c\u00e1c bi\u1ec7n ph\u00e1p gi\u00e1m s\u00e1t v\u00e0 x\u1eed l\u00fd nghi\u00eam ng\u1eb7t. Ch\u00ednh v\u00ec v\u1eady, <\/span><b>Mi\u1ec5n Tr\u1eeb Tr\u00e1ch Nhi\u1ec7m Open88<\/b><span style=\"font-weight: 400;\"> c\u0169ng \u0111\u01b0\u1ee3c \u00e1p d\u1ee5ng trong c\u00e1c tr\u01b0\u1eddng h\u1ee3p ng\u01b0\u1eddi ch\u01a1i vi ph\u1ea1m c\u00e1c quy \u0111\u1ecbnh c\u1ee7a nh\u00e0 c\u00e1i.<\/span><\/p>\n<h2><span style=\"font-weight: 400;\">C\u00f4ng Ngh\u1ec7 B\u1ea3o M\u1eadt V\u00e0 Cam K\u1ebft An To\u00e0n D\u1eef Li\u1ec7u<\/span><\/h2>\n<p><b>Mi\u1ec5n Tr\u1eeb Tr\u00e1ch Nhi\u1ec7m Open88<\/b><span style=\"font-weight: 400;\"> cam k\u1ebft b\u1ea3o v\u1ec7 d\u1eef li\u1ec7u ng\u01b0\u1eddi ch\u01a1i b\u1eb1ng c\u00e1c bi\u1ec7n ph\u00e1p <strong><a href=\"https:\/\/markethive.io\/chinh-sach-bao-mat-open88\/\">b\u1ea3o m\u1eadt<\/a><\/strong> hi\u1ec7n \u0111\u1ea1i nh\u01b0 m\u00e3 h\u00f3a SSL 256-bit v\u00e0 gi\u00e1m s\u00e1t li\u00ean t\u1ee5c. T\u1ea5t c\u1ea3 giao d\u1ecbch v\u00e0 th\u00f4ng tin c\u00e1 nh\u00e2n \u0111\u1ec1u \u0111\u01b0\u1ee3c b\u1ea3o v\u1ec7 ch\u1eb7t ch\u1ebd, mang \u0111\u1ebfn s\u1ef1 an t\u00e2m cho ng\u01b0\u1eddi ch\u01a1i khi tham gia c\u00e1 c\u01b0\u1ee3c.<\/span><\/p>\n<figure id=\"attachment_198\" aria-describedby=\"caption-attachment-198\" style=\"width: 800px\" class=\"wp-caption aligncenter\"><img loading=\"lazy\" decoding=\"async\" class=\"size-full wp-image-198\" src=\"https:\/\/markethive.io\/wp-content\/uploads\/2026\/01\/cong-nghe-bao-mat-an-toan-du-lieu-open88.webp\" alt=\"C\u00f4ng ngh\u1ec7 b\u1ea3o m\u1eadt v\u00e0 cam k\u1ebft an to\u00e0n\" width=\"800\" height=\"400\" srcset=\"https:\/\/markethive.io\/wp-content\/uploads\/2026\/01\/cong-nghe-bao-mat-an-toan-du-lieu-open88.webp 800w, https:\/\/markethive.io\/wp-content\/uploads\/2026\/01\/cong-nghe-bao-mat-an-toan-du-lieu-open88-300x150.webp 300w, https:\/\/markethive.io\/wp-content\/uploads\/2026\/01\/cong-nghe-bao-mat-an-toan-du-lieu-open88-768x384.webp 768w\" sizes=\"auto, (max-width: 800px) 100vw, 800px\" \/><figcaption id=\"caption-attachment-198\" class=\"wp-caption-text\">C\u00f4ng ngh\u1ec7 b\u1ea3o m\u1eadt v\u00e0 cam k\u1ebft an to\u00e0n<\/figcaption><\/figure>\n<h3><span style=\"font-weight: 400;\">SSL 256-bit \u2013 Gi\u1ea3i ph\u00e1p b\u1ea3o m\u1eadt \u0111\u1eb3ng c\u1ea5p<\/span><\/h3>\n<p><span style=\"font-weight: 400;\">Open88 \u00e1p d\u1ee5ng c\u00f4ng ngh\u1ec7 m\u00e3 h\u00f3a SSL 256-bit \u0111\u1ec3 b\u1ea3o v\u1ec7 d\u1eef li\u1ec7u gi\u1eefa ng\u01b0\u1eddi ch\u01a1i v\u00e0 h\u1ec7 th\u1ed1ng, ng\u0103n ng\u1eeba x\u00e2m nh\u1eadp tr\u00e1i ph\u00e9p v\u00e0 b\u1ea3o v\u1ec7 th\u00f4ng tin c\u00e1 nh\u00e2n c\u1ee7a ng\u01b0\u1eddi ch\u01a1i kh\u1ecfi nguy c\u01a1 b\u1ecb \u0111\u00e1nh c\u1eafp. Ch\u00ednh s\u00e1ch <\/span><b>Mi\u1ec5n Tr\u1eeb Tr\u00e1ch Nhi\u1ec7m Open88<\/b><span style=\"font-weight: 400;\"> c\u0169ng bao g\u1ed3m c\u00e1c bi\u1ec7n ph\u00e1p b\u1ea3o v\u1ec7 n\u00e0y \u0111\u1ec3 \u0111\u1ea3m b\u1ea3o r\u1eb1ng th\u00f4ng tin c\u1ee7a ng\u01b0\u1eddi ch\u01a1i kh\u00f4ng b\u1ecb r\u00f2 r\u1ec9.<\/span><\/p>\n<h3><span style=\"font-weight: 400;\">Qu\u1ea3n L\u00fd Giao D\u1ecbch An To\u00e0n<\/span><\/h3>\n<p><span style=\"font-weight: 400;\">B\u00ean c\u1ea1nh vi\u1ec7c b\u1ea3o v\u1ec7 th\u00f4ng tin c\u00e1 nh\u00e2n, Open88 c\u00f2n s\u1eed d\u1ee5ng c\u00e1c bi\u1ec7n ph\u00e1p b\u1ea3o m\u1eadt \u0111\u1ec3 \u0111\u1ea3m b\u1ea3o r\u1eb1ng m\u1ecdi giao d\u1ecbch n\u1ea1p v\u00e0 r\u00fat ti\u1ec1n \u0111\u01b0\u1ee3c th\u1ef1c hi\u1ec7n m\u1ed9t c\u00e1ch an to\u00e0n v\u00e0 ch\u00ednh x\u00e1c. M\u1ecdi h\u00e0nh vi gian l\u1eadn \u0111\u1ec1u \u0111\u01b0\u1ee3c ph\u00e1t hi\u1ec7n k\u1ecbp th\u1eddi v\u00e0 x\u1eed l\u00fd nghi\u00eam kh\u1eafc. \u0110\u00e2y l\u00e0 m\u1ed9t ph\u1ea7n trong cam k\u1ebft c\u1ee7a <\/span><b>Mi\u1ec5n Tr\u1eeb Tr\u00e1ch Nhi\u1ec7m Open88<\/b><span style=\"font-weight: 400;\"> nh\u1eb1m b\u1ea3o v\u1ec7 t\u00e0i s\u1ea3n c\u1ee7a ng\u01b0\u1eddi ch\u01a1i.<\/span><\/p>\n<h2><span style=\"font-weight: 400;\">L\u1ee3i \u00edch ng\u01b0\u1eddi ch\u01a1i nh\u1eadn \u0111\u01b0\u1ee3c t\u1eeb ch\u00ednh s\u00e1ch mi\u1ec5n tr\u1eeb tr\u00e1ch nhi\u1ec7m<\/span><\/h2>\n<p><span style=\"font-weight: 400;\">M\u1eb7c d\u00f9 <\/span><b>Mi\u1ec5n Tr\u1eeb Tr\u00e1ch Nhi\u1ec7m Open88<\/b><span style=\"font-weight: 400;\"> trong m\u1ed9t s\u1ed1 tr\u01b0\u1eddng h\u1ee3p nh\u1ea5t \u0111\u1ecbnh, quy\u1ec1n l\u1ee3i c\u1ee7a ng\u01b0\u1eddi ch\u01a1i lu\u00f4n \u0111\u01b0\u1ee3c b\u1ea3o v\u1ec7. Ng\u01b0\u1eddi ch\u01a1i c\u00f3 quy\u1ec1n y\u00eau c\u1ea7u ki\u1ec3m tra th\u00f4ng tin c\u00e1 nh\u00e2n, nh\u1eadn h\u1ed7 tr\u1ee3 k\u1ef9 thu\u1eadt v\u00e0 n\u1ebfu c\u1ea7n, y\u00eau c\u1ea7u x\u00f3a d\u1eef li\u1ec7u c\u00e1 nh\u00e2n kh\u1ecfi h\u1ec7 th\u1ed1ng c\u1ee7a nh\u00e0 c\u00e1i.<\/span><\/p>\n<h3><span style=\"font-weight: 400;\">Quy\u1ec1n c\u1eadp nh\u1eadt v\u00e0 s\u1eeda \u0111\u1ed5i th\u00f4ng tin ng\u01b0\u1eddi ch\u01a1i<\/span><\/h3>\n<p><span style=\"font-weight: 400;\">Ng\u01b0\u1eddi ch\u01a1i c\u00f3 quy\u1ec1n y\u00eau c\u1ea7u ch\u1ec9nh s\u1eeda th\u00f4ng tin c\u00e1 nh\u00e2n n\u1ebfu ph\u00e1t hi\u1ec7n sai s\u00f3t ho\u1eb7c khi c\u00f3 thay \u0111\u1ed5i. Open88 cam k\u1ebft h\u1ed7 tr\u1ee3 nhanh ch\u00f3ng v\u00e0 ch\u00ednh x\u00e1c trong vi\u1ec7c \u0111i\u1ec1u ch\u1ec9nh c\u00e1c th\u00f4ng tin c\u00e1 nh\u00e2n theo y\u00eau c\u1ea7u c\u1ee7a ng\u01b0\u1eddi ch\u01a1i. \u0110\u00e2y l\u00e0 m\u1ed9t quy\u1ec1n l\u1ee3i r\u00f5 r\u00e0ng trong <\/span><b>Mi\u1ec5n Tr\u1eeb Tr\u00e1ch Nhi\u1ec7m Open88<\/b><span style=\"font-weight: 400;\">, \u0111\u1ea3m b\u1ea3o ng\u01b0\u1eddi ch\u01a1i lu\u00f4n ki\u1ec3m so\u00e1t th\u00f4ng tin c\u1ee7a m\u00ecnh.<\/span><\/p>\n<figure id=\"attachment_197\" aria-describedby=\"caption-attachment-197\" style=\"width: 800px\" class=\"wp-caption aligncenter\"><img loading=\"lazy\" decoding=\"async\" class=\"size-full wp-image-197\" src=\"https:\/\/markethive.io\/wp-content\/uploads\/2026\/01\/quyen-cap-nhat-thong-tin-nguoi-choi.webp\" alt=\"C\u1eadp nh\u1eadt v\u00e0 s\u1eeda \u0111\u1ed5i th\u00f4ng tin ng\u01b0\u1eddi ch\u01a1i\" width=\"800\" height=\"400\" srcset=\"https:\/\/markethive.io\/wp-content\/uploads\/2026\/01\/quyen-cap-nhat-thong-tin-nguoi-choi.webp 800w, https:\/\/markethive.io\/wp-content\/uploads\/2026\/01\/quyen-cap-nhat-thong-tin-nguoi-choi-300x150.webp 300w, https:\/\/markethive.io\/wp-content\/uploads\/2026\/01\/quyen-cap-nhat-thong-tin-nguoi-choi-768x384.webp 768w\" sizes=\"auto, (max-width: 800px) 100vw, 800px\" \/><figcaption id=\"caption-attachment-197\" class=\"wp-caption-text\">C\u1eadp nh\u1eadt v\u00e0 s\u1eeda \u0111\u1ed5i th\u00f4ng tin ng\u01b0\u1eddi ch\u01a1i<\/figcaption><\/figure>\n<p><strong>&gt;&gt;<a href=\"https:\/\/markethive.io\/gioi-thieu-open88\/\">Gi\u1edbi Thi\u1ec7u Open88<\/a> \u2013 Nh\u00e0 C\u00e1i Uy T\u00edn V\u00e0 An To\u00e0n 2026<\/strong><\/p>\n<h3><span style=\"font-weight: 400;\">Quy\u1ec1n \u0110\u01b0\u1ee3c H\u1ed7 Tr\u1ee3 Trong Tr\u01b0\u1eddng H\u1ee3p R\u1ee7i Ro<\/span><\/h3>\n<p><span style=\"font-weight: 400;\">N\u1ebfu ng\u01b0\u1eddi ch\u01a1i g\u1eb7p ph\u1ea3i s\u1ef1 c\u1ed1 v\u1ec1 t\u00e0i kho\u1ea3n ho\u1eb7c c\u00e1c v\u1ea5n \u0111\u1ec1 li\u00ean quan \u0111\u1ebfn b\u1ea3o m\u1eadt, h\u1ecd c\u00f3 th\u1ec3 li\u00ean h\u1ec7 ngay v\u1edbi \u0111\u1ed9i ng\u0169 h\u1ed7 tr\u1ee3 c\u1ee7a Open88. Nh\u00e0 c\u00e1i cam k\u1ebft cung c\u1ea5p d\u1ecbch v\u1ee5 h\u1ed7 tr\u1ee3 k\u1ecbp th\u1eddi v\u00e0 hi\u1ec7u qu\u1ea3 \u0111\u1ec3 gi\u00fap ng\u01b0\u1eddi ch\u01a1i gi\u1ea3i quy\u1ebft c\u00e1c v\u1ea5n \u0111\u1ec1 nhanh ch\u00f3ng. Ch\u00ednh s\u00e1ch <\/span><b>Mi\u1ec5n Tr\u1eeb Tr\u00e1ch Nhi\u1ec7m Open88<\/b><span style=\"font-weight: 400;\"> kh\u00f4ng \u1ea3nh h\u01b0\u1edfng \u0111\u1ebfn quy\u1ec1n h\u1ed7 tr\u1ee3 c\u1ee7a ng\u01b0\u1eddi ch\u01a1i trong tr\u01b0\u1eddng h\u1ee3p c\u00f3 r\u1ee7i ro.<\/span><\/p>\n<h2><span style=\"font-weight: 400;\">Quy \u0110\u1ecbnh Ph\u00e1p L\u00fd v\u00e0 Ch\u00ednh S\u00e1ch Mi\u1ec5n Tr\u1eeb Tr\u00e1ch Nhi\u1ec7m<\/span><\/h2>\n<p><span style=\"font-weight: 400;\">Ch\u00ednh s\u00e1ch mi\u1ec5n tr\u1eeb tr\u00e1ch nhi\u1ec7m c\u1ee7a Open88 \u0111\u01b0\u1ee3c thi\u1ebft k\u1ebf \u0111\u1ec3 b\u1ea3o v\u1ec7 c\u1ea3 ng\u01b0\u1eddi ch\u01a1i v\u00e0 nh\u00e0 c\u00e1i trong c\u00e1c tr\u01b0\u1eddng h\u1ee3p kh\u00f4ng th\u1ec3 l\u01b0\u1eddng tr\u01b0\u1edbc. M\u1ecdi thay \u0111\u1ed5i v\u00e0 c\u1eadp nh\u1eadt v\u1ec1 ch\u00ednh s\u00e1ch \u0111\u1ec1u \u0111\u01b0\u1ee3c c\u00f4ng khai minh b\u1ea1ch, gi\u00fap ng\u01b0\u1eddi ch\u01a1i n\u1eafm r\u00f5 quy\u1ec1n l\u1ee3i v\u00e0 ngh\u0129a v\u1ee5 c\u1ee7a m\u00ecnh khi tham gia. <\/span><b>Mi\u1ec5n Tr\u1eeb Tr\u00e1ch Nhi\u1ec7m Open88<\/b><span style=\"font-weight: 400;\"> c\u0169ng s\u1ebd \u0111\u01b0\u1ee3c c\u1eadp nh\u1eadt khi c\u00f3 thay \u0111\u1ed5i v\u1ec1 c\u00e1c quy \u0111\u1ecbnh ph\u00e1p l\u00fd.<\/span><\/p>\n<h3><span style=\"font-weight: 400;\">K\u1ebft lu\u1eadn<\/span><\/h3>\n<p><span style=\"font-weight: 400;\">Ch\u00ednh s\u00e1ch <\/span><a href=\"https:\/\/markethive.io\/mien-tru-trach-nhiem-open88\/\"><b>Mi\u1ec5n Tr\u1eeb Tr\u00e1ch Nhi\u1ec7m Open88<\/b><\/a><span style=\"font-weight: 400;\"> b\u1ea3o v\u1ec7 quy\u1ec1n l\u1ee3i c\u1ee7a ng\u01b0\u1eddi ch\u01a1i, \u0111\u1ed3ng th\u1eddi \u0111\u1ea3m b\u1ea3o s\u1ef1 an to\u00e0n v\u00e0 b\u1ea3o m\u1eadt th\u00f4ng tin c\u00e1 nh\u00e2n. V\u1edbi c\u00e1c bi\u1ec7n ph\u00e1p b\u1ea3o m\u1eadt ti\u00ean ti\u1ebfn v\u00e0 h\u1ed7 tr\u1ee3 nhanh ch\u00f3ng, <strong><a href=\"https:\/\/markethive.io\/\">Open88<\/a> <\/strong>lu\u00f4n cam k\u1ebft mang \u0111\u1ebfn m\u1ed9t m\u00f4i tr\u01b0\u1eddng c\u00e1 c\u01b0\u1ee3c an to\u00e0n v\u00e0 c\u00f4ng b\u1eb1ng.<\/span><\/p>\n","protected":false},"excerpt":{"rendered":"<p>Mi\u1ec5n Tr\u1eeb Tr\u00e1ch Nhi\u1ec7m Open88 \u2013 Cam K\u1ebft B\u1ea3o V\u1ec7 Ng\u01b0\u1eddi Ch\u01a1i Open88.com, m\u1ed9t trong nh\u1eefng nh\u00e0 c\u00e1i uy t\u00edn h\u00e0ng \u0111\u1ea7u, lu\u00f4n \u0111\u1eb7t s\u1ef1 an to\u00e0n v\u00e0 b\u1ea3o m\u1eadt c\u1ee7a ng\u01b0\u1eddi ch\u01a1i l\u00ean h\u00e0ng \u0111\u1ea7u. Ch\u00ednh s\u00e1ch Mi\u1ec5n Tr\u1eeb Tr\u00e1ch Nhi\u1ec7m Open88 \u0111\u01b0\u1ee3c x\u00e2y d\u1ef1ng \u0111\u1ec3 \u0111\u1ea3m b\u1ea3o quy\u1ec1n l\u1ee3i ng\u01b0\u1eddi ch\u01a1i v\u00e0 b\u1ea3o [&#8230;]\n","protected":false},"author":1,"featured_media":200,"parent":0,"menu_order":0,"comment_status":"closed","ping_status":"closed","template":"","meta":{"footnotes":""},"class_list":["post-17","page","type-page","status-publish","has-post-thumbnail","hentry"],"_links":{"self":[{"href":"https:\/\/markethive.io\/vi-vn\/wp-json\/wp\/v2\/pages\/17","targetHints":{"allow":["GET"]}}],"collection":[{"href":"https:\/\/markethive.io\/vi-vn\/wp-json\/wp\/v2\/pages"}],"about":[{"href":"https:\/\/markethive.io\/vi-vn\/wp-json\/wp\/v2\/types\/page"}],"author":[{"embeddable":true,"href":"https:\/\/markethive.io\/vi-vn\/wp-json\/wp\/v2\/users\/1"}],"replies":[{"embeddable":true,"href":"https:\/\/markethive.io\/vi-vn\/wp-json\/wp\/v2\/comments?post=17"}],"version-history":[{"count":0,"href":"https:\/\/markethive.io\/vi-vn\/wp-json\/wp\/v2\/pages\/17\/revisions"}],"wp:featuredmedia":[{"embeddable":true,"href":"https:\/\/markethive.io\/vi-vn\/wp-json\/wp\/v2\/media\/200"}],"wp:attachment":[{"href":"https:\/\/markethive.io\/vi-vn\/wp-json\/wp\/v2\/media?parent=17"}],"curies":[{"name":"wp","href":"https:\/\/api.w.org\/{rel}","templated":true}]}}