{"id":19,"date":"2026-01-19T16:05:14","date_gmt":"2026-01-19T09:05:14","guid":{"rendered":"https:\/\/markethive.io\/?page_id=19"},"modified":"2026-01-22T14:27:25","modified_gmt":"2026-01-22T07:27:25","slug":"quyen-rieng-tu-open88","status":"publish","type":"page","link":"https:\/\/markethive.io\/vi-vn\/quyen-rieng-tu-open88\/","title":{"rendered":"Quy\u1ec1n ri\u00eang t\u01b0 Open88"},"content":{"rendered":"<h1 style=\"text-align: center;\"><span style=\"font-weight: 400;\">Quy\u1ec1n Ri\u00eang T\u01b0 Open88 \u2013 Cam K\u1ebft B\u1ea3o V\u1ec7 Th\u00f4ng Tin Ng\u01b0\u1eddi Ch\u01a1i<\/span><\/h1>\n<p><span style=\"font-weight: 400;\">V\u1edbi s\u1ef1 ph\u00e1t tri\u1ec3n c\u1ee7a ng\u00e0nh c\u00e1 c\u01b0\u1ee3c tr\u1ef1c tuy\u1ebfn, b\u1ea3o m\u1eadt v\u00e0 quy\u1ec1n ri\u00eang t\u01b0 c\u1ee7a ng\u01b0\u1eddi ch\u01a1i l\u00e0 \u01b0u ti\u00ean h\u00e0ng \u0111\u1ea7u. <strong><a href=\"https:\/\/markethive.io\/\">nh\u00e0 c\u00e1i Open88<\/a> <\/strong>cam k\u1ebft b\u1ea3o v\u1ec7 quy\u1ec1n ri\u00eang t\u01b0 v\u00e0 t\u1ea1o m\u00f4i tr\u01b0\u1eddng an to\u00e0n, minh b\u1ea1ch. Ch\u00ednh s\u00e1ch Quy\u1ec1n Ri\u00eang T\u01b0 Open88 \u0111\u1ea3m b\u1ea3o b\u1ea3o v\u1ec7 th\u00f4ng tin c\u00e1 nh\u00e2n, t\u00e0i kho\u1ea3n v\u00e0 giao d\u1ecbch c\u1ee7a ng\u01b0\u1eddi ch\u01a1i kh\u1ecfi c\u00e1c m\u1ed1i \u0111e d\u1ecda.<\/span><\/p>\n<h2><span style=\"font-weight: 400;\">T\u1ed5ng Quan V\u1ec1 Ch\u00ednh S\u00e1ch Quy\u1ec1n Ri\u00eang T\u01b0 Open88<\/span><\/h2>\n<p><span style=\"font-weight: 400;\">Ch\u00ednh s\u00e1ch <\/span><b>Quy\u1ec1n Ri\u00eang T\u01b0 Open88<\/b><span style=\"font-weight: 400;\"> l\u00e0 m\u1ed9t t\u1eadp h\u1ee3p c\u00e1c nguy\u00ean t\u1eafc v\u00e0 quy \u0111\u1ecbnh b\u1ea3o v\u1ec7 th\u00f4ng tin c\u00e1 nh\u00e2n c\u1ee7a ng\u01b0\u1eddi ch\u01a1i trong su\u1ed1t qu\u00e1 tr\u00ecnh s\u1eed d\u1ee5ng d\u1ecbch v\u1ee5 c\u00e1 c\u01b0\u1ee3c t\u1ea1i nh\u00e0 c\u00e1i. Open88 cam k\u1ebft r\u1eb1ng m\u1ecdi th\u00f4ng tin ng\u01b0\u1eddi ch\u01a1i cung c\u1ea5p s\u1ebd \u0111\u01b0\u1ee3c x\u1eed l\u00fd m\u1ed9t c\u00e1ch minh b\u1ea1ch v\u00e0 ch\u1ec9 s\u1eed d\u1ee5ng cho m\u1ee5c \u0111\u00edch b\u1ea3o m\u1eadt v\u00e0 h\u1ed7 tr\u1ee3 giao d\u1ecbch h\u1ee3p ph\u00e1p. D\u01b0\u1edbi \u0111\u00e2y l\u00e0 nh\u1eefng \u0111i\u1ec3m quan tr\u1ecdng trong ch\u00ednh s\u00e1ch quy\u1ec1n ri\u00eang t\u01b0 c\u1ee7a nh\u00e0 c\u00e1i.<\/span><\/p>\n<figure id=\"attachment_206\" aria-describedby=\"caption-attachment-206\" style=\"width: 800px\" class=\"wp-caption aligncenter\"><img loading=\"lazy\" decoding=\"async\" class=\"size-full wp-image-206\" src=\"https:\/\/markethive.io\/wp-content\/uploads\/2026\/01\/tong-quan-chinh-sach-quyen-rieng-tu-open88.webp\" alt=\"Ch\u00ednh s\u00e1ch quy\u1ec1n ri\u00eang t\u01b0 t\u1ea1i Open88\" width=\"800\" height=\"400\" srcset=\"https:\/\/markethive.io\/wp-content\/uploads\/2026\/01\/tong-quan-chinh-sach-quyen-rieng-tu-open88.webp 800w, https:\/\/markethive.io\/wp-content\/uploads\/2026\/01\/tong-quan-chinh-sach-quyen-rieng-tu-open88-300x150.webp 300w, https:\/\/markethive.io\/wp-content\/uploads\/2026\/01\/tong-quan-chinh-sach-quyen-rieng-tu-open88-768x384.webp 768w\" sizes=\"auto, (max-width: 800px) 100vw, 800px\" \/><figcaption id=\"caption-attachment-206\" class=\"wp-caption-text\">Ch\u00ednh s\u00e1ch quy\u1ec1n ri\u00eang t\u01b0 t\u1ea1i Open88<\/figcaption><\/figure>\n<h3><span style=\"font-weight: 400;\">Thu Th\u1eadp Th\u00f4ng Tin C\u00e1 Nh\u00e2n<\/span><\/h3>\n<p><span style=\"font-weight: 400;\">Open88 thu th\u1eadp nh\u1eefng th\u00f4ng tin c\u00e1 nh\u00e2n c\u1ea7n thi\u1ebft \u0111\u1ec3 x\u00e1c minh t\u00e0i kho\u1ea3n v\u00e0 th\u1ef1c hi\u1ec7n c\u00e1c giao d\u1ecbch n\u1ea1p, r\u00fat ti\u1ec1n. Nh\u1eefng th\u00f4ng tin n\u00e0y bao g\u1ed3m t\u00ean, s\u1ed1 \u0111i\u1ec7n tho\u1ea1i, email, v\u00e0 th\u00f4ng tin ng\u00e2n h\u00e0ng. <\/span><b>Quy\u1ec1n Ri\u00eang T\u01b0 Open88<\/b><span style=\"font-weight: 400;\"> \u0111\u1ea3m b\u1ea3o r\u1eb1ng nh\u1eefng th\u00f4ng tin n\u00e0y kh\u00f4ng b\u1ecb chia s\u1ebb cho b\u00ean th\u1ee9 ba m\u00e0 kh\u00f4ng c\u00f3 s\u1ef1 \u0111\u1ed3ng \u00fd c\u1ee7a ng\u01b0\u1eddi ch\u01a1i, tr\u1eeb khi c\u00f3 y\u00eau c\u1ea7u t\u1eeb c\u01a1 quan ch\u1ee9c n\u0103ng.<\/span><\/p>\n<h3><span style=\"font-weight: 400;\">C\u00f4ng Ngh\u1ec7 M\u00e3 H\u00f3a \u0110\u1ea3m B\u1ea3o Quy\u1ec1n Ri\u00eang T\u01b0<\/span><\/h3>\n<p><span style=\"font-weight: 400;\">Open88 s\u1eed d\u1ee5ng c\u00f4ng ngh\u1ec7 m\u00e3 h\u00f3a SSL 256-bit \u0111\u1ec3 b\u1ea3o v\u1ec7 m\u1ecdi th\u00f4ng tin c\u00e1 nh\u00e2n c\u1ee7a ng\u01b0\u1eddi ch\u01a1i khi \u0111\u01b0\u1ee3c truy\u1ec1n t\u1ea3i qua h\u1ec7 th\u1ed1ng. M\u1ecdi d\u1eef li\u1ec7u nh\u1ea1y c\u1ea3m, bao g\u1ed3m th\u00f4ng tin t\u00e0i kho\u1ea3n v\u00e0 giao d\u1ecbch, \u0111\u1ec1u \u0111\u01b0\u1ee3c m\u00e3 h\u00f3a v\u00e0 b\u1ea3o v\u1ec7 kh\u1ecfi s\u1ef1 x\u00e2m nh\u1eadp tr\u00e1i ph\u00e9p. Ch\u00ednh s\u00e1ch <\/span><b>Quy\u1ec1n Ri\u00eang T\u01b0 Open88<\/b><span style=\"font-weight: 400;\"> \u0111\u1ea3m b\u1ea3o r\u1eb1ng ng\u01b0\u1eddi ch\u01a1i s\u1ebd kh\u00f4ng ph\u1ea3i lo l\u1eafng v\u1ec1 vi\u1ec7c l\u1ed9 th\u00f4ng tin c\u00e1 nh\u00e2n trong su\u1ed1t qu\u00e1 tr\u00ecnh tham gia c\u00e1 c\u01b0\u1ee3c.<\/span><\/p>\n<h2><span style=\"font-weight: 400;\">\u0110\u1ea3m b\u1ea3o th\u00f4ng tin c\u00e1 nh\u00e2n ng\u01b0\u1eddi ch\u01a1i kh\u00f4ng b\u1ecb chia s\u1ebb<\/span><\/h2>\n<p><span style=\"font-weight: 400;\">M\u1ed9t trong nh\u1eefng \u0111i\u1ec3m m\u1ea1nh c\u1ee7a ch\u00ednh s\u00e1ch <\/span><b>Quy\u1ec1n Ri\u00eang T\u01b0 Open88<\/b><span style=\"font-weight: 400;\"> l\u00e0 cam k\u1ebft kh\u00f4ng chia s\u1ebb th\u00f4ng tin ng\u01b0\u1eddi ch\u01a1i v\u1edbi b\u1ea5t k\u1ef3 b\u00ean th\u1ee9 ba n\u00e0o tr\u1eeb khi c\u00f3 y\u00eau c\u1ea7u ph\u00e1p l\u00fd t\u1eeb c\u01a1 quan ch\u1ee9c n\u0103ng. M\u1ecdi th\u00f4ng tin ch\u1ec9 \u0111\u01b0\u1ee3c s\u1eed d\u1ee5ng trong ph\u1ea1m vi b\u1ea3o m\u1eadt t\u00e0i kho\u1ea3n v\u00e0 h\u1ed7 tr\u1ee3 giao d\u1ecbch h\u1ee3p ph\u00e1p, gi\u00fap ng\u01b0\u1eddi ch\u01a1i ho\u00e0n to\u00e0n y\u00ean t\u00e2m v\u1ec1 quy\u1ec1n ri\u00eang t\u01b0 c\u1ee7a m\u00ecnh.<\/span><\/p>\n<h3><span style=\"font-weight: 400;\">Quy\u1ec1n \u0111i\u1ec1u ch\u1ec9nh v\u00e0 ki\u1ec3m so\u00e1t d\u1eef li\u1ec7u c\u00e1 nh\u00e2n ng\u01b0\u1eddi ch\u01a1i<\/span><\/h3>\n<p><span style=\"font-weight: 400;\">Ng\u01b0\u1eddi ch\u01a1i lu\u00f4n c\u00f3 quy\u1ec1n y\u00eau c\u1ea7u xem x\u00e9t v\u00e0 ch\u1ec9nh s\u1eeda c\u00e1c th\u00f4ng tin c\u00e1 nh\u00e2n c\u1ee7a m\u00ecnh trong h\u1ec7 th\u1ed1ng c\u1ee7a Open88. N\u1ebfu ng\u01b0\u1eddi ch\u01a1i ph\u00e1t hi\u1ec7n b\u1ea5t k\u1ef3 sai s\u00f3t n\u00e0o trong th\u00f4ng tin c\u00e1 nh\u00e2n ho\u1eb7c mu\u1ed1n thay \u0111\u1ed5i th\u00f4ng tin, h\u1ecd c\u00f3 th\u1ec3 y\u00eau c\u1ea7u Open88 \u0111i\u1ec1u ch\u1ec9nh. Ch\u00ednh s\u00e1ch <\/span><b>Quy\u1ec1n Ri\u00eang T\u01b0 Open88<\/b><span style=\"font-weight: 400;\"> gi\u00fap ng\u01b0\u1eddi ch\u01a1i c\u00f3 quy\u1ec1n ki\u1ec3m so\u00e1t to\u00e0n b\u1ed9 d\u1eef li\u1ec7u c\u00e1 nh\u00e2n c\u1ee7a m\u00ecnh, \u0111\u1ea3m b\u1ea3o r\u1eb1ng kh\u00f4ng c\u00f3 s\u1ef1 x\u00e2m ph\u1ea1m tr\u00e1i ph\u00e9p n\u00e0o x\u1ea3y ra.<\/span><\/p>\n<figure id=\"attachment_203\" aria-describedby=\"caption-attachment-203\" style=\"width: 800px\" class=\"wp-caption aligncenter\"><img loading=\"lazy\" decoding=\"async\" class=\"size-full wp-image-203\" src=\"https:\/\/markethive.io\/wp-content\/uploads\/2026\/01\/quyen-dieu-chinh-du-lieu-ca-nhan-nguoi-choi.webp\" alt=\"\u0110i\u1ec1u ch\u1ec9nh v\u00e0 ki\u1ec3m so\u00e1t d\u1eef li\u1ec7u c\u00e1 nh\u00e2n\" width=\"800\" height=\"400\" srcset=\"https:\/\/markethive.io\/wp-content\/uploads\/2026\/01\/quyen-dieu-chinh-du-lieu-ca-nhan-nguoi-choi.webp 800w, https:\/\/markethive.io\/wp-content\/uploads\/2026\/01\/quyen-dieu-chinh-du-lieu-ca-nhan-nguoi-choi-300x150.webp 300w, https:\/\/markethive.io\/wp-content\/uploads\/2026\/01\/quyen-dieu-chinh-du-lieu-ca-nhan-nguoi-choi-768x384.webp 768w\" sizes=\"auto, (max-width: 800px) 100vw, 800px\" \/><figcaption id=\"caption-attachment-203\" class=\"wp-caption-text\">\u0110i\u1ec1u ch\u1ec9nh v\u00e0 ki\u1ec3m so\u00e1t d\u1eef li\u1ec7u c\u00e1 nh\u00e2n<\/figcaption><\/figure>\n<h3><span style=\"font-weight: 400;\">\u0110\u1ea3m B\u1ea3o An To\u00e0n Giao D\u1ecbch v\u00e0 B\u1ea3o M\u1eadt T\u00e0i Kho\u1ea3n<\/span><\/h3>\n<p><span style=\"font-weight: 400;\">C\u00e1c giao d\u1ecbch n\u1ea1p v\u00e0 r\u00fat ti\u1ec1n c\u1ee7a ng\u01b0\u1eddi ch\u01a1i t\u1ea1i Open88 lu\u00f4n \u0111\u01b0\u1ee3c b\u1ea3o v\u1ec7 t\u1ed1i \u0111a th\u00f4ng qua c\u00e1c bi\u1ec7n ph\u00e1p b\u1ea3o m\u1eadt m\u1ea1nh m\u1ebd. Ngo\u00e0i vi\u1ec7c s\u1eed d\u1ee5ng m\u00e3 h\u00f3a SSL 256-bit, Open88 c\u00f2n s\u1eed d\u1ee5ng t\u01b0\u1eddng l\u1eeda v\u00e0 c\u00e1c h\u1ec7 th\u1ed1ng gi\u00e1m s\u00e1t 24\/7 \u0111\u1ec3 \u0111\u1ea3m b\u1ea3o r\u1eb1ng kh\u00f4ng c\u00f3 ho\u1ea1t \u0111\u1ed9ng gian l\u1eadn hay truy c\u1eadp tr\u00e1i ph\u00e9p n\u00e0o v\u00e0o t\u00e0i kho\u1ea3n ng\u01b0\u1eddi ch\u01a1i. Ch\u00ednh s\u00e1ch <\/span><b>Quy\u1ec1n Ri\u00eang T\u01b0 Open88<\/b><span style=\"font-weight: 400;\"> cam k\u1ebft s\u1ebd ng\u1eebng m\u1ecdi h\u00e0nh vi x\u00e2m nh\u1eadp tr\u00e1i ph\u00e9p v\u00e0 \u0111\u1ea3m b\u1ea3o an to\u00e0n t\u1ed1i \u0111a cho t\u00e0i kho\u1ea3n ng\u01b0\u1eddi ch\u01a1i.<\/span><\/p>\n<h2><span style=\"font-weight: 400;\">C\u00e1c quy\u1ec1n l\u1ee3i c\u1ee7a ng\u01b0\u1eddi ch\u01a1i theo ch\u00ednh s\u00e1ch quy\u1ec1n ri\u00eang t\u01b0<\/span><\/h2>\n<p><span style=\"font-weight: 400;\">V\u1edbi <\/span><b>Quy\u1ec1n Ri\u00eang T\u01b0 Open88<\/b><span style=\"font-weight: 400;\">, ng\u01b0\u1eddi ch\u01a1i c\u00f3 to\u00e0n quy\u1ec1n ki\u1ec3m so\u00e1t v\u00e0 y\u00eau c\u1ea7u thay \u0111\u1ed5i th\u00f4ng tin c\u00e1 nh\u00e2n c\u1ee7a m\u00ecnh. D\u01b0\u1edbi \u0111\u00e2y l\u00e0 m\u1ed9t s\u1ed1 quy\u1ec1n l\u1ee3i m\u00e0 ng\u01b0\u1eddi ch\u01a1i \u0111\u01b0\u1ee3c h\u01b0\u1edfng theo ch\u00ednh s\u00e1ch n\u00e0y:<\/span><\/p>\n<h3><span style=\"font-weight: 400;\">Quy\u1ec1n Y\u00eau C\u1ea7u X\u00f3a D\u1eef Li\u1ec7u<\/span><\/h3>\n<p><span style=\"font-weight: 400;\">Ng\u01b0\u1eddi ch\u01a1i c\u00f3 quy\u1ec1n y\u00eau c\u1ea7u Open88 x\u00f3a d\u1eef li\u1ec7u c\u00e1 nh\u00e2n kh\u1ecfi h\u1ec7 th\u1ed1ng n\u1ebfu h\u1ecd kh\u00f4ng c\u00f2n mu\u1ed1n s\u1eed d\u1ee5ng d\u1ecbch v\u1ee5 n\u1eefa ho\u1eb7c c\u00f3 l\u00fd do kh\u00e1c. Vi\u1ec7c n\u00e0y s\u1ebd \u0111\u01b0\u1ee3c th\u1ef1c hi\u1ec7n theo quy \u0111\u1ecbnh b\u1ea3o v\u1ec7 quy\u1ec1n ri\u00eang t\u01b0 v\u00e0 <strong><a href=\"https:\/\/markethive.io\/chinh-sach-bao-mat-open88\/\">b\u1ea3o m\u1eadt<\/a><\/strong> th\u00f4ng tin.<\/span><\/p>\n<figure id=\"attachment_205\" aria-describedby=\"caption-attachment-205\" style=\"width: 800px\" class=\"wp-caption aligncenter\"><img loading=\"lazy\" decoding=\"async\" class=\"size-full wp-image-205\" src=\"https:\/\/markethive.io\/wp-content\/uploads\/2026\/01\/quyen-yeu-cau-xoa-du-lieu-open88.webp\" alt=\"Y\u00eau c\u1ea7u x\u00f3a d\u1eef li\u1ec7u t\u1ea1i Open88\" width=\"800\" height=\"400\" srcset=\"https:\/\/markethive.io\/wp-content\/uploads\/2026\/01\/quyen-yeu-cau-xoa-du-lieu-open88.webp 800w, https:\/\/markethive.io\/wp-content\/uploads\/2026\/01\/quyen-yeu-cau-xoa-du-lieu-open88-300x150.webp 300w, https:\/\/markethive.io\/wp-content\/uploads\/2026\/01\/quyen-yeu-cau-xoa-du-lieu-open88-768x384.webp 768w\" sizes=\"auto, (max-width: 800px) 100vw, 800px\" \/><figcaption id=\"caption-attachment-205\" class=\"wp-caption-text\">Y\u00eau c\u1ea7u x\u00f3a d\u1eef li\u1ec7u t\u1ea1i Open88<\/figcaption><\/figure>\n<h3><span style=\"font-weight: 400;\">Quy\u1ec1n \u0110\u01b0\u1ee3c H\u1ed7 Tr\u1ee3 Khi C\u00f3 S\u1ef1 C\u1ed1 Li\u00ean Quan \u0110\u1ebfn Quy\u1ec1n Ri\u00eang T\u01b0<\/span><\/h3>\n<p><span style=\"font-weight: 400;\">N\u1ebfu ng\u01b0\u1eddi ch\u01a1i ph\u00e1t hi\u1ec7n d\u1ea5u hi\u1ec7u r\u00f2 r\u1ec9 d\u1eef li\u1ec7u c\u00e1 nh\u00e2n ho\u1eb7c c\u00f3 nghi ng\u1edd v\u1ec1 vi\u1ec7c vi ph\u1ea1m quy\u1ec1n ri\u00eang t\u01b0 c\u1ee7a m\u00ecnh, h\u1ecd c\u00f3 th\u1ec3 li\u00ean h\u1ec7 ngay v\u1edbi \u0111\u1ed9i ng\u0169 h\u1ed7 tr\u1ee3 kh\u00e1ch h\u00e0ng c\u1ee7a Open88 \u0111\u1ec3 gi\u1ea3i quy\u1ebft nhanh ch\u00f3ng. <\/span><b>Quy\u1ec1n Ri\u00eang T\u01b0 Open88<\/b><span style=\"font-weight: 400;\"> lu\u00f4n b\u1ea3o v\u1ec7 quy\u1ec1n l\u1ee3i c\u1ee7a ng\u01b0\u1eddi ch\u01a1i v\u00e0 cung c\u1ea5p h\u1ed7 tr\u1ee3 k\u1ecbp th\u1eddi.<\/span><\/p>\n<p><strong>&gt;&gt;<a href=\"https:\/\/markethive.io\/mien-tru-trach-nhiem-open88\/\">Mi\u1ec5n Tr\u1eeb Tr\u00e1ch Nhi\u1ec7m Open88<\/a> \u2013 Cam K\u1ebft B\u1ea3o V\u1ec7 Ng\u01b0\u1eddi Ch\u01a1i<\/strong><\/p>\n<h2><span style=\"font-weight: 400;\">C\u00e1c \u0111i\u1ec1u kho\u1ea3n mi\u1ec5n tr\u1eeb tr\u00e1ch nhi\u1ec7m v\u1ec1 quy\u1ec1n ri\u00eang t\u01b0<\/span><\/h2>\n<p><span style=\"font-weight: 400;\">Open88 cam k\u1ebft b\u1ea3o v\u1ec7 quy\u1ec1n ri\u00eang t\u01b0 c\u1ee7a ng\u01b0\u1eddi ch\u01a1i, nh\u01b0ng c\u0169ng c\u1ea7n l\u01b0u \u00fd r\u1eb1ng nh\u00e0 c\u00e1i kh\u00f4ng ch\u1ecbu tr\u00e1ch nhi\u1ec7m \u0111\u1ed1i v\u1edbi c\u00e1c vi ph\u1ea1m quy\u1ec1n ri\u00eang t\u01b0 m\u00e0 ng\u01b0\u1eddi ch\u01a1i c\u00f3 th\u1ec3 g\u1eb7p ph\u1ea3i khi kh\u00f4ng tu\u00e2n th\u1ee7 c\u00e1c quy \u0111\u1ecbnh b\u1ea3o m\u1eadt, ch\u1eb3ng h\u1ea1n nh\u01b0 vi\u1ec7c chia s\u1ebb t\u00e0i kho\u1ea3n v\u1edbi ng\u01b0\u1eddi kh\u00e1c hay kh\u00f4ng b\u1ea3o v\u1ec7 m\u1eadt kh\u1ea9u t\u00e0i kho\u1ea3n c\u00e1 nh\u00e2n.<\/span><\/p>\n<h3><span style=\"font-weight: 400;\">K\u1ebft lu\u1eadn<\/span><\/h3>\n<p><span style=\"font-weight: 400;\">Ch\u00ednh s\u00e1ch <\/span><strong><a href=\"https:\/\/markethive.io\/quyen-rieng-tu-open88\/\">Quy\u1ec1n Ri\u00eang T\u01b0 Open88<\/a><\/strong><span style=\"font-weight: 400;\"> mang \u0111\u1ebfn cho ng\u01b0\u1eddi ch\u01a1i m\u1ed9t m\u00f4i tr\u01b0\u1eddng an to\u00e0n, b\u1ea3o m\u1eadt th\u00f4ng tin c\u00e1 nh\u00e2n v\u00e0 giao d\u1ecbch. V\u1edbi cam k\u1ebft kh\u00f4ng chia s\u1ebb d\u1eef li\u1ec7u c\u00e1 nh\u00e2n v\u00e0 c\u00e1c bi\u1ec7n ph\u00e1p b\u1ea3o m\u1eadt m\u1ea1nh m\u1ebd, <strong><a href=\"https:\/\/markethive.io\/\">Open88<\/a><\/strong> lu\u00f4n t\u00f4n tr\u1ecdng quy\u1ec1n ri\u00eang t\u01b0 c\u1ee7a ng\u01b0\u1eddi ch\u01a1i, \u0111\u1ea3m b\u1ea3o m\u1ed9t tr\u1ea3i nghi\u1ec7m c\u00e1 c\u01b0\u1ee3c an to\u00e0n v\u00e0 \u0111\u00e1ng tin c\u1eady.<\/span><\/p>\n","protected":false},"excerpt":{"rendered":"<p>Quy\u1ec1n Ri\u00eang T\u01b0 Open88 \u2013 Cam K\u1ebft B\u1ea3o V\u1ec7 Th\u00f4ng Tin Ng\u01b0\u1eddi Ch\u01a1i V\u1edbi s\u1ef1 ph\u00e1t tri\u1ec3n c\u1ee7a ng\u00e0nh c\u00e1 c\u01b0\u1ee3c tr\u1ef1c tuy\u1ebfn, b\u1ea3o m\u1eadt v\u00e0 quy\u1ec1n ri\u00eang t\u01b0 c\u1ee7a ng\u01b0\u1eddi ch\u01a1i l\u00e0 \u01b0u ti\u00ean h\u00e0ng \u0111\u1ea7u. nh\u00e0 c\u00e1i Open88 cam k\u1ebft b\u1ea3o v\u1ec7 quy\u1ec1n ri\u00eang t\u01b0 v\u00e0 t\u1ea1o m\u00f4i tr\u01b0\u1eddng an to\u00e0n, minh b\u1ea1ch. [&#8230;]\n","protected":false},"author":1,"featured_media":204,"parent":0,"menu_order":0,"comment_status":"closed","ping_status":"closed","template":"","meta":{"footnotes":""},"class_list":["post-19","page","type-page","status-publish","has-post-thumbnail","hentry"],"_links":{"self":[{"href":"https:\/\/markethive.io\/vi-vn\/wp-json\/wp\/v2\/pages\/19","targetHints":{"allow":["GET"]}}],"collection":[{"href":"https:\/\/markethive.io\/vi-vn\/wp-json\/wp\/v2\/pages"}],"about":[{"href":"https:\/\/markethive.io\/vi-vn\/wp-json\/wp\/v2\/types\/page"}],"author":[{"embeddable":true,"href":"https:\/\/markethive.io\/vi-vn\/wp-json\/wp\/v2\/users\/1"}],"replies":[{"embeddable":true,"href":"https:\/\/markethive.io\/vi-vn\/wp-json\/wp\/v2\/comments?post=19"}],"version-history":[{"count":0,"href":"https:\/\/markethive.io\/vi-vn\/wp-json\/wp\/v2\/pages\/19\/revisions"}],"wp:featuredmedia":[{"embeddable":true,"href":"https:\/\/markethive.io\/vi-vn\/wp-json\/wp\/v2\/media\/204"}],"wp:attachment":[{"href":"https:\/\/markethive.io\/vi-vn\/wp-json\/wp\/v2\/media?parent=19"}],"curies":[{"name":"wp","href":"https:\/\/api.w.org\/{rel}","templated":true}]}}