{"id":21,"date":"2026-01-19T16:05:29","date_gmt":"2026-01-19T09:05:29","guid":{"rendered":"https:\/\/markethive.io\/?page_id=21"},"modified":"2026-01-22T14:20:26","modified_gmt":"2026-01-22T07:20:26","slug":"gioi-thieu-open88","status":"publish","type":"page","link":"https:\/\/markethive.io\/vi-vn\/gioi-thieu-open88\/","title":{"rendered":"Gi\u1edbi thi\u1ec7u Open88"},"content":{"rendered":"<h1 style=\"text-align: center;\">Gi\u1edbi Thi\u1ec7u Open88 \u2013 Nh\u00e0 C\u00e1i Uy T\u00edn V\u00e0 An To\u00e0n 2026<\/h1>\n<p><a href=\"https:\/\/markethive.io\/gioi-thieu-open88\/\"><b>Gi\u1edbi Thi\u1ec7u Open88<\/b><\/a><span style=\"font-weight: 400;\"> l\u00e0 m\u1ed9t nh\u00e0 c\u00e1i c\u00e1 c\u01b0\u1ee3c tr\u1ef1c tuy\u1ebfn h\u00e0ng \u0111\u1ea7u, cung c\u1ea5p d\u1ecbch v\u1ee5 c\u00e1 c\u01b0\u1ee3c \u0111a d\u1ea1ng v\u00e0 ch\u1ea5t l\u01b0\u1ee3ng cho ng\u01b0\u1eddi ch\u01a1i tr\u00ean to\u00e0n th\u1ebf gi\u1edbi. V\u1edbi n\u1ec1n t\u1ea3ng c\u00f4ng ngh\u1ec7 ti\u00ean ti\u1ebfn v\u00e0 h\u1ec7 th\u1ed1ng b\u1ea3o m\u1eadt m\u1ea1nh m\u1ebd, ch\u00fang t\u00f4i lu\u00f4n cam k\u1ebft mang \u0111\u1ebfn cho ng\u01b0\u1eddi ch\u01a1i m\u1ed9t m\u00f4i tr\u01b0\u1eddng c\u00e1 c\u01b0\u1ee3c an to\u00e0n v\u00e0 c\u00f4ng b\u1eb1ng. B\u00e0i vi\u1ebft n\u00e0y s\u1ebd gi\u00fap b\u1ea1n hi\u1ec3u r\u00f5 h\u01a1n v\u1ec1 c\u00e1c d\u1ecbch v\u1ee5, c\u00f4ng ngh\u1ec7 b\u1ea3o m\u1eadt v\u00e0 l\u00fd do v\u00ec sao <\/span><a href=\"https:\/\/markethive.io\/\"><b>Open88.com<\/b><\/a><span style=\"font-weight: 400;\"> l\u00e0 s\u1ef1 l\u1ef1a ch\u1ecdn l\u00fd t\u01b0\u1edfng cho nh\u1eefng ai y\u00eau th\u00edch c\u00e1 c\u01b0\u1ee3c online.<\/span><\/p>\n<h2>T\u1ed5ng Quan V\u1ec1 Open88<\/h2>\n<p><b>Gi\u1edbi Thi\u1ec7u Open88<\/b><span style=\"font-weight: 400;\"> kh\u00f4ng ch\u1ec9 l\u00e0 m\u1ed9t nh\u00e0 c\u00e1i c\u00e1 c\u01b0\u1ee3c tr\u1ef1c tuy\u1ebfn m\u00e0 c\u00f2n l\u00e0 \u0111\u1ed1i t\u00e1c \u0111\u00e1ng tin c\u1eady trong vi\u1ec7c b\u1ea3o v\u1ec7 quy\u1ec1n l\u1ee3i c\u1ee7a ng\u01b0\u1eddi ch\u01a1i. V\u1edbi h\u01a1n m\u1ed9t th\u1eadp k\u1ef7 ho\u1ea1t \u0111\u1ed9ng trong ng\u00e0nh c\u00e1 c\u01b0\u1ee3c tr\u1ef1c tuy\u1ebfn, Open88 \u0111\u00e3 x\u00e2y d\u1ef1ng \u0111\u01b0\u1ee3c l\u00f2ng tin v\u1eefng ch\u1eafc nh\u1edd v\u00e0o s\u1ef1 minh b\u1ea1ch, c\u00f4ng b\u1eb1ng v\u00e0 c\u00e1c d\u1ecbch v\u1ee5 cao c\u1ea5p.<\/span><\/p>\n<figure id=\"attachment_191\" aria-describedby=\"caption-attachment-191\" style=\"width: 800px\" class=\"wp-caption aligncenter\"><img loading=\"lazy\" decoding=\"async\" class=\"size-full wp-image-191\" src=\"https:\/\/markethive.io\/wp-content\/uploads\/2026\/01\/tong-quan-ve-open88.webp\" alt=\"T\u1ed5ng quan v\u1ec1 nh\u00e0 c\u00e1i Open88\" width=\"800\" height=\"400\" srcset=\"https:\/\/markethive.io\/wp-content\/uploads\/2026\/01\/tong-quan-ve-open88.webp 800w, https:\/\/markethive.io\/wp-content\/uploads\/2026\/01\/tong-quan-ve-open88-300x150.webp 300w, https:\/\/markethive.io\/wp-content\/uploads\/2026\/01\/tong-quan-ve-open88-768x384.webp 768w\" sizes=\"auto, (max-width: 800px) 100vw, 800px\" \/><figcaption id=\"caption-attachment-191\" class=\"wp-caption-text\">T\u1ed5ng quan v\u1ec1 nh\u00e0 c\u00e1i Open88<\/figcaption><\/figure>\n<h3>C\u00e1c Tr\u00f2 Ch\u01a1i T\u1ea1i Open88<\/h3>\n<p><span style=\"font-weight: 400;\">Open88 cung c\u1ea5p m\u1ed9t lo\u1ea1t c\u00e1c tr\u00f2 ch\u01a1i c\u00e1 c\u01b0\u1ee3c h\u1ea5p d\u1eabn, t\u1eeb c\u00e1 c\u01b0\u1ee3c th\u1ec3 thao \u0111\u1ebfn c\u00e1c tr\u00f2 ch\u01a1i <strong><a href=\"https:\/\/markethive.io\/casino-open88\/\">casino tr\u1ef1c tuy\u1ebfn<\/a><\/strong> v\u00e0 eSports. Nh\u00e0 c\u00e1i n\u00e0y lu\u00f4n t\u1ed1i \u01b0u h\u00f3a giao di\u1ec7n v\u00e0 tr\u1ea3i nghi\u1ec7m ng\u01b0\u1eddi d\u00f9ng \u0111\u1ec3 \u0111\u1ea3m b\u1ea3o s\u1ef1 ti\u1ec7n l\u1ee3i v\u00e0 h\u00e0i l\u00f2ng c\u1ee7a ng\u01b0\u1eddi ch\u01a1i.<\/span><\/p>\n<h3>C\u00e1 C\u01b0\u1ee3c Th\u1ec3 Thao<\/h3>\n<p><b>Gi\u1edbi Thi\u1ec7u Open88<\/b><span style=\"font-weight: 400;\"> kh\u00f4ng th\u1ec3 thi\u1ebfu c\u00e1 c\u01b0\u1ee3c th\u1ec3 thao, n\u01a1i ng\u01b0\u1eddi ch\u01a1i c\u00f3 th\u1ec3 tham gia c\u00e1c tr\u1eadn \u0111\u1ea5u b\u00f3ng \u0111\u00e1, b\u00f3ng r\u1ed5, tennis v\u00e0 nhi\u1ec1u m\u00f4n th\u1ec3 thao kh\u00e1c. C\u00e1c s\u1ef1 ki\u1ec7n th\u1ec3 thao l\u1edbn nh\u01b0 World Cup, Premier League lu\u00f4n thu h\u00fat l\u01b0\u1ee3ng l\u1edbn ng\u01b0\u1eddi tham gia c\u00e1 c\u01b0\u1ee3c t\u1ea1i Open88.<\/span><\/p>\n<h3>Casino Tr\u1ef1c Tuy\u1ebfn<\/h3>\n<p><span style=\"font-weight: 400;\">Ngo\u00e0i c\u00e1 c\u01b0\u1ee3c th\u1ec3 thao, Open88 c\u00f2n \u0111\u1eb7c bi\u1ec7t v\u1edbi d\u1ecbch v\u1ee5 casino tr\u1ef1c tuy\u1ebfn. Ng\u01b0\u1eddi ch\u01a1i c\u00f3 th\u1ec3 tr\u1ea3i nghi\u1ec7m c\u00e1c tr\u00f2 ch\u01a1i nh\u01b0 baccarat, blackjack, roulette v\u00e0 nhi\u1ec1u tr\u00f2 ch\u01a1i kh\u00e1c, t\u1ea5t c\u1ea3 \u0111\u1ec1u c\u00f3 t\u1ef7 l\u1ec7 c\u01b0\u1ee3c c\u00f4ng b\u1eb1ng v\u00e0 giao di\u1ec7n th\u00e2n thi\u1ec7n, d\u1ec5 s\u1eed d\u1ee5ng.<\/span><\/p>\n<h3>eSports<\/h3>\n<p><span style=\"font-weight: 400;\">V\u1edbi s\u1ef1 ph\u00e1t tri\u1ec3n m\u1ea1nh m\u1ebd c\u1ee7a c\u00e1c tr\u00f2 ch\u01a1i \u0111i\u1ec7n t\u1eed, <\/span><b>Gi\u1edbi Thi\u1ec7u Open88<\/b><span style=\"font-weight: 400;\"> c\u0169ng kh\u00f4ng b\u1ecf qua nhu c\u1ea7u c\u00e1 c\u01b0\u1ee3c v\u00e0o c\u00e1c gi\u1ea3i \u0111\u1ea5u eSports. Nh\u1eefng ng\u01b0\u1eddi y\u00eau th\u00edch c\u00e1c tr\u00f2 ch\u01a1i nh\u01b0 Dota 2, CS:GO, v\u00e0 Li\u00ean Minh Huy\u1ec1n Tho\u1ea1i s\u1ebd kh\u00f4ng th\u1ec3 b\u1ecf qua c\u01a1 h\u1ed9i tham gia c\u00e1 c\u01b0\u1ee3c v\u00e0o c\u00e1c gi\u1ea3i \u0111\u1ea5u n\u00e0y t\u1ea1i Open88.<\/span><\/p>\n<h2>C\u00f4ng Ngh\u1ec7 B\u1ea3o M\u1eadt T\u1ea1i Open88<\/h2>\n<p><span style=\"font-weight: 400;\">M\u1ed9t y\u1ebfu t\u1ed1 quan tr\u1ecdng khi\u1ebfn <\/span><b>Gi\u1edbi Thi\u1ec7u Open88<\/b><span style=\"font-weight: 400;\"> tr\u1edf th\u00e0nh l\u1ef1a ch\u1ecdn h\u00e0ng \u0111\u1ea7u c\u1ee7a ng\u01b0\u1eddi ch\u01a1i ch\u00ednh l\u00e0 <strong><a href=\"https:\/\/markethive.io\/chinh-sach-bao-mat-open88\/\">h\u1ec7 th\u1ed1ng b\u1ea3o m\u1eadt<\/a><\/strong> v\u1eefng ch\u1eafc. <\/span><span style=\"font-weight: 400;\">V\u1edbi c\u00f4ng ngh\u1ec7 m\u00e3 h\u00f3a hi\u1ec7n \u0111\u1ea1i, th\u00f4ng tin c\u00e1 nh\u00e2n v\u00e0 t\u00e0i ch\u00ednh c\u1ee7a ng\u01b0\u1eddi ch\u01a1i \u0111\u01b0\u1ee3c b\u1ea3o v\u1ec7 nghi\u00eam ng\u1eb7t, ng\u0103n ch\u1eb7n m\u1ecdi nguy c\u01a1 t\u1eeb c\u00e1c cu\u1ed9c t\u1ea5n c\u00f4ng hay x\u00e2m nh\u1eadp.<\/span><\/p>\n<h3>M\u00e3 H\u00f3a SSL 256-bit<\/h3>\n<p><span style=\"font-weight: 400;\">Open88 s\u1eed d\u1ee5ng c\u00f4ng ngh\u1ec7 m\u00e3 h\u00f3a SSL 256-bit \u0111\u1ec3 b\u1ea3o v\u1ec7 t\u1ea5t c\u1ea3 c\u00e1c giao d\u1ecbch v\u00e0 d\u1eef li\u1ec7u c\u00e1 nh\u00e2n c\u1ee7a ng\u01b0\u1eddi ch\u01a1i. C\u00f4ng ngh\u1ec7 n\u00e0y l\u00e0 ti\u00eau chu\u1ea9n b\u1ea3o m\u1eadt hi\u1ec7n \u0111\u1ea1i nh\u1ea5t v\u00e0 \u0111\u1ea3m b\u1ea3o m\u1ecdi th\u00f4ng tin \u0111\u01b0\u1ee3c m\u00e3 h\u00f3a v\u00e0 kh\u00f4ng th\u1ec3 b\u1ecb \u0111\u00e1nh c\u1eafp trong qu\u00e1 tr\u00ecnh truy\u1ec1n t\u1ea3i.<\/span><\/p>\n<figure id=\"attachment_194\" aria-describedby=\"caption-attachment-194\" style=\"width: 800px\" class=\"wp-caption aligncenter\"><img loading=\"lazy\" decoding=\"async\" class=\"size-full wp-image-194\" src=\"https:\/\/markethive.io\/wp-content\/uploads\/2026\/01\/ma-hoa-ssl-256-bit-open88.webp\" alt=\"ma-hoa-ssl-256-bit-open88\" width=\"800\" height=\"400\" srcset=\"https:\/\/markethive.io\/wp-content\/uploads\/2026\/01\/ma-hoa-ssl-256-bit-open88.webp 800w, https:\/\/markethive.io\/wp-content\/uploads\/2026\/01\/ma-hoa-ssl-256-bit-open88-300x150.webp 300w, https:\/\/markethive.io\/wp-content\/uploads\/2026\/01\/ma-hoa-ssl-256-bit-open88-768x384.webp 768w\" sizes=\"auto, (max-width: 800px) 100vw, 800px\" \/><figcaption id=\"caption-attachment-194\" class=\"wp-caption-text\">M\u00e3 h\u00f3a SSL b\u1ea3o m\u1eadt t\u1ea1i Open88<\/figcaption><\/figure>\n<h3>Gi\u00e1m S\u00e1t Li\u00ean T\u1ee5c v\u00e0 T\u01b0\u1eddng L\u1eeda B\u1ea3o V\u1ec7 24\/7<\/h3>\n<p><span style=\"font-weight: 400;\">Ngo\u00e0i vi\u1ec7c s\u1eed d\u1ee5ng m\u00e3 h\u00f3a SSL 256-bit, <\/span><b>Gi\u1edbi Thi\u1ec7u Open88<\/b><span style=\"font-weight: 400;\"> c\u00f2n tri\u1ec3n khai t\u01b0\u1eddng l\u1eeda \u0111a l\u1edbp v\u00e0 h\u1ec7 th\u1ed1ng gi\u00e1m s\u00e1t 24\/7 \u0111\u1ec3 b\u1ea3o v\u1ec7 h\u1ec7 th\u1ed1ng kh\u1ecfi c\u00e1c cu\u1ed9c t\u1ea5n c\u00f4ng t\u1eeb b\u00ean ngo\u00e0i. \u0110i\u1ec1u n\u00e0y \u0111\u1ea3m b\u1ea3o r\u1eb1ng d\u1eef li\u1ec7u c\u1ee7a ng\u01b0\u1eddi ch\u01a1i lu\u00f4n \u0111\u01b0\u1ee3c b\u1ea3o v\u1ec7 t\u1ed1i \u0111a.<\/span><\/p>\n<h2>D\u1ecbch V\u1ee5 H\u1ed7 Tr\u1ee3 Kh\u00e1ch H\u00e0ng T\u1ea1i Open88<\/h2>\n<p><span style=\"font-weight: 400;\">M\u1ed9t y\u1ebfu t\u1ed1 quan tr\u1ecdng kh\u00e1c l\u00e0m n\u00ean s\u1ef1 uy t\u00edn c\u1ee7a <\/span><b>Gi\u1edbi Thi\u1ec7u Open88<\/b><span style=\"font-weight: 400;\"> ch\u00ednh l\u00e0 d\u1ecbch v\u1ee5 h\u1ed7 tr\u1ee3 kh\u00e1ch h\u00e0ng t\u1eadn t\u00e2m v\u00e0 chuy\u00ean nghi\u1ec7p. \u0110\u1ed9i ng\u0169 h\u1ed7 tr\u1ee3 lu\u00f4n s\u1eb5n s\u00e0ng gi\u1ea3i \u0111\u00e1p m\u1ecdi th\u1eafc m\u1eafc v\u00e0 x\u1eed l\u00fd c\u00e1c v\u1ea5n \u0111\u1ec1 ng\u01b0\u1eddi ch\u01a1i g\u1eb7p ph\u1ea3i 24\/7 qua c\u00e1c k\u00eanh kh\u00e1c nhau.<\/span><\/p>\n<h3>H\u1ed7 Tr\u1ee3 Kh\u00e1ch H\u00e0ng T\u1eadn T\u00e2m, Lu\u00f4n L\u1eafng Nghe M\u1ecdi Y\u00eau C\u1ea7u<\/h3>\n<p><span style=\"font-weight: 400;\">Open88 cung c\u1ea5p d\u1ecbch v\u1ee5 ch\u0103m s\u00f3c kh\u00e1ch h\u00e0ng v\u1edbi \u0111\u1ed9i ng\u0169 nh\u00e2n vi\u00ean gi\u00e0u kinh nghi\u1ec7m v\u00e0 chuy\u00ean m\u00f4n, s\u1eb5n s\u00e0ng h\u1ed7 tr\u1ee3 ng\u01b0\u1eddi ch\u01a1i khi c\u00f3 v\u1ea5n \u0111\u1ec1 ph\u00e1t sinh. Ng\u01b0\u1eddi ch\u01a1i c\u00f3 th\u1ec3 li\u00ean h\u1ec7 qua c\u00e1c k\u00eanh h\u1ed7 tr\u1ee3 tr\u1ef1c tuy\u1ebfn, email ho\u1eb7c \u0111i\u1ec7n tho\u1ea1i.<\/span><\/p>\n<p><strong>&gt;&gt;<a href=\"https:\/\/markethive.io\/lien-he-open88\/\">Li\u00ean H\u1ec7 Open88<\/a> \u2013 H\u01b0\u1edbng D\u1eabn C\u00e1c K\u00eanh Li\u00ean L\u1ea1c Ch\u00ednh Th\u1ee9c<\/strong><\/p>\n<h3>D\u1ecbch V\u1ee5 H\u1ed7 Tr\u1ee3 24\/7<\/h3>\n<p><span style=\"font-weight: 400;\">B\u1ea5t k\u1ec3 ng\u00e0y hay \u0111\u00eam, ng\u01b0\u1eddi ch\u01a1i c\u00f3 th\u1ec3 li\u00ean h\u1ec7 v\u1edbi Open88 b\u1ea5t k\u1ef3 l\u00fac n\u00e0o \u0111\u1ec3 \u0111\u01b0\u1ee3c h\u1ed7 tr\u1ee3. \u0110\u1ed9i ng\u0169 ch\u0103m s\u00f3c kh\u00e1ch h\u00e0ng s\u1ebd nhanh ch\u00f3ng gi\u1ea3i quy\u1ebft m\u1ecdi th\u1eafc m\u1eafc v\u00e0 \u0111\u1ea3m b\u1ea3o ng\u01b0\u1eddi ch\u01a1i lu\u00f4n c\u00f3 tr\u1ea3i nghi\u1ec7m c\u00e1 c\u01b0\u1ee3c tuy\u1ec7t v\u1eddi.<\/span><\/p>\n<h2>Thanh To\u00e1n T\u1ea1i Open88 \u2013 Nhanh Ch\u00f3ng V\u00e0 An To\u00e0n<\/h2>\n<p><span style=\"font-weight: 400;\">M\u1ed9t trong nh\u1eefng \u0111i\u1ec3m m\u1ea1nh c\u1ee7a <\/span><b>Gi\u1edbi Thi\u1ec7u Open88<\/b><span style=\"font-weight: 400;\"> ch\u00ednh l\u00e0 h\u1ec7 th\u1ed1ng thanh to\u00e1n nhanh ch\u00f3ng v\u00e0 an to\u00e0n. Ng\u01b0\u1eddi ch\u01a1i c\u00f3 th\u1ec3 n\u1ea1p v\u00e0 r\u00fat ti\u1ec1n qua nhi\u1ec1u ph\u01b0\u01a1ng th\u1ee9c kh\u00e1c nhau, t\u1eeb th\u1ebb ng\u00e2n h\u00e0ng, v\u00ed \u0111i\u1ec7n t\u1eed \u0111\u1ebfn chuy\u1ec3n kho\u1ea3n ng\u00e2n h\u00e0ng.<\/span><\/p>\n<figure id=\"attachment_192\" aria-describedby=\"caption-attachment-192\" style=\"width: 800px\" class=\"wp-caption aligncenter\"><img loading=\"lazy\" decoding=\"async\" class=\"size-full wp-image-192\" src=\"https:\/\/markethive.io\/wp-content\/uploads\/2026\/01\/thanh-toan-open88-nhanh-chong-an-toan.webp\" alt=\"Thanh to\u00e1n nhanh ch\u00f3ng v\u00e0 an to\u00e0n t\u1ea1i Open88\" width=\"800\" height=\"400\" srcset=\"https:\/\/markethive.io\/wp-content\/uploads\/2026\/01\/thanh-toan-open88-nhanh-chong-an-toan.webp 800w, https:\/\/markethive.io\/wp-content\/uploads\/2026\/01\/thanh-toan-open88-nhanh-chong-an-toan-300x150.webp 300w, https:\/\/markethive.io\/wp-content\/uploads\/2026\/01\/thanh-toan-open88-nhanh-chong-an-toan-768x384.webp 768w\" sizes=\"auto, (max-width: 800px) 100vw, 800px\" \/><figcaption id=\"caption-attachment-192\" class=\"wp-caption-text\">Thanh to\u00e1n nhanh ch\u00f3ng v\u00e0 an to\u00e0n t\u1ea1i Open88<\/figcaption><\/figure>\n<h3>N\u1ea1p V\u00e0 R\u00fat Ti\u1ec1n Nhanh Ch\u00f3ng<\/h3>\n<p><span style=\"font-weight: 400;\">T\u1ea1i Open88, h\u1ec7 th\u1ed1ng thanh to\u00e1n \u0111\u01b0\u1ee3c thi\u1ebft k\u1ebf t\u1ed1i \u01b0u, mang l\u1ea1i tr\u1ea3i nghi\u1ec7m giao d\u1ecbch n\u1ea1p v\u00e0 r\u00fat ti\u1ec1n nhanh ch\u00f3ng, b\u1ea3o m\u1eadt v\u00e0 thu\u1eadn ti\u1ec7n cho ng\u01b0\u1eddi ch\u01a1i.<\/span><\/p>\n<h3>Ph\u01b0\u01a1ng Th\u1ee9c Thanh To\u00e1n \u0110a D\u1ea1ng<\/h3>\n<p><span style=\"font-weight: 400;\">Open88 mang \u0111\u1ebfn c\u00e1c ph\u01b0\u01a1ng th\u1ee9c thanh to\u00e1n \u0111a d\u1ea1ng, bao g\u1ed3m th\u1ebb t\u00edn d\u1ee5ng, v\u00ed \u0111i\u1ec7n t\u1eed v\u00e0 chuy\u1ec3n kho\u1ea3n ng\u00e2n h\u00e0ng, gi\u00fap ng\u01b0\u1eddi ch\u01a1i th\u1ef1c hi\u1ec7n giao d\u1ecbch nhanh ch\u00f3ng v\u00e0 ti\u1ec7n l\u1ee3i.<\/span><\/p>\n<p><b>Gi\u1edbi Thi\u1ec7u Open88 <\/b><span style=\"font-weight: 400;\">l\u00e0 l\u1ef1a ch\u1ecdn l\u00fd t\u01b0\u1edfng cho nh\u1eefng ai t\u00ecm ki\u1ebfm m\u1ed9t nh\u00e0 c\u00e1i c\u00e1 c\u01b0\u1ee3c \u0111\u00e1ng tin c\u1eady. V\u1edbi h\u1ec7 th\u1ed1ng b\u1ea3o m\u1eadt cao c\u1ea5p, d\u1ecbch v\u1ee5 ch\u0103m s\u00f3c kh\u00e1ch h\u00e0ng t\u1eadn t\u00e2m v\u00e0 danh m\u1ee5c tr\u00f2 ch\u01a1i phong ph\u00fa, <strong><a href=\"https:\/\/markethive.io\/\">Open88<\/a> <\/strong>cam k\u1ebft mang \u0111\u1ebfn tr\u1ea3i nghi\u1ec7m c\u00e1 c\u01b0\u1ee3c an to\u00e0n, c\u00f4ng b\u1eb1ng v\u00e0 th\u00fa v\u1ecb cho ng\u01b0\u1eddi ch\u01a1i.<\/span><\/p>\n","protected":false},"excerpt":{"rendered":"<p>Gi\u1edbi Thi\u1ec7u Open88 \u2013 Nh\u00e0 C\u00e1i Uy T\u00edn V\u00e0 An To\u00e0n 2026 Gi\u1edbi Thi\u1ec7u Open88 l\u00e0 m\u1ed9t nh\u00e0 c\u00e1i c\u00e1 c\u01b0\u1ee3c tr\u1ef1c tuy\u1ebfn h\u00e0ng \u0111\u1ea7u, cung c\u1ea5p d\u1ecbch v\u1ee5 c\u00e1 c\u01b0\u1ee3c \u0111a d\u1ea1ng v\u00e0 ch\u1ea5t l\u01b0\u1ee3ng cho ng\u01b0\u1eddi ch\u01a1i tr\u00ean to\u00e0n th\u1ebf gi\u1edbi. V\u1edbi n\u1ec1n t\u1ea3ng c\u00f4ng ngh\u1ec7 ti\u00ean ti\u1ebfn v\u00e0 h\u1ec7 th\u1ed1ng b\u1ea3o m\u1eadt [&#8230;]\n","protected":false},"author":1,"featured_media":193,"parent":0,"menu_order":0,"comment_status":"closed","ping_status":"closed","template":"","meta":{"footnotes":""},"class_list":["post-21","page","type-page","status-publish","has-post-thumbnail","hentry"],"_links":{"self":[{"href":"https:\/\/markethive.io\/vi-vn\/wp-json\/wp\/v2\/pages\/21","targetHints":{"allow":["GET"]}}],"collection":[{"href":"https:\/\/markethive.io\/vi-vn\/wp-json\/wp\/v2\/pages"}],"about":[{"href":"https:\/\/markethive.io\/vi-vn\/wp-json\/wp\/v2\/types\/page"}],"author":[{"embeddable":true,"href":"https:\/\/markethive.io\/vi-vn\/wp-json\/wp\/v2\/users\/1"}],"replies":[{"embeddable":true,"href":"https:\/\/markethive.io\/vi-vn\/wp-json\/wp\/v2\/comments?post=21"}],"version-history":[{"count":0,"href":"https:\/\/markethive.io\/vi-vn\/wp-json\/wp\/v2\/pages\/21\/revisions"}],"wp:featuredmedia":[{"embeddable":true,"href":"https:\/\/markethive.io\/vi-vn\/wp-json\/wp\/v2\/media\/193"}],"wp:attachment":[{"href":"https:\/\/markethive.io\/vi-vn\/wp-json\/wp\/v2\/media?parent=21"}],"curies":[{"name":"wp","href":"https:\/\/api.w.org\/{rel}","templated":true}]}}