{"id":23,"date":"2026-01-19T16:06:36","date_gmt":"2026-01-19T09:06:36","guid":{"rendered":"https:\/\/markethive.io\/?page_id=23"},"modified":"2026-01-22T14:22:13","modified_gmt":"2026-01-22T07:22:13","slug":"lien-he-open88","status":"publish","type":"page","link":"https:\/\/markethive.io\/vi-vn\/lien-he-open88\/","title":{"rendered":"Li\u00ean h\u1ec7 Open88"},"content":{"rendered":"<h1 style=\"text-align: center;\"><span style=\"font-weight: 400;\">Li\u00ean H\u1ec7 Open88 \u2013 H\u01b0\u1edbng D\u1eabn C\u00e1c K\u00eanh Li\u00ean L\u1ea1c Ch\u00ednh Th\u1ee9c<\/span><\/h1>\n<p><b>Li\u00ean H\u1ec7 Open88<\/b><span style=\"font-weight: 400;\"> l\u00e0 m\u1ed9t ph\u1ea7n quan tr\u1ecdng trong qu\u00e1 tr\u00ecnh tham gia c\u00e1 c\u01b0\u1ee3c tr\u1ef1c tuy\u1ebfn, gi\u00fap ng\u01b0\u1eddi ch\u01a1i gi\u1ea3i quy\u1ebft nhanh ch\u00f3ng m\u1ecdi v\u1ea5n \u0111\u1ec1 ho\u1eb7c th\u1eafc m\u1eafc. <strong><a href=\"https:\/\/markethive.io\/\">Open88<\/a> <\/strong>cung c\u1ea5p nhi\u1ec1u k\u00eanh h\u1ed7 tr\u1ee3 kh\u00e1c nhau, gi\u00fap ng\u01b0\u1eddi ch\u01a1i d\u1ec5 d\u00e0ng ti\u1ebfp c\u1eadn s\u1ef1 tr\u1ee3 gi\u00fap khi c\u1ea7n thi\u1ebft. B\u00e0i vi\u1ebft n\u00e0y s\u1ebd h\u01b0\u1edbng d\u1eabn b\u1ea1n c\u00e1ch li\u00ean h\u1ec7 v\u1edbi Open88 qua c\u00e1c ph\u01b0\u01a1ng th\u1ee9c h\u1ed7 tr\u1ee3 ch\u00ednh th\u1ee9c.<\/span><\/p>\n<h2><span style=\"font-weight: 400;\">C\u00e1c K\u00eanh Li\u00ean H\u1ec7 Ch\u00ednh C\u1ee7a Open88<\/span><\/h2>\n<p><span style=\"font-weight: 400;\">Open88 cung c\u1ea5p c\u00e1c k\u00eanh li\u00ean h\u1ec7 d\u1ec5 d\u00e0ng v\u00e0 ti\u1ec7n l\u1ee3i \u0111\u1ec3 ng\u01b0\u1eddi ch\u01a1i c\u00f3 th\u1ec3 nh\u1eadn s\u1ef1 h\u1ed7 tr\u1ee3 ngay l\u1eadp t\u1ee9c. D\u01b0\u1edbi \u0111\u00e2y l\u00e0 nh\u1eefng ph\u01b0\u01a1ng th\u1ee9c li\u00ean l\u1ea1c b\u1ea1n c\u00f3 th\u1ec3 s\u1eed d\u1ee5ng:<\/span><\/p>\n<figure id=\"attachment_210\" aria-describedby=\"caption-attachment-210\" style=\"width: 800px\" class=\"wp-caption aligncenter\"><img loading=\"lazy\" decoding=\"async\" class=\"size-full wp-image-210\" src=\"https:\/\/markethive.io\/wp-content\/uploads\/2026\/01\/cac-kenh-lien-he-chinh-cua-open88.webp\" alt=\"C\u00e1c k\u00eanh li\u00ean h\u1ec7 ch\u00ednh c\u1ee7a Open88 d\u1ec5 s\u1eed d\u1ee5ng\" width=\"800\" height=\"400\" srcset=\"https:\/\/markethive.io\/wp-content\/uploads\/2026\/01\/cac-kenh-lien-he-chinh-cua-open88.webp 800w, https:\/\/markethive.io\/wp-content\/uploads\/2026\/01\/cac-kenh-lien-he-chinh-cua-open88-300x150.webp 300w, https:\/\/markethive.io\/wp-content\/uploads\/2026\/01\/cac-kenh-lien-he-chinh-cua-open88-768x384.webp 768w\" sizes=\"auto, (max-width: 800px) 100vw, 800px\" \/><figcaption id=\"caption-attachment-210\" class=\"wp-caption-text\">C\u00e1c k\u00eanh li\u00ean h\u1ec7 ch\u00ednh c\u1ee7a Open88 d\u1ec5 s\u1eed d\u1ee5ng<\/figcaption><\/figure>\n<h3><span style=\"font-weight: 400;\">Li\u00ean H\u1ec7 Open88 Qua Chat Tr\u1ef1c Tuy\u1ebfn<\/span><\/h3>\n<p><span style=\"font-weight: 400;\">M\u1ed9t trong nh\u1eefng c\u00e1ch nhanh ch\u00f3ng v\u00e0 ph\u1ed5 bi\u1ebfn nh\u1ea5t \u0111\u1ec3 <\/span><b>Li\u00ean H\u1ec7 Open88<\/b><span style=\"font-weight: 400;\"> ch\u00ednh l\u00e0 th\u00f4ng qua <\/span><b>chat tr\u1ef1c tuy\u1ebfn<\/b><span style=\"font-weight: 400;\">. Ng\u01b0\u1eddi ch\u01a1i ch\u1ec9 c\u1ea7n truy c\u1eadp v\u00e0o website c\u1ee7a Open88 v\u00e0 b\u1eaft \u0111\u1ea7u tr\u00f2 chuy\u1ec7n tr\u1ef1c ti\u1ebfp v\u1edbi nh\u00e2n vi\u00ean h\u1ed7 tr\u1ee3 ngay l\u1eadp t\u1ee9c.<\/span><\/p>\n<h4><b>Nh\u1eefng \u01b0u \u0111i\u1ec3m n\u1ed5i b\u1eadt khi s\u1eed d\u1ee5ng d\u1ecbch v\u1ee5 chat tr\u1ef1c tuy\u1ebfn:<\/b><\/h4>\n<ul>\n<li style=\"font-weight: 400;\" aria-level=\"1\"><b>Nhanh ch\u00f3ng v\u00e0 ti\u1ec7n l\u1ee3i<\/b><span style=\"font-weight: 400;\">: B\u1ea1n s\u1ebd kh\u00f4ng ph\u1ea3i \u0111\u1ee3i l\u00e2u \u0111\u1ec3 nh\u1eadn \u0111\u01b0\u1ee3c s\u1ef1 gi\u00fap \u0111\u1ee1.<\/span><\/li>\n<li style=\"font-weight: 400;\" aria-level=\"1\"><b>Gi\u1ea3i quy\u1ebft t\u1ee9c th\u00ec<\/b><span style=\"font-weight: 400;\">: C\u00e1c v\u1ea5n \u0111\u1ec1 \u0111\u01b0\u1ee3c gi\u1ea3i quy\u1ebft ngay l\u1eadp t\u1ee9c m\u00e0 kh\u00f4ng c\u1ea7n ch\u1edd \u0111\u1ee3i qua email.<\/span><\/li>\n<li style=\"font-weight: 400;\" aria-level=\"1\"><b>Ti\u1ebft ki\u1ec7m th\u1eddi gian<\/b><span style=\"font-weight: 400;\">: B\u1ea1n c\u00f3 th\u1ec3 ti\u1ebfp t\u1ee5c c\u00e1 c\u01b0\u1ee3c m\u00e0 kh\u00f4ng b\u1ecb gi\u00e1n \u0111o\u1ea1n trong qu\u00e1 tr\u00ecnh ch\u1edd \u0111\u1ee3i.<\/span><\/li>\n<\/ul>\n<h3><span style=\"font-weight: 400;\">Li\u00ean H\u1ec7 Open88 Qua Email<\/span><\/h3>\n<p><span style=\"font-weight: 400;\">N\u1ebfu v\u1ea5n \u0111\u1ec1 c\u1ee7a b\u1ea1n c\u1ea7n \u0111\u01b0\u1ee3c gi\u1ea3i quy\u1ebft m\u1ed9t c\u00e1ch chi ti\u1ebft ho\u1eb7c y\u00eau c\u1ea7u h\u1ed7 tr\u1ee3 t\u1eeb xa, b\u1ea1n c\u00f3 th\u1ec3 <\/span><b>Li\u00ean H\u1ec7 Open88<\/b><span style=\"font-weight: 400;\"> qua email. Ch\u1ec9 c\u1ea7n g\u1eedi email \u0111\u1ebfn \u0111\u1ecba ch\u1ec9 h\u1ed7 tr\u1ee3 c\u1ee7a Open88 v\u00e0 \u0111\u1ed9i ng\u0169 h\u1ed7 tr\u1ee3 s\u1ebd ph\u1ea3n h\u1ed3i b\u1ea1n trong th\u1eddi gian s\u1edbm nh\u1ea5t.<\/span><\/p>\n<h4><b>Nh\u1eefng \u01b0u \u0111i\u1ec3m c\u1ee7a vi\u1ec7c s\u1eed d\u1ee5ng li\u00ean h\u1ec7 email:<\/b><\/h4>\n<ul>\n<li style=\"font-weight: 400;\" aria-level=\"1\"><b>Gi\u1ea3i quy\u1ebft v\u1ea5n \u0111\u1ec1 ph\u1ee9c t\u1ea1p<\/b><span style=\"font-weight: 400;\">: N\u1ebfu v\u1ea5n \u0111\u1ec1 c\u1ee7a b\u1ea1n c\u1ea7n gi\u1ea3i th\u00edch chi ti\u1ebft ho\u1eb7c c\u1ea7n g\u1eedi t\u00e0i li\u1ec7u, email l\u00e0 ph\u01b0\u01a1ng th\u1ee9c ph\u00f9 h\u1ee3p.<\/span><\/li>\n<li style=\"font-weight: 400;\" aria-level=\"1\"><b>L\u01b0u tr\u1eef th\u00f4ng tin<\/b><span style=\"font-weight: 400;\">: B\u1ea1n c\u00f3 th\u1ec3 l\u01b0u l\u1ea1i th\u00f4ng tin h\u1ed7 tr\u1ee3 \u0111\u1ec3 tham kh\u1ea3o sau n\u00e0y.<\/span><\/li>\n<li style=\"font-weight: 400;\" aria-level=\"1\"><b>Kh\u00f4ng b\u1ecb gi\u00e1n \u0111o\u1ea1n<\/b><span style=\"font-weight: 400;\">: B\u1ea1n c\u00f3 th\u1ec3 g\u1eedi email b\u1ea5t c\u1ee9 l\u00fac n\u00e0o v\u00e0 nh\u1eadn ph\u1ea3n h\u1ed3i khi c\u00f3 th\u1eddi gian.<\/span><\/li>\n<\/ul>\n<h3><span style=\"font-weight: 400;\">Li\u00ean H\u1ec7 Open88 Qua S\u1ed1 \u0110i\u1ec7n Tho\u1ea1i<\/span><\/h3>\n<p><span style=\"font-weight: 400;\">Ngo\u00e0i chat tr\u1ef1c tuy\u1ebfn v\u00e0 email, <\/span><b>Li\u00ean H\u1ec7 Open88<\/b><span style=\"font-weight: 400;\"> qua s\u1ed1 \u0111i\u1ec7n tho\u1ea1i l\u00e0 ph\u01b0\u01a1ng th\u1ee9c l\u00fd t\u01b0\u1edfng n\u1ebfu b\u1ea1n mu\u1ed1n c\u00f3 m\u1ed9t cu\u1ed9c tr\u00f2 chuy\u1ec7n tr\u1ef1c ti\u1ebfp v\u1edbi nh\u00e2n vi\u00ean h\u1ed7 tr\u1ee3. \u0110\u1ed9i ng\u0169 h\u1ed7 tr\u1ee3 kh\u00e1ch h\u00e0ng c\u1ee7a Open88 lu\u00f4n s\u1eb5n s\u00e0ng ti\u1ebfp nh\u1eadn c\u00e1c cu\u1ed9c g\u1ecdi v\u00e0 gi\u00fap \u0111\u1ee1 b\u1ea1n 24\/7.<\/span><\/p>\n<figure id=\"attachment_212\" aria-describedby=\"caption-attachment-212\" style=\"width: 800px\" class=\"wp-caption aligncenter\"><img loading=\"lazy\" decoding=\"async\" class=\"size-full wp-image-212\" src=\"https:\/\/markethive.io\/wp-content\/uploads\/2026\/01\/lien-he-open88-qua-so-dien-thoai.webp\" alt=\"Li\u00ean h\u1ec7 Open88 qua s\u1ed1 \u0111i\u1ec7n tho\u1ea1i nhanh ch\u00f3ng\" width=\"800\" height=\"400\" srcset=\"https:\/\/markethive.io\/wp-content\/uploads\/2026\/01\/lien-he-open88-qua-so-dien-thoai.webp 800w, https:\/\/markethive.io\/wp-content\/uploads\/2026\/01\/lien-he-open88-qua-so-dien-thoai-300x150.webp 300w, https:\/\/markethive.io\/wp-content\/uploads\/2026\/01\/lien-he-open88-qua-so-dien-thoai-768x384.webp 768w\" sizes=\"auto, (max-width: 800px) 100vw, 800px\" \/><figcaption id=\"caption-attachment-212\" class=\"wp-caption-text\">Li\u00ean h\u1ec7 Open88 qua s\u1ed1 \u0111i\u1ec7n tho\u1ea1i nhanh ch\u00f3ng<\/figcaption><\/figure>\n<h4><b>Nh\u1eefng \u01b0u \u0111i\u1ec3m c\u1ee7a vi\u1ec7c s\u1eed d\u1ee5ng li\u00ean h\u1ec7 b\u1eb1ng s\u1ed1 \u0111i\u1ec7n tho\u1ea1i:<\/b><\/h4>\n<ul>\n<li style=\"font-weight: 400;\" aria-level=\"1\"><b>Gi\u1ea3i quy\u1ebft v\u1ea5n \u0111\u1ec1 ngay l\u1eadp t\u1ee9c<\/b><span style=\"font-weight: 400;\">: C\u00e1c v\u1ea5n \u0111\u1ec1 kh\u1ea9n c\u1ea5p ho\u1eb7c c\u1ea7n gi\u1ea3i \u0111\u00e1p nhanh ch\u00f3ng s\u1ebd \u0111\u01b0\u1ee3c x\u1eed l\u00fd ngay l\u1eadp t\u1ee9c qua cu\u1ed9c g\u1ecdi \u0111i\u1ec7n tho\u1ea1i.<\/span><\/li>\n<li style=\"font-weight: 400;\" aria-level=\"1\"><b>H\u1ed7 tr\u1ee3 tr\u1ef1c ti\u1ebfp<\/b><span style=\"font-weight: 400;\">: B\u1ea1n c\u00f3 th\u1ec3 tr\u00f2 chuy\u1ec7n tr\u1ef1c ti\u1ebfp v\u1edbi nh\u00e2n vi\u00ean \u0111\u1ec3 gi\u1ea3i quy\u1ebft v\u1ea5n \u0111\u1ec1 m\u00e0 kh\u00f4ng ph\u1ea3i ch\u1edd \u0111\u1ee3i.<\/span><\/li>\n<li style=\"font-weight: 400;\" aria-level=\"1\"><b>D\u1ec5 d\u00e0ng li\u00ean l\u1ea1c<\/b><span style=\"font-weight: 400;\">: Ch\u1ec9 c\u1ea7n g\u1ecdi \u0111i\u1ec7n, b\u1ea1n c\u00f3 th\u1ec3 nh\u1eadn \u0111\u01b0\u1ee3c s\u1ef1 h\u1ed7 tr\u1ee3 m\u00e0 kh\u00f4ng c\u1ea7n ph\u1ea3i truy c\u1eadp v\u00e0o website.<\/span><\/li>\n<\/ul>\n<h2><span style=\"font-weight: 400;\">C\u00e1c V\u1ea5n \u0110\u1ec1 Th\u01b0\u1eddng G\u1eb7p Khi Li\u00ean H\u1ec7 Open88<\/span><\/h2>\n<p><span style=\"font-weight: 400;\">D\u01b0\u1edbi \u0111\u00e2y l\u00e0 m\u1ed9t s\u1ed1 c\u00e2u h\u1ecfi th\u01b0\u1eddng g\u1eb7p khi ng\u01b0\u1eddi ch\u01a1i li\u00ean h\u1ec7 v\u1edbi Open88. N\u1ebfu b\u1ea1n g\u1eb7p ph\u1ea3i c\u00e1c v\u1ea5n \u0111\u1ec1 t\u01b0\u01a1ng t\u1ef1, c\u00f3 th\u1ec3 tham kh\u1ea3o th\u00f4ng tin d\u01b0\u1edbi \u0111\u00e2y \u0111\u1ec3 gi\u1ea3i quy\u1ebft nhanh ch\u00f3ng.<\/span><\/p>\n<h3><span style=\"font-weight: 400;\">C\u00e2u H\u1ecfi 1: L\u00e0m th\u1ebf n\u00e0o \u0111\u1ec3 thay \u0111\u1ed5i th\u00f4ng tin t\u00e0i kho\u1ea3n?<\/span><\/h3>\n<p><span style=\"font-weight: 400;\">\u0110\u1ec3 thay \u0111\u1ed5i th\u00f4ng tin t\u00e0i kho\u1ea3n c\u1ee7a m\u00ecnh, ng\u01b0\u1eddi ch\u01a1i c\u00f3 th\u1ec3 li\u00ean h\u1ec7 v\u1edbi \u0111\u1ed9i ng\u0169 h\u1ed7 tr\u1ee3 qua <\/span><b>chat tr\u1ef1c tuy\u1ebfn<\/b><span style=\"font-weight: 400;\"> ho\u1eb7c <\/span><b>email<\/b><span style=\"font-weight: 400;\">. Nh\u00e2n vi\u00ean s\u1ebd y\u00eau c\u1ea7u b\u1ea1n cung c\u1ea5p m\u1ed9t s\u1ed1 th\u00f4ng tin b\u1ea3o m\u1eadt v\u00e0 gi\u00fap b\u1ea1n thay \u0111\u1ed5i th\u00f4ng tin trong th\u1eddi gian ng\u1eafn.<\/span><\/p>\n<h3><span style=\"font-weight: 400;\">C\u00e2u H\u1ecfi 2: L\u00e0m th\u1ebf n\u00e0o \u0111\u1ec3 r\u00fat ti\u1ec1n t\u1eeb t\u00e0i kho\u1ea3n Open88?<\/span><\/h3>\n<p><span style=\"font-weight: 400;\">Khi b\u1ea1n mu\u1ed1n r\u00fat ti\u1ec1n t\u1eeb t\u00e0i kho\u1ea3n c\u1ee7a m\u00ecnh, ch\u1ec9 c\u1ea7n \u0111\u0103ng nh\u1eadp v\u00e0o trang c\u00e1 nh\u00e2n v\u00e0 ch\u1ecdn m\u1ee5c &#8220;<strong><a href=\"https:\/\/markethive.io\/rut-tien-open88\/\">R\u00fat ti\u1ec1n<\/a><\/strong>&#8220;. N\u1ebfu g\u1eb7p kh\u00f3 kh\u0103n, b\u1ea1n c\u00f3 th\u1ec3 <\/span><b>Li\u00ean H\u1ec7 Open88<\/b><span style=\"font-weight: 400;\"> qua <\/span><b>chat tr\u1ef1c tuy\u1ebfn<\/b><span style=\"font-weight: 400;\"> ho\u1eb7c <\/span><b>email<\/b><span style=\"font-weight: 400;\"> \u0111\u1ec3 \u0111\u01b0\u1ee3c h\u1ed7 tr\u1ee3 chi ti\u1ebft h\u01a1n.<\/span><\/p>\n<h2><span style=\"font-weight: 400;\">L\u00fd Do N\u00ean Li\u00ean H\u1ec7 V\u1edbi Open88<\/span><\/h2>\n<p><b>Li\u00ean H\u1ec7 Open88<\/b><span style=\"font-weight: 400;\"> l\u00e0 b\u01b0\u1edbc quan tr\u1ecdng gi\u00fap ng\u01b0\u1eddi ch\u01a1i nh\u1eadn \u0111\u01b0\u1ee3c s\u1ef1 h\u1ed7 tr\u1ee3 nhanh ch\u00f3ng v\u00e0 hi\u1ec7u qu\u1ea3. D\u01b0\u1edbi \u0111\u00e2y l\u00e0 nh\u1eefng l\u00fd do b\u1ea1n n\u00ean li\u00ean h\u1ec7 v\u1edbi Open88 khi g\u1eb7p ph\u1ea3i c\u00e1c v\u1ea5n \u0111\u1ec1 trong qu\u00e1 tr\u00ecnh c\u00e1 c\u01b0\u1ee3c:<\/span><\/p>\n<figure id=\"attachment_209\" aria-describedby=\"caption-attachment-209\" style=\"width: 800px\" class=\"wp-caption aligncenter\"><img loading=\"lazy\" decoding=\"async\" class=\"size-full wp-image-209\" src=\"https:\/\/markethive.io\/wp-content\/uploads\/2026\/01\/ly-do-lien-he-open88-an-toan-tien-loi.webp\" alt=\"L\u00fd do li\u00ean h\u1ec7 v\u1edbi Open88 an to\u00e0n v\u00e0 ti\u1ec7n l\u1ee3i\" width=\"800\" height=\"400\" srcset=\"https:\/\/markethive.io\/wp-content\/uploads\/2026\/01\/ly-do-lien-he-open88-an-toan-tien-loi.webp 800w, https:\/\/markethive.io\/wp-content\/uploads\/2026\/01\/ly-do-lien-he-open88-an-toan-tien-loi-300x150.webp 300w, https:\/\/markethive.io\/wp-content\/uploads\/2026\/01\/ly-do-lien-he-open88-an-toan-tien-loi-768x384.webp 768w\" sizes=\"auto, (max-width: 800px) 100vw, 800px\" \/><figcaption id=\"caption-attachment-209\" class=\"wp-caption-text\">L\u00fd do li\u00ean h\u1ec7 v\u1edbi Open88 an to\u00e0n v\u00e0 ti\u1ec7n l\u1ee3i<\/figcaption><\/figure>\n<h3><span style=\"font-weight: 400;\">H\u1ed7 Tr\u1ee3 24\/7<\/span><\/h3>\n<p><span style=\"font-weight: 400;\">Open88 lu\u00f4n s\u1eb5n s\u00e0ng h\u1ed7 tr\u1ee3 ng\u01b0\u1eddi ch\u01a1i b\u1ea5t k\u1ec3 th\u1eddi gian n\u00e0o trong ng\u00e0y. \u0110\u1ed9i ng\u0169 ch\u0103m s\u00f3c kh\u00e1ch h\u00e0ng ho\u1ea1t \u0111\u1ed9ng su\u1ed1t 24 gi\u1edd, 7 ng\u00e0y trong tu\u1ea7n, gi\u00fap b\u1ea1n gi\u1ea3i quy\u1ebft m\u1ecdi v\u1ea5n \u0111\u1ec1 ngay l\u1eadp t\u1ee9c.<\/span><\/p>\n<h3><span style=\"font-weight: 400;\">Gi\u1ea3i Quy\u1ebft V\u1ea5n \u0110\u1ec1 Nhanh Ch\u00f3ng<\/span><\/h3>\n<p><span style=\"font-weight: 400;\">C\u00e1c k\u00eanh h\u1ed7 tr\u1ee3 nh\u01b0 <\/span><b>chat tr\u1ef1c tuy\u1ebfn<\/b><span style=\"font-weight: 400;\"> v\u00e0 <\/span><b>s\u1ed1 \u0111i\u1ec7n tho\u1ea1i<\/b><span style=\"font-weight: 400;\"> gi\u00fap b\u1ea1n gi\u1ea3i quy\u1ebft v\u1ea5n \u0111\u1ec1 ngay l\u1eadp t\u1ee9c m\u00e0 kh\u00f4ng ph\u1ea3i \u0111\u1ee3i l\u00e2u. \u0110\u1ea3m b\u1ea3o r\u1eb1ng m\u1ecdi th\u1eafc m\u1eafc c\u1ee7a b\u1ea1n \u0111\u1ec1u \u0111\u01b0\u1ee3c x\u1eed l\u00fd nhanh ch\u00f3ng.<\/span><\/p>\n<p><strong>&gt;&gt;<a href=\"https:\/\/markethive.io\/chinh-sach-bao-mat-open88\/\">Ch\u00ednh S\u00e1ch B\u1ea3o M\u1eadt Open88<\/a> \u2013 Cam K\u1ebft An To\u00e0n D\u1eef Li\u1ec7u Ng\u01b0\u1eddi Ch\u01a1i<\/strong><\/p>\n<h3><span style=\"font-weight: 400;\">D\u1ecbch V\u1ee5 H\u1ed7 Tr\u1ee3 Chuy\u00ean Nghi\u1ec7p<\/span><\/h3>\n<p><span style=\"font-weight: 400;\">\u0110\u1ed9i ng\u0169 h\u1ed7 tr\u1ee3 kh\u00e1ch h\u00e0ng c\u1ee7a Open88 lu\u00f4n \u0111\u01b0\u1ee3c \u0111\u00e0o t\u1ea1o b\u00e0i b\u1ea3n, s\u1eb5n s\u00e0ng h\u1ed7 tr\u1ee3 ng\u01b0\u1eddi ch\u01a1i m\u1ed9t c\u00e1ch t\u1eadn t\u00e2m v\u00e0 hi\u1ec7u qu\u1ea3. B\u1ea1n ho\u00e0n to\u00e0n c\u00f3 th\u1ec3 y\u00ean t\u00e2m r\u1eb1ng m\u1ecdi th\u1eafc m\u1eafc s\u1ebd \u0111\u01b0\u1ee3c gi\u1ea3i quy\u1ebft trong th\u1eddi gian ng\u1eafn.<\/span><\/p>\n<h2><span style=\"font-weight: 400;\">K\u1ebft Lu\u1eadn<\/span><\/h2>\n<p><span style=\"font-weight: 400;\">Khi g\u1eb7p b\u1ea5t k\u1ef3 v\u1ea5n \u0111\u1ec1 n\u00e0o, <\/span><a href=\"https:\/\/markethive.io\/lien-he-open88\/\"><b>Li\u00ean H\u1ec7 Open88<\/b><\/a><span style=\"font-weight: 400;\"> s\u1ebd gi\u00fap b\u1ea1n gi\u1ea3i quy\u1ebft nhanh ch\u00f3ng. V\u1edbi s\u1ef1 h\u1ed7 tr\u1ee3 t\u1eeb c\u00e1c ph\u01b0\u01a1ng th\u1ee9c li\u00ean h\u1ec7 nh\u01b0 chat tr\u1ef1c tuy\u1ebfn, email v\u00e0 \u0111i\u1ec7n tho\u1ea1i, m\u1ecdi th\u1eafc m\u1eafc c\u1ee7a b\u1ea1n s\u1ebd \u0111\u01b0\u1ee3c \u0111\u1ed9i ng\u0169 h\u1ed7 tr\u1ee3 gi\u1ea3i \u0111\u00e1p k\u1ecbp th\u1eddi v\u00e0 hi\u1ec7u qu\u1ea3 ngay t\u1ea1i <\/span><b>Open88<\/b><span style=\"font-weight: 400;\">.<\/span><\/p>\n","protected":false},"excerpt":{"rendered":"<p>Li\u00ean H\u1ec7 Open88 \u2013 H\u01b0\u1edbng D\u1eabn C\u00e1c K\u00eanh Li\u00ean L\u1ea1c Ch\u00ednh Th\u1ee9c Li\u00ean H\u1ec7 Open88 l\u00e0 m\u1ed9t ph\u1ea7n quan tr\u1ecdng trong qu\u00e1 tr\u00ecnh tham gia c\u00e1 c\u01b0\u1ee3c tr\u1ef1c tuy\u1ebfn, gi\u00fap ng\u01b0\u1eddi ch\u01a1i gi\u1ea3i quy\u1ebft nhanh ch\u00f3ng m\u1ecdi v\u1ea5n \u0111\u1ec1 ho\u1eb7c th\u1eafc m\u1eafc. Open88 cung c\u1ea5p nhi\u1ec1u k\u00eanh h\u1ed7 tr\u1ee3 kh\u00e1c nhau, gi\u00fap ng\u01b0\u1eddi ch\u01a1i d\u1ec5 [&#8230;]\n","protected":false},"author":1,"featured_media":211,"parent":0,"menu_order":0,"comment_status":"closed","ping_status":"closed","template":"","meta":{"footnotes":""},"class_list":["post-23","page","type-page","status-publish","has-post-thumbnail","hentry"],"_links":{"self":[{"href":"https:\/\/markethive.io\/vi-vn\/wp-json\/wp\/v2\/pages\/23","targetHints":{"allow":["GET"]}}],"collection":[{"href":"https:\/\/markethive.io\/vi-vn\/wp-json\/wp\/v2\/pages"}],"about":[{"href":"https:\/\/markethive.io\/vi-vn\/wp-json\/wp\/v2\/types\/page"}],"author":[{"embeddable":true,"href":"https:\/\/markethive.io\/vi-vn\/wp-json\/wp\/v2\/users\/1"}],"replies":[{"embeddable":true,"href":"https:\/\/markethive.io\/vi-vn\/wp-json\/wp\/v2\/comments?post=23"}],"version-history":[{"count":0,"href":"https:\/\/markethive.io\/vi-vn\/wp-json\/wp\/v2\/pages\/23\/revisions"}],"wp:featuredmedia":[{"embeddable":true,"href":"https:\/\/markethive.io\/vi-vn\/wp-json\/wp\/v2\/media\/211"}],"wp:attachment":[{"href":"https:\/\/markethive.io\/vi-vn\/wp-json\/wp\/v2\/media?parent=23"}],"curies":[{"name":"wp","href":"https:\/\/api.w.org\/{rel}","templated":true}]}}