{"id":25,"date":"2026-01-19T16:06:43","date_gmt":"2026-01-19T09:06:43","guid":{"rendered":"https:\/\/markethive.io\/?page_id=25"},"modified":"2026-02-01T16:50:28","modified_gmt":"2026-02-01T09:50:28","slug":"khuyen-mai-open88","status":"publish","type":"page","link":"https:\/\/markethive.io\/vi-vn\/khuyen-mai-open88\/","title":{"rendered":"Khuy\u1ebfn m\u00e3i Open88"},"content":{"rendered":"<h1 style=\"text-align: center;\"><span style=\"font-weight: 400;\">Khuy\u1ebfn M\u00e3i Open88 \u2013 C\u00e1c Ch\u01b0\u01a1ng Tr\u00ecnh \u01afu \u0110\u00e3i H\u1ea5p D\u1eabn<\/span><\/h1>\n<p><b>Khuy\u1ebfn M\u00e3i Open88<\/b><span style=\"font-weight: 400;\"> l\u00e0 m\u1ed9t trong nh\u1eefng l\u00fd do l\u1edbn khi\u1ebfn ng\u01b0\u1eddi ch\u01a1i l\u1ef1a ch\u1ecdn tham gia t\u1ea1i <strong><a href=\"https:\/\/markethive.io\/\">trang ch\u1ee7 Open88<\/a><\/strong>. Nh\u00e0 c\u00e1i lu\u00f4n cung c\u1ea5p c\u00e1c ch\u01b0\u01a1ng tr\u00ecnh khuy\u1ebfn m\u00e3i th\u00fa v\u1ecb, gi\u00fap ng\u01b0\u1eddi ch\u01a1i kh\u00f4ng ch\u1ec9 t\u1ed1i \u01b0u h\u00f3a tr\u1ea3i nghi\u1ec7m c\u00e1 c\u01b0\u1ee3c m\u00e0 c\u00f2n nh\u1eadn \u0111\u01b0\u1ee3c nhi\u1ec1u ph\u1ea7n th\u01b0\u1edfng h\u1ea5p d\u1eabn. C\u00e1c \u01b0u \u0111\u00e3i khuy\u1ebfn m\u00e3i kh\u00f4ng ch\u1ec9 d\u00e0nh cho ng\u01b0\u1eddi ch\u01a1i m\u1edbi m\u00e0 c\u00f2n d\u00e0nh cho c\u00e1c th\u00e0nh vi\u00ean l\u00e2u d\u00e0i, gi\u00fap m\u1ecdi ng\u01b0\u1eddi duy tr\u00ec s\u1ef1 h\u1ee9ng kh\u1edfi khi tham gia c\u00e1 c\u01b0\u1ee3c.<\/span><\/p>\n<h2><span style=\"font-weight: 400;\">\u01afu \u0110\u00e3i Khuy\u1ebfn M\u00e3i M\u1edbi Nh\u1ea5t T\u1ea1i Open88<\/span><\/h2>\n<p><span style=\"font-weight: 400;\">Open88 li\u00ean t\u1ee5c c\u1eadp nh\u1eadt c\u00e1c ch\u01b0\u01a1ng tr\u00ecnh khuy\u1ebfn m\u00e3i \u0111\u1ec3 \u0111\u00e1p \u1ee9ng nhu c\u1ea7u c\u1ee7a ng\u01b0\u1eddi ch\u01a1i. D\u01b0\u1edbi \u0111\u00e2y l\u00e0 c\u00e1c khuy\u1ebfn m\u00e3i n\u1ed5i b\u1eadt b\u1ea1n kh\u00f4ng th\u1ec3 b\u1ecf qua khi tham gia c\u00e1 c\u01b0\u1ee3c t\u1ea1i Open88.<\/span><\/p>\n<figure id=\"attachment_218\" aria-describedby=\"caption-attachment-218\" style=\"width: 800px\" class=\"wp-caption aligncenter\"><img loading=\"lazy\" decoding=\"async\" class=\"size-full wp-image-218\" src=\"https:\/\/markethive.io\/wp-content\/uploads\/2026\/01\/uu-dai-khuyen-mai-moi-tai-open88.webp\" alt=\"Khuy\u1ebfn m\u00e3i m\u1edbi nh\u1ea5t t\u1ea1i Open88 h\u1ea5p d\u1eabn ng\u01b0\u1eddi ch\u01a1i\" width=\"800\" height=\"400\" srcset=\"https:\/\/markethive.io\/wp-content\/uploads\/2026\/01\/uu-dai-khuyen-mai-moi-tai-open88.webp 800w, https:\/\/markethive.io\/wp-content\/uploads\/2026\/01\/uu-dai-khuyen-mai-moi-tai-open88-300x150.webp 300w, https:\/\/markethive.io\/wp-content\/uploads\/2026\/01\/uu-dai-khuyen-mai-moi-tai-open88-768x384.webp 768w\" sizes=\"auto, (max-width: 800px) 100vw, 800px\" \/><figcaption id=\"caption-attachment-218\" class=\"wp-caption-text\">Khuy\u1ebfn m\u00e3i m\u1edbi nh\u1ea5t t\u1ea1i Open88 h\u1ea5p d\u1eabn ng\u01b0\u1eddi ch\u01a1i<\/figcaption><\/figure>\n<h3><span style=\"font-weight: 400;\">Khuy\u1ebfn M\u00e3i Ch\u00e0o M\u1eebng Ng\u01b0\u1eddi M\u1edbi<\/span><\/h3>\n<p><span style=\"font-weight: 400;\">Khi <strong><a href=\"https:\/\/markethive.io\/dang-ky-open88\/\">\u0111\u0103ng k\u00fd t\u00e0i kho\u1ea3n<\/a><\/strong> t\u1ea1i Open88, ng\u01b0\u1eddi ch\u01a1i s\u1ebd \u0111\u01b0\u1ee3c h\u01b0\u1edfng c\u00e1c ch\u01b0\u01a1ng tr\u00ecnh <\/span><b>khuy\u1ebfn m\u00e3i ch\u00e0o m\u1eebng<\/b><span style=\"font-weight: 400;\"> v\u00f4 c\u00f9ng h\u1ea5p d\u1eabn. Ch\u01b0\u01a1ng tr\u00ecnh n\u00e0y gi\u00fap b\u1ea1n c\u00f3 th\u1ec3 b\u1eaft \u0111\u1ea7u h\u00e0nh tr\u00ecnh c\u00e1 c\u01b0\u1ee3c v\u1edbi nh\u1eefng ph\u1ea7n th\u01b0\u1edfng gi\u00e1 tr\u1ecb.<\/span><\/p>\n<h4><b>L\u1ee3i \u00edch c\u1ee7a khuy\u1ebfn m\u00e3i ch\u00e0o m\u1eebng<\/b><span style=\"font-weight: 400;\"> gi\u00fap ng\u01b0\u1eddi ch\u01a1i tr\u1ea3i nghi\u1ec7m d\u1ecbch v\u1ee5 ngay t\u1eeb l\u1ea7n \u0111\u1ea7u ti\u00ean:<\/span><\/h4>\n<ul>\n<li style=\"font-weight: 400;\" aria-level=\"1\"><b>Ti\u1ec1n th\u01b0\u1edfng n\u1ea1p l\u1ea7n \u0111\u1ea7u<\/b><span style=\"font-weight: 400;\">: B\u1ea1n s\u1ebd nh\u1eadn \u0111\u01b0\u1ee3c ph\u1ea7n th\u01b0\u1edfng khi th\u1ef1c hi\u1ec7n n\u1ea1p ti\u1ec1n v\u00e0o t\u00e0i kho\u1ea3n l\u1ea7n \u0111\u1ea7u ti\u00ean.<\/span><\/li>\n<li style=\"font-weight: 400;\" aria-level=\"1\"><b>C\u01a1 h\u1ed9i th\u1eed nghi\u1ec7m mi\u1ec5n ph\u00ed<\/b><span style=\"font-weight: 400;\">: C\u00e1c kho\u1ea3n th\u01b0\u1edfng c\u00f3 th\u1ec3 \u0111\u01b0\u1ee3c s\u1eed d\u1ee5ng \u0111\u1ec3 tham gia c\u00e1c tr\u00f2 ch\u01a1i m\u00e0 kh\u00f4ng c\u1ea7n r\u1ee7i ro qu\u00e1 nhi\u1ec1u.<\/span><\/li>\n<li style=\"font-weight: 400;\" aria-level=\"1\"><b>T\u0103ng gi\u00e1 tr\u1ecb c\u01b0\u1ee3c<\/b><span style=\"font-weight: 400;\">: Khuy\u1ebfn m\u00e3i ch\u00e0o m\u1eebng gi\u00fap b\u1ea1n c\u00f3 th\u00eam nhi\u1ec1u c\u01a1 h\u1ed9i chi\u1ebfn th\u1eafng ngay t\u1eeb khi m\u1edbi tham gia.<\/span><\/li>\n<\/ul>\n<h3><span style=\"font-weight: 400;\">Khuy\u1ebfn M\u00e3i \u0110\u1ecbnh K\u1ef3 v\u00e0 Th\u01b0\u1edfng N\u1ea1p Ti\u1ec1n<\/span><\/h3>\n<p><span style=\"font-weight: 400;\">M\u1ed9t trong nh\u1eefng y\u1ebfu t\u1ed1 khi\u1ebfn <\/span><b>Khuy\u1ebfn M\u00e3i Open88<\/b><span style=\"font-weight: 400;\"> tr\u1edf n\u00ean h\u1ea5p d\u1eabn l\u00e0 c\u00e1c ch\u01b0\u01a1ng tr\u00ecnh khuy\u1ebfn m\u00e3i \u0111\u1ecbnh k\u1ef3 d\u00e0nh cho ng\u01b0\u1eddi ch\u01a1i l\u00e2u d\u00e0i. C\u00e1c ch\u01b0\u01a1ng tr\u00ecnh n\u00e0y bao g\u1ed3m c\u00e1c \u01b0u \u0111\u00e3i cho ng\u01b0\u1eddi ch\u01a1i th\u1ef1c hi\u1ec7n n\u1ea1p ti\u1ec1n th\u01b0\u1eddng xuy\u00ean.<\/span><\/p>\n<h4><b>L\u1ee3i \u00edch c\u1ee7a khuy\u1ebfn m\u00e3i n\u1ea1p ti\u1ec1n <\/b><span style=\"font-weight: 400;\">gi\u00fap ng\u01b0\u1eddi ch\u01a1i t\u1ed1i \u0111a h\u00f3a gi\u00e1 tr\u1ecb m\u1ed7i giao d\u1ecbch n\u1ea1p:<\/span><\/h4>\n<ul>\n<li style=\"font-weight: 400;\" aria-level=\"1\"><b>Th\u01b0\u1edfng n\u1ea1p ti\u1ec1n \u0111\u1ecbnh k\u1ef3<\/b><span style=\"font-weight: 400;\">: Khi th\u1ef1c hi\u1ec7n n\u1ea1p ti\u1ec1n v\u00e0o t\u00e0i kho\u1ea3n trong c\u00e1c d\u1ecbp \u0111\u1eb7c bi\u1ec7t ho\u1eb7c \u0111\u1ecbnh k\u1ef3, ng\u01b0\u1eddi ch\u01a1i s\u1ebd nh\u1eadn \u0111\u01b0\u1ee3c ti\u1ec1n th\u01b0\u1edfng.<\/span><\/li>\n<li style=\"font-weight: 400;\" aria-level=\"1\"><b>Ho\u00e0n ti\u1ec1n c\u01b0\u1ee3c<\/b><span style=\"font-weight: 400;\">: N\u1ebfu b\u1ea1n thua c\u01b0\u1ee3c trong c\u00e1c v\u00e1n ch\u01a1i, Open88 s\u1ebd ho\u00e0n tr\u1ea3 m\u1ed9t ph\u1ea7n ti\u1ec1n c\u01b0\u1ee3c \u0111\u1ec3 gi\u1ea3m thi\u1ec3u thi\u1ec7t h\u1ea1i.<\/span><\/li>\n<li style=\"font-weight: 400;\" aria-level=\"1\"><b>Khuy\u1ebfn m\u00e3i li\u00ean t\u1ee5c<\/b><span style=\"font-weight: 400;\">: C\u00e1c \u01b0u \u0111\u00e3i n\u00e0y \u0111\u01b0\u1ee3c cung c\u1ea5p th\u01b0\u1eddng xuy\u00ean v\u00e0 gi\u00fap ng\u01b0\u1eddi ch\u01a1i ti\u1ebft ki\u1ec7m chi ph\u00ed c\u00e1 c\u01b0\u1ee3c.<\/span><\/li>\n<\/ul>\n<figure id=\"attachment_216\" aria-describedby=\"caption-attachment-216\" style=\"width: 800px\" class=\"wp-caption aligncenter\"><img loading=\"lazy\" decoding=\"async\" class=\"size-full wp-image-216\" src=\"https:\/\/markethive.io\/wp-content\/uploads\/2026\/01\/khuyen-mai-dinh-ky-thuong-nap-tien-open88.webp\" alt=\"Khuy\u1ebfn m\u00e3i \u0111\u1ecbnh k\u1ef3 gi\u00fap t\u1ed1i \u01b0u v\u1ec1 l\u1ee3i nhu\u1eadn\" width=\"800\" height=\"400\" srcset=\"https:\/\/markethive.io\/wp-content\/uploads\/2026\/01\/khuyen-mai-dinh-ky-thuong-nap-tien-open88.webp 800w, https:\/\/markethive.io\/wp-content\/uploads\/2026\/01\/khuyen-mai-dinh-ky-thuong-nap-tien-open88-300x150.webp 300w, https:\/\/markethive.io\/wp-content\/uploads\/2026\/01\/khuyen-mai-dinh-ky-thuong-nap-tien-open88-768x384.webp 768w\" sizes=\"auto, (max-width: 800px) 100vw, 800px\" \/><figcaption id=\"caption-attachment-216\" class=\"wp-caption-text\">Khuy\u1ebfn m\u00e3i \u0111\u1ecbnh k\u1ef3 gi\u00fap t\u1ed1i \u01b0u v\u1ec1 l\u1ee3i nhu\u1eadn<\/figcaption><\/figure>\n<h3><span style=\"font-weight: 400;\">Khuy\u1ebfn M\u00e3i Gi\u1edbi Thi\u1ec7u B\u1ea1n B\u00e8<\/span><\/h3>\n<p><span style=\"font-weight: 400;\">Open88 c\u0169ng mang \u0111\u1ebfn ch\u01b0\u01a1ng tr\u00ecnh <\/span><b>khuy\u1ebfn m\u00e3i gi\u1edbi thi\u1ec7u b\u1ea1n b\u00e8<\/b><span style=\"font-weight: 400;\">, n\u01a1i b\u1ea1n c\u00f3 th\u1ec3 nh\u1eadn th\u01b0\u1edfng khi m\u1eddi b\u1ea1n b\u00e8 tham gia v\u00e0 th\u1ef1c hi\u1ec7n c\u00e1c giao d\u1ecbch. \u0110\u00e2y l\u00e0 m\u1ed9t trong nh\u1eefng c\u00e1ch \u0111\u01a1n gi\u1ea3n nh\u1ea5t \u0111\u1ec3 nh\u1eadn th\u00eam ph\u1ea7n th\u01b0\u1edfng t\u1eeb Open88.<\/span><\/p>\n<h4><b>Ch\u01b0\u01a1ng tr\u00ecnh gi\u1edbi thi\u1ec7u b\u1ea1n b\u00e8<\/b><span style=\"font-weight: 400;\"> mang \u0111\u1ebfn c\u01a1 h\u1ed9i ki\u1ebfm th\u01b0\u1edfng cho ng\u01b0\u1eddi ch\u01a1i khi m\u1eddi b\u1ea1n \u0111\u0103ng k\u00fd:<\/span><\/h4>\n<ul>\n<li style=\"font-weight: 400;\" aria-level=\"1\"><b>Nh\u1eadn th\u01b0\u1edfng d\u1ec5 d\u00e0ng<\/b><span style=\"font-weight: 400;\">: B\u1ea1n s\u1ebd nh\u1eadn \u0111\u01b0\u1ee3c th\u01b0\u1edfng ngay khi b\u1ea1n b\u00e8 \u0111\u0103ng k\u00fd t\u00e0i kho\u1ea3n v\u00e0 th\u1ef1c hi\u1ec7n giao d\u1ecbch.<\/span><\/li>\n<li style=\"font-weight: 400;\" aria-level=\"1\"><b>Gi\u1edbi thi\u1ec7u b\u1ea1n b\u00e8<\/b><span style=\"font-weight: 400;\">: M\u1edf r\u1ed9ng c\u1ed9ng \u0111\u1ed3ng Open88 c\u1ee7a b\u1ea1n v\u00e0 nh\u1eadn ph\u1ea7n th\u01b0\u1edfng m\u1ed7i khi ng\u01b0\u1eddi b\u1ea1n gi\u1edbi thi\u1ec7u tham gia.<\/span><\/li>\n<li style=\"font-weight: 400;\" aria-level=\"1\"><b>T\u0103ng th\u00eam l\u1ee3i \u00edch<\/b><span style=\"font-weight: 400;\">: B\u1ea1n c\u00f3 th\u1ec3 t\u00edch l\u0169y ph\u1ea7n th\u01b0\u1edfng t\u1eeb c\u00e1c l\u1ea7n gi\u1edbi thi\u1ec7u.<\/span><\/li>\n<\/ul>\n<h2><span style=\"font-weight: 400;\">H\u01b0\u1edbng D\u1eabn Tham Gia C\u00e1c Khuy\u1ebfn M\u00e3i Open88<\/span><\/h2>\n<p><span style=\"font-weight: 400;\">Tham gia c\u00e1c ch\u01b0\u01a1ng tr\u00ecnh <\/span><b>khuy\u1ebfn m\u00e3i Open88<\/b><span style=\"font-weight: 400;\"> y\u00eau c\u1ea7u ng\u01b0\u1eddi ch\u01a1i tu\u00e2n th\u1ee7 m\u1ed9t s\u1ed1 \u0111i\u1ec1u ki\u1ec7n. D\u01b0\u1edbi \u0111\u00e2y l\u00e0 nh\u1eefng \u0111i\u1ec3m quan tr\u1ecdng m\u00e0 b\u1ea1n c\u1ea7n ch\u00fa \u00fd khi thao t\u00e1c:<\/span><\/p>\n<figure id=\"attachment_215\" aria-describedby=\"caption-attachment-215\" style=\"width: 800px\" class=\"wp-caption aligncenter\"><img loading=\"lazy\" decoding=\"async\" class=\"size-full wp-image-215\" src=\"https:\/\/markethive.io\/wp-content\/uploads\/2026\/01\/cach-tham-gia-khuyen-mai-open88-nhanh-nhat.webp\" alt=\"H\u01b0\u1edbng d\u1eabn tham gia khuy\u1ebfn m\u00e3i Open88 nhanh ch\u00f3ng nh\u1ea5t\" width=\"800\" height=\"400\" srcset=\"https:\/\/markethive.io\/wp-content\/uploads\/2026\/01\/cach-tham-gia-khuyen-mai-open88-nhanh-nhat.webp 800w, https:\/\/markethive.io\/wp-content\/uploads\/2026\/01\/cach-tham-gia-khuyen-mai-open88-nhanh-nhat-300x150.webp 300w, https:\/\/markethive.io\/wp-content\/uploads\/2026\/01\/cach-tham-gia-khuyen-mai-open88-nhanh-nhat-768x384.webp 768w\" sizes=\"auto, (max-width: 800px) 100vw, 800px\" \/><figcaption id=\"caption-attachment-215\" class=\"wp-caption-text\">H\u01b0\u1edbng d\u1eabn tham gia khuy\u1ebfn m\u00e3i Open88 nhanh ch\u00f3ng nh\u1ea5t<\/figcaption><\/figure>\n<h3><span style=\"font-weight: 400;\">\u0110i\u1ec1u ki\u1ec7n n\u1ea1p ti\u1ec1n v\u00e0 \u0111\u1eb7t c\u01b0\u1ee3c<\/span><\/h3>\n<p><span style=\"font-weight: 400;\">C\u00e1c khuy\u1ebfn m\u00e3i c\u1ee7a Open88 th\u01b0\u1eddng y\u00eau c\u1ea7u ng\u01b0\u1eddi ch\u01a1i ph\u1ea3i n\u1ea1p m\u1ed9t kho\u1ea3n ti\u1ec1n t\u1ed1i thi\u1ec3u v\u00e0o t\u00e0i kho\u1ea3n \u0111\u1ec3 \u0111\u1ee7 \u0111i\u1ec1u ki\u1ec7n nh\u1eadn th\u01b0\u1edfng. M\u1ed9t s\u1ed1 ch\u01b0\u01a1ng tr\u00ecnh c\u00f3 y\u00eau c\u1ea7u v\u1ec1 <\/span><b>s\u1ed1 ti\u1ec1n c\u01b0\u1ee3c t\u1ed1i thi\u1ec3u<\/b><span style=\"font-weight: 400;\"> tr\u01b0\u1edbc khi b\u1ea1n c\u00f3 th\u1ec3 r\u00fat ti\u1ec1n th\u01b0\u1edfng.<\/span><\/p>\n<p><strong>&gt;&gt;<a href=\"https:\/\/markethive.io\/blog-open88\/\">Blog Open88<\/a> \u2013 Tin T\u1ee9c, Kinh Nghi\u1ec7m C\u00e1 C\u01b0\u1ee3c M\u1edbi Nh\u1ea5t 2026<\/strong><\/p>\n<h3><span style=\"font-weight: 400;\">Th\u1eddi gian khuy\u1ebfn m\u00e3i<\/span><\/h3>\n<p><span style=\"font-weight: 400;\">C\u00e1c ch\u01b0\u01a1ng tr\u00ecnh khuy\u1ebfn m\u00e3i Open88 c\u00f3 th\u1eddi gian \u00e1p d\u1ee5ng gi\u1edbi h\u1ea1n. B\u1ea1n n\u00ean ch\u00fa \u00fd \u0111\u1ebfn th\u1eddi gian khuy\u1ebfn m\u00e3i \u0111\u1ec3 kh\u00f4ng b\u1ecf l\u1ee1 c\u01a1 h\u1ed9i nh\u1eadn th\u01b0\u1edfng.<\/span><\/p>\n<h2><span style=\"font-weight: 400;\">FAQ \u2013 C\u00e2u H\u1ecfi Th\u01b0\u1eddng G\u1eb7p V\u1ec1 Khuy\u1ebfn M\u00e3i Open88<\/span><\/h2>\n<p><span style=\"font-weight: 400;\">\u0110\u1ec3 gi\u00fap b\u1ea1n hi\u1ec3u r\u00f5 h\u01a1n v\u1ec1 c\u00e1c ch\u01b0\u01a1ng tr\u00ecnh <\/span><b>Khuy\u1ebfn M\u00e3i Open88<\/b><span style=\"font-weight: 400;\">, d\u01b0\u1edbi \u0111\u00e2y l\u00e0 m\u1ed9t s\u1ed1 c\u00e2u h\u1ecfi th\u01b0\u1eddng g\u1eb7p.<\/span><\/p>\n<h3><span style=\"font-weight: 400;\">C\u00e2u H\u1ecfi 1: L\u00e0m th\u1ebf n\u00e0o \u0111\u1ec3 tham gia khuy\u1ebfn m\u00e3i ch\u00e0o m\u1eebng?<\/span><\/h3>\n<p><span style=\"font-weight: 400;\">Tham gia ch\u01b0\u01a1ng tr\u00ecnh khuy\u1ebfn m\u00e3i ch\u00e0o m\u1eebng r\u1ea5t \u0111\u01a1n gi\u1ea3n, ch\u1ec9 c\u1ea7n \u0111\u0103ng k\u00fd t\u00e0i kho\u1ea3n v\u00e0 n\u1ea1p ti\u1ec1n l\u1ea7n \u0111\u1ea7u t\u1ea1i Open88. Sau khi giao d\u1ecbch ho\u00e0n t\u1ea5t, ph\u1ea7n th\u01b0\u1edfng s\u1ebd \u0111\u01b0\u1ee3c c\u1ed9ng v\u00e0o t\u00e0i kho\u1ea3n c\u1ee7a b\u1ea1n ngay l\u1eadp t\u1ee9c.<\/span><\/p>\n<h3><span style=\"font-weight: 400;\">C\u00e2u H\u1ecfi 2: Khuy\u1ebfn m\u00e3i Open88 c\u00f3 gi\u1edbi h\u1ea1n th\u1eddi gian kh\u00f4ng?<\/span><\/h3>\n<p><span style=\"font-weight: 400;\">C\u00f3, m\u1ed7i ch\u01b0\u01a1ng tr\u00ecnh khuy\u1ebfn m\u00e3i t\u1ea1i Open88 \u0111\u1ec1u c\u00f3 gi\u1edbi h\u1ea1n th\u1eddi gian. B\u1ea1n c\u1ea7n ch\u00fa \u00fd \u0111\u1ebfn th\u1eddi gian \u00e1p d\u1ee5ng \u0111\u1ec3 \u0111\u1ea3m b\u1ea3o kh\u00f4ng b\u1ecf l\u1ee1 c\u01a1 h\u1ed9i nh\u1eadn th\u01b0\u1edfng.<\/span><\/p>\n<h3><span style=\"font-weight: 400;\">C\u00e2u H\u1ecfi 3: T\u00f4i c\u00f3 th\u1ec3 r\u00fat ti\u1ec1n t\u1eeb c\u00e1c ph\u1ea7n th\u01b0\u1edfng khuy\u1ebfn m\u00e3i ngay l\u1eadp t\u1ee9c kh\u00f4ng?<\/span><\/h3>\n<p><span style=\"font-weight: 400;\">Th\u00f4ng th\u01b0\u1eddng, b\u1ea1n s\u1ebd c\u1ea7n ph\u1ea3i ho\u00e0n th\u00e0nh c\u00e1c y\u00eau c\u1ea7u \u0111\u1eb7t c\u01b0\u1ee3c tr\u01b0\u1edbc khi c\u00f3 th\u1ec3 r\u00fat ti\u1ec1n t\u1eeb c\u00e1c kho\u1ea3n th\u01b0\u1edfng khuy\u1ebfn m\u00e3i. H\u00e3y \u0111\u1ecdc k\u1ef9 c\u00e1c \u0111i\u1ec1u kho\u1ea3n c\u1ee7a m\u1ed7i ch\u01b0\u01a1ng tr\u00ecnh \u0111\u1ec3 bi\u1ebft chi ti\u1ebft.<\/span><\/p>\n<h2><span style=\"font-weight: 400;\">K\u1ebft Lu\u1eadn<\/span><\/h2>\n<p><b>Khuy\u1ebfn M\u00e3i Open88<\/b><span style=\"font-weight: 400;\"> mang \u0111\u1ebfn cho ng\u01b0\u1eddi ch\u01a1i nh\u1eefng c\u01a1 h\u1ed9i tuy\u1ec7t v\u1eddi \u0111\u1ec3 t\u1ed1i \u01b0u h\u00f3a tr\u1ea3i nghi\u1ec7m c\u00e1 c\u01b0\u1ee3c. V\u1edbi c\u00e1c ch\u01b0\u01a1ng tr\u00ecnh ch\u00e0o m\u1eebng, th\u01b0\u1edfng \u0111\u1ecbnh k\u1ef3 v\u00e0 khuy\u1ebfn m\u00e3i gi\u1edbi thi\u1ec7u b\u1ea1n b\u00e8, ng\u01b0\u1eddi ch\u01a1i c\u00f3 th\u1ec3 nh\u1eadn \u0111\u01b0\u1ee3c nhi\u1ec1u ph\u1ea7n th\u01b0\u1edfng h\u1ea5p d\u1eabn. \u0110\u1eebng b\u1ecf l\u1ee1 c\u00e1c c\u01a1 h\u1ed9i khuy\u1ebfn m\u00e3i c\u1ee7a <\/span><b><a href=\"https:\/\/markethive.io\/\">Open88<\/a> <\/b><span style=\"font-weight: 400;\">\u0111\u1ec3 c\u00f3 m\u1ed9t h\u00e0nh tr\u00ecnh c\u00e1 c\u01b0\u1ee3c th\u00fa v\u1ecb v\u00e0 \u0111\u1ea7y l\u1ee3i \u00edch.<\/span><\/p>\n","protected":false},"excerpt":{"rendered":"<p>Khuy\u1ebfn M\u00e3i Open88 \u2013 C\u00e1c Ch\u01b0\u01a1ng Tr\u00ecnh \u01afu \u0110\u00e3i H\u1ea5p D\u1eabn Khuy\u1ebfn M\u00e3i Open88 l\u00e0 m\u1ed9t trong nh\u1eefng l\u00fd do l\u1edbn khi\u1ebfn ng\u01b0\u1eddi ch\u01a1i l\u1ef1a ch\u1ecdn tham gia t\u1ea1i trang ch\u1ee7 Open88. Nh\u00e0 c\u00e1i lu\u00f4n cung c\u1ea5p c\u00e1c ch\u01b0\u01a1ng tr\u00ecnh khuy\u1ebfn m\u00e3i th\u00fa v\u1ecb, gi\u00fap ng\u01b0\u1eddi ch\u01a1i kh\u00f4ng ch\u1ec9 t\u1ed1i \u01b0u h\u00f3a tr\u1ea3i nghi\u1ec7m c\u00e1 [&#8230;]\n","protected":false},"author":1,"featured_media":217,"parent":0,"menu_order":0,"comment_status":"closed","ping_status":"closed","template":"","meta":{"footnotes":""},"class_list":["post-25","page","type-page","status-publish","has-post-thumbnail","hentry"],"_links":{"self":[{"href":"https:\/\/markethive.io\/vi-vn\/wp-json\/wp\/v2\/pages\/25","targetHints":{"allow":["GET"]}}],"collection":[{"href":"https:\/\/markethive.io\/vi-vn\/wp-json\/wp\/v2\/pages"}],"about":[{"href":"https:\/\/markethive.io\/vi-vn\/wp-json\/wp\/v2\/types\/page"}],"author":[{"embeddable":true,"href":"https:\/\/markethive.io\/vi-vn\/wp-json\/wp\/v2\/users\/1"}],"replies":[{"embeddable":true,"href":"https:\/\/markethive.io\/vi-vn\/wp-json\/wp\/v2\/comments?post=25"}],"version-history":[{"count":0,"href":"https:\/\/markethive.io\/vi-vn\/wp-json\/wp\/v2\/pages\/25\/revisions"}],"wp:featuredmedia":[{"embeddable":true,"href":"https:\/\/markethive.io\/vi-vn\/wp-json\/wp\/v2\/media\/217"}],"wp:attachment":[{"href":"https:\/\/markethive.io\/vi-vn\/wp-json\/wp\/v2\/media?parent=25"}],"curies":[{"name":"wp","href":"https:\/\/api.w.org\/{rel}","templated":true}]}}