{"id":27,"date":"2026-01-19T16:06:59","date_gmt":"2026-01-19T09:06:59","guid":{"rendered":"https:\/\/markethive.io\/?page_id=27"},"modified":"2026-01-22T14:35:42","modified_gmt":"2026-01-22T07:35:42","slug":"casino-open88","status":"publish","type":"page","link":"https:\/\/markethive.io\/vi-vn\/casino-open88\/","title":{"rendered":"Casino Open88"},"content":{"rendered":"<h1 style=\"text-align: center;\"><span style=\"font-weight: 400;\">Casino Open88 \u2013 Tr\u1ea3i Nghi\u1ec7m Casino Tr\u1ef1c Tuy\u1ebfn H\u1ea5p D\u1eabn v\u00e0 An To\u00e0n<\/span><\/h1>\n<p><b>Casino <a href=\"https:\/\/markethive.io\/\">Open88<\/a><\/b><span style=\"font-weight: 400;\"> l\u00e0 m\u1ed9t trong nh\u1eefng n\u1ec1n t\u1ea3ng c\u00e1 c\u01b0\u1ee3c tr\u1ef1c tuy\u1ebfn uy t\u00edn, cung c\u1ea5p cho ng\u01b0\u1eddi ch\u01a1i nh\u1eefng tr\u00f2 ch\u01a1i casino \u0111\u1ea7y h\u1ea5p d\u1eabn v\u00e0 c\u00f4ng b\u1eb1ng. V\u1edbi h\u1ec7 th\u1ed1ng b\u1ea3o m\u1eadt m\u1ea1nh m\u1ebd, giao di\u1ec7n ng\u01b0\u1eddi d\u00f9ng th\u00e2n thi\u1ec7n, v\u00e0 \u0111a d\u1ea1ng c\u00e1c lo\u1ea1i tr\u00f2 ch\u01a1i, ch\u00fang t\u00f4i cam k\u1ebft mang \u0111\u1ebfn cho ng\u01b0\u1eddi ch\u01a1i m\u1ed9t tr\u1ea3i nghi\u1ec7m casino tr\u1ef1c tuy\u1ebfn tuy\u1ec7t v\u1eddi, \u0111\u1ed3ng th\u1eddi lu\u00f4n ch\u00fa tr\u1ecdng \u0111\u1ebfn s\u1ef1 an to\u00e0n v\u00e0 minh b\u1ea1ch trong m\u1ed7i giao d\u1ecbch. T\u1eeb c\u00e1c tr\u00f2 ch\u01a1i b\u00e0i n\u1ed5i ti\u1ebfng nh\u01b0 <\/span><b>baccarat<\/b><span style=\"font-weight: 400;\"> v\u00e0 <\/span><b>blackjack<\/b><span style=\"font-weight: 400;\">, \u0111\u1ebfn c\u00e1c tr\u00f2 ch\u01a1i slot \u0111a d\u1ea1ng, Open88 kh\u00f4ng ng\u1eebng s\u00e1ng t\u1ea1o \u0111\u1ec3 mang \u0111\u1ebfn nh\u1eefng c\u01a1 h\u1ed9i th\u1eafng l\u1edbn cho ng\u01b0\u1eddi ch\u01a1i.<\/span><\/p>\n<h2><span style=\"font-weight: 400;\">C\u00e1c Tr\u00f2 Ch\u01a1i N\u1ed5i B\u1eadt T\u1ea1i Casino Open88<\/span><\/h2>\n<p><span style=\"font-weight: 400;\">T\u1ea1i <\/span><b>Casino Open88<\/b><span style=\"font-weight: 400;\">, ng\u01b0\u1eddi ch\u01a1i c\u00f3 c\u01a1 h\u1ed9i tham gia v\u00e0o c\u00e1c tr\u00f2 ch\u01a1i casino tr\u1ef1c tuy\u1ebfn th\u00fa v\u1ecb v\u00e0 h\u1ea5p d\u1eabn. M\u1ed7i tr\u00f2 ch\u01a1i \u0111\u01b0\u1ee3c thi\u1ebft k\u1ebf \u0111\u1ec3 mang \u0111\u1ebfn tr\u1ea3i nghi\u1ec7m ch\u00e2n th\u1ef1c v\u00e0 \u0111\u1ea7y l\u00f4i cu\u1ed1n. <\/span><span style=\"font-weight: 400;\">\u0110\u00e2y l\u00e0 c\u00e1c tr\u00f2 ch\u01a1i n\u1ed5i b\u1eadt m\u00e0 b\u1ea1n kh\u00f4ng th\u1ec3 b\u1ecf qua khi tham gia.<\/span><\/p>\n<figure id=\"attachment_221\" aria-describedby=\"caption-attachment-221\" style=\"width: 800px\" class=\"wp-caption aligncenter\"><img loading=\"lazy\" decoding=\"async\" class=\"size-full wp-image-221\" src=\"https:\/\/markethive.io\/wp-content\/uploads\/2026\/01\/cac-tro-choi-noi-bat-tai-casino-open88.webp\" alt=\"cac-tro-choi-noi-bat-tai-casino-open88\" width=\"800\" height=\"400\" srcset=\"https:\/\/markethive.io\/wp-content\/uploads\/2026\/01\/cac-tro-choi-noi-bat-tai-casino-open88.webp 800w, https:\/\/markethive.io\/wp-content\/uploads\/2026\/01\/cac-tro-choi-noi-bat-tai-casino-open88-300x150.webp 300w, https:\/\/markethive.io\/wp-content\/uploads\/2026\/01\/cac-tro-choi-noi-bat-tai-casino-open88-768x384.webp 768w\" sizes=\"auto, (max-width: 800px) 100vw, 800px\" \/><figcaption id=\"caption-attachment-221\" class=\"wp-caption-text\">C\u00e1c tr\u00f2 ch\u01a1i n\u1ed5i b\u1eadt t\u1ea1i s\u1ea3nh Casino Open88<\/figcaption><\/figure>\n<h3><span style=\"font-weight: 400;\">Baccarat<\/span><\/h3>\n<p><span style=\"font-weight: 400;\">Baccarat l\u00e0 m\u1ed9t trong nh\u1eefng tr\u00f2 ch\u01a1i ph\u1ed5 bi\u1ebfn nh\u1ea5t t\u1ea1i <\/span><b>Casino Open88<\/b><span style=\"font-weight: 400;\">. V\u1edbi c\u00e1ch ch\u01a1i \u0111\u01a1n gi\u1ea3n nh\u01b0ng \u0111\u1ea7y s\u1ef1 h\u1ea5p d\u1eabn, ng\u01b0\u1eddi ch\u01a1i c\u00f3 th\u1ec3 \u0111\u1eb7t c\u01b0\u1ee3c v\u00e0o <\/span><b>Ng\u01b0\u1eddi ch\u01a1i<\/b><span style=\"font-weight: 400;\">, <\/span><b>Nh\u00e0 c\u00e1i<\/b><span style=\"font-weight: 400;\">, ho\u1eb7c <\/span><b>H\u00f2a<\/b><span style=\"font-weight: 400;\">. <strong><a href=\"https:\/\/markethive.io\/baccarat\/\">Baccarat<\/a> <\/strong>t\u1ea1i Open88 \u0111\u01b0\u1ee3c cung c\u1ea5p v\u1edbi c\u00e1c t\u1ef7 l\u1ec7 tr\u1ea3 th\u01b0\u1edfng h\u1ea5p d\u1eabn, t\u1ea1o c\u01a1 h\u1ed9i chi\u1ebfn th\u1eafng cao cho ng\u01b0\u1eddi ch\u01a1i.<\/span><\/p>\n<h4><span style=\"font-weight: 400;\">L\u1ee3i \u00edch khi ch\u01a1i Baccarat:<\/span><\/h4>\n<ul>\n<li style=\"font-weight: 400;\" aria-level=\"1\"><b>C\u01a1 h\u1ed9i chi\u1ebfn th\u1eafng cao<\/b><span style=\"font-weight: 400;\">: T\u1ef7 l\u1ec7 tr\u1ea3 th\u01b0\u1edfng h\u1ea5p d\u1eabn cho c\u00e1c l\u1ef1a ch\u1ecdn c\u01b0\u1ee3c.<\/span><\/li>\n<li style=\"font-weight: 400;\" aria-level=\"1\"><b>Giao di\u1ec7n \u0111\u1eb9p m\u1eaft<\/b><span style=\"font-weight: 400;\">: Tr\u1ea3i nghi\u1ec7m ng\u01b0\u1eddi d\u00f9ng m\u01b0\u1ee3t m\u00e0, d\u1ec5 d\u00e0ng tham gia v\u00e0o c\u00e1c v\u00e1n c\u01b0\u1ee3c.<\/span><\/li>\n<li style=\"font-weight: 400;\" aria-level=\"1\"><b>\u0110\u01b0\u1ee3c ph\u00e1t tr\u1ef1c tuy\u1ebfn<\/b><span style=\"font-weight: 400;\">: C\u00e1c v\u00e1n baccarat \u0111\u01b0\u1ee3c ph\u00e1t tr\u1ef1c tuy\u1ebfn v\u1edbi ch\u1ea5t l\u01b0\u1ee3ng cao, gi\u1ed1ng nh\u01b0 b\u1ea1n \u0111ang ch\u01a1i t\u1ea1i m\u1ed9t casino th\u1ef1c t\u1ebf.<\/span><\/li>\n<\/ul>\n<h3><span style=\"font-weight: 400;\">Blackjack<\/span><\/h3>\n<p><span style=\"font-weight: 400;\">Blackjack l\u00e0 tr\u00f2 ch\u01a1i b\u00e0i c\u1ed5 \u0111i\u1ec3n m\u00e0 kh\u00f4ng th\u1ec3 thi\u1ebfu trong b\u1ea5t k\u1ef3 casino n\u00e0o. T\u1ea1i <\/span><b>Casino Open88<\/b><span style=\"font-weight: 400;\">, ng\u01b0\u1eddi ch\u01a1i c\u00f3 th\u1ec3 tham gia v\u00e0o c\u00e1c b\u00e0n blackjack tr\u1ef1c tuy\u1ebfn, \u0111\u1ed1i \u0111\u1ea7u v\u1edbi nh\u00e0 c\u00e1i v\u00e0 t\u00ecm c\u00e1ch c\u00f3 \u0111i\u1ec3m g\u1ea7n 21 nh\u1ea5t m\u00e0 kh\u00f4ng v\u01b0\u1ee3t qua. Tr\u00f2 ch\u01a1i n\u00e0y \u0111\u00f2i h\u1ecfi m\u1ed9t ch\u00fat chi\u1ebfn l\u01b0\u1ee3c v\u00e0 t\u00ednh to\u00e1n, nh\u01b0ng c\u0169ng r\u1ea5t d\u1ec5 h\u1ecdc v\u00e0 c\u1ef1c k\u1ef3 h\u1ea5p d\u1eabn.<\/span><\/p>\n<h4><span style=\"font-weight: 400;\">L\u1ee3i \u00edch khi ch\u01a1i Blackjack:<\/span><\/h4>\n<ul>\n<li style=\"font-weight: 400;\" aria-level=\"1\"><b>Chi\u1ebfn l\u01b0\u1ee3c th\u00fa v\u1ecb<\/b><span style=\"font-weight: 400;\">: Blackjack kh\u00f4ng ch\u1ec9 d\u1ef1a v\u00e0o may m\u1eafn m\u00e0 c\u00f2n c\u00f3 y\u1ebfu t\u1ed1 chi\u1ebfn l\u01b0\u1ee3c.<\/span><\/li>\n<li style=\"font-weight: 400;\" aria-level=\"1\"><b>T\u1ef7 l\u1ec7 th\u1eafng cao<\/b><span style=\"font-weight: 400;\">: C\u00e1c b\u00e0n ch\u01a1i t\u1ea1i Open88 \u0111\u1ec1u c\u00f3 t\u1ef7 l\u1ec7 tr\u1ea3 th\u01b0\u1edfng h\u1ee3p l\u00fd.<\/span><\/li>\n<li style=\"font-weight: 400;\" aria-level=\"1\"><b>C\u1ea3m gi\u00e1c nh\u01b0 casino th\u1ef1c t\u1ebf<\/b><span style=\"font-weight: 400;\">: Tr\u00f2 ch\u01a1i \u0111\u01b0\u1ee3c ph\u00e1t tr\u1ef1c ti\u1ebfp v\u1edbi giao di\u1ec7n d\u1ec5 s\u1eed d\u1ee5ng.<\/span><\/li>\n<\/ul>\n<h3><span style=\"font-weight: 400;\">Roulette (X\u00f3c \u0110\u0129a)<\/span><\/h3>\n<p><span style=\"font-weight: 400;\">Roulette l\u00e0 m\u1ed9t tr\u00f2 ch\u01a1i n\u1ed5i ti\u1ebfng kh\u00e1c t\u1ea1i <\/span><b>Casino Open88<\/b><span style=\"font-weight: 400;\">. Tr\u00f2 ch\u01a1i n\u00e0y cho ph\u00e9p ng\u01b0\u1eddi ch\u01a1i \u0111\u1eb7t c\u01b0\u1ee3c v\u00e0o c\u00e1c \u00f4 s\u1ed1 ho\u1eb7c m\u00e0u s\u1eafc tr\u00ean b\u00e1nh xe roulette. V\u1edbi s\u1ef1 k\u1ebft h\u1ee3p gi\u1eefa may m\u1eafn v\u00e0 chi\u1ebfn l\u01b0\u1ee3c c\u01b0\u1ee3c, <strong><a href=\"https:\/\/markethive.io\/roulette\/\">roulette<\/a> <\/strong>lu\u00f4n l\u00e0 tr\u00f2 ch\u01a1i thu h\u00fat nhi\u1ec1u ng\u01b0\u1eddi ch\u01a1i t\u1ea1i c\u00e1c casino tr\u1ef1c tuy\u1ebfn.<\/span><\/p>\n<figure id=\"attachment_223\" aria-describedby=\"caption-attachment-223\" style=\"width: 800px\" class=\"wp-caption aligncenter\"><img loading=\"lazy\" decoding=\"async\" class=\"size-full wp-image-223\" src=\"https:\/\/markethive.io\/wp-content\/uploads\/2026\/01\/roulette-xoc-dia-tai-casino-open88.webp\" alt=\"Roulette v\u00e0 x\u00f3c \u0111\u0129a t\u1ea1i casino open88\" width=\"800\" height=\"400\" srcset=\"https:\/\/markethive.io\/wp-content\/uploads\/2026\/01\/roulette-xoc-dia-tai-casino-open88.webp 800w, https:\/\/markethive.io\/wp-content\/uploads\/2026\/01\/roulette-xoc-dia-tai-casino-open88-300x150.webp 300w, https:\/\/markethive.io\/wp-content\/uploads\/2026\/01\/roulette-xoc-dia-tai-casino-open88-768x384.webp 768w\" sizes=\"auto, (max-width: 800px) 100vw, 800px\" \/><figcaption id=\"caption-attachment-223\" class=\"wp-caption-text\">Roulette v\u00e0 x\u00f3c \u0111\u0129a t\u1ea1i casino open88<\/figcaption><\/figure>\n<h4><span style=\"font-weight: 400;\">L\u1ee3i \u00edch khi ch\u01a1i Roulette:<\/span><\/h4>\n<ul>\n<li style=\"font-weight: 400;\" aria-level=\"1\"><b>Tr\u1ea3i nghi\u1ec7m tr\u1ef1c ti\u1ebfp<\/b><span style=\"font-weight: 400;\">: C\u00e1c tr\u00f2 ch\u01a1i roulette tr\u1ef1c tuy\u1ebfn \u0111\u01b0\u1ee3c ph\u00e1t tr\u1ef1c ti\u1ebfp v\u1edbi ch\u1ea5t l\u01b0\u1ee3ng h\u00ecnh \u1ea3nh s\u1eafc n\u00e9t.<\/span><\/li>\n<li style=\"font-weight: 400;\" aria-level=\"1\"><b>C\u01b0\u1ee3c \u0111a d\u1ea1ng<\/b><span style=\"font-weight: 400;\">: Ng\u01b0\u1eddi ch\u01a1i c\u00f3 th\u1ec3 ch\u1ecdn nhi\u1ec1u lo\u1ea1i c\u01b0\u1ee3c kh\u00e1c nhau \u0111\u1ec3 t\u0103ng c\u01a1 h\u1ed9i chi\u1ebfn th\u1eafng.<\/span><\/li>\n<li style=\"font-weight: 400;\" aria-level=\"1\"><b>C\u1ea3m gi\u00e1c k\u1ecbch t\u00ednh<\/b><span style=\"font-weight: 400;\">: M\u1ed7i v\u00f2ng quay c\u1ee7a b\u00e1nh xe \u0111\u1ec1u t\u1ea1o ra c\u1ea3m gi\u00e1c h\u1ed3i h\u1ed9p v\u00e0 th\u00fa v\u1ecb.<\/span><\/li>\n<\/ul>\n<h3><span style=\"font-weight: 400;\">Slots Game (M\u00e1y X\u00e8ng)<\/span><\/h3>\n<p><span style=\"font-weight: 400;\">M\u00e1y x\u00e8ng l\u00e0 tr\u00f2 ch\u01a1i \u0111\u01a1n gi\u1ea3n nh\u01b0ng c\u1ef1c k\u1ef3 h\u1ea5p d\u1eabn, v\u1edbi nhi\u1ec1u ch\u1ee7 \u0111\u1ec1 \u0111a d\u1ea1ng v\u00e0 h\u00ecnh th\u1ee9c ch\u01a1i phong ph\u00fa, m\u00e1y x\u00e8ng lu\u00f4n mang \u0111\u1ebfn nh\u1eefng ph\u00fat gi\u00e2y gi\u1ea3i tr\u00ed tuy\u1ec7t v\u1eddi cho ng\u01b0\u1eddi ch\u01a1i. Tr\u00f2 ch\u01a1i n\u00e0y kh\u00f4ng y\u00eau c\u1ea7u k\u1ef9 n\u0103ng \u0111\u1eb7c bi\u1ec7t, ch\u1ec9 c\u1ea7n quay c\u00e1c cu\u1ed9n v\u00e0 hy v\u1ecdng c\u00e1c bi\u1ec3u t\u01b0\u1ee3ng tr\u00f9ng kh\u1edbp.<\/span><\/p>\n<h4><span style=\"font-weight: 400;\">L\u1ee3i \u00edch khi ch\u01a1i Slots Game:<\/span><\/h4>\n<ul>\n<li style=\"font-weight: 400;\" aria-level=\"1\"><b>Ch\u01a1i d\u1ec5 d\u00e0ng<\/b><span style=\"font-weight: 400;\">: Kh\u00f4ng c\u1ea7n chi\u1ebfn l\u01b0\u1ee3c ph\u1ee9c t\u1ea1p, ch\u1ec9 c\u1ea7n quay c\u00e1c cu\u1ed9n v\u00e0 t\u1eadn h\u01b0\u1edfng.<\/span><\/li>\n<li style=\"font-weight: 400;\" aria-level=\"1\"><b>Gi\u1ea3i th\u01b0\u1edfng l\u1edbn<\/b><span style=\"font-weight: 400;\">: C\u00e1c tr\u00f2 ch\u01a1i slots t\u1ea1i Open88 c\u00f3 th\u1ec3 mang l\u1ea1i nh\u1eefng gi\u1ea3i th\u01b0\u1edfng jackpot c\u1ef1c k\u1ef3 h\u1ea5p d\u1eabn.<\/span><\/li>\n<li style=\"font-weight: 400;\" aria-level=\"1\"><b>\u0110\u1ed3 h\u1ecda s\u1ed1ng \u0111\u1ed9ng<\/b><span style=\"font-weight: 400;\">: C\u00e1c tr\u00f2 ch\u01a1i slots t\u1ea1i Open88 \u0111\u01b0\u1ee3c thi\u1ebft k\u1ebf v\u1edbi \u0111\u1ed3 h\u1ecda 3D tuy\u1ec7t \u0111\u1eb9p, mang \u0111\u1ebfn tr\u1ea3i nghi\u1ec7m ch\u01a1i game m\u01b0\u1ee3t m\u00e0.<\/span><\/li>\n<\/ul>\n<h2><span style=\"font-weight: 400;\">B\u1ea3o M\u1eadt v\u00e0 An To\u00e0n t\u1ea1i Casino Open88<\/span><\/h2>\n<p><b>Casino Open88<\/b><span style=\"font-weight: 400;\"> lu\u00f4n ch\u00fa tr\u1ecdng \u0111\u1ebfn vi\u1ec7c b\u1ea3o v\u1ec7 th\u00f4ng tin c\u00e1 nh\u00e2n v\u00e0 t\u00e0i ch\u00ednh c\u1ee7a ng\u01b0\u1eddi ch\u01a1i. V\u1edbi h\u1ec7 th\u1ed1ng b\u1ea3o m\u1eadt ti\u00ean ti\u1ebfn nh\u01b0 <\/span><b>SSL 256-bit<\/b><span style=\"font-weight: 400;\">, t\u1ea5t c\u1ea3 d\u1eef li\u1ec7u c\u1ee7a ng\u01b0\u1eddi ch\u01a1i \u0111\u1ec1u \u0111\u01b0\u1ee3c m\u00e3 h\u00f3a v\u00e0 b\u1ea3o v\u1ec7 tuy\u1ec7t \u0111\u1ed1i. B\u00ean c\u1ea1nh \u0111\u00f3, Open88 c\u0169ng c\u00f3 c\u00e1c bi\u1ec7n ph\u00e1p b\u1ea3o m\u1eadt kh\u00e1c nh\u01b0 <\/span><b>t\u01b0\u1eddng l\u1eeda<\/b><span style=\"font-weight: 400;\"> v\u00e0 <\/span><b>gi\u00e1m s\u00e1t 24\/7<\/b><span style=\"font-weight: 400;\"> \u0111\u1ec3 \u0111\u1ea3m b\u1ea3o m\u00f4i tr\u01b0\u1eddng c\u00e1 c\u01b0\u1ee3c an to\u00e0n v\u00e0 c\u00f4ng b\u1eb1ng.<\/span><\/p>\n<figure id=\"attachment_224\" aria-describedby=\"caption-attachment-224\" style=\"width: 800px\" class=\"wp-caption aligncenter\"><img loading=\"lazy\" decoding=\"async\" class=\"size-full wp-image-224\" src=\"https:\/\/markethive.io\/wp-content\/uploads\/2026\/01\/bao-mat-va-an-toan-tai-casino-open88.webp\" alt=\"B\u1ea3o m\u1eadt v\u00e0 an to\u00e0n t\u1ea1i casino open88 \u0111\u1ea3m b\u1ea3o\" width=\"800\" height=\"400\" srcset=\"https:\/\/markethive.io\/wp-content\/uploads\/2026\/01\/bao-mat-va-an-toan-tai-casino-open88.webp 800w, https:\/\/markethive.io\/wp-content\/uploads\/2026\/01\/bao-mat-va-an-toan-tai-casino-open88-300x150.webp 300w, https:\/\/markethive.io\/wp-content\/uploads\/2026\/01\/bao-mat-va-an-toan-tai-casino-open88-768x384.webp 768w\" sizes=\"auto, (max-width: 800px) 100vw, 800px\" \/><figcaption id=\"caption-attachment-224\" class=\"wp-caption-text\">B\u1ea3o m\u1eadt v\u00e0 an to\u00e0n t\u1ea1i casino open88 \u0111\u1ea3m b\u1ea3o<\/figcaption><\/figure>\n<p><span style=\"font-weight: 400;\">C\u00e1c bi\u1ec7n ph\u00e1p b\u1ea3o m\u1eadt t\u1ed1i t\u00e2n \u0111\u01b0\u1ee3c \u00e1p d\u1ee5ng:<\/span><\/p>\n<ul>\n<li style=\"font-weight: 400;\" aria-level=\"1\"><b>M\u00e3 h\u00f3a SSL 256-bit<\/b><span style=\"font-weight: 400;\">: T\u1ea5t c\u1ea3 giao d\u1ecbch v\u00e0 d\u1eef li\u1ec7u c\u1ee7a ng\u01b0\u1eddi ch\u01a1i \u0111\u1ec1u \u0111\u01b0\u1ee3c m\u00e3 h\u00f3a, \u0111\u1ea3m b\u1ea3o an to\u00e0n.<\/span><\/li>\n<li style=\"font-weight: 400;\" aria-level=\"1\"><b>Gi\u00e1m s\u00e1t h\u1ec7 th\u1ed1ng 24\/7<\/b><span style=\"font-weight: 400;\">: Open88 lu\u00f4n gi\u00e1m s\u00e1t h\u1ec7 th\u1ed1ng \u0111\u1ec3 ph\u00e1t hi\u1ec7n v\u00e0 ng\u0103n ch\u1eb7n c\u00e1c h\u00e0nh vi gian l\u1eadn.<\/span><\/li>\n<li style=\"font-weight: 400;\" aria-level=\"1\"><b>\u0110\u1ea3m b\u1ea3o t\u00ednh c\u00f4ng b\u1eb1ng<\/b><span style=\"font-weight: 400;\">: M\u1ecdi tr\u00f2 ch\u01a1i \u0111\u1ec1u \u0111\u01b0\u1ee3c ki\u1ec3m tra \u0111\u1ec3 \u0111\u1ea3m b\u1ea3o t\u00ednh c\u00f4ng b\u1eb1ng v\u00e0 kh\u00f4ng c\u00f3 s\u1ef1 can thi\u1ec7p.<\/span><\/li>\n<\/ul>\n<h2><span style=\"font-weight: 400;\">FAQ \u2013 C\u00e2u H\u1ecfi Th\u01b0\u1eddng G\u1eb7p V\u1ec1 Casino Open88<\/span><\/h2>\n<h3><span style=\"font-weight: 400;\">C\u00e2u H\u1ecfi 1: L\u00e0m th\u1ebf n\u00e0o \u0111\u1ec3 tham gia Casino Open88?<\/span><\/h3>\n<p><span style=\"font-weight: 400;\">\u0110\u1ec3 tham gia <\/span><b>Casino Open88<\/b><span style=\"font-weight: 400;\">, b\u1ea1n ch\u1ec9 c\u1ea7n \u0111\u0103ng k\u00fd t\u00e0i kho\u1ea3n t\u1ea1i website c\u1ee7a Open88 v\u00e0 n\u1ea1p ti\u1ec1n v\u00e0o t\u00e0i kho\u1ea3n. Sau \u0111\u00f3, b\u1ea1n c\u00f3 th\u1ec3 tham gia v\u00e0o c\u00e1c tr\u00f2 ch\u01a1i casino tr\u1ef1c tuy\u1ebfn m\u00e0 m\u00ecnh y\u00eau th\u00edch.<\/span><\/p>\n<h3><span style=\"font-weight: 400;\">C\u00e2u H\u1ecfi 2: Casino Open88 c\u00f3 th\u1ef1c s\u1ef1 ch\u01a1i an to\u00e0n kh\u00f4ng?<\/span><\/h3>\n<p><span style=\"font-weight: 400;\">C\u00f3. Open88 s\u1eed d\u1ee5ng c\u00e1c c\u00f4ng ngh\u1ec7 b\u1ea3o m\u1eadt ti\u00ean ti\u1ebfn nh\u01b0 m\u00e3 h\u00f3a SSL 256-bit v\u00e0 gi\u00e1m s\u00e1t h\u1ec7 th\u1ed1ng 24\/7 \u0111\u1ec3 \u0111\u1ea3m b\u1ea3o an to\u00e0n cho ng\u01b0\u1eddi ch\u01a1i.<\/span><\/p>\n<h3><span style=\"font-weight: 400;\">C\u00e2u H\u1ecfi 3: T\u00f4i c\u00f3 th\u1ec3 r\u00fat ti\u1ec1n t\u1eeb c\u00e1c kho\u1ea3n th\u1eafng t\u1ea1i Casino Open88 kh\u00f4ng?<\/span><\/h3>\n<p><span style=\"font-weight: 400;\">C\u00f3. Sau khi ho\u00e0n th\u00e0nh c\u00e1c y\u00eau c\u1ea7u \u0111\u1eb7t c\u01b0\u1ee3c, b\u1ea1n c\u00f3 th\u1ec3 r\u00fat ti\u1ec1n t\u1eeb t\u00e0i kho\u1ea3n c\u1ee7a m\u00ecnh th\u00f4ng qua c\u00e1c ph\u01b0\u01a1ng th\u1ee9c thanh to\u00e1n m\u00e0 Open88 cung c\u1ea5p.<\/span><\/p>\n<p><strong>&gt;&gt;<a href=\"https:\/\/markethive.io\/da-ga-open88\/\">\u0110\u00e1 G\u00e0 Open88<\/a> \u2013 Tr\u1ea3i Nghi\u1ec7m C\u00e1 C\u01b0\u1ee3c \u0110\u00e1 G\u00e0 Tr\u1ef1c Tuy\u1ebfn H\u1ea5p D\u1eabn<\/strong><\/p>\n<h2><span style=\"font-weight: 400;\">K\u1ebft Lu\u1eadn<\/span><\/h2>\n<p><a href=\"https:\/\/markethive.io\/casino-open88\/\"><b>Casino Open88<\/b><\/a><span style=\"font-weight: 400;\"> l\u00e0 m\u1ed9t trong nh\u1eefng l\u1ef1a ch\u1ecdn h\u00e0ng \u0111\u1ea7u cho nh\u1eefng ng\u01b0\u1eddi y\u00eau th\u00edch casino tr\u1ef1c tuy\u1ebfn. V\u1edbi m\u1ed9t lo\u1ea1t c\u00e1c tr\u00f2 ch\u01a1i h\u1ea5p d\u1eabn, b\u1ea3o m\u1eadt tuy\u1ec7t \u0111\u1ed1i v\u00e0 d\u1ecbch v\u1ee5 ch\u0103m s\u00f3c kh\u00e1ch h\u00e0ng t\u1eadn t\u00e2m, Open88 lu\u00f4n cam k\u1ebft mang \u0111\u1ebfn cho ng\u01b0\u1eddi ch\u01a1i tr\u1ea3i nghi\u1ec7m c\u00e1 c\u01b0\u1ee3c tuy\u1ec7t v\u1eddi. \u0110\u1eebng b\u1ecf l\u1ee1 c\u01a1 h\u1ed9i tham gia v\u00e0 t\u1eadn h\u01b0\u1edfng nh\u1eefng gi\u00e2y ph\u00fat gi\u1ea3i tr\u00ed th\u00fa v\u1ecb c\u00f9ng v\u1edbi c\u01a1 h\u1ed9i th\u1eafng l\u1edbn.<\/span><\/p>\n","protected":false},"excerpt":{"rendered":"<p>Casino Open88 \u2013 Tr\u1ea3i Nghi\u1ec7m Casino Tr\u1ef1c Tuy\u1ebfn H\u1ea5p D\u1eabn v\u00e0 An To\u00e0n Casino Open88 l\u00e0 m\u1ed9t trong nh\u1eefng n\u1ec1n t\u1ea3ng c\u00e1 c\u01b0\u1ee3c tr\u1ef1c tuy\u1ebfn uy t\u00edn, cung c\u1ea5p cho ng\u01b0\u1eddi ch\u01a1i nh\u1eefng tr\u00f2 ch\u01a1i casino \u0111\u1ea7y h\u1ea5p d\u1eabn v\u00e0 c\u00f4ng b\u1eb1ng. V\u1edbi h\u1ec7 th\u1ed1ng b\u1ea3o m\u1eadt m\u1ea1nh m\u1ebd, giao di\u1ec7n ng\u01b0\u1eddi d\u00f9ng th\u00e2n thi\u1ec7n, [&#8230;]\n","protected":false},"author":1,"featured_media":222,"parent":0,"menu_order":0,"comment_status":"closed","ping_status":"closed","template":"","meta":{"footnotes":""},"class_list":["post-27","page","type-page","status-publish","has-post-thumbnail","hentry"],"_links":{"self":[{"href":"https:\/\/markethive.io\/vi-vn\/wp-json\/wp\/v2\/pages\/27","targetHints":{"allow":["GET"]}}],"collection":[{"href":"https:\/\/markethive.io\/vi-vn\/wp-json\/wp\/v2\/pages"}],"about":[{"href":"https:\/\/markethive.io\/vi-vn\/wp-json\/wp\/v2\/types\/page"}],"author":[{"embeddable":true,"href":"https:\/\/markethive.io\/vi-vn\/wp-json\/wp\/v2\/users\/1"}],"replies":[{"embeddable":true,"href":"https:\/\/markethive.io\/vi-vn\/wp-json\/wp\/v2\/comments?post=27"}],"version-history":[{"count":0,"href":"https:\/\/markethive.io\/vi-vn\/wp-json\/wp\/v2\/pages\/27\/revisions"}],"wp:featuredmedia":[{"embeddable":true,"href":"https:\/\/markethive.io\/vi-vn\/wp-json\/wp\/v2\/media\/222"}],"wp:attachment":[{"href":"https:\/\/markethive.io\/vi-vn\/wp-json\/wp\/v2\/media?parent=27"}],"curies":[{"name":"wp","href":"https:\/\/api.w.org\/{rel}","templated":true}]}}