{"id":29,"date":"2026-01-19T16:07:09","date_gmt":"2026-01-19T09:07:09","guid":{"rendered":"https:\/\/markethive.io\/?page_id=29"},"modified":"2026-01-22T14:46:00","modified_gmt":"2026-01-22T07:46:00","slug":"the-thao-open88","status":"publish","type":"page","link":"https:\/\/markethive.io\/vi-vn\/the-thao-open88\/","title":{"rendered":"Th\u1ec3 thao Open88"},"content":{"rendered":"<h1 style=\"text-align: center;\">Th\u1ec3 Thao Open88 \u2013 C\u00e1 C\u01b0\u1ee3c Th\u1ec3 Thao H\u1ea5p D\u1eabn v\u00e0 C\u00f4ng B\u1eb1ng<\/h1>\n<p><b>Th\u1ec3 Thao Open88<\/b><span style=\"font-weight: 400;\"> l\u00e0 m\u1ed9t trong nh\u1eefng d\u1ecbch v\u1ee5 c\u00e1 c\u01b0\u1ee3c th\u1ec3 thao tr\u1ef1c tuy\u1ebfn uy t\u00edn v\u00e0 h\u1ea5p d\u1eabn, mang \u0111\u1ebfn cho ng\u01b0\u1eddi ch\u01a1i c\u01a1 h\u1ed9i c\u00e1 c\u01b0\u1ee3c v\u00e0o nhi\u1ec1u m\u00f4n th\u1ec3 thao ph\u1ed5 bi\u1ebfn tr\u00ean to\u00e0n c\u1ea7u. T\u1eeb c\u00e1c gi\u1ea3i \u0111\u1ea5u b\u00f3ng \u0111\u00e1, b\u00f3ng r\u1ed5, tennis, \u0111\u1ebfn c\u00e1c m\u00f4n th\u1ec3 thao kh\u00e1c, nh\u00e0 c\u00e1i cung c\u1ea5p m\u1ed9t n\u1ec1n t\u1ea3ng c\u00f4ng b\u1eb1ng, an to\u00e0n v\u00e0 ti\u1ec7n l\u1ee3i cho ng\u01b0\u1eddi ch\u01a1i. V\u1edbi h\u1ec7 th\u1ed1ng b\u1ea3o m\u1eadt ti\u00ean ti\u1ebfn v\u00e0 t\u1ef7 l\u1ec7 c\u01b0\u1ee3c h\u1ea5p d\u1eabn, <\/span><a href=\"https:\/\/markethive.io\/\"><b>Open88<\/b><\/a><span style=\"font-weight: 400;\"> lu\u00f4n l\u00e0 l\u1ef1a ch\u1ecdn h\u00e0ng \u0111\u1ea7u c\u1ee7a nh\u1eefng ng\u01b0\u1eddi y\u00eau th\u00edch c\u00e1 c\u01b0\u1ee3c th\u1ec3 thao.<\/span><\/p>\n<h2><span style=\"font-weight: 400;\">C\u00e1c B\u1ed9 M\u00f4n C\u00e1 C\u01b0\u1ee3c Th\u1ec3 Thao T\u1ea1i Open88<\/span><\/h2>\n<p><b>Th\u1ec3 Thao Open88<\/b><span style=\"font-weight: 400;\"> kh\u00f4ng ch\u1ec9 cung c\u1ea5p c\u00e1 c\u01b0\u1ee3c cho c\u00e1c m\u00f4n th\u1ec3 thao ph\u1ed5 bi\u1ebfn nh\u01b0 b\u00f3ng \u0111\u00e1, b\u00f3ng r\u1ed5, v\u00e0 tennis m\u00e0 c\u00f2n m\u1edf r\u1ed9ng ra nhi\u1ec1u m\u00f4n th\u1ec3 thao kh\u00e1c \u0111\u1ec3 ng\u01b0\u1eddi ch\u01a1i l\u1ef1a ch\u1ecdn. D\u01b0\u1edbi \u0111\u00e2y l\u00e0 m\u1ed9t s\u1ed1 m\u00f4n th\u1ec3 thao ph\u1ed5 bi\u1ebfn m\u00e0 b\u1ea1n c\u00f3 th\u1ec3 tham gia c\u00e1 c\u01b0\u1ee3c t\u1ea1i <\/span><b>Open88<\/b><span style=\"font-weight: 400;\">:<\/span><\/p>\n<figure id=\"attachment_227\" aria-describedby=\"caption-attachment-227\" style=\"width: 800px\" class=\"wp-caption aligncenter\"><img loading=\"lazy\" decoding=\"async\" class=\"size-full wp-image-227\" src=\"https:\/\/markethive.io\/wp-content\/uploads\/2026\/01\/cac-bo-mon-ca-cuoc-the-thao-tai-open88.webp\" alt=\"C\u00e1c b\u1ed9 m\u00f4n th\u1ec3 thao c\u00e1 c\u01b0\u1ee3c t\u1ea1i Open88 \u0111a d\u1ea1ng\" width=\"800\" height=\"400\" srcset=\"https:\/\/markethive.io\/wp-content\/uploads\/2026\/01\/cac-bo-mon-ca-cuoc-the-thao-tai-open88.webp 800w, https:\/\/markethive.io\/wp-content\/uploads\/2026\/01\/cac-bo-mon-ca-cuoc-the-thao-tai-open88-300x150.webp 300w, https:\/\/markethive.io\/wp-content\/uploads\/2026\/01\/cac-bo-mon-ca-cuoc-the-thao-tai-open88-768x384.webp 768w\" sizes=\"auto, (max-width: 800px) 100vw, 800px\" \/><figcaption id=\"caption-attachment-227\" class=\"wp-caption-text\">C\u00e1c b\u1ed9 m\u00f4n th\u1ec3 thao c\u00e1 c\u01b0\u1ee3c t\u1ea1i Open88 \u0111a d\u1ea1ng<\/figcaption><\/figure>\n<h3><span style=\"font-weight: 400;\">C\u00e1 C\u01b0\u1ee3c B\u00f3ng \u0110\u00e1 \u0110\u1ec9nh Cao 2026<\/span><\/h3>\n<p><span style=\"font-weight: 400;\">B\u00f3ng \u0111\u00e1 l\u00e0 m\u00f4n th\u1ec3 thao thu h\u00fat s\u1ef1 quan t\u00e2m l\u1edbn t\u1eeb ng\u01b0\u1eddi ch\u01a1i t\u1ea1i <\/span><b>Th\u1ec3 Thao Open88<\/b><span style=\"font-weight: 400;\">. Ng\u01b0\u1eddi ch\u01a1i c\u00f3 th\u1ec3 tham gia c\u00e1 c\u01b0\u1ee3c v\u00e0o c\u00e1c gi\u1ea3i \u0111\u1ea5u danh gi\u00e1 nh\u01b0 <\/span><b>World Cup<\/b><span style=\"font-weight: 400;\">, <\/span><b>Champions League<\/b><span style=\"font-weight: 400;\">, <\/span><b>Premier League<\/b><span style=\"font-weight: 400;\"> v\u00e0 nhi\u1ec1u gi\u1ea3i \u0111\u1ea5u n\u1ed5i b\u1eadt kh\u00e1c, mang \u0111\u1ebfn c\u01a1 h\u1ed9i tr\u1ea3i nghi\u1ec7m c\u00e1 c\u01b0\u1ee3c th\u00fa v\u1ecb v\u00e0 h\u1ea5p d\u1eabn.<\/span><\/p>\n<h4><span style=\"font-weight: 400;\">L\u1ee3i \u00edch c\u1ee7a c\u00e1 c\u01b0\u1ee3c b\u00f3ng \u0111\u00e1 t\u1ea1i Open88:<\/span><\/h4>\n<ul>\n<li style=\"font-weight: 400;\" aria-level=\"1\"><b>T\u1ef7 l\u1ec7 c\u01b0\u1ee3c h\u1ea5p d\u1eabn<\/b><span style=\"font-weight: 400;\">: Open88 lu\u00f4n cung c\u1ea5p t\u1ef7 l\u1ec7 c\u01b0\u1ee3c c\u1ea1nh tranh, gi\u00fap ng\u01b0\u1eddi ch\u01a1i c\u00f3 c\u01a1 h\u1ed9i chi\u1ebfn th\u1eafng l\u1edbn.<\/span><\/li>\n<li style=\"font-weight: 400;\" aria-level=\"1\"><b>D\u1ef1 \u0111o\u00e1n tr\u1eadn \u0111\u1ea5u<\/b><span style=\"font-weight: 400;\">: Ng\u01b0\u1eddi ch\u01a1i c\u00f3 th\u1ec3 c\u01b0\u1ee3c v\u00e0o nhi\u1ec1u l\u1ef1a ch\u1ecdn nh\u01b0 \u0111\u1ed9i th\u1eafng, t\u1ef7 s\u1ed1 ch\u00ednh x\u00e1c, s\u1ed1 b\u00e0n th\u1eafng, v\u00e0 nhi\u1ec1u lo\u1ea1i c\u01b0\u1ee3c kh\u00e1c.<\/span><\/li>\n<li style=\"font-weight: 400;\" aria-level=\"1\"><b>Theo d\u00f5i tr\u1ef1c ti\u1ebfp<\/b><span style=\"font-weight: 400;\">: Ng\u01b0\u1eddi ch\u01a1i c\u00f3 th\u1ec3 theo d\u00f5i k\u1ebft qu\u1ea3 tr\u1ef1c ti\u1ebfp v\u00e0 tham gia c\u00e1 c\u01b0\u1ee3c khi tr\u1eadn \u0111\u1ea5u \u0111ang di\u1ec5n ra.<\/span><\/li>\n<\/ul>\n<h3><span style=\"font-weight: 400;\">C\u00e1 C\u01b0\u1ee3c B\u00f3ng R\u1ed5<\/span><\/h3>\n<p><span style=\"font-weight: 400;\">C\u00e1 c\u01b0\u1ee3c b\u00f3ng r\u1ed5 t\u1ea1i <\/span><b>Th\u1ec3 Thao Open88<\/b><span style=\"font-weight: 400;\"> c\u0169ng r\u1ea5t ph\u1ed5 bi\u1ebfn, \u0111\u1eb7c bi\u1ec7t l\u00e0 c\u00e1c gi\u1ea3i \u0111\u1ea5u l\u1edbn nh\u01b0 <\/span><b>NBA<\/b><span style=\"font-weight: 400;\">, <\/span><b>Euroleague<\/b><span style=\"font-weight: 400;\"> v\u00e0 c\u00e1c gi\u1ea3i \u0111\u1ea5u qu\u1ed1c gia kh\u00e1c. V\u1edbi t\u00ednh ch\u1ea5t k\u1ecbch t\u00ednh v\u00e0 nh\u1eefng tr\u1eadn \u0111\u1ea5u \u0111\u1ea7y b\u1ea5t ng\u1edd, b\u00f3ng r\u1ed5 mang \u0111\u1ebfn cho ng\u01b0\u1eddi ch\u01a1i nh\u1eefng c\u01a1 h\u1ed9i c\u00e1 c\u01b0\u1ee3c th\u00fa v\u1ecb.<\/span><\/p>\n<h4><span style=\"font-weight: 400;\">L\u1ee3i \u00edch c\u1ee7a c\u00e1 c\u01b0\u1ee3c b\u00f3ng r\u1ed5 t\u1ea1i Open88:<\/span><\/h4>\n<ul>\n<li style=\"font-weight: 400;\" aria-level=\"1\"><b>C\u00e1 c\u01b0\u1ee3c tr\u1ef1c ti\u1ebfp<\/b><span style=\"font-weight: 400;\">: Ng\u01b0\u1eddi ch\u01a1i c\u00f3 th\u1ec3 tham gia c\u01b0\u1ee3c trong su\u1ed1t tr\u1eadn \u0111\u1ea5u v\u1edbi t\u1ef7 l\u1ec7 c\u01b0\u1ee3c thay \u0111\u1ed5i theo th\u1eddi gian th\u1ef1c.<\/span><\/li>\n<li style=\"font-weight: 400;\" aria-level=\"1\"><b>Nhi\u1ec1u l\u1ef1a ch\u1ecdn c\u01b0\u1ee3c<\/b><span style=\"font-weight: 400;\">: B\u1ea1n c\u00f3 th\u1ec3 c\u01b0\u1ee3c v\u00e0o \u0111i\u1ec3m s\u1ed1, t\u1ed5ng s\u1ed1 \u0111i\u1ec3m, hay c\u00e1c c\u01b0\u1ee3c \u0111\u1eb7c bi\u1ec7t nh\u01b0 chi\u1ebfn th\u1eafng theo t\u1ef7 s\u1ed1 ch\u00eanh l\u1ec7ch.<\/span><\/li>\n<li style=\"font-weight: 400;\" aria-level=\"1\"><b>Theo d\u00f5i tr\u1ef1c tuy\u1ebfn<\/b><span style=\"font-weight: 400;\">: \u0110\u01b0\u1ee3c cung c\u1ea5p c\u00e1c th\u00f4ng tin tr\u1ef1c ti\u1ebfp v\u1ec1 tr\u1eadn \u0111\u1ea5u \u0111\u1ec3 b\u1ea1n c\u00f3 th\u1ec3 \u0111\u01b0a ra quy\u1ebft \u0111\u1ecbnh c\u01b0\u1ee3c h\u1ee3p l\u00fd.<\/span><\/li>\n<\/ul>\n<h3><span style=\"font-weight: 400;\">C\u00e1 C\u01b0\u1ee3c Tennis<\/span><\/h3>\n<p><b>Th\u1ec3 Thao Open88<\/b><span style=\"font-weight: 400;\"> c\u00f2n cung c\u1ea5p c\u00e1 c\u01b0\u1ee3c cho c\u00e1c gi\u1ea3i \u0111\u1ea5u tennis n\u1ed5i ti\u1ebfng nh\u01b0 <\/span><b>Grand Slam<\/b><span style=\"font-weight: 400;\"> (Australian Open, French Open, Wimbledon, US Open) v\u00e0 nhi\u1ec1u gi\u1ea3i ATP, WTA. Tennis l\u00e0 m\u00f4n th\u1ec3 thao c\u00f3 nh\u1ecbp \u0111\u1ed9 nhanh v\u00e0 d\u1ec5 d\u00e0ng cho ng\u01b0\u1eddi ch\u01a1i tham gia c\u00e1 c\u01b0\u1ee3c tr\u1ef1c tuy\u1ebfn.<\/span><\/p>\n<h4><span style=\"font-weight: 400;\">L\u1ee3i \u00edch c\u1ee7a c\u00e1 c\u01b0\u1ee3c tennis t\u1ea1i Open88:<\/span><\/h4>\n<ul>\n<li style=\"font-weight: 400;\" aria-level=\"1\"><b>C\u00e1 c\u01b0\u1ee3c tr\u01b0\u1edbc tr\u1eadn v\u00e0 trong tr\u1eadn<\/b><span style=\"font-weight: 400;\">: Ng\u01b0\u1eddi ch\u01a1i c\u00f3 th\u1ec3 \u0111\u1eb7t c\u01b0\u1ee3c tr\u01b0\u1edbc khi tr\u1eadn \u0111\u1ea5u b\u1eaft \u0111\u1ea7u ho\u1eb7c trong khi tr\u1eadn \u0111\u1ea5u \u0111ang di\u1ec5n ra.<\/span><\/li>\n<li style=\"font-weight: 400;\" aria-level=\"1\"><b>T\u1ef7 l\u1ec7 c\u01b0\u1ee3c c\u1ea1nh tranh<\/b><span style=\"font-weight: 400;\">: Open88 lu\u00f4n \u0111\u01b0a ra t\u1ef7 l\u1ec7 c\u01b0\u1ee3c h\u1ea5p d\u1eabn cho m\u1ecdi gi\u1ea3i \u0111\u1ea5u tennis, gi\u00fap ng\u01b0\u1eddi ch\u01a1i t\u1ed1i \u0111a h\u00f3a c\u01a1 h\u1ed9i th\u1eafng.<\/span><\/li>\n<li style=\"font-weight: 400;\" aria-level=\"1\"><b>Th\u00f4ng tin chi ti\u1ebft v\u1ec1 tr\u1eadn \u0111\u1ea5u<\/b><span style=\"font-weight: 400;\">: B\u1ea1n s\u1ebd nh\u1eadn \u0111\u01b0\u1ee3c c\u00e1c th\u00f4ng tin v\u1ec1 phong \u0111\u1ed9 c\u1ee7a c\u00e1c tay v\u1ee3t, gi\u00fap b\u1ea1n \u0111\u01b0a ra quy\u1ebft \u0111\u1ecbnh c\u01b0\u1ee3c th\u00f4ng minh.<\/span><\/li>\n<\/ul>\n<figure id=\"attachment_228\" aria-describedby=\"caption-attachment-228\" style=\"width: 800px\" class=\"wp-caption aligncenter\"><img loading=\"lazy\" decoding=\"async\" class=\"size-full wp-image-228\" src=\"https:\/\/markethive.io\/wp-content\/uploads\/2026\/01\/ca-cuoc-tennis-tai-open88.webp\" alt=\"C\u00e1 c\u01b0\u1ee3c tennis t\u1ea1i Open88 d\u00e0nh cho ng\u01b0\u1eddi ch\u01a1i\" width=\"800\" height=\"400\" srcset=\"https:\/\/markethive.io\/wp-content\/uploads\/2026\/01\/ca-cuoc-tennis-tai-open88.webp 800w, https:\/\/markethive.io\/wp-content\/uploads\/2026\/01\/ca-cuoc-tennis-tai-open88-300x150.webp 300w, https:\/\/markethive.io\/wp-content\/uploads\/2026\/01\/ca-cuoc-tennis-tai-open88-768x384.webp 768w\" sizes=\"auto, (max-width: 800px) 100vw, 800px\" \/><figcaption id=\"caption-attachment-228\" class=\"wp-caption-text\">C\u00e1 c\u01b0\u1ee3c tennis t\u1ea1i Open88 d\u00e0nh cho ng\u01b0\u1eddi ch\u01a1i<\/figcaption><\/figure>\n<h2><span style=\"font-weight: 400;\">C\u00f4ng Ngh\u1ec7 B\u1ea3o M\u1eadt T\u1ea1i Th\u1ec3 Thao Open88<\/span><\/h2>\n<p><b>Th\u1ec3 Thao Open88<\/b><span style=\"font-weight: 400;\"> s\u1eed d\u1ee5ng c\u00f4ng ngh\u1ec7 b\u1ea3o m\u1eadt ti\u00ean ti\u1ebfn, bao g\u1ed3m <\/span><b>SSL 256-bit<\/b><span style=\"font-weight: 400;\">, \u0111\u1ec3 m\u00e3 h\u00f3a th\u00f4ng tin c\u00e1 nh\u00e2n v\u00e0 t\u00e0i ch\u00ednh c\u1ee7a ng\u01b0\u1eddi ch\u01a1i. T\u1ea5t c\u1ea3 c\u00e1c giao d\u1ecbch c\u00e1 c\u01b0\u1ee3c \u0111\u1ec1u \u0111\u01b0\u1ee3c b\u1ea3o v\u1ec7 an to\u00e0n tuy\u1ec7t \u0111\u1ed1i, gi\u00fap ng\u01b0\u1eddi ch\u01a1i y\u00ean t\u00e2m khi tham gia c\u00e1 c\u01b0\u1ee3c.<\/span><\/p>\n<h3><span style=\"font-weight: 400;\">C\u00e1c bi\u1ec7n ph\u00e1p b\u1ea3o m\u1eadt t\u1ea1i Open88:<\/span><\/h3>\n<ul>\n<li style=\"font-weight: 400;\" aria-level=\"1\"><b>M\u00e3 h\u00f3a SSL 256-bit<\/b><span style=\"font-weight: 400;\">: \u0110\u1ea3m b\u1ea3o b\u1ea3o v\u1ec7 t\u1ea5t c\u1ea3 d\u1eef li\u1ec7u ng\u01b0\u1eddi ch\u01a1i khi th\u1ef1c hi\u1ec7n c\u00e1c giao d\u1ecbch.<\/span><\/li>\n<li style=\"font-weight: 400;\" aria-level=\"1\"><b>Gi\u00e1m s\u00e1t h\u1ec7 th\u1ed1ng 24\/7<\/b><span style=\"font-weight: 400;\">: Open88 lu\u00f4n duy tr\u00ec h\u1ec7 th\u1ed1ng gi\u00e1m s\u00e1t li\u00ean t\u1ee5c \u0111\u1ec3 ng\u0103n ch\u1eb7n c\u00e1c cu\u1ed9c t\u1ea5n c\u00f4ng t\u1eeb b\u00ean ngo\u00e0i.<\/span><\/li>\n<li style=\"font-weight: 400;\" aria-level=\"1\"><b>Ki\u1ec3m tra c\u00f4ng b\u1eb1ng<\/b><span style=\"font-weight: 400;\">: M\u1ecdi tr\u00f2 ch\u01a1i v\u00e0 t\u1ef7 l\u1ec7 c\u01b0\u1ee3c \u0111\u1ec1u \u0111\u01b0\u1ee3c ki\u1ec3m tra \u0111\u1ecbnh k\u1ef3 \u0111\u1ec3 \u0111\u1ea3m b\u1ea3o t\u00ednh c\u00f4ng b\u1eb1ng cho ng\u01b0\u1eddi ch\u01a1i.<\/span><\/li>\n<\/ul>\n<h2><span style=\"font-weight: 400;\">C\u00e1c Ph\u01b0\u01a1ng Th\u1ee9c Thanh To\u00e1n T\u1ea1i Th\u1ec3 Thao Open88<\/span><\/h2>\n<p><b>Th\u1ec3 Thao Open88<\/b><span style=\"font-weight: 400;\"> cung c\u1ea5p nhi\u1ec1u ph\u01b0\u01a1ng th\u1ee9c thanh to\u00e1n linh ho\u1ea1t \u0111\u1ec3 ng\u01b0\u1eddi ch\u01a1i d\u1ec5 d\u00e0ng n\u1ea1p v\u00e0 r\u00fat ti\u1ec1n. C\u00e1c ph\u01b0\u01a1ng th\u1ee9c n\u00e0y bao g\u1ed3m th\u1ebb t\u00edn d\u1ee5ng, v\u00ed \u0111i\u1ec7n t\u1eed v\u00e0 chuy\u1ec3n kho\u1ea3n ng\u00e2n h\u00e0ng, \u0111\u1ea3m b\u1ea3o m\u1ecdi giao d\u1ecbch di\u1ec5n ra nhanh ch\u00f3ng v\u00e0 an to\u00e0n.<\/span><\/p>\n<figure id=\"attachment_229\" aria-describedby=\"caption-attachment-229\" style=\"width: 800px\" class=\"wp-caption aligncenter\"><img loading=\"lazy\" decoding=\"async\" class=\"size-full wp-image-229\" src=\"https:\/\/markethive.io\/wp-content\/uploads\/2026\/01\/phuong-thuc-thanh-toan-tai-the-thao-open88.webp\" alt=\"C\u00e1c ph\u01b0\u01a1ng th\u1ee9c thanh to\u00e1n t\u1ea1i th\u1ec3 thao Open88 nhanh ch\u00f3ng\" width=\"800\" height=\"400\" srcset=\"https:\/\/markethive.io\/wp-content\/uploads\/2026\/01\/phuong-thuc-thanh-toan-tai-the-thao-open88.webp 800w, https:\/\/markethive.io\/wp-content\/uploads\/2026\/01\/phuong-thuc-thanh-toan-tai-the-thao-open88-300x150.webp 300w, https:\/\/markethive.io\/wp-content\/uploads\/2026\/01\/phuong-thuc-thanh-toan-tai-the-thao-open88-768x384.webp 768w\" sizes=\"auto, (max-width: 800px) 100vw, 800px\" \/><figcaption id=\"caption-attachment-229\" class=\"wp-caption-text\">C\u00e1c ph\u01b0\u01a1ng th\u1ee9c thanh to\u00e1n t\u1ea1i th\u1ec3 thao Open88 nhanh ch\u00f3ng<\/figcaption><\/figure>\n<h3><span style=\"font-weight: 400;\">L\u1ee3i \u00edch c\u1ee7a c\u00e1c ph\u01b0\u01a1ng th\u1ee9c thanh to\u00e1n t\u1ea1i Open88:<\/span><\/h3>\n<ul>\n<li style=\"font-weight: 400;\" aria-level=\"1\"><b>N\u1ea1p v\u00e0 r\u00fat ti\u1ec1n nhanh ch\u00f3ng<\/b><span style=\"font-weight: 400;\">: C\u00e1c giao d\u1ecbch \u0111\u01b0\u1ee3c x\u1eed l\u00fd ngay l\u1eadp t\u1ee9c gi\u00fap ng\u01b0\u1eddi ch\u01a1i kh\u00f4ng ph\u1ea3i ch\u1edd \u0111\u1ee3i l\u00e2u.<\/span><\/li>\n<li style=\"font-weight: 400;\" aria-level=\"1\"><b>\u0110\u1ea3m b\u1ea3o t\u00ednh b\u1ea3o m\u1eadt<\/b><span style=\"font-weight: 400;\">: M\u1ecdi giao d\u1ecbch \u0111\u1ec1u \u0111\u01b0\u1ee3c b\u1ea3o m\u1eadt v\u00e0 m\u00e3 h\u00f3a, b\u1ea3o v\u1ec7 th\u00f4ng tin t\u00e0i ch\u00ednh c\u1ee7a ng\u01b0\u1eddi ch\u01a1i.<\/span><\/li>\n<li style=\"font-weight: 400;\" aria-level=\"1\"><b>\u0110a d\u1ea1ng ph\u01b0\u01a1ng th\u1ee9c<\/b><span style=\"font-weight: 400;\">: B\u1ea1n c\u00f3 th\u1ec3 l\u1ef1a ch\u1ecdn ph\u01b0\u01a1ng th\u1ee9c thanh to\u00e1n ph\u00f9 h\u1ee3p v\u1edbi nhu c\u1ea7u c\u1ee7a m\u00ecnh.<\/span><\/li>\n<\/ul>\n<p><strong>&gt;&gt;<a href=\"https:\/\/markethive.io\/xo-so-open88\/\">X\u1ed5 S\u1ed1 Open88<\/a> \u2013 Tr\u1ea3i Nghi\u1ec7m X\u1ed5 S\u1ed1 Tr\u1ef1c Tuy\u1ebfn \u0110\u1ea7y H\u1ea5p D\u1eabn<\/strong><\/p>\n<h2><span style=\"font-weight: 400;\">FAQ \u2013 C\u00e1c C\u00e2u H\u1ecfi Th\u01b0\u1eddng G\u1eb7p Khi C\u00e1 C\u01b0\u1ee3c Th\u1ec3 Thao<\/span><\/h2>\n<h3><span style=\"font-weight: 400;\">C\u00e2u H\u1ecfi 1: L\u00e0m th\u1ebf n\u00e0o \u0111\u1ec3 b\u1eaft \u0111\u1ea7u c\u00e1 c\u01b0\u1ee3c t\u1ea1i Th\u1ec3 Thao Open88?<\/span><\/h3>\n<p><span style=\"font-weight: 400;\">\u0110\u1ec3 b\u1eaft \u0111\u1ea7u c\u00e1 c\u01b0\u1ee3c <\/span><b>Th\u1ec3 Thao Open88<\/b><span style=\"font-weight: 400;\">, b\u1ea1n ch\u1ec9 c\u1ea7n \u0111\u0103ng k\u00fd t\u00e0i kho\u1ea3n, n\u1ea1p ti\u1ec1n v\u00e0o t\u00e0i kho\u1ea3n v\u00e0 ch\u1ecdn m\u00f4n th\u1ec3 thao y\u00eau th\u00edch \u0111\u1ec3 tham gia c\u00e1 c\u01b0\u1ee3c.<\/span><\/p>\n<h3><span style=\"font-weight: 400;\">C\u00e2u H\u1ecfi 2: T\u00f4i c\u00f3 th\u1ec3 c\u00e1 c\u01b0\u1ee3c tr\u1ef1c ti\u1ebfp trong khi tr\u1eadn \u0111\u1ea5u \u0111ang di\u1ec5n ra kh\u00f4ng?<\/span><\/h3>\n<p><span style=\"font-weight: 400;\">C\u00f3, Open88 cung c\u1ea5p c\u00e1 c\u01b0\u1ee3c tr\u1ef1c ti\u1ebfp trong su\u1ed1t qu\u00e1 tr\u00ecnh tr\u1eadn \u0111\u1ea5u, cho ph\u00e9p b\u1ea1n c\u01b0\u1ee3c v\u00e0o c\u00e1c s\u1ef1 ki\u1ec7n trong tr\u1eadn v\u00e0 theo d\u00f5i t\u1ef7 l\u1ec7 c\u01b0\u1ee3c thay \u0111\u1ed5i.<\/span><\/p>\n<h3><span style=\"font-weight: 400;\">C\u00e2u H\u1ecfi 3: Th\u1ec3 Thao Open88 c\u00f3 b\u1ea3o m\u1eadt v\u00e0 uy t\u00edn kh\u00f4ng?<\/span><\/h3>\n<p><span style=\"font-weight: 400;\">C\u00f3, Open88 s\u1eed d\u1ee5ng m\u00e3 h\u00f3a SSL 256-bit \u0111\u1ec3 b\u1ea3o v\u1ec7 t\u1ea5t c\u1ea3 d\u1eef li\u1ec7u c\u00e1 nh\u00e2n v\u00e0 t\u00e0i ch\u00ednh c\u1ee7a ng\u01b0\u1eddi ch\u01a1i. M\u1ecdi giao d\u1ecbch \u0111\u1ec1u \u0111\u01b0\u1ee3c b\u1ea3o m\u1eadt tuy\u1ec7t \u0111\u1ed1i.<\/span><\/p>\n<h2><span style=\"font-weight: 400;\">K\u1ebft Lu\u1eadn<\/span><\/h2>\n<p><a href=\"https:\/\/markethive.io\/the-thao-open88\/\"><b>Th\u1ec3 Thao Open88<\/b><\/a><span style=\"font-weight: 400;\"> mang \u0111\u1ebfn m\u1ed9t n\u1ec1n t\u1ea3ng c\u00e1 c\u01b0\u1ee3c th\u1ec3 thao tr\u1ef1c tuy\u1ebfn an to\u00e0n, c\u00f4ng b\u1eb1ng v\u00e0 h\u1ea5p d\u1eabn. V\u1edbi c\u00e1c m\u00f4n th\u1ec3 thao \u0111a d\u1ea1ng, t\u1ef7 l\u1ec7 c\u01b0\u1ee3c c\u1ea1nh tranh, c\u00f9ng c\u00e1c bi\u1ec7n ph\u00e1p b\u1ea3o m\u1eadt tuy\u1ec7t v\u1eddi, Open88 l\u00e0 s\u1ef1 l\u1ef1a ch\u1ecdn l\u00fd t\u01b0\u1edfng cho nh\u1eefng ai y\u00eau th\u00edch c\u00e1 c\u01b0\u1ee3c th\u1ec3 thao. H\u00e3y tham gia v\u00e0 tr\u1ea3i nghi\u1ec7m ngay h\u00f4m nay!<\/span><\/p>\n","protected":false},"excerpt":{"rendered":"<p>Th\u1ec3 Thao Open88 \u2013 C\u00e1 C\u01b0\u1ee3c Th\u1ec3 Thao H\u1ea5p D\u1eabn v\u00e0 C\u00f4ng B\u1eb1ng Th\u1ec3 Thao Open88 l\u00e0 m\u1ed9t trong nh\u1eefng d\u1ecbch v\u1ee5 c\u00e1 c\u01b0\u1ee3c th\u1ec3 thao tr\u1ef1c tuy\u1ebfn uy t\u00edn v\u00e0 h\u1ea5p d\u1eabn, mang \u0111\u1ebfn cho ng\u01b0\u1eddi ch\u01a1i c\u01a1 h\u1ed9i c\u00e1 c\u01b0\u1ee3c v\u00e0o nhi\u1ec1u m\u00f4n th\u1ec3 thao ph\u1ed5 bi\u1ebfn tr\u00ean to\u00e0n c\u1ea7u. T\u1eeb c\u00e1c gi\u1ea3i [&#8230;]\n","protected":false},"author":1,"featured_media":230,"parent":0,"menu_order":0,"comment_status":"closed","ping_status":"closed","template":"","meta":{"footnotes":""},"class_list":["post-29","page","type-page","status-publish","has-post-thumbnail","hentry"],"_links":{"self":[{"href":"https:\/\/markethive.io\/vi-vn\/wp-json\/wp\/v2\/pages\/29","targetHints":{"allow":["GET"]}}],"collection":[{"href":"https:\/\/markethive.io\/vi-vn\/wp-json\/wp\/v2\/pages"}],"about":[{"href":"https:\/\/markethive.io\/vi-vn\/wp-json\/wp\/v2\/types\/page"}],"author":[{"embeddable":true,"href":"https:\/\/markethive.io\/vi-vn\/wp-json\/wp\/v2\/users\/1"}],"replies":[{"embeddable":true,"href":"https:\/\/markethive.io\/vi-vn\/wp-json\/wp\/v2\/comments?post=29"}],"version-history":[{"count":0,"href":"https:\/\/markethive.io\/vi-vn\/wp-json\/wp\/v2\/pages\/29\/revisions"}],"wp:featuredmedia":[{"embeddable":true,"href":"https:\/\/markethive.io\/vi-vn\/wp-json\/wp\/v2\/media\/230"}],"wp:attachment":[{"href":"https:\/\/markethive.io\/vi-vn\/wp-json\/wp\/v2\/media?parent=29"}],"curies":[{"name":"wp","href":"https:\/\/api.w.org\/{rel}","templated":true}]}}