{"id":31,"date":"2026-01-19T16:07:23","date_gmt":"2026-01-19T09:07:23","guid":{"rendered":"https:\/\/markethive.io\/?page_id=31"},"modified":"2026-01-22T14:47:11","modified_gmt":"2026-01-22T07:47:11","slug":"xo-so-open88","status":"publish","type":"page","link":"https:\/\/markethive.io\/vi-vn\/xo-so-open88\/","title":{"rendered":"X\u1ed5 s\u1ed1 Open88"},"content":{"rendered":"<h1 style=\"text-align: center;\"><span style=\"font-weight: 400;\">X\u1ed5 S\u1ed1 Open88 \u2013 Tr\u1ea3i Nghi\u1ec7m X\u1ed5 S\u1ed1 Tr\u1ef1c Tuy\u1ebfn \u0110\u1ea7y H\u1ea5p D\u1eabn<\/span><\/h1>\n<p><b>X\u1ed5 S\u1ed1 <a href=\"https:\/\/markethive.io\/\">Open88<\/a><\/b><span style=\"font-weight: 400;\"> mang \u0111\u1ebfn cho ng\u01b0\u1eddi ch\u01a1i m\u1ed9t tr\u1ea3i nghi\u1ec7m x\u1ed5 s\u1ed1 tr\u1ef1c tuy\u1ebfn th\u00fa v\u1ecb v\u00e0 \u0111\u1ea7y h\u1ea5p d\u1eabn. T\u1ea1i \u0111\u00e2y, ng\u01b0\u1eddi ch\u01a1i c\u00f3 th\u1ec3 tham gia v\u00e0o c\u00e1c tr\u00f2 ch\u01a1i x\u1ed5 s\u1ed1 t\u1eeb nhi\u1ec1u qu\u1ed1c gia v\u00e0 khu v\u1ef1c kh\u00e1c nhau, v\u1edbi t\u1ef7 l\u1ec7 th\u01b0\u1edfng c\u1ef1c k\u1ef3 h\u1ea5p d\u1eabn v\u00e0 c\u00f4ng b\u1eb1ng. V\u1edbi h\u1ec7 th\u1ed1ng b\u1ea3o m\u1eadt ti\u00ean ti\u1ebfn v\u00e0 giao di\u1ec7n d\u1ec5 s\u1eed d\u1ee5ng, <\/span><b>Open88<\/b><span style=\"font-weight: 400;\"> tr\u1edf th\u00e0nh l\u1ef1a ch\u1ecdn tuy\u1ec7t v\u1eddi cho nh\u1eefng ai y\u00eau th\u00edch s\u1ef1 h\u1ed3i h\u1ed9p v\u00e0 c\u01a1 h\u1ed9i th\u1eafng l\u1edbn t\u1eeb c\u00e1c gi\u1ea3i th\u01b0\u1edfng x\u1ed5 s\u1ed1.<\/span><\/p>\n<h2><span style=\"font-weight: 400;\">C\u00e1c Tr\u00f2 Ch\u01a1i X\u1ed5 S\u1ed1 T\u1ea1i Open88<\/span><\/h2>\n<p><b>X\u1ed5 S\u1ed1 Open88<\/b><span style=\"font-weight: 400;\"> kh\u00f4ng ch\u1ec9 cung c\u1ea5p c\u00e1c tr\u00f2 ch\u01a1i x\u1ed5 s\u1ed1 truy\u1ec1n th\u1ed1ng m\u00e0 c\u00f2n mang \u0111\u1ebfn nh\u1eefng tr\u1ea3i nghi\u1ec7m m\u1edbi m\u1ebb v\u1edbi c\u00e1c gi\u1ea3i th\u01b0\u1edfng \u0111\u1eb7c bi\u1ec7t. D\u01b0\u1edbi \u0111\u00e2y l\u00e0 m\u1ed9t s\u1ed1 tr\u00f2 ch\u01a1i x\u1ed5 s\u1ed1 n\u1ed5i b\u1eadt m\u00e0 b\u1ea1n c\u00f3 th\u1ec3 tham gia t\u1ea1i Open88:<\/span><\/p>\n<figure id=\"attachment_236\" aria-describedby=\"caption-attachment-236\" style=\"width: 800px\" class=\"wp-caption aligncenter\"><img loading=\"lazy\" decoding=\"async\" class=\"size-full wp-image-236\" src=\"https:\/\/markethive.io\/wp-content\/uploads\/2026\/01\/cac-tro-choi-xo-so-tai-open88.webp\" alt=\"C\u00e1c tr\u00f2 ch\u01a1i x\u1ed5 s\u1ed1 t\u1ea1i Open88 phong ph\u00fa\" width=\"800\" height=\"400\" srcset=\"https:\/\/markethive.io\/wp-content\/uploads\/2026\/01\/cac-tro-choi-xo-so-tai-open88.webp 800w, https:\/\/markethive.io\/wp-content\/uploads\/2026\/01\/cac-tro-choi-xo-so-tai-open88-300x150.webp 300w, https:\/\/markethive.io\/wp-content\/uploads\/2026\/01\/cac-tro-choi-xo-so-tai-open88-768x384.webp 768w\" sizes=\"auto, (max-width: 800px) 100vw, 800px\" \/><figcaption id=\"caption-attachment-236\" class=\"wp-caption-text\">C\u00e1c tr\u00f2 ch\u01a1i x\u1ed5 s\u1ed1 t\u1ea1i Open88 phong ph\u00fa<\/figcaption><\/figure>\n<h3><span style=\"font-weight: 400;\">X\u1ed5 S\u1ed1 Ki\u1ebfn Thi\u1ebft<\/span><\/h3>\n<p><b>X\u1ed5 S\u1ed1 Ki\u1ebfn Thi\u1ebft<\/b><span style=\"font-weight: 400;\"> l\u00e0 lo\u1ea1i x\u1ed5 s\u1ed1 ph\u1ed5 bi\u1ebfn t\u1ea1i <\/span><b>X\u1ed5 S\u1ed1 Open88<\/b><span style=\"font-weight: 400;\">. Tr\u00f2 ch\u01a1i n\u00e0y cho ph\u00e9p ng\u01b0\u1eddi ch\u01a1i tham gia v\u00e0o c\u00e1c k\u1ef3 quay s\u1ed1 v\u1edbi c\u00e1c gi\u1ea3i th\u01b0\u1edfng h\u1ea5p d\u1eabn. C\u00e1c k\u1ef3 quay s\u1ed1 c\u1ee7a x\u1ed5 s\u1ed1 ki\u1ebfn thi\u1ebft th\u01b0\u1eddng xuy\u00ean di\u1ec5n ra v\u00e0 c\u00f3 nhi\u1ec1u lo\u1ea1i gi\u1ea3i th\u01b0\u1edfng t\u1eeb gi\u1ea3i \u0111\u1eb7c bi\u1ec7t \u0111\u1ebfn c\u00e1c gi\u1ea3i ph\u1ee5.<\/span><\/p>\n<h4><span style=\"font-weight: 400;\">L\u1ee3i \u00edch khi ch\u01a1i X\u1ed5 S\u1ed1 Ki\u1ebfn Thi\u1ebft t\u1ea1i Open88:<\/span><\/h4>\n<ul>\n<li style=\"font-weight: 400;\" aria-level=\"1\"><b>T\u1ef7 l\u1ec7 th\u01b0\u1edfng cao<\/b><span style=\"font-weight: 400;\">: Gi\u1ea3i th\u01b0\u1edfng t\u1ea1i X\u1ed5 S\u1ed1 Ki\u1ebfn Thi\u1ebft c\u00f3 th\u1ec3 l\u00ean t\u1edbi h\u00e0ng t\u1ef7 \u0111\u1ed3ng cho ng\u01b0\u1eddi ch\u01a1i may m\u1eafn.<\/span><\/li>\n<li style=\"font-weight: 400;\" aria-level=\"1\"><b>Tham gia \u0111\u01a1n gi\u1ea3n<\/b><span style=\"font-weight: 400;\">: Ng\u01b0\u1eddi ch\u01a1i ch\u1ec9 c\u1ea7n ch\u1ecdn c\u00e1c con s\u1ed1 m\u00ecnh y\u00eau th\u00edch v\u00e0 \u0111\u1ee3i k\u1ebft qu\u1ea3 quay s\u1ed1.<\/span><\/li>\n<li style=\"font-weight: 400;\" aria-level=\"1\"><b>Th\u1eddi gian quay s\u1ed1 nhanh<\/b><span style=\"font-weight: 400;\">: C\u00e1c k\u1ef3 quay s\u1ed1 th\u01b0\u1eddng xuy\u00ean di\u1ec5n ra, gi\u00fap ng\u01b0\u1eddi ch\u01a1i c\u00f3 th\u1ec3 tham gia b\u1ea5t c\u1ee9 khi n\u00e0o.<\/span><\/li>\n<\/ul>\n<h3><span style=\"font-weight: 400;\">X\u1ed5 S\u1ed1 Mega Jackpot<\/span><\/h3>\n<p><span style=\"font-weight: 400;\">M\u1ed9t trong nh\u1eefng tr\u00f2 ch\u01a1i n\u1ed5i b\u1eadt t\u1ea1i <\/span><b>X\u1ed5 S\u1ed1 Open88<\/b><span style=\"font-weight: 400;\"> ch\u00ednh l\u00e0 <\/span><b>X\u1ed5 S\u1ed1 Mega Jackpot<\/b><span style=\"font-weight: 400;\">. \u0110\u00e2y l\u00e0 m\u1ed9t trong nh\u1eefng lo\u1ea1i x\u1ed5 s\u1ed1 c\u00f3 gi\u1ea3i th\u01b0\u1edfng l\u1edbn nh\u1ea5t, v\u1edbi c\u00e1c gi\u1ea3i th\u01b0\u1edfng l\u00ean \u0111\u1ebfn h\u00e0ng tri\u1ec7u \u0111\u00f4 la, gi\u00fap ng\u01b0\u1eddi ch\u01a1i c\u00f3 c\u01a1 h\u1ed9i thay \u0111\u1ed5i cu\u1ed9c \u0111\u1eddi ch\u1ec9 v\u1edbi m\u1ed9t v\u00e9 x\u1ed5 s\u1ed1.<\/span><\/p>\n<h4><span style=\"font-weight: 400;\">L\u1ee3i \u00edch khi ch\u01a1i X\u1ed5 S\u1ed1 Mega Jackpot t\u1ea1i Open88:<\/span><\/h4>\n<ul>\n<li style=\"font-weight: 400;\" aria-level=\"1\"><b>Gi\u1ea3i th\u01b0\u1edfng c\u1ef1c k\u1ef3 h\u1ea5p d\u1eabn<\/b><span style=\"font-weight: 400;\">: B\u1ea1n c\u00f3 th\u1ec3 tr\u1edf th\u00e0nh tri\u1ec7u ph\u00fa v\u1edbi m\u1ed9t v\u00e9 x\u1ed5 s\u1ed1 \u0111\u01a1n gi\u1ea3n.<\/span><\/li>\n<li style=\"font-weight: 400;\" aria-level=\"1\"><b>C\u01a1 h\u1ed9i thay \u0111\u1ed5i cu\u1ed9c \u0111\u1eddi<\/b><span style=\"font-weight: 400;\">: V\u1edbi gi\u1ea3i th\u01b0\u1edfng kh\u1ed5ng l\u1ed3, c\u01a1 h\u1ed9i tr\u1edf th\u00e0nh ng\u01b0\u1eddi chi\u1ebfn th\u1eafng l\u00e0 \u0111i\u1ec1u m\u00e0 m\u1ecdi ng\u01b0\u1eddi ch\u01a1i \u0111\u1ec1u mong mu\u1ed1n.<\/span><\/li>\n<li style=\"font-weight: 400;\" aria-level=\"1\"><b>C\u1eadp nh\u1eadt k\u1ebft qu\u1ea3 nhanh ch\u00f3ng<\/b><span style=\"font-weight: 400;\">: B\u1ea1n s\u1ebd lu\u00f4n \u0111\u01b0\u1ee3c th\u00f4ng b\u00e1o k\u1ebft qu\u1ea3 ngay sau khi quay s\u1ed1, gi\u00fap theo d\u00f5i d\u1ec5 d\u00e0ng.<\/span><\/li>\n<\/ul>\n<h3><span style=\"font-weight: 400;\">X\u1ed5 S\u1ed1 Online Qu\u1ed1c T\u1ebf<\/span><\/h3>\n<p><span style=\"font-weight: 400;\">Ngo\u00e0i c\u00e1c tr\u00f2 ch\u01a1i x\u1ed5 s\u1ed1 trong n\u01b0\u1edbc, <\/span><b>X\u1ed5 S\u1ed1 Open88<\/b><span style=\"font-weight: 400;\"> c\u00f2n cung c\u1ea5p c\u00e1c tr\u00f2 ch\u01a1i x\u1ed5 s\u1ed1 qu\u1ed1c t\u1ebf, v\u1edbi c\u00e1c gi\u1ea3i th\u01b0\u1edfng kh\u1ed5ng l\u1ed3 \u0111\u1ebfn t\u1eeb c\u00e1c qu\u1ed1c gia nh\u01b0 M\u1ef9, Nh\u1eadt B\u1ea3n, v\u00e0 c\u00e1c khu v\u1ef1c kh\u00e1c. Nh\u1eefng tr\u00f2 ch\u01a1i n\u00e0y mang \u0111\u1ebfn c\u01a1 h\u1ed9i cho ng\u01b0\u1eddi ch\u01a1i tham gia v\u00e0o c\u00e1c k\u1ef3 quay s\u1ed1 l\u1edbn, v\u1edbi t\u1ef7 l\u1ec7 th\u01b0\u1edfng c\u1ef1c k\u1ef3 h\u1ea5p d\u1eabn.<\/span><\/p>\n<h4><span style=\"font-weight: 400;\">L\u1ee3i \u00edch c\u1ee7a X\u1ed5 S\u1ed1 Qu\u1ed1c T\u1ebf t\u1ea1i Open88:<\/span><\/h4>\n<ul>\n<li style=\"font-weight: 400;\" aria-level=\"1\"><b>C\u01a1 h\u1ed9i th\u1eafng l\u1edbn t\u1eeb c\u00e1c gi\u1ea3i qu\u1ed1c t\u1ebf<\/b><span style=\"font-weight: 400;\">: B\u1ea1n c\u00f3 th\u1ec3 tham gia c\u00e1c gi\u1ea3i x\u1ed5 s\u1ed1 l\u1edbn tr\u00ean th\u1ebf gi\u1edbi, mang l\u1ea1i c\u01a1 h\u1ed9i th\u1eafng gi\u1ea3i th\u01b0\u1edfng c\u1ef1c k\u1ef3 l\u1edbn.<\/span><\/li>\n<li style=\"font-weight: 400;\" aria-level=\"1\"><b>Nhi\u1ec1u lo\u1ea1i x\u1ed5 s\u1ed1 kh\u00e1c nhau<\/b><span style=\"font-weight: 400;\">: Ng\u01b0\u1eddi ch\u01a1i c\u00f3 th\u1ec3 ch\u1ecdn l\u1ef1a t\u1eeb c\u00e1c gi\u1ea3i x\u1ed5 s\u1ed1 n\u1ed5i ti\u1ebfng v\u1edbi c\u00e1c m\u1ee9c th\u01b0\u1edfng kh\u00e1c nhau.<\/span><\/li>\n<li style=\"font-weight: 400;\" aria-level=\"1\"><b>H\u1ea5p d\u1eabn v\u00e0 d\u1ec5 tham gia<\/b><span style=\"font-weight: 400;\">: C\u00e1ch ch\u01a1i \u0111\u01a1n gi\u1ea3n v\u00e0 b\u1ea1n c\u00f3 th\u1ec3 tham gia ngay t\u1eeb vi\u1ec7c ch\u1ecdn s\u1ed1.<\/span><\/li>\n<\/ul>\n<h2><span style=\"font-weight: 400;\">B\u1ea3o M\u1eadt T\u1ea1i X\u1ed5 S\u1ed1 Open88<\/span><\/h2>\n<p><span style=\"font-weight: 400;\">\u0110\u1ea3m b\u1ea3o s\u1ef1 b\u1ea3o m\u1eadt cho ng\u01b0\u1eddi ch\u01a1i l\u00e0 y\u1ebfu t\u1ed1 quan tr\u1ecdng t\u1ea1i <\/span><b>X\u1ed5 S\u1ed1 Open88<\/b><span style=\"font-weight: 400;\">. Nh\u00e0 c\u00e1i s\u1eed d\u1ee5ng c\u00e1c c\u00f4ng ngh\u1ec7 b\u1ea3o m\u1eadt ti\u00ean ti\u1ebfn nh\u01b0 <\/span><b>SSL 256-bit<\/b><span style=\"font-weight: 400;\"> \u0111\u1ec3 b\u1ea3o v\u1ec7 t\u1ea5t c\u1ea3 c\u00e1c giao d\u1ecbch v\u00e0 th\u00f4ng tin c\u00e1 nh\u00e2n c\u1ee7a ng\u01b0\u1eddi ch\u01a1i.<\/span><\/p>\n<figure id=\"attachment_235\" aria-describedby=\"caption-attachment-235\" style=\"width: 800px\" class=\"wp-caption aligncenter\"><img loading=\"lazy\" decoding=\"async\" class=\"size-full wp-image-235\" src=\"https:\/\/markethive.io\/wp-content\/uploads\/2026\/01\/bao-mat-he-thong-xo-so-tai-open88.webp\" alt=\"B\u1ea3o m\u1eadt h\u1ec7 th\u1ed1ng x\u1ed5 s\u1ed1 Open88 \u0111\u01b0\u1ee3c \u0111\u1ea3m b\u1ea3o\" width=\"800\" height=\"400\" srcset=\"https:\/\/markethive.io\/wp-content\/uploads\/2026\/01\/bao-mat-he-thong-xo-so-tai-open88.webp 800w, https:\/\/markethive.io\/wp-content\/uploads\/2026\/01\/bao-mat-he-thong-xo-so-tai-open88-300x150.webp 300w, https:\/\/markethive.io\/wp-content\/uploads\/2026\/01\/bao-mat-he-thong-xo-so-tai-open88-768x384.webp 768w\" sizes=\"auto, (max-width: 800px) 100vw, 800px\" \/><figcaption id=\"caption-attachment-235\" class=\"wp-caption-text\">B\u1ea3o m\u1eadt h\u1ec7 th\u1ed1ng x\u1ed5 s\u1ed1 Open88 \u0111\u01b0\u1ee3c \u0111\u1ea3m b\u1ea3o<\/figcaption><\/figure>\n<h3><span style=\"font-weight: 400;\">C\u00e1c bi\u1ec7n ph\u00e1p b\u1ea3o m\u1eadt t\u1ea1i X\u1ed5 S\u1ed1 Open88:<\/span><\/h3>\n<ul>\n<li style=\"font-weight: 400;\" aria-level=\"1\"><b>M\u00e3 h\u00f3a SSL 256-bit<\/b><span style=\"font-weight: 400;\">: T\u1ea5t c\u1ea3 d\u1eef li\u1ec7u v\u00e0 giao d\u1ecbch c\u1ee7a ng\u01b0\u1eddi ch\u01a1i \u0111\u1ec1u \u0111\u01b0\u1ee3c m\u00e3 h\u00f3a, gi\u00fap b\u1ea3o v\u1ec7 th\u00f4ng tin t\u00e0i ch\u00ednh v\u00e0 c\u00e1 nh\u00e2n.<\/span><\/li>\n<li style=\"font-weight: 400;\" aria-level=\"1\"><b>Gi\u00e1m s\u00e1t h\u1ec7 th\u1ed1ng 24\/7<\/b><span style=\"font-weight: 400;\">: Open88 lu\u00f4n duy tr\u00ec h\u1ec7 th\u1ed1ng gi\u00e1m s\u00e1t \u0111\u1ec3 ng\u0103n ch\u1eb7n m\u1ecdi m\u1ed1i \u0111e d\u1ecda t\u1eeb b\u00ean ngo\u00e0i.<\/span><\/li>\n<li style=\"font-weight: 400;\" aria-level=\"1\"><b>T\u00ednh c\u00f4ng b\u1eb1ng v\u00e0 minh b\u1ea1ch<\/b><span style=\"font-weight: 400;\">: M\u1ecdi k\u1ebft qu\u1ea3 quay s\u1ed1 \u0111\u1ec1u \u0111\u01b0\u1ee3c ki\u1ec3m tra v\u00e0 c\u00f4ng nh\u1eadn b\u1edfi c\u00e1c t\u1ed5 ch\u1ee9c uy t\u00edn, \u0111\u1ea3m b\u1ea3o t\u00ednh c\u00f4ng b\u1eb1ng.<\/span><\/li>\n<\/ul>\n<h2><span style=\"font-weight: 400;\">C\u00e1c Ph\u01b0\u01a1ng Th\u1ee9c Thanh To\u00e1n T\u1ea1i X\u1ed5 S\u1ed1 Open88<\/span><\/h2>\n<p><span style=\"font-weight: 400;\">Open88 cung c\u1ea5p nhi\u1ec1u ph\u01b0\u01a1ng th\u1ee9c thanh to\u00e1n linh ho\u1ea1t \u0111\u1ec3 ng\u01b0\u1eddi ch\u01a1i d\u1ec5 d\u00e0ng n\u1ea1p v\u00e0 r\u00fat ti\u1ec1n t\u1eeb t\u00e0i kho\u1ea3n. C\u00e1c ph\u01b0\u01a1ng th\u1ee9c n\u00e0y bao g\u1ed3m th\u1ebb t\u00edn d\u1ee5ng, v\u00ed \u0111i\u1ec7n t\u1eed v\u00e0 chuy\u1ec3n kho\u1ea3n ng\u00e2n h\u00e0ng, gi\u00fap ng\u01b0\u1eddi ch\u01a1i th\u1ef1c hi\u1ec7n c\u00e1c giao d\u1ecbch nhanh ch\u00f3ng v\u00e0 an to\u00e0n.<\/span><\/p>\n<h3><span style=\"font-weight: 400;\">L\u1ee3i \u00edch c\u1ee7a c\u00e1c ph\u01b0\u01a1ng th\u1ee9c thanh to\u00e1n t\u1ea1i Open88:<\/span><\/h3>\n<ul>\n<li style=\"font-weight: 400;\" aria-level=\"1\"><b>Thanh to\u00e1n nhanh ch\u00f3ng<\/b><span style=\"font-weight: 400;\">: C\u00e1c giao d\u1ecbch n\u1ea1p v\u00e0 r\u00fat ti\u1ec1n \u0111\u1ec1u \u0111\u01b0\u1ee3c x\u1eed l\u00fd ngay l\u1eadp t\u1ee9c, gi\u00fap ng\u01b0\u1eddi ch\u01a1i kh\u00f4ng ph\u1ea3i ch\u1edd \u0111\u1ee3i l\u00e2u.<\/span><\/li>\n<li style=\"font-weight: 400;\" aria-level=\"1\"><b>\u0110\u1ea3m b\u1ea3o b\u1ea3o m\u1eadt<\/b><span style=\"font-weight: 400;\">: M\u1ecdi giao d\u1ecbch \u0111\u1ec1u \u0111\u01b0\u1ee3c b\u1ea3o m\u1eadt v\u00e0 m\u00e3 h\u00f3a, b\u1ea3o v\u1ec7 th\u00f4ng tin t\u00e0i ch\u00ednh c\u1ee7a ng\u01b0\u1eddi ch\u01a1i.<\/span><\/li>\n<li style=\"font-weight: 400;\" aria-level=\"1\"><b>\u0110a d\u1ea1ng ph\u01b0\u01a1ng th\u1ee9c<\/b><span style=\"font-weight: 400;\">: Ng\u01b0\u1eddi ch\u01a1i c\u00f3 th\u1ec3 l\u1ef1a ch\u1ecdn ph\u01b0\u01a1ng th\u1ee9c thanh to\u00e1n ph\u00f9 h\u1ee3p v\u1edbi nhu c\u1ea7u c\u1ee7a m\u00ecnh.<\/span><\/li>\n<\/ul>\n<h2><span style=\"font-weight: 400;\">FAQ \u2013 C\u00e2u H\u1ecfi Th\u01b0\u1eddng G\u1eb7p V\u1ec1 X\u1ed5 S\u1ed1 Open88<\/span><\/h2>\n<figure id=\"attachment_233\" aria-describedby=\"caption-attachment-233\" style=\"width: 800px\" class=\"wp-caption aligncenter\"><img loading=\"lazy\" decoding=\"async\" class=\"size-full wp-image-233\" src=\"https:\/\/markethive.io\/wp-content\/uploads\/2026\/01\/cau-hoi-thuong-gap-ve-xo-so-open88.webp\" alt=\"FAQ v\u1ec1 x\u1ed5 s\u1ed1 Open88 gi\u1ea3i \u0111\u00e1p th\u1eafc m\u1eafc\" width=\"800\" height=\"400\" srcset=\"https:\/\/markethive.io\/wp-content\/uploads\/2026\/01\/cau-hoi-thuong-gap-ve-xo-so-open88.webp 800w, https:\/\/markethive.io\/wp-content\/uploads\/2026\/01\/cau-hoi-thuong-gap-ve-xo-so-open88-300x150.webp 300w, https:\/\/markethive.io\/wp-content\/uploads\/2026\/01\/cau-hoi-thuong-gap-ve-xo-so-open88-768x384.webp 768w\" sizes=\"auto, (max-width: 800px) 100vw, 800px\" \/><figcaption id=\"caption-attachment-233\" class=\"wp-caption-text\">FAQ v\u1ec1 x\u1ed5 s\u1ed1 Open88 gi\u1ea3i \u0111\u00e1p th\u1eafc m\u1eafc<\/figcaption><\/figure>\n<h3><span style=\"font-weight: 400;\">C\u00e2u H\u1ecfi 1: L\u00e0m th\u1ebf n\u00e0o \u0111\u1ec3 tham gia X\u1ed5 S\u1ed1 Open88?<\/span><\/h3>\n<p><span style=\"font-weight: 400;\">\u0110\u1ec3 tham gia <\/span><b>X\u1ed5 S\u1ed1 Open88<\/b><span style=\"font-weight: 400;\">, b\u1ea1n ch\u1ec9 c\u1ea7n \u0111\u0103ng k\u00fd t\u00e0i kho\u1ea3n, n\u1ea1p ti\u1ec1n v\u00e0o t\u00e0i kho\u1ea3n v\u00e0 ch\u1ecdn c\u00e1c k\u1ef3 quay s\u1ed1 m\u00e0 m\u00ecnh mu\u1ed1n tham gia.<\/span><\/p>\n<h3><span style=\"font-weight: 400;\">C\u00e2u H\u1ecfi 2: T\u00f4i c\u00f3 th\u1ec3 ch\u01a1i X\u1ed5 S\u1ed1 Open88 tr\u1ef1c tuy\u1ebfn kh\u00f4ng?<\/span><\/h3>\n<p><span style=\"font-weight: 400;\">C\u00f3, b\u1ea1n c\u00f3 th\u1ec3 ch\u01a1i <\/span><b>X\u1ed5 S\u1ed1 Open88<\/b><span style=\"font-weight: 400;\"> tr\u1ef1c tuy\u1ebfn t\u1eeb m\u1ecdi thi\u1ebft b\u1ecb c\u00f3 k\u1ebft n\u1ed1i internet, bao g\u1ed3m m\u00e1y t\u00ednh v\u00e0 \u0111i\u1ec7n tho\u1ea1i di \u0111\u1ed9ng.<\/span><\/p>\n<p><strong>&gt;&gt;<a href=\"https:\/\/markethive.io\/ban-ca-open88\/\">B\u1eafn C\u00e1 Open88<\/a> \u2013 Tr\u1ea3i Nghi\u1ec7m Tr\u00f2 Ch\u01a1i B\u1eafn C\u00e1 \u0110\u1ea7y H\u1ea5p D\u1eabn<\/strong><\/p>\n<h3><span style=\"font-weight: 400;\">C\u00e2u H\u1ecfi 3: K\u1ebft qu\u1ea3 x\u1ed5 s\u1ed1 c\u00f3 ch\u00ednh x\u00e1c kh\u00f4ng?<\/span><\/h3>\n<p><span style=\"font-weight: 400;\">K\u1ebft qu\u1ea3 x\u1ed5 s\u1ed1 t\u1ea1i Open88 ho\u00e0n to\u00e0n ch\u00ednh x\u00e1c v\u00e0 minh b\u1ea1ch. M\u1ecdi k\u1ef3 quay s\u1ed1 \u0111\u1ec1u \u0111\u01b0\u1ee3c ki\u1ec3m tra v\u00e0 ch\u1ee9ng nh\u1eadn b\u1edfi c\u00e1c c\u01a1 quan uy t\u00edn.<\/span><\/p>\n<h2><span style=\"font-weight: 400;\">K\u1ebft Lu\u1eadn<\/span><\/h2>\n<p><a href=\"https:\/\/markethive.io\/xo-so-open88\/\"><b>X\u1ed5 S\u1ed1 Open88<\/b><\/a><span style=\"font-weight: 400;\"> mang \u0111\u1ebfn cho ng\u01b0\u1eddi ch\u01a1i m\u1ed9t m\u00f4i tr\u01b0\u1eddng c\u00e1 c\u01b0\u1ee3c x\u1ed5 s\u1ed1 an to\u00e0n, c\u00f4ng b\u1eb1ng v\u00e0 \u0111\u1ea7y h\u1ea5p d\u1eabn. V\u1edbi c\u00e1c gi\u1ea3i th\u01b0\u1edfng l\u1edbn, t\u1ef7 l\u1ec7 c\u01b0\u1ee3c c\u1ea1nh tranh v\u00e0 h\u1ec7 th\u1ed1ng b\u1ea3o m\u1eadt m\u1ea1nh m\u1ebd, Open88 l\u00e0 s\u1ef1 l\u1ef1a ch\u1ecdn l\u00fd t\u01b0\u1edfng cho nh\u1eefng ai y\u00eau th\u00edch x\u1ed5 s\u1ed1 v\u00e0 mu\u1ed1n th\u1eed v\u1eadn may c\u1ee7a m\u00ecnh.<\/span><\/p>\n","protected":false},"excerpt":{"rendered":"<p>X\u1ed5 S\u1ed1 Open88 \u2013 Tr\u1ea3i Nghi\u1ec7m X\u1ed5 S\u1ed1 Tr\u1ef1c Tuy\u1ebfn \u0110\u1ea7y H\u1ea5p D\u1eabn X\u1ed5 S\u1ed1 Open88 mang \u0111\u1ebfn cho ng\u01b0\u1eddi ch\u01a1i m\u1ed9t tr\u1ea3i nghi\u1ec7m x\u1ed5 s\u1ed1 tr\u1ef1c tuy\u1ebfn th\u00fa v\u1ecb v\u00e0 \u0111\u1ea7y h\u1ea5p d\u1eabn. T\u1ea1i \u0111\u00e2y, ng\u01b0\u1eddi ch\u01a1i c\u00f3 th\u1ec3 tham gia v\u00e0o c\u00e1c tr\u00f2 ch\u01a1i x\u1ed5 s\u1ed1 t\u1eeb nhi\u1ec1u qu\u1ed1c gia v\u00e0 khu v\u1ef1c [&#8230;]\n","protected":false},"author":1,"featured_media":234,"parent":0,"menu_order":0,"comment_status":"closed","ping_status":"closed","template":"","meta":{"footnotes":""},"class_list":["post-31","page","type-page","status-publish","has-post-thumbnail","hentry"],"_links":{"self":[{"href":"https:\/\/markethive.io\/vi-vn\/wp-json\/wp\/v2\/pages\/31","targetHints":{"allow":["GET"]}}],"collection":[{"href":"https:\/\/markethive.io\/vi-vn\/wp-json\/wp\/v2\/pages"}],"about":[{"href":"https:\/\/markethive.io\/vi-vn\/wp-json\/wp\/v2\/types\/page"}],"author":[{"embeddable":true,"href":"https:\/\/markethive.io\/vi-vn\/wp-json\/wp\/v2\/users\/1"}],"replies":[{"embeddable":true,"href":"https:\/\/markethive.io\/vi-vn\/wp-json\/wp\/v2\/comments?post=31"}],"version-history":[{"count":0,"href":"https:\/\/markethive.io\/vi-vn\/wp-json\/wp\/v2\/pages\/31\/revisions"}],"wp:featuredmedia":[{"embeddable":true,"href":"https:\/\/markethive.io\/vi-vn\/wp-json\/wp\/v2\/media\/234"}],"wp:attachment":[{"href":"https:\/\/markethive.io\/vi-vn\/wp-json\/wp\/v2\/media?parent=31"}],"curies":[{"name":"wp","href":"https:\/\/api.w.org\/{rel}","templated":true}]}}