{"id":33,"date":"2026-01-19T16:07:35","date_gmt":"2026-01-19T09:07:35","guid":{"rendered":"https:\/\/markethive.io\/?page_id=33"},"modified":"2026-01-22T14:33:47","modified_gmt":"2026-01-22T07:33:47","slug":"ban-ca-open88","status":"publish","type":"page","link":"https:\/\/markethive.io\/vi-vn\/ban-ca-open88\/","title":{"rendered":"B\u1eafn c\u00e1 Open88"},"content":{"rendered":"<h1 style=\"text-align: center;\"><span style=\"font-weight: 400;\">B\u1eafn C\u00e1 Open88 \u2013 Tr\u1ea3i Nghi\u1ec7m Tr\u00f2 Ch\u01a1i B\u1eafn C\u00e1 \u0110\u1ea7y H\u1ea5p D\u1eabn<\/span><\/h1>\n<p><b>B\u1eafn C\u00e1 Open88<\/b><span style=\"font-weight: 400;\"> l\u00e0 m\u1ed9t trong nh\u1eefng tr\u00f2 ch\u01a1i tr\u1ef1c tuy\u1ebfn th\u00fa v\u1ecb v\u00e0 h\u1ea5p d\u1eabn m\u00e0 ng\u01b0\u1eddi ch\u01a1i kh\u00f4ng th\u1ec3 b\u1ecf qua khi tham gia t\u1ea1i nh\u00e0 c\u00e1i. V\u1edbi \u0111\u1ed3 h\u1ecda \u0111\u1eb9p m\u1eaft, l\u1ed1i ch\u01a1i \u0111\u01a1n gi\u1ea3n nh\u01b0ng \u0111\u1ea7y th\u1eed th\u00e1ch, mang \u0111\u1ebfn cho ng\u01b0\u1eddi ch\u01a1i c\u01a1 h\u1ed9i gi\u1ea3i tr\u00ed tuy\u1ec7t v\u1eddi v\u00e0 kh\u1ea3 n\u0103ng nh\u1eadn th\u01b0\u1edfng l\u1edbn. C\u00f9ng v\u1edbi h\u1ec7 th\u1ed1ng b\u1ea3o m\u1eadt m\u1ea1nh m\u1ebd v\u00e0 c\u00e1c \u01b0u \u0111\u00e3i h\u1ea5p d\u1eabn, <\/span><b><a href=\"https:\/\/markethive.io\/\">Open88<\/a> <\/b><span style=\"font-weight: 400;\">l\u00e0 s\u1ef1 l\u1ef1a ch\u1ecdn l\u00fd t\u01b0\u1edfng cho nh\u1eefng ai y\u00eau th\u00edch tr\u00f2 ch\u01a1i b\u1eafn c\u00e1.<\/span><\/p>\n<h2><span style=\"font-weight: 400;\">Ch\u01a1i B\u1eafn C\u00e1 T\u1ea1i Open88: L\u1ee3i \u00cdch \u0110\u00e1ng K\u1ec3<\/span><\/h2>\n<p><b>B\u1eafn C\u00e1 Open88<\/b><span style=\"font-weight: 400;\"> mang \u0111\u1ebfn nhi\u1ec1u l\u1ee3i \u00edch cho ng\u01b0\u1eddi ch\u01a1i, t\u1eeb tr\u1ea3i nghi\u1ec7m ch\u01a1i game th\u00fa v\u1ecb \u0111\u1ebfn c\u01a1 h\u1ed9i nh\u1eadn th\u01b0\u1edfng l\u1edbn. D\u01b0\u1edbi \u0111\u00e2y l\u00e0 m\u1ed9t s\u1ed1 l\u00fd do t\u1ea1i sao b\u1ea1n n\u00ean tham gia tr\u00f2 ch\u01a1i b\u1eafn c\u00e1 t\u1ea1i Open88.<\/span><\/p>\n<figure id=\"attachment_239\" aria-describedby=\"caption-attachment-239\" style=\"width: 800px\" class=\"wp-caption aligncenter\"><img loading=\"lazy\" decoding=\"async\" class=\"size-full wp-image-239\" src=\"https:\/\/markethive.io\/wp-content\/uploads\/2026\/01\/loi-ich-khi-choi-ban-ca-open88.webp\" alt=\"L\u1ee3i \u00edch khi ch\u01a1i b\u1eafn c\u00e1 Open88 mang l\u1ea1i\" width=\"800\" height=\"400\" srcset=\"https:\/\/markethive.io\/wp-content\/uploads\/2026\/01\/loi-ich-khi-choi-ban-ca-open88.webp 800w, https:\/\/markethive.io\/wp-content\/uploads\/2026\/01\/loi-ich-khi-choi-ban-ca-open88-300x150.webp 300w, https:\/\/markethive.io\/wp-content\/uploads\/2026\/01\/loi-ich-khi-choi-ban-ca-open88-768x384.webp 768w\" sizes=\"auto, (max-width: 800px) 100vw, 800px\" \/><figcaption id=\"caption-attachment-239\" class=\"wp-caption-text\">L\u1ee3i \u00edch khi ch\u01a1i b\u1eafn c\u00e1 Open88 mang l\u1ea1i<\/figcaption><\/figure>\n<h3><span style=\"font-weight: 400;\">\u0110\u1ed3 H\u1ecda v\u00e0 \u00c2m Thanh S\u1ed1ng \u0110\u1ed9ng<\/span><\/h3>\n<p><span style=\"font-weight: 400;\">Open88 lu\u00f4n ch\u00fa tr\u1ecdng \u0111\u1ebfn vi\u1ec7c mang \u0111\u1ebfn tr\u1ea3i nghi\u1ec7m t\u1ed1t nh\u1ea5t cho ng\u01b0\u1eddi ch\u01a1i. <\/span><b>B\u1eafn C\u00e1 Open88<\/b><span style=\"font-weight: 400;\"> c\u00f3 \u0111\u1ed3 h\u1ecda 3D s\u1eafc n\u00e9t, \u00e2m thanh s\u1ed1ng \u0111\u1ed9ng, t\u1ea1o c\u1ea3m gi\u00e1c nh\u01b0 b\u1ea1n \u0111ang tham gia v\u00e0o m\u1ed9t tr\u00f2 ch\u01a1i b\u1eafn c\u00e1 th\u1ef1c t\u1ebf t\u1ea1i c\u00e1c khu vui ch\u01a1i. M\u1ecdi chi ti\u1ebft, t\u1eeb c\u00e1c lo\u00e0i c\u00e1 cho \u0111\u1ebfn c\u00e1c hi\u1ec7u \u1ee9ng trong game, \u0111\u1ec1u \u0111\u01b0\u1ee3c thi\u1ebft k\u1ebf t\u1ec9 m\u1ec9, gi\u00fap b\u1ea1n c\u00f3 m\u1ed9t tr\u1ea3i nghi\u1ec7m th\u00fa v\u1ecb v\u00e0 sinh \u0111\u1ed9ng.<\/span><\/p>\n<h3><span style=\"font-weight: 400;\">H\u01b0\u1edbng D\u1eabn Ch\u01a1i D\u1ec5 Hi\u1ec3u v\u00e0 Ti\u1ebfp C\u1eadn Nhanh Ch\u00f3ng<\/span><\/h3>\n<p><span style=\"font-weight: 400;\">M\u1ed9t trong nh\u1eefng \u01b0u \u0111i\u1ec3m l\u1edbn c\u1ee7a <\/span><b>B\u1eafn C\u00e1 Open88<\/b><span style=\"font-weight: 400;\"> l\u00e0 l\u1ed1i ch\u01a1i \u0111\u01a1n gi\u1ea3n, d\u1ec5 hi\u1ec3u, nh\u01b0ng l\u1ea1i \u0111\u00f2i h\u1ecfi ng\u01b0\u1eddi ch\u01a1i c\u00f3 s\u1ef1 t\u00ednh to\u00e1n v\u00e0 ph\u1ea3n x\u1ea1 nhanh ch\u00f3ng. Ng\u01b0\u1eddi ch\u01a1i ch\u1ec9 c\u1ea7n s\u1eed d\u1ee5ng c\u00e1c lo\u1ea1i s\u00fang \u0111\u1ec3 b\u1eafn c\u00e1, m\u1ed7i lo\u1ea1i c\u00e1 s\u1ebd c\u00f3 gi\u00e1 tr\u1ecb \u0111i\u1ec3m s\u1ed1 v\u00e0 ph\u1ea7n th\u01b0\u1edfng kh\u00e1c nhau. \u0110i\u1ec1u n\u00e0y gi\u00fap ng\u01b0\u1eddi ch\u01a1i d\u1ec5 d\u00e0ng tham gia v\u00e0 gi\u1ea3i tr\u00ed m\u00e0 kh\u00f4ng c\u1ea3m th\u1ea5y qu\u00e1 ph\u1ee9c t\u1ea1p.<\/span><\/p>\n<h3><span style=\"font-weight: 400;\">C\u01a1 H\u1ed9i Nh\u1eadn Th\u01b0\u1edfng L\u1edbn<\/span><\/h3>\n<p><b>B\u1eafn C\u00e1 Open88<\/b><span style=\"font-weight: 400;\"> kh\u00f4ng ch\u1ec9 mang l\u1ea1i tr\u1ea3i nghi\u1ec7m ch\u01a1i game th\u00fa v\u1ecb m\u00e0 c\u00f2n c\u00f3 c\u01a1 h\u1ed9i nh\u1eadn th\u01b0\u1edfng r\u1ea5t h\u1ea5p d\u1eabn. C\u00e1c ph\u1ea7n th\u01b0\u1edfng s\u1ebd \u0111\u01b0\u1ee3c t\u00ednh d\u1ef1a tr\u00ean s\u1ed1 l\u01b0\u1ee3ng c\u00e1 b\u1ea1n b\u1eafn \u0111\u01b0\u1ee3c v\u00e0 lo\u1ea1i c\u00e1 b\u1ea1n \u0111\u00e3 ti\u00eau di\u1ec7t. Ngo\u00e0i ra, c\u00e1c v\u00f2ng ch\u01a1i \u0111\u1eb7c bi\u1ec7t, c\u00e1c s\u1ef1 ki\u1ec7n khuy\u1ebfn m\u00e3i c\u0169ng s\u1ebd gi\u00fap ng\u01b0\u1eddi ch\u01a1i c\u00f3 th\u00eam c\u01a1 h\u1ed9i nh\u1eadn th\u01b0\u1edfng l\u1edbn t\u1eeb game.<\/span><\/p>\n<h2><span style=\"font-weight: 400;\">C\u00e1c Lo\u1ea1i B\u1eafn C\u00e1 T\u1ea1i Open88<\/span><\/h2>\n<p><b>B\u1eafn C\u00e1 Open88<\/b><span style=\"font-weight: 400;\"> cung c\u1ea5p nhi\u1ec1u lo\u1ea1i s\u00fang v\u00e0 tr\u00f2 ch\u01a1i b\u1eafn c\u00e1 kh\u00e1c nhau \u0111\u1ec3 ng\u01b0\u1eddi ch\u01a1i c\u00f3 th\u1ec3 l\u1ef1a ch\u1ecdn v\u00e0 tham gia. D\u01b0\u1edbi \u0111\u00e2y l\u00e0 m\u1ed9t s\u1ed1 lo\u1ea1i tr\u00f2 ch\u01a1i b\u1eafn c\u00e1 n\u1ed5i b\u1eadt m\u00e0 b\u1ea1n c\u00f3 th\u1ec3 tham gia t\u1ea1i Open88:<\/span><\/p>\n<figure id=\"attachment_242\" aria-describedby=\"caption-attachment-242\" style=\"width: 800px\" class=\"wp-caption aligncenter\"><img loading=\"lazy\" decoding=\"async\" class=\"size-full wp-image-242\" src=\"https:\/\/markethive.io\/wp-content\/uploads\/2026\/01\/cac-loai-ban-ca-tai-open88.webp\" alt=\"C\u00e1c lo\u1ea1i b\u1eafn c\u00e1 t\u1ea1i Open88 \u0111a d\u1ea1ng v\u00e0 h\u1ea5p d\u1eabn\" width=\"800\" height=\"400\" srcset=\"https:\/\/markethive.io\/wp-content\/uploads\/2026\/01\/cac-loai-ban-ca-tai-open88.webp 800w, https:\/\/markethive.io\/wp-content\/uploads\/2026\/01\/cac-loai-ban-ca-tai-open88-300x150.webp 300w, https:\/\/markethive.io\/wp-content\/uploads\/2026\/01\/cac-loai-ban-ca-tai-open88-768x384.webp 768w\" sizes=\"auto, (max-width: 800px) 100vw, 800px\" \/><figcaption id=\"caption-attachment-242\" class=\"wp-caption-text\">C\u00e1c lo\u1ea1i b\u1eafn c\u00e1 t\u1ea1i Open88 \u0111a d\u1ea1ng v\u00e0 h\u1ea5p d\u1eabn<\/figcaption><\/figure>\n<h3><span style=\"font-weight: 400;\">B\u1eafn C\u00e1 C\u1ed5 \u0110i\u1ec3n<\/span><\/h3>\n<p><span style=\"font-weight: 400;\">B\u1eafn c\u00e1 c\u1ed5 \u0111i\u1ec3n l\u00e0 tr\u00f2 ch\u01a1i b\u1eafn c\u00e1 ph\u1ed5 bi\u1ebfn nh\u1ea5t t\u1ea1i Open88. Tr\u00f2 ch\u01a1i n\u00e0y c\u00f3 h\u1ec7 th\u1ed1ng s\u00fang \u0111\u01a1n gi\u1ea3n, gi\u00fap ng\u01b0\u1eddi ch\u01a1i d\u1ec5 d\u00e0ng l\u00e0m quen v\u00e0 tham gia. C\u00e1c lo\u1ea1i c\u00e1 trong tr\u00f2 ch\u01a1i n\u00e0y c\u00f3 gi\u00e1 tr\u1ecb th\u01b0\u1edfng kh\u00e1c nhau, v\u00e0 ng\u01b0\u1eddi ch\u01a1i s\u1ebd s\u1eed d\u1ee5ng s\u00fang \u0111\u1ec3 b\u1eafn c\u00e1c lo\u00e0i c\u00e1 \u0111ang b\u01a1i trong m\u00e0n h\u00ecnh.<\/span><\/p>\n<h4><span style=\"font-weight: 400;\">L\u1ee3i \u00edch khi ch\u01a1i B\u1eafn C\u00e1 C\u1ed5 \u0110i\u1ec3n:<\/span><\/h4>\n<ul>\n<li style=\"font-weight: 400;\" aria-level=\"1\"><b>\u0110\u01a1n gi\u1ea3n v\u00e0 d\u1ec5 ti\u1ebfp c\u1eadn<\/b><span style=\"font-weight: 400;\">: C\u00e1ch ch\u01a1i d\u1ec5 hi\u1ec3u, gi\u00fap ng\u01b0\u1eddi ch\u01a1i m\u1edbi b\u1eaft \u0111\u1ea7u d\u1ec5 d\u00e0ng tham gia.<\/span><\/li>\n<li style=\"font-weight: 400;\" aria-level=\"1\"><b>C\u00e1c ph\u1ea7n th\u01b0\u1edfng h\u1ea5p d\u1eabn<\/b><span style=\"font-weight: 400;\">: M\u1ed7i lo\u1ea1i c\u00e1 \u0111\u1ec1u c\u00f3 ph\u1ea7n th\u01b0\u1edfng t\u01b0\u01a1ng \u1ee9ng, mang l\u1ea1i c\u01a1 h\u1ed9i chi\u1ebfn th\u1eafng l\u1edbn.<\/span><\/li>\n<\/ul>\n<h3><span style=\"font-weight: 400;\">B\u1eafn C\u00e1 Jackpot<\/span><\/h3>\n<p><b>B\u1eafn C\u00e1 Jackpot<\/b><span style=\"font-weight: 400;\"> l\u00e0 phi\u00ean b\u1ea3n n\u00e2ng cao c\u1ee7a tr\u00f2 ch\u01a1i b\u1eafn c\u00e1, mang \u0111\u1ebfn c\u01a1 h\u1ed9i nh\u1eadn gi\u1ea3i th\u01b0\u1edfng Jackpot khi ng\u01b0\u1eddi ch\u01a1i b\u1eafn tr\u00fang nh\u1eefng lo\u00e0i c\u00e1 \u0111\u1eb7c bi\u1ec7t. T\u00ednh n\u0103ng n\u00e0y kh\u00f4ng ch\u1ec9 l\u00e0m t\u0103ng t\u00ednh k\u1ecbch t\u00ednh m\u00e0 c\u00f2n mang l\u1ea1i nh\u1eefng tr\u1ea3i nghi\u1ec7m \u0111\u1ea7y th\u00fa v\u1ecb, t\u1ea1o n\u00ean s\u1ef1 h\u1ea5p d\u1eabn kh\u00f4ng th\u1ec3 b\u1ecf qua cho ng\u01b0\u1eddi ch\u01a1i.<\/span><\/p>\n<h4><span style=\"font-weight: 400;\">L\u1ee3i \u00edch h\u1ea5p d\u1eabn khi ch\u01a1i B\u1eafn C\u00e1 Jackpot:<\/span><\/h4>\n<ul>\n<li style=\"font-weight: 400;\" aria-level=\"1\"><b>Gi\u1ea3i th\u01b0\u1edfng l\u1edbn<\/b><span style=\"font-weight: 400;\">: B\u1ea1n c\u00f3 c\u01a1 h\u1ed9i gi\u00e0nh gi\u1ea3i Jackpot n\u1ebfu b\u1eafn \u0111\u01b0\u1ee3c c\u00e1 \u0111\u1eb7c bi\u1ec7t.<\/span><\/li>\n<li style=\"font-weight: 400;\" aria-level=\"1\"><b>Tr\u1ea3i nghi\u1ec7m h\u1ed3i h\u1ed9p<\/b><span style=\"font-weight: 400;\">: Nh\u1eefng lo\u00e0i c\u00e1 c\u00f3 ph\u1ea7n th\u01b0\u1edfng \u0111\u1eb7c bi\u1ec7t mang l\u1ea1i c\u1ea3m gi\u00e1c th\u0103ng hoa cho ng\u01b0\u1eddi ch\u01a1i khi chi\u1ebfn th\u1eafng.<\/span><\/li>\n<\/ul>\n<h3><span style=\"font-weight: 400;\">B\u1eafn C\u00e1 3D<\/span><\/h3>\n<p><b>B\u1eafn C\u00e1 3D<\/b><span style=\"font-weight: 400;\"> l\u00e0 phi\u00ean b\u1ea3n tr\u00f2 ch\u01a1i b\u1eafn c\u00e1 v\u1edbi \u0111\u1ed3 h\u1ecda 3D c\u1ef1c k\u1ef3 sinh \u0111\u1ed9ng. V\u1edbi c\u00e1c hi\u1ec7u \u1ee9ng tuy\u1ec7t \u0111\u1eb9p v\u00e0 giao di\u1ec7n m\u01b0\u1ee3t m\u00e0, tr\u00f2 ch\u01a1i n\u00e0y mang \u0111\u1ebfn cho ng\u01b0\u1eddi ch\u01a1i m\u1ed9t c\u1ea3m gi\u00e1c ch\u00e2n th\u1ef1c v\u00e0 th\u00fa v\u1ecb h\u01a1n bao gi\u1edd h\u1ebft. <\/span><b>B\u1eafn C\u00e1 3D<\/b><span style=\"font-weight: 400;\"> t\u1ea1i Open88 c\u0169ng cung c\u1ea5p c\u00e1c v\u00f2ng quay \u0111\u1eb7c bi\u1ec7t v\u00e0 c\u00e1c t\u00ednh n\u0103ng th\u00fa v\u1ecb \u0111\u1ec3 t\u0103ng c\u01a1 h\u1ed9i chi\u1ebfn th\u1eafng.<\/span><\/p>\n<h4><span style=\"font-weight: 400;\">L\u1ee3i \u00edch khi ch\u01a1i B\u1eafn C\u00e1 3D:<\/span><\/h4>\n<ul>\n<li style=\"font-weight: 400;\" aria-level=\"1\"><b>\u0110\u1ed3 h\u1ecda 3D ch\u00e2n th\u1ef1c<\/b><span style=\"font-weight: 400;\">: Tr\u1ea3i nghi\u1ec7m b\u1eafn c\u00e1 c\u1ef1c k\u1ef3 s\u1ed1ng \u0111\u1ed9ng v\u1edbi hi\u1ec7u \u1ee9ng \u0111\u1eb7c s\u1eafc.<\/span><\/li>\n<li style=\"font-weight: 400;\" aria-level=\"1\"><b>C\u00e1c t\u00ednh n\u0103ng \u0111\u1eb7c bi\u1ec7t<\/b><span style=\"font-weight: 400;\">: C\u00e1c v\u00f2ng quay v\u00e0 lo\u00e0i c\u00e1 \u0111\u1eb7c bi\u1ec7t gi\u00fap t\u0103ng c\u01a1 h\u1ed9i gi\u00e0nh ph\u1ea7n th\u01b0\u1edfng l\u1edbn.<\/span><\/li>\n<\/ul>\n<h2><span style=\"font-weight: 400;\">B\u1ea3o M\u1eadt v\u00e0 An To\u00e0n Khi Ch\u01a1i B\u1eafn C\u00e1 Open88<\/span><\/h2>\n<p><b>B\u1eafn C\u00e1 Open88<\/b><span style=\"font-weight: 400;\"> cam k\u1ebft b\u1ea3o v\u1ec7 s\u1ef1 an to\u00e0n v\u00e0 b\u1ea3o m\u1eadt c\u1ee7a ng\u01b0\u1eddi ch\u01a1i b\u1eb1ng c\u00e1ch s\u1eed d\u1ee5ng c\u00f4ng ngh\u1ec7 m\u00e3 h\u00f3a SSL 256-bit. \u0110i\u1ec1u n\u00e0y gi\u00fap \u0111\u1ea3m b\u1ea3o t\u1ea5t c\u1ea3 c\u00e1c giao d\u1ecbch v\u00e0 th\u00f4ng tin c\u00e1 nh\u00e2n c\u1ee7a ng\u01b0\u1eddi ch\u01a1i lu\u00f4n \u0111\u01b0\u1ee3c b\u1ea3o v\u1ec7 m\u1ed9t c\u00e1ch an to\u00e0n tuy\u1ec7t \u0111\u1ed1i.<\/span><\/p>\n<figure id=\"attachment_241\" aria-describedby=\"caption-attachment-241\" style=\"width: 800px\" class=\"wp-caption aligncenter\"><img loading=\"lazy\" decoding=\"async\" class=\"size-full wp-image-241\" src=\"https:\/\/markethive.io\/wp-content\/uploads\/2026\/01\/bao-mat-va-an-toan-ban-ca-open88.webp\" alt=\"B\u1ea3o m\u1eadt an to\u00e0n tuy\u1ec7t \u0111\u1ed1i khi ch\u01a1i b\u1eafn c\u00e1 t\u1ea1i Open88\" width=\"800\" height=\"400\" srcset=\"https:\/\/markethive.io\/wp-content\/uploads\/2026\/01\/bao-mat-va-an-toan-ban-ca-open88.webp 800w, https:\/\/markethive.io\/wp-content\/uploads\/2026\/01\/bao-mat-va-an-toan-ban-ca-open88-300x150.webp 300w, https:\/\/markethive.io\/wp-content\/uploads\/2026\/01\/bao-mat-va-an-toan-ban-ca-open88-768x384.webp 768w\" sizes=\"auto, (max-width: 800px) 100vw, 800px\" \/><figcaption id=\"caption-attachment-241\" class=\"wp-caption-text\">B\u1ea3o m\u1eadt an to\u00e0n tuy\u1ec7t \u0111\u1ed1i khi ch\u01a1i b\u1eafn c\u00e1 t\u1ea1i Open88<\/figcaption><\/figure>\n<h3><span style=\"font-weight: 400;\">C\u00e1c bi\u1ec7n ph\u00e1p b\u1ea3o m\u1eadt t\u1ea1i B\u1eafn C\u00e1 Open88:<\/span><\/h3>\n<ul>\n<li style=\"font-weight: 400;\" aria-level=\"1\"><b>M\u00e3 h\u00f3a SSL 256-bit<\/b><span style=\"font-weight: 400;\">: T\u1ea5t c\u1ea3 th\u00f4ng tin v\u00e0 giao d\u1ecbch c\u1ee7a ng\u01b0\u1eddi ch\u01a1i \u0111\u1ec1u \u0111\u01b0\u1ee3c m\u00e3 h\u00f3a v\u00e0 b\u1ea3o v\u1ec7.<\/span><\/li>\n<li style=\"font-weight: 400;\" aria-level=\"1\"><b>Gi\u00e1m s\u00e1t h\u1ec7 th\u1ed1ng 24\/7<\/b><span style=\"font-weight: 400;\">: Open88 lu\u00f4n gi\u00e1m s\u00e1t h\u1ec7 th\u1ed1ng \u0111\u1ec3 ph\u00e1t hi\u1ec7n v\u00e0 ng\u0103n ch\u1eb7n c\u00e1c h\u00e0nh vi gian l\u1eadn.<\/span><\/li>\n<li style=\"font-weight: 400;\" aria-level=\"1\"><b>\u0110\u1ea3m b\u1ea3o c\u00f4ng b\u1eb1ng<\/b><span style=\"font-weight: 400;\">: M\u1ecdi tr\u00f2 ch\u01a1i b\u1eafn c\u00e1 \u0111\u1ec1u \u0111\u01b0\u1ee3c ki\u1ec3m tra v\u00e0 \u0111\u1ea3m b\u1ea3o t\u00ednh c\u00f4ng b\u1eb1ng, gi\u00fap ng\u01b0\u1eddi ch\u01a1i y\u00ean t\u00e2m khi tham gia.<\/span><\/li>\n<\/ul>\n<p><strong>&gt;&gt;<a href=\"https:\/\/markethive.io\/casino-open88\/\">Casino Open88<\/a> \u2013 Tr\u1ea3i Nghi\u1ec7m Casino Tr\u1ef1c Tuy\u1ebfn H\u1ea5p D\u1eabn v\u00e0 An To\u00e0n<\/strong><\/p>\n<h2><span style=\"font-weight: 400;\">FAQ \u2013 C\u00e2u H\u1ecfi Th\u01b0\u1eddng G\u1eb7p V\u1ec1 B\u1eafn C\u00e1 Open88<\/span><\/h2>\n<h3><span style=\"font-weight: 400;\">C\u00e2u H\u1ecfi 1: L\u00e0m th\u1ebf n\u00e0o \u0111\u1ec3 tham gia B\u1eafn C\u00e1 Open88?<\/span><\/h3>\n<p><span style=\"font-weight: 400;\">\u0110\u1ec3 tham gia <\/span><b>B\u1eafn C\u00e1 Open88<\/b><span style=\"font-weight: 400;\">, b\u1ea1n ch\u1ec9 c\u1ea7n \u0111\u0103ng k\u00fd t\u00e0i kho\u1ea3n, n\u1ea1p ti\u1ec1n v\u00e0o t\u00e0i kho\u1ea3n v\u00e0 ch\u1ecdn tr\u00f2 ch\u01a1i b\u1eafn c\u00e1 y\u00eau th\u00edch. Sau \u0111\u00f3, b\u1ea1n c\u00f3 th\u1ec3 b\u1eaft \u0111\u1ea7u ch\u01a1i v\u00e0 th\u1eed s\u1ee9c v\u1edbi v\u1eadn may c\u1ee7a m\u00ecnh.<\/span><\/p>\n<h3><span style=\"font-weight: 400;\">C\u00e2u H\u1ecfi 2: C\u00e1c ph\u1ea7n th\u01b0\u1edfng trong B\u1eafn C\u00e1 Open88 \u0111\u01b0\u1ee3c t\u00ednh nh\u01b0 th\u1ebf n\u00e0o?<\/span><\/h3>\n<p><span style=\"font-weight: 400;\">C\u00e1c ph\u1ea7n th\u01b0\u1edfng trong <\/span><b>B\u1eafn C\u00e1 Open88<\/b><span style=\"font-weight: 400;\"> s\u1ebd \u0111\u01b0\u1ee3c t\u00ednh d\u1ef1a tr\u00ean s\u1ed1 l\u01b0\u1ee3ng c\u00e1 b\u1ea1n b\u1eafn \u0111\u01b0\u1ee3c v\u00e0 lo\u1ea1i c\u00e1 b\u1ea1n ti\u00eau di\u1ec7t. M\u1ed7i lo\u00e0i c\u00e1 c\u00f3 gi\u00e1 tr\u1ecb ph\u1ea7n th\u01b0\u1edfng kh\u00e1c nhau, v\u00e0 b\u1ea1n c\u00f3 th\u1ec3 nh\u1eadn th\u01b0\u1edfng sau m\u1ed7i v\u00e1n ch\u01a1i.<\/span><\/p>\n<h3><span style=\"font-weight: 400;\">C\u00e2u H\u1ecfi 3: C\u00f3 nh\u1eefng lo\u1ea1i s\u00fang n\u00e0o trong B\u1eafn C\u00e1 Open88?<\/span><\/h3>\n<p><b>B\u1eafn C\u00e1 Open88 <\/b><span style=\"font-weight: 400;\">cung c\u1ea5p m\u1ed9t lo\u1ea1t s\u00fang v\u1edbi s\u1ee9c m\u1ea1nh v\u00e0 ph\u1ea1m vi kh\u00e1c nhau, cho ph\u00e9p ng\u01b0\u1eddi ch\u01a1i ch\u1ecdn l\u1ef1a v\u0169 kh\u00ed ph\u00f9 h\u1ee3p v\u1edbi chi\u1ebfn thu\u1eadt. B\u1ea1n c\u00f2n c\u00f3 th\u1ec3 n\u00e2ng c\u1ea5p s\u00fang c\u1ee7a m\u00ecnh \u0111\u1ec3 s\u0103n b\u1eaft nh\u1eefng lo\u00e0i c\u00e1 c\u00f3 gi\u00e1 tr\u1ecb cao h\u01a1n, t\u1ed1i \u0111a h\u00f3a c\u01a1 h\u1ed9i nh\u1eadn th\u01b0\u1edfng.<\/span><\/p>\n<h2><span style=\"font-weight: 400;\">K\u1ebft Lu\u1eadn<\/span><\/h2>\n<p><a href=\"https:\/\/markethive.io\/ban-ca-open88\/\"><b>B\u1eafn C\u00e1 Open88<\/b><\/a><span style=\"font-weight: 400;\"> mang \u0111\u1ebfn cho ng\u01b0\u1eddi ch\u01a1i m\u1ed9t tr\u1ea3i nghi\u1ec7m v\u00f4 c\u00f9ng th\u00fa v\u1ecb v\u00e0 \u0111\u1ea7y l\u00f4i cu\u1ed1n. V\u1edbi \u0111\u1ed3 h\u1ecda s\u1eafc n\u00e9t, \u0111a d\u1ea1ng s\u00fang v\u00e0 c\u00e1c tr\u00f2 ch\u01a1i phong ph\u00fa, ng\u01b0\u1eddi ch\u01a1i c\u00f3 th\u1ec3 d\u1ec5 d\u00e0ng tham gia v\u00e0 gi\u00e0nh nh\u1eefng ph\u1ea7n th\u01b0\u1edfng h\u1ea5p d\u1eabn. \u0110\u1eebng b\u1ecf qua c\u01a1 h\u1ed9i chi\u1ebfn th\u1eafng t\u1ea1i <\/span><a href=\"https:\/\/markethive.io\/\"><b>Open888.co<\/b><\/a><span style=\"font-weight: 400;\">, n\u01a1i b\u1ea1n s\u1ebd c\u00f3 nh\u1eefng ph\u00fat gi\u00e2y h\u1ed3i h\u1ed9p v\u00e0 gi\u1ea3i tr\u00ed kh\u00f4ng gi\u1edbi h\u1ea1n.<\/span><\/p>\n","protected":false},"excerpt":{"rendered":"<p>B\u1eafn C\u00e1 Open88 \u2013 Tr\u1ea3i Nghi\u1ec7m Tr\u00f2 Ch\u01a1i B\u1eafn C\u00e1 \u0110\u1ea7y H\u1ea5p D\u1eabn B\u1eafn C\u00e1 Open88 l\u00e0 m\u1ed9t trong nh\u1eefng tr\u00f2 ch\u01a1i tr\u1ef1c tuy\u1ebfn th\u00fa v\u1ecb v\u00e0 h\u1ea5p d\u1eabn m\u00e0 ng\u01b0\u1eddi ch\u01a1i kh\u00f4ng th\u1ec3 b\u1ecf qua khi tham gia t\u1ea1i nh\u00e0 c\u00e1i. V\u1edbi \u0111\u1ed3 h\u1ecda \u0111\u1eb9p m\u1eaft, l\u1ed1i ch\u01a1i \u0111\u01a1n gi\u1ea3n nh\u01b0ng \u0111\u1ea7y th\u1eed th\u00e1ch, [&#8230;]\n","protected":false},"author":1,"featured_media":240,"parent":0,"menu_order":0,"comment_status":"closed","ping_status":"closed","template":"","meta":{"footnotes":""},"class_list":["post-33","page","type-page","status-publish","has-post-thumbnail","hentry"],"_links":{"self":[{"href":"https:\/\/markethive.io\/vi-vn\/wp-json\/wp\/v2\/pages\/33","targetHints":{"allow":["GET"]}}],"collection":[{"href":"https:\/\/markethive.io\/vi-vn\/wp-json\/wp\/v2\/pages"}],"about":[{"href":"https:\/\/markethive.io\/vi-vn\/wp-json\/wp\/v2\/types\/page"}],"author":[{"embeddable":true,"href":"https:\/\/markethive.io\/vi-vn\/wp-json\/wp\/v2\/users\/1"}],"replies":[{"embeddable":true,"href":"https:\/\/markethive.io\/vi-vn\/wp-json\/wp\/v2\/comments?post=33"}],"version-history":[{"count":0,"href":"https:\/\/markethive.io\/vi-vn\/wp-json\/wp\/v2\/pages\/33\/revisions"}],"wp:featuredmedia":[{"embeddable":true,"href":"https:\/\/markethive.io\/vi-vn\/wp-json\/wp\/v2\/media\/240"}],"wp:attachment":[{"href":"https:\/\/markethive.io\/vi-vn\/wp-json\/wp\/v2\/media?parent=33"}],"curies":[{"name":"wp","href":"https:\/\/api.w.org\/{rel}","templated":true}]}}