{"id":35,"date":"2026-01-19T16:07:40","date_gmt":"2026-01-19T09:07:40","guid":{"rendered":"https:\/\/markethive.io\/?page_id=35"},"modified":"2026-01-22T14:41:52","modified_gmt":"2026-01-22T07:41:52","slug":"da-ga-open88","status":"publish","type":"page","link":"https:\/\/markethive.io\/vi-vn\/da-ga-open88\/","title":{"rendered":"\u0110\u00e1 g\u00e0 Open88"},"content":{"rendered":"<h1 style=\"text-align: center;\"><span style=\"font-weight: 400;\">\u0110\u00e1 G\u00e0 Open88 \u2013 Tr\u1ea3i Nghi\u1ec7m C\u00e1 C\u01b0\u1ee3c \u0110\u00e1 G\u00e0 Tr\u1ef1c Tuy\u1ebfn H\u1ea5p D\u1eabn<\/span><\/h1>\n<p><b>\u0110\u00e1 G\u00e0 Open88<\/b><span style=\"font-weight: 400;\"> l\u00e0 tr\u00f2 ch\u01a1i c\u00e1 c\u01b0\u1ee3c tr\u1ef1c tuy\u1ebfn n\u1ed5i b\u1eadt v\u1edbi nh\u1eefng tr\u1eadn \u0111\u1ea5u \u0111\u00e1 g\u00e0 k\u1ecbch t\u00ednh v\u00e0 c\u01a1 h\u1ed9i nh\u1eadn th\u01b0\u1edfng h\u1ea5p d\u1eabn. T\u1ea1i \u0111\u00e2y, b\u1ea1n kh\u00f4ng ch\u1ec9 \u0111\u01b0\u1ee3c tham gia c\u00e1c tr\u1eadn \u0111\u1ea5u \u0111\u1ea7y k\u1ecbch t\u00ednh m\u00e0 c\u00f2n c\u00f3 th\u1ec3 t\u1eadn d\u1ee5ng c\u00e1c t\u1ef7 l\u1ec7 c\u01b0\u1ee3c c\u1ea1nh tranh v\u00e0 c\u00e1c ch\u01b0\u01a1ng tr\u00ecnh khuy\u1ebfn m\u00e3i \u0111\u1eb7c bi\u1ec7t. V\u1edbi <\/span><a href=\"https:\/\/markethive.io\/\"><b>Open88<\/b><\/a><span style=\"font-weight: 400;\">, m\u1ecdi tr\u1eadn \u0111\u1ea5u \u0111\u1ec1u mang \u0111\u1ebfn cho ng\u01b0\u1eddi ch\u01a1i c\u1ea3m gi\u00e1c h\u1ed3i h\u1ed9p v\u00e0 nh\u1eefng c\u01a1 h\u1ed9i chi\u1ebfn th\u1eafng kh\u00f4ng th\u1ec3 b\u1ecf qua.<\/span><\/p>\n<h2><span style=\"font-weight: 400;\">T\u1ea1i Sao N\u00ean Ch\u1ecdn Ch\u01a1i \u0110\u00e1 G\u00e0 Open88?<\/span><\/h2>\n<p><b>\u0110\u00e1 G\u00e0 Open88<\/b><span style=\"font-weight: 400;\"> l\u00e0 tr\u00f2 ch\u01a1i c\u1ef1c k\u1ef3 h\u1ea5p d\u1eabn v\u00e0 ph\u1ed5 bi\u1ebfn t\u1ea1i c\u00e1c nh\u00e0 c\u00e1i tr\u1ef1c tuy\u1ebfn. D\u01b0\u1edbi \u0111\u00e2y l\u00e0 nh\u1eefng l\u00fd do khi\u1ebfn <\/span><b>Open88 <\/b><span style=\"font-weight: 400;\">tr\u1edf th\u00e0nh s\u1ef1 l\u1ef1a ch\u1ecdn l\u00fd t\u01b0\u1edfng cho nh\u1eefng ng\u01b0\u1eddi y\u00eau th\u00edch c\u00e1 c\u01b0\u1ee3c \u0111\u00e1 g\u00e0:<\/span><\/p>\n<figure id=\"attachment_245\" aria-describedby=\"caption-attachment-245\" style=\"width: 800px\" class=\"wp-caption aligncenter\"><img loading=\"lazy\" decoding=\"async\" class=\"size-full wp-image-245\" src=\"https:\/\/markethive.io\/wp-content\/uploads\/2026\/01\/tai-sao-nen-choi-da-ga-open88.webp\" alt=\"T\u1ea1i sao ch\u01a1i \u0111\u00e1 g\u00e0 Open88 l\u00e0 l\u1ef1a ch\u1ecdn tuy\u1ec7t v\u1eddi\" width=\"800\" height=\"400\" srcset=\"https:\/\/markethive.io\/wp-content\/uploads\/2026\/01\/tai-sao-nen-choi-da-ga-open88.webp 800w, https:\/\/markethive.io\/wp-content\/uploads\/2026\/01\/tai-sao-nen-choi-da-ga-open88-300x150.webp 300w, https:\/\/markethive.io\/wp-content\/uploads\/2026\/01\/tai-sao-nen-choi-da-ga-open88-768x384.webp 768w\" sizes=\"auto, (max-width: 800px) 100vw, 800px\" \/><figcaption id=\"caption-attachment-245\" class=\"wp-caption-text\">T\u1ea1i sao ch\u01a1i \u0111\u00e1 g\u00e0 Open88 l\u00e0 l\u1ef1a ch\u1ecdn tuy\u1ec7t v\u1eddi<\/figcaption><\/figure>\n<h3><span style=\"font-weight: 400;\">Tr\u1ea3i Nghi\u1ec7m \u0110\u1ed3 H\u1ecda S\u1eafc N\u00e9t v\u00e0 \u00c2m Thanh M\u01b0\u1ee3t M\u00e0<\/span><\/h3>\n<p><span style=\"font-weight: 400;\">T\u1ea1i <\/span><b>\u0110\u00e1 G\u00e0 Open88<\/b><span style=\"font-weight: 400;\">, b\u1ea1n s\u1ebd kh\u00f4ng ch\u1ec9 \u0111\u01b0\u1ee3c tham gia c\u00e1c tr\u1eadn \u0111\u1ea5u h\u1ea5p d\u1eabn m\u00e0 c\u00f2n \u0111\u01b0\u1ee3c tr\u1ea3i nghi\u1ec7m nh\u1eefng hi\u1ec7u \u1ee9ng h\u00ecnh \u1ea3nh tuy\u1ec7t \u0111\u1eb9p. \u0110\u1ed3 h\u1ecda 3D s\u1eafc n\u00e9t v\u00e0 \u00e2m thanh s\u1ed1ng \u0111\u1ed9ng mang \u0111\u1ebfn m\u1ed9t tr\u1ea3i nghi\u1ec7m kh\u00f4ng th\u1ec3 qu\u00ean. B\u1ea1n s\u1ebd c\u1ea3m nh\u1eadn \u0111\u01b0\u1ee3c s\u1ef1 ch\u00e2n th\u1ef1c c\u1ee7a t\u1eebng tr\u1eadn \u0111\u1ea5u, gi\u1ed1ng nh\u01b0 \u0111ang \u1edf ngay trong m\u1ed9t s\u1edbi g\u00e0 th\u1ef1c t\u1ebf.<\/span><\/p>\n<h3><span style=\"font-weight: 400;\">T\u1ef7 L\u1ec7 C\u01b0\u1ee3c H\u1ea5p D\u1eabn<\/span><\/h3>\n<p><span style=\"font-weight: 400;\">M\u1ed9t trong nh\u1eefng \u0111i\u1ec3m m\u1ea1nh l\u1edbn c\u1ee7a <\/span><b>\u0110\u00e1 G\u00e0 Open88<\/b><span style=\"font-weight: 400;\"> l\u00e0 t\u1ef7 l\u1ec7 c\u01b0\u1ee3c h\u1ea5p d\u1eabn. Ng\u01b0\u1eddi ch\u01a1i c\u00f3 th\u1ec3 ch\u1ecdn c\u01b0\u1ee3c v\u00e0o \u0111\u1ed9i chi\u1ebfn th\u1eafng, t\u1ef7 s\u1ed1 ch\u00ednh x\u00e1c ho\u1eb7c c\u00e1c lo\u1ea1i c\u01b0\u1ee3c \u0111\u1eb7c bi\u1ec7t, gi\u00fap gia t\u0103ng c\u01a1 h\u1ed9i chi\u1ebfn th\u1eafng. T\u1ef7 l\u1ec7 c\u01b0\u1ee3c t\u1ea1i Open88 lu\u00f4n \u0111\u01b0\u1ee3c c\u1eadp nh\u1eadt v\u00e0 \u0111i\u1ec1u ch\u1ec9nh h\u1ee3p l\u00fd \u0111\u1ec3 \u0111\u1ea3m b\u1ea3o t\u00ednh c\u00f4ng b\u1eb1ng v\u00e0 t\u1ea1o ra l\u1ee3i th\u1ebf cho ng\u01b0\u1eddi ch\u01a1i.<\/span><\/p>\n<h3><span style=\"font-weight: 400;\">Kh\u00e1m Ph\u00e1 Tr\u1eadn \u0110\u1ea5u \u0110\u00e1 G\u00e0 Tr\u1ef1c Tuy\u1ebfn \u0110\u1ea7y K\u1ecbch T\u00ednh<\/span><\/h3>\n<p><span style=\"font-weight: 400;\">V\u1edbi <\/span><b>\u0110\u00e1 G\u00e0 Open88<\/b><span style=\"font-weight: 400;\">, b\u1ea1n c\u00f3 th\u1ec3 tham gia c\u00e1 c\u01b0\u1ee3c v\u00e0o c\u00e1c tr\u1eadn \u0111\u1ea5u \u0111\u00e1 g\u00e0 tr\u1ef1c tuy\u1ebfn di\u1ec5n ra li\u00ean t\u1ee5c. C\u00e1c tr\u1eadn \u0111\u1ea5u \u0111\u01b0\u1ee3c truy\u1ec1n ph\u00e1t tr\u1ef1c ti\u1ebfp, cho ph\u00e9p ng\u01b0\u1eddi ch\u01a1i theo d\u00f5i t\u00ecnh h\u00ecnh tr\u1eadn \u0111\u1ea5u v\u00e0 c\u00e1 c\u01b0\u1ee3c v\u00e0o th\u1eddi gian th\u1ef1c. \u0110i\u1ec1u n\u00e0y t\u1ea1o ra s\u1ef1 k\u1ecbch t\u00ednh v\u00e0 h\u1ea5p d\u1eabn, l\u00e0m t\u0103ng s\u1ef1 h\u01b0ng ph\u1ea5n khi tham gia c\u00e1 c\u01b0\u1ee3c.<\/span><\/p>\n<figure id=\"attachment_246\" aria-describedby=\"caption-attachment-246\" style=\"width: 800px\" class=\"wp-caption aligncenter\"><img loading=\"lazy\" decoding=\"async\" class=\"size-full wp-image-246\" src=\"https:\/\/markethive.io\/wp-content\/uploads\/2026\/01\/trai-nghiem-da-ga-truc-tuyen-tai-open88.webp\" alt=\"Kh\u00e1m ph\u00e1 tr\u1eadn \u0111\u1ea5u \u0111\u00e1 g\u00e0 tr\u1ef1c tuy\u1ebfn k\u1ecbch t\u00ednh\" width=\"800\" height=\"400\" srcset=\"https:\/\/markethive.io\/wp-content\/uploads\/2026\/01\/trai-nghiem-da-ga-truc-tuyen-tai-open88.webp 800w, https:\/\/markethive.io\/wp-content\/uploads\/2026\/01\/trai-nghiem-da-ga-truc-tuyen-tai-open88-300x150.webp 300w, https:\/\/markethive.io\/wp-content\/uploads\/2026\/01\/trai-nghiem-da-ga-truc-tuyen-tai-open88-768x384.webp 768w\" sizes=\"auto, (max-width: 800px) 100vw, 800px\" \/><figcaption id=\"caption-attachment-246\" class=\"wp-caption-text\">Kh\u00e1m ph\u00e1 tr\u1eadn \u0111\u1ea5u \u0111\u00e1 g\u00e0 tr\u1ef1c tuy\u1ebfn k\u1ecbch t\u00ednh<\/figcaption><\/figure>\n<h2><span style=\"font-weight: 400;\">C\u00e1c Lo\u1ea1i C\u01b0\u1ee3c Trong \u0110\u00e1 G\u00e0 Open88<\/span><\/h2>\n<p><b>\u0110\u00e1 G\u00e0 Open88<\/b><span style=\"font-weight: 400;\"> cung c\u1ea5p nhi\u1ec1u lo\u1ea1i c\u01b0\u1ee3c kh\u00e1c nhau, cho ph\u00e9p ng\u01b0\u1eddi ch\u01a1i t\u00f9y ch\u1ecdn v\u00e0 t\u1ed1i \u01b0u h\u00f3a c\u01a1 h\u1ed9i chi\u1ebfn th\u1eafng. D\u01b0\u1edbi \u0111\u00e2y l\u00e0 m\u1ed9t s\u1ed1 lo\u1ea1 h\u00ecnhi c\u01b0\u1ee3c ph\u1ed5 bi\u1ebfn t\u1ea1i <\/span><b>Open88<\/b><span style=\"font-weight: 400;\">:<\/span><\/p>\n<h3><span style=\"font-weight: 400;\">C\u01b0\u1ee3c V\u00e0o \u0110\u1ed9i Chi\u1ebfn Th\u1eafng<\/span><\/h3>\n<p><span style=\"font-weight: 400;\">\u0110\u00e2y l\u00e0 lo\u1ea1i c\u01b0\u1ee3c \u0111\u01a1n gi\u1ea3n v\u00e0 ph\u1ed5 bi\u1ebfn nh\u1ea5t trong <\/span><b>\u0110\u00e1 G\u00e0 Open88<\/b><span style=\"font-weight: 400;\">. Ng\u01b0\u1eddi ch\u01a1i s\u1ebd \u0111\u1eb7t c\u01b0\u1ee3c v\u00e0o \u0111\u1ed9i chi\u1ebfn k\u00ea m\u00e0 m\u00ecnh tin t\u01b0\u1edfng s\u1ebd gi\u00e0nh chi\u1ebfn th\u1eafng. T\u1ef7 l\u1ec7 c\u01b0\u1ee3c c\u1ee7a m\u1ed7i \u0111\u1ed9i s\u1ebd kh\u00e1c nhau t\u00f9y v\u00e0o s\u1ee9c m\u1ea1nh c\u1ee7a chi\u1ebfn k\u00ea v\u00e0 t\u00ecnh hu\u1ed1ng tr\u1eadn \u0111\u1ea5u.<\/span><\/p>\n<h4><span style=\"font-weight: 400;\">\u01afu \u0111i\u1ec3m:<\/span><\/h4>\n<ul>\n<li style=\"font-weight: 400;\" aria-level=\"1\"><b>D\u1ec5 tham gia<\/b><span style=\"font-weight: 400;\">: Lo\u1ea1i c\u01b0\u1ee3c \u0111\u01a1n gi\u1ea3n, d\u1ec5 hi\u1ec3u v\u00e0 d\u1ec5 ti\u1ebfp c\u1eadn cho m\u1ecdi ng\u01b0\u1eddi ch\u01a1i.<\/span><\/li>\n<li style=\"font-weight: 400;\" aria-level=\"1\"><b>T\u1ef7 l\u1ec7 th\u1eafng h\u1ee3p l\u00fd<\/b><span style=\"font-weight: 400;\">: T\u1ef7 l\u1ec7 c\u01b0\u1ee3c \u0111\u01b0\u1ee3c \u0111i\u1ec1u ch\u1ec9nh \u0111\u1ec3 t\u1ea1o ra c\u01a1 h\u1ed9i chi\u1ebfn th\u1eafng c\u00f4ng b\u1eb1ng cho ng\u01b0\u1eddi ch\u01a1i.<\/span><\/li>\n<\/ul>\n<h3><span style=\"font-weight: 400;\">C\u01b0\u1ee3c T\u1ef7 S\u1ed1 Ch\u00ednh X\u00e1c<\/span><\/h3>\n<p><span style=\"font-weight: 400;\">\u0110\u00e2y l\u00e0 lo\u1ea1i c\u01b0\u1ee3c \u0111\u00f2i h\u1ecfi ng\u01b0\u1eddi ch\u01a1i ph\u1ea3i d\u1ef1 \u0111o\u00e1n t\u1ef7 s\u1ed1 ch\u00ednh x\u00e1c c\u1ee7a tr\u1eadn \u0111\u1ea5u. D\u00f9 kh\u00f3, nh\u01b0ng ph\u1ea7n th\u01b0\u1edfng mang l\u1ea1i r\u1ea5t \u0111\u00e1ng \u0111\u1ec3 th\u1eed s\u1ee9c.<\/span><\/p>\n<h4><span style=\"font-weight: 400;\">\u01afu \u0111i\u1ec3m:<\/span><\/h4>\n<ul>\n<li style=\"font-weight: 400;\" aria-level=\"1\"><b>Ph\u1ea7n th\u01b0\u1edfng l\u1edbn<\/b><span style=\"font-weight: 400;\">: Khi d\u1ef1 \u0111o\u00e1n \u0111\u00fang t\u1ef7 s\u1ed1 ch\u00ednh x\u00e1c, ng\u01b0\u1eddi ch\u01a1i s\u1ebd nh\u1eadn \u0111\u01b0\u1ee3c ph\u1ea7n th\u01b0\u1edfng r\u1ea5t l\u1edbn.<\/span><\/li>\n<li style=\"font-weight: 400;\" aria-level=\"1\"><b>C\u01a1 h\u1ed9i th\u1eafng l\u1edbn<\/b><span style=\"font-weight: 400;\">: N\u1ebfu b\u1ea1n c\u00f3 kinh nghi\u1ec7m v\u00e0 kh\u1ea3 n\u0103ng ph\u00e2n t\u00edch t\u1ed1t, \u0111\u00e2y l\u00e0 c\u01a1 h\u1ed9i \u0111\u1ec3 th\u1eafng c\u01b0\u1ee3c v\u1edbi t\u1ef7 l\u1ec7 th\u01b0\u1edfng c\u1ef1c cao.<\/span><\/li>\n<\/ul>\n<p><strong>&gt;&gt;<a href=\"https:\/\/markethive.io\/no-hu-open88\/\">N\u1ed5 H\u0169 Open88<\/a>: Tr\u1ea3i Nghi\u1ec7m C\u1ef1c \u0110\u1ec9nh Cho Ng\u01b0\u1eddi Ch\u01a1i C\u00e1 C\u01b0\u1ee3c Online<\/strong><\/p>\n<h3><span style=\"font-weight: 400;\">C\u01b0\u1ee3c V\u00e0o C\u00e1c V\u00f2ng \u0110\u1eb7c Bi\u1ec7t<\/span><\/h3>\n<p><span style=\"font-weight: 400;\">Ngo\u00e0i c\u00e1c lo\u1ea1i c\u01b0\u1ee3c ch\u00ednh, <\/span><b>\u0110\u00e1 G\u00e0 Open88<\/b><span style=\"font-weight: 400;\"> c\u00f2n cung c\u1ea5p c\u00e1c c\u01b0\u1ee3c \u0111\u1eb7c bi\u1ec7t nh\u01b0 c\u01b0\u1ee3c v\u00e0o s\u1ed1 l\u1ea7n t\u1ea5n c\u00f4ng, s\u1ed1 l\u1ea7n chi\u1ebfn k\u00ea b\u1ecb h\u1ea1 g\u1ee5c, v.v. C\u00e1c v\u00f2ng c\u01b0\u1ee3c \u0111\u1eb7c bi\u1ec7t n\u00e0y gi\u00fap ng\u01b0\u1eddi ch\u01a1i c\u00f3 th\u1ec3 tham gia v\u00e0o nhi\u1ec1u l\u1ef1a ch\u1ecdn kh\u00e1c nhau v\u00e0 t\u1ed1i \u0111a h\u00f3a c\u01a1 h\u1ed9i chi\u1ebfn th\u1eafng.<\/span><\/p>\n<h4><span style=\"font-weight: 400;\">\u01afu \u0111i\u1ec3m:<\/span><\/h4>\n<ul>\n<li style=\"font-weight: 400;\" aria-level=\"1\"><b>T\u00ednh \u0111a d\u1ea1ng<\/b><span style=\"font-weight: 400;\">: Ng\u01b0\u1eddi ch\u01a1i c\u00f3 th\u1ec3 l\u1ef1a ch\u1ecdn nhi\u1ec1u lo\u1ea1i c\u01b0\u1ee3c kh\u00e1c nhau \u0111\u1ec3 t\u0103ng c\u01a1 h\u1ed9i th\u1eafng.<\/span><\/li>\n<li style=\"font-weight: 400;\" aria-level=\"1\"><b>C\u1ea3m gi\u00e1c m\u1edbi m\u1ebb<\/b><span style=\"font-weight: 400;\">: C\u00e1c lo\u1ea1i c\u01b0\u1ee3c n\u00e0y gi\u00fap mang \u0111\u1ebfn s\u1ef1 m\u1edbi m\u1ebb v\u00e0 th\u00fa v\u1ecb cho ng\u01b0\u1eddi ch\u01a1i.<\/span><\/li>\n<\/ul>\n<h2><span style=\"font-weight: 400;\">Ch\u1ebf \u0110\u1ed9 B\u1ea3o M\u1eadt An To\u00e0n t\u1ea1i \u0110\u00e1 G\u00e0 Open88<\/span><\/h2>\n<p><b>\u0110\u00e1 G\u00e0 Open88<\/b><span style=\"font-weight: 400;\"> cam k\u1ebft b\u1ea3o v\u1ec7 th\u00f4ng tin c\u00e1 nh\u00e2n v\u00e0 t\u00e0i ch\u00ednh c\u1ee7a ng\u01b0\u1eddi ch\u01a1i th\u00f4ng qua c\u00e1c c\u00f4ng ngh\u1ec7 b\u1ea3o m\u1eadt ti\u00ean ti\u1ebfn. Open88 s\u1eed d\u1ee5ng m\u00e3 h\u00f3a <\/span><b>SSL 256-bit<\/b><span style=\"font-weight: 400;\"> \u0111\u1ec3 b\u1ea3o v\u1ec7 d\u1eef li\u1ec7u c\u00e1 nh\u00e2n v\u00e0 c\u00e1c giao d\u1ecbch t\u00e0i ch\u00ednh, gi\u00fap ng\u01b0\u1eddi ch\u01a1i ho\u00e0n to\u00e0n y\u00ean t\u00e2m khi tham gia c\u00e1 c\u01b0\u1ee3c.<\/span><\/p>\n<figure id=\"attachment_247\" aria-describedby=\"caption-attachment-247\" style=\"width: 800px\" class=\"wp-caption aligncenter\"><img loading=\"lazy\" decoding=\"async\" class=\"size-full wp-image-247\" src=\"https:\/\/markethive.io\/wp-content\/uploads\/2026\/01\/bao-mat-an-toan-khi-choi-da-ga-open88.webp\" alt=\"Ch\u1ebf \u0111\u1ed9 b\u1ea3o m\u1eadt v\u00e0 an to\u00e0n khi ch\u01a1i \u0111\u00e1 g\u00e0 Open88\" width=\"800\" height=\"400\" srcset=\"https:\/\/markethive.io\/wp-content\/uploads\/2026\/01\/bao-mat-an-toan-khi-choi-da-ga-open88.webp 800w, https:\/\/markethive.io\/wp-content\/uploads\/2026\/01\/bao-mat-an-toan-khi-choi-da-ga-open88-300x150.webp 300w, https:\/\/markethive.io\/wp-content\/uploads\/2026\/01\/bao-mat-an-toan-khi-choi-da-ga-open88-768x384.webp 768w\" sizes=\"auto, (max-width: 800px) 100vw, 800px\" \/><figcaption id=\"caption-attachment-247\" class=\"wp-caption-text\">Ch\u1ebf \u0111\u1ed9 b\u1ea3o m\u1eadt v\u00e0 an to\u00e0n khi ch\u01a1i \u0111\u00e1 g\u00e0 Open88<\/figcaption><\/figure>\n<h3><span style=\"font-weight: 400;\">\u0110\u1ea3m b\u1ea3o b\u1ea3o m\u1eadt t\u1ea1i Open88 v\u1edbi c\u00e1c bi\u1ec7n ph\u00e1p an to\u00e0n v\u00e0 c\u00f4ng ngh\u1ec7 ti\u00ean ti\u1ebfn:<\/span><\/h3>\n<ul>\n<li style=\"font-weight: 400;\" aria-level=\"1\"><b>SSL 256-bit<\/b><span style=\"font-weight: 400;\">: b\u1ea3o v\u1ec7 th\u00f4ng tin ng\u01b0\u1eddi ch\u01a1i kh\u1ecfi vi\u1ec7c b\u1ecb truy c\u1eadp tr\u00e1i ph\u00e9p t\u1eeb c\u00e1c b\u00ean kh\u00f4ng mong mu\u1ed1n.<\/span><\/li>\n<li style=\"font-weight: 400;\" aria-level=\"1\"><b>Gi\u00e1m s\u00e1t li\u00ean t\u1ee5c<\/b><span style=\"font-weight: 400;\">: Open88 duy tr\u00ec gi\u00e1m s\u00e1t h\u1ec7 th\u1ed1ng \u0111\u1ec3 ph\u00e1t hi\u1ec7n v\u00e0 ng\u0103n ch\u1eb7n c\u00e1c h\u00e0nh vi gian l\u1eadn.<\/span><\/li>\n<li style=\"font-weight: 400;\" aria-level=\"1\"><b>\u0110\u1ea3m b\u1ea3o t\u00ednh c\u00f4ng b\u1eb1ng<\/b><span style=\"font-weight: 400;\">: M\u1ecdi tr\u1eadn \u0111\u1ea5u \u0111\u00e1 g\u00e0 \u0111\u1ec1u \u0111\u01b0\u1ee3c ki\u1ec3m tra \u0111\u1ec3 \u0111\u1ea3m b\u1ea3o t\u00ednh c\u00f4ng b\u1eb1ng v\u00e0 minh b\u1ea1ch.<\/span><\/li>\n<\/ul>\n<h2><span style=\"font-weight: 400;\">FAQ \u2013 C\u00e2u H\u1ecfi Th\u01b0\u1eddng G\u1eb7p V\u1ec1 \u0110\u00e1 G\u00e0 Open88<\/span><\/h2>\n<h3><span style=\"font-weight: 400;\">C\u00e2u H\u1ecfi 1: L\u00e0m th\u1ebf n\u00e0o \u0111\u1ec3 b\u1eaft \u0111\u1ea7u ch\u01a1i \u0110\u00e1 G\u00e0 Open88?<\/span><\/h3>\n<p><span style=\"font-weight: 400;\">\u0110\u1ec3 b\u1eaft \u0111\u1ea7u, b\u1ea1n ch\u1ec9 c\u1ea7n \u0111\u0103ng k\u00fd t\u00e0i kho\u1ea3n tr\u00ean website c\u1ee7a Open88, n\u1ea1p ti\u1ec1n v\u00e0o t\u00e0i kho\u1ea3n v\u00e0 ch\u1ecdn tr\u1eadn \u0111\u1ea5u \u0111\u00e1 g\u00e0 m\u00e0 b\u1ea1n mu\u1ed1n tham gia c\u01b0\u1ee3c.<\/span><\/p>\n<h3><span style=\"font-weight: 400;\">C\u00e2u H\u1ecfi 2: T\u00f4i c\u00f3 th\u1ec3 xem c\u00e1c tr\u1eadn \u0111\u1ea5u \u0110\u00e1 G\u00e0 tr\u1ef1c ti\u1ebfp kh\u00f4ng?<\/span><\/h3>\n<p><span style=\"font-weight: 400;\">C\u00f3, b\u1ea1n c\u00f3 th\u1ec3 theo d\u00f5i c\u00e1c tr\u1eadn \u0111\u1ea5u \u0110\u00e1 G\u00e0 tr\u1ef1c ti\u1ebfp ngay tr\u00ean n\u1ec1n t\u1ea3ng c\u1ee7a Open88 v\u1edbi ch\u1ea5t l\u01b0\u1ee3ng h\u00ecnh \u1ea3nh cao.<\/span><\/p>\n<h3><span style=\"font-weight: 400;\">C\u00e2u H\u1ecfi 3: T\u00f4i c\u00f3 th\u1ec3 r\u00fat ti\u1ec1n t\u1eeb c\u00e1c ph\u1ea7n th\u01b0\u1edfng \u0111\u00e1 g\u00e0 kh\u00f4ng?<\/span><\/h3>\n<p><span style=\"font-weight: 400;\">C\u00f3, sau khi th\u1eafng c\u01b0\u1ee3c, b\u1ea1n c\u00f3 th\u1ec3 d\u1ec5 d\u00e0ng r\u00fat ti\u1ec1n th\u00f4ng qua c\u00e1c ph\u01b0\u01a1ng th\u1ee9c thanh to\u00e1n m\u00e0 Open88 cung c\u1ea5p.<\/span><\/p>\n<h2><span style=\"font-weight: 400;\">K\u1ebft Lu\u1eadn<\/span><\/h2>\n<p><a href=\"https:\/\/markethive.io\/da-ga-open88\/\"><b>\u0110\u00e1 G\u00e0 Open88<\/b><\/a><span style=\"font-weight: 400;\"> mang \u0111\u1ebfn m\u1ed9t th\u1ebf gi\u1edbi c\u00e1 c\u01b0\u1ee3c \u0111\u1ea7y k\u1ecbch t\u00ednh v\u00e0 c\u01a1 h\u1ed9i chi\u1ebfn th\u1eafng l\u1edbn. V\u1edbi t\u1ef7 l\u1ec7 c\u01b0\u1ee3c h\u1ea5p d\u1eabn, h\u1ec7 th\u1ed1ng b\u1ea3o m\u1eadt m\u1ea1nh m\u1ebd v\u00e0 giao di\u1ec7n d\u1ec5 s\u1eed d\u1ee5ng, Open88 lu\u00f4n l\u00e0 l\u1ef1a ch\u1ecdn h\u00e0ng \u0111\u1ea7u cho nh\u1eefng ai y\u00eau th\u00edch tr\u00f2 ch\u01a1i \u0111\u00e1 g\u00e0 tr\u1ef1c tuy\u1ebfn.<\/span><\/p>\n","protected":false},"excerpt":{"rendered":"<p>\u0110\u00e1 G\u00e0 Open88 \u2013 Tr\u1ea3i Nghi\u1ec7m C\u00e1 C\u01b0\u1ee3c \u0110\u00e1 G\u00e0 Tr\u1ef1c Tuy\u1ebfn H\u1ea5p D\u1eabn \u0110\u00e1 G\u00e0 Open88 l\u00e0 tr\u00f2 ch\u01a1i c\u00e1 c\u01b0\u1ee3c tr\u1ef1c tuy\u1ebfn n\u1ed5i b\u1eadt v\u1edbi nh\u1eefng tr\u1eadn \u0111\u1ea5u \u0111\u00e1 g\u00e0 k\u1ecbch t\u00ednh v\u00e0 c\u01a1 h\u1ed9i nh\u1eadn th\u01b0\u1edfng h\u1ea5p d\u1eabn. T\u1ea1i \u0111\u00e2y, b\u1ea1n kh\u00f4ng ch\u1ec9 \u0111\u01b0\u1ee3c tham gia c\u00e1c tr\u1eadn \u0111\u1ea5u \u0111\u1ea7y k\u1ecbch t\u00ednh [&#8230;]\n","protected":false},"author":1,"featured_media":248,"parent":0,"menu_order":0,"comment_status":"closed","ping_status":"closed","template":"","meta":{"footnotes":""},"class_list":["post-35","page","type-page","status-publish","has-post-thumbnail","hentry"],"_links":{"self":[{"href":"https:\/\/markethive.io\/vi-vn\/wp-json\/wp\/v2\/pages\/35","targetHints":{"allow":["GET"]}}],"collection":[{"href":"https:\/\/markethive.io\/vi-vn\/wp-json\/wp\/v2\/pages"}],"about":[{"href":"https:\/\/markethive.io\/vi-vn\/wp-json\/wp\/v2\/types\/page"}],"author":[{"embeddable":true,"href":"https:\/\/markethive.io\/vi-vn\/wp-json\/wp\/v2\/users\/1"}],"replies":[{"embeddable":true,"href":"https:\/\/markethive.io\/vi-vn\/wp-json\/wp\/v2\/comments?post=35"}],"version-history":[{"count":0,"href":"https:\/\/markethive.io\/vi-vn\/wp-json\/wp\/v2\/pages\/35\/revisions"}],"wp:featuredmedia":[{"embeddable":true,"href":"https:\/\/markethive.io\/vi-vn\/wp-json\/wp\/v2\/media\/248"}],"wp:attachment":[{"href":"https:\/\/markethive.io\/vi-vn\/wp-json\/wp\/v2\/media?parent=35"}],"curies":[{"name":"wp","href":"https:\/\/api.w.org\/{rel}","templated":true}]}}