{"id":37,"date":"2026-01-19T16:07:47","date_gmt":"2026-01-19T09:07:47","guid":{"rendered":"https:\/\/markethive.io\/?page_id=37"},"modified":"2026-01-22T14:43:52","modified_gmt":"2026-01-22T07:43:52","slug":"no-hu-open88","status":"publish","type":"page","link":"https:\/\/markethive.io\/vi-vn\/no-hu-open88\/","title":{"rendered":"N\u1ed5 h\u0169 Open88"},"content":{"rendered":"<h1 style=\"text-align: center;\"><span style=\"font-weight: 400;\">N\u1ed5 H\u0169 Open88: Tr\u1ea3i Nghi\u1ec7m C\u1ef1c \u0110\u1ec9nh Cho Ng\u01b0\u1eddi Ch\u01a1i C\u00e1 C\u01b0\u1ee3c Online<\/span><\/h1>\n<p><span style=\"font-weight: 400;\">N\u1ed5 h\u0169 Open88 kh\u00f4ng ch\u1ec9 l\u00e0 tr\u00f2 ch\u01a1i gi\u1ea3i tr\u00ed, m\u00e0 c\u00f2n l\u00e0 c\u01a1 h\u1ed9i \u0111\u1ec3 ng\u01b0\u1eddi ch\u01a1i th\u1eed s\u1ee9c v\u00e0 c\u00f3 th\u1ec3 gi\u00e0nh \u0111\u01b0\u1ee3c nh\u1eefng ph\u1ea7n th\u01b0\u1edfng l\u1edbn. T\u1ea1i Open88, ng\u01b0\u1eddi ch\u01a1i s\u1ebd \u0111\u01b0\u1ee3c tr\u1ea3i nghi\u1ec7m kh\u00f4ng ch\u1ec9 m\u1ed9t tr\u00f2 ch\u01a1i m\u00e0 l\u00e0 c\u1ea3 m\u1ed9t h\u1ec7 sinh th\u00e1i c\u00e1 c\u01b0\u1ee3c v\u1edbi giao di\u1ec7n th\u00e2n thi\u1ec7n, d\u1ec5 s\u1eed d\u1ee5ng v\u00e0 c\u00e1c t\u00ednh n\u0103ng n\u1ed5i b\u1eadt. C\u00f9ng t\u00ecm hi\u1ec3u t\u1ea1i sao N\u1ed5 h\u0169 Open88 l\u1ea1i thu h\u00fat h\u00e0ng tri\u1ec7u ng\u01b0\u1eddi ch\u01a1i m\u1ed7i ng\u00e0y trong b\u00e0i vi\u1ebft n\u00e0y.<\/span><\/p>\n<h2><span style=\"font-weight: 400;\">Gi\u1edbi Thi\u1ec7u N\u1ed5 H\u0169 Open88 C\u00f3 \u0110i\u1ec1u G\u00ec Cu\u1ed1n H\u00fat<\/span><\/h2>\n<p><span style=\"font-weight: 400;\">N\u1ed5 h\u0169 Open88 l\u00e0 m\u1ed9t trong nh\u1eefng tr\u00f2 ch\u01a1i h\u1ea5p d\u1eabn v\u00e0 \u0111\u01b0\u1ee3c y\u00eau th\u00edch nh\u1ea5t t\u1ea1i nh\u00e0 c\u00e1i Open88. V\u1edbi s\u1ef1 k\u1ebft h\u1ee3p ho\u00e0n h\u1ea3o gi\u1eefa t\u00ednh n\u0103ng d\u1ec5 ch\u01a1i v\u00e0 c\u01a1 h\u1ed9i th\u1eafng l\u1edbn, tr\u00f2 ch\u01a1i n\u00e0y \u0111\u00e3 thu h\u00fat kh\u00f4ng \u00edt ng\u01b0\u1eddi ch\u01a1i tr\u00ean to\u00e0n th\u1ebf gi\u1edbi. Tr\u00f2 ch\u01a1i kh\u00f4ng ch\u1ec9 \u0111\u01a1n gi\u1ea3n l\u00e0 m\u1ed9t tr\u00f2 quay s\u1ed1, m\u00e0 c\u00f2n c\u00f3 c\u00e1c t\u00ednh n\u0103ng \u0111\u1eb7c bi\u1ec7t gi\u00fap ng\u01b0\u1eddi ch\u01a1i c\u00f3 th\u1ec3 d\u1ec5 d\u00e0ng \u0111\u1ea1t \u0111\u01b0\u1ee3c chi\u1ebfn th\u1eafng l\u1edbn. H\u1ec7 th\u1ed1ng b\u1ea3o m\u1eadt c\u1ee7a Open88 c\u0169ng mang l\u1ea1i cho ng\u01b0\u1eddi ch\u01a1i s\u1ef1 an t\u00e2m t\u1ed1i \u0111a trong m\u1ed7i l\u1ea7n giao d\u1ecbch.<\/span><\/p>\n<figure id=\"attachment_251\" aria-describedby=\"caption-attachment-251\" style=\"width: 800px\" class=\"wp-caption aligncenter\"><img loading=\"lazy\" decoding=\"async\" class=\"size-full wp-image-251\" src=\"https:\/\/markethive.io\/wp-content\/uploads\/2026\/01\/gioi-thieu-no-hu-open88-hap-dan.webp\" alt=\"N\u1ed5 h\u0169 Open88 h\u1ea5p d\u1eabn ng\u01b0\u1eddi ch\u01a1i\" width=\"800\" height=\"400\" srcset=\"https:\/\/markethive.io\/wp-content\/uploads\/2026\/01\/gioi-thieu-no-hu-open88-hap-dan.webp 800w, https:\/\/markethive.io\/wp-content\/uploads\/2026\/01\/gioi-thieu-no-hu-open88-hap-dan-300x150.webp 300w, https:\/\/markethive.io\/wp-content\/uploads\/2026\/01\/gioi-thieu-no-hu-open88-hap-dan-768x384.webp 768w\" sizes=\"auto, (max-width: 800px) 100vw, 800px\" \/><figcaption id=\"caption-attachment-251\" class=\"wp-caption-text\">N\u1ed5 h\u0169 Open88 h\u1ea5p d\u1eabn ng\u01b0\u1eddi ch\u01a1i<\/figcaption><\/figure>\n<h2><span style=\"font-weight: 400;\">C\u00e1ch Ch\u01a1i N\u1ed5 H\u0169 Open88<\/span><\/h2>\n<p><span style=\"font-weight: 400;\">Tr\u01b0\u1edbc khi b\u1eaft \u0111\u1ea7u, ng\u01b0\u1eddi ch\u01a1i c\u1ea7n n\u1eafm v\u1eefng c\u00e1ch th\u1ee9c ho\u1ea1t \u0111\u1ed9ng c\u1ee7a tr\u00f2 ch\u01a1i N\u1ed5 h\u0169 Open88. M\u1eb7c d\u00f9 tr\u00f2 ch\u01a1i n\u00e0y c\u00f3 c\u00e1ch ch\u01a1i \u0111\u01a1n gi\u1ea3n, nh\u01b0ng \u0111\u1ec3 c\u00f3 th\u1ec3 gi\u00e0nh chi\u1ebfn th\u1eafng l\u1edbn, ng\u01b0\u1eddi ch\u01a1i c\u1ea7n ph\u1ea3i bi\u1ebft c\u00e1ch ch\u1ecdn m\u1ee9c c\u01b0\u1ee3c h\u1ee3p l\u00fd v\u00e0 t\u1eadn d\u1ee5ng c\u00e1c t\u00ednh n\u0103ng \u0111\u1eb7c bi\u1ec7t.<\/span><\/p>\n<h3><span style=\"font-weight: 400;\">C\u00e1ch th\u1ee9c ho\u1ea1t \u0111\u1ed9ng c\u01a1 b\u1ea3n<\/span><\/h3>\n<p><span style=\"font-weight: 400;\">N\u1ed5 h\u0169 Open88 ho\u1ea1t \u0111\u1ed9ng theo nguy\u00ean l\u00fd \u0111\u01a1n gi\u1ea3n: ng\u01b0\u1eddi ch\u01a1i ch\u1ecdn m\u1ee9c c\u01b0\u1ee3c v\u00e0 nh\u1ea5n n\u00fat quay. C\u00e1c bi\u1ec3u t\u01b0\u1ee3ng tr\u00ean m\u00e0n h\u00ecnh s\u1ebd xoay v\u00e0 khi ch\u00fang d\u1eebng l\u1ea1i, ng\u01b0\u1eddi ch\u01a1i s\u1ebd nh\u1eadn \u0111\u01b0\u1ee3c ph\u1ea7n th\u01b0\u1edfng d\u1ef1a tr\u00ean k\u1ebft qu\u1ea3 v\u00f2ng quay. T\u00f9y v\u00e0o s\u1ef1 k\u1ebft h\u1ee3p c\u1ee7a c\u00e1c bi\u1ec3u t\u01b0\u1ee3ng, ng\u01b0\u1eddi ch\u01a1i c\u00f3 th\u1ec3 nh\u1eadn \u0111\u01b0\u1ee3c c\u00e1c gi\u1ea3i th\u01b0\u1edfng l\u1edbn, \u0111\u1eb7c bi\u1ec7t l\u00e0 khi gi\u00e0nh \u0111\u01b0\u1ee3c jackpot.<\/span><\/p>\n<h3><span style=\"font-weight: 400;\">C\u00e1c b\u01b0\u1edbc c\u01a1 b\u1ea3n \u0111\u1ec3 b\u1eaft \u0111\u1ea7u<\/span><\/h3>\n<ol>\n<li style=\"font-weight: 400;\" aria-level=\"1\"><b>Ch\u1ecdn m\u1ee9c c\u01b0\u1ee3c<\/b><span style=\"font-weight: 400;\">: Tr\u01b0\u1edbc khi quay, b\u1ea1n c\u1ea7n x\u00e1c \u0111\u1ecbnh m\u1ee9c c\u01b0\u1ee3c ph\u00f9 h\u1ee3p v\u1edbi ng\u00e2n s\u00e1ch c\u1ee7a m\u00ecnh.<\/span><\/li>\n<li style=\"font-weight: 400;\" aria-level=\"1\"><b>Nh\u1ea5n quay<\/b><span style=\"font-weight: 400;\">: Sau khi ho\u00e0n t\u1ea5t \u0111\u1eb7t c\u01b0\u1ee3c, ch\u1ec9 c\u1ea7n nh\u1ea5n n\u00fat quay v\u00e0 ch\u1edd \u0111\u1ee3i k\u1ebft qu\u1ea3.<\/span><\/li>\n<li style=\"font-weight: 400;\" aria-level=\"1\"><b>Nh\u1eadn ph\u1ea7n th\u01b0\u1edfng<\/b><span style=\"font-weight: 400;\">: N\u1ebfu may m\u1eafn, b\u1ea1n c\u00f3 th\u1ec3 gi\u00e0nh \u0111\u01b0\u1ee3c nh\u1eefng ph\u1ea7n th\u01b0\u1edfng c\u1ef1c k\u1ef3 h\u1ea5p d\u1eabn, bao g\u1ed3m c\u00e1c gi\u1ea3i th\u01b0\u1edfng \u0111\u1eb7c bi\u1ec7t v\u00e0 jackpot.<\/span><\/li>\n<\/ol>\n<h2><span style=\"font-weight: 400;\">Chi\u1ebfn L\u01b0\u1ee3c Th\u1eafng Khi Ch\u01a1i N\u1ed5 H\u0169 Open88<\/span><\/h2>\n<p><span style=\"font-weight: 400;\">Vi\u1ec7c \u00e1p d\u1ee5ng chi\u1ebfn l\u01b0\u1ee3c \u0111\u00fang \u0111\u1eafn l\u00e0 y\u1ebfu t\u1ed1 quan tr\u1ecdng gi\u00fap ng\u01b0\u1eddi ch\u01a1i gia t\u0103ng kh\u1ea3 n\u0103ng chi\u1ebfn th\u1eafng trong tr\u00f2 ch\u01a1i N\u1ed5 h\u0169 Open88. M\u1eb7c d\u00f9 tr\u00f2 ch\u01a1i n\u00e0y c\u00f3 y\u1ebfu t\u1ed1 may m\u1eafn, nh\u01b0ng n\u1ebfu bi\u1ebft c\u00e1ch ch\u1ecdn m\u1ee9c c\u01b0\u1ee3c h\u1ee3p l\u00fd v\u00e0 t\u1eadn d\u1ee5ng t\u1ed1i \u0111a c\u00e1c t\u00ednh n\u0103ng \u0111\u1eb7c bi\u1ec7t, b\u1ea1n ho\u00e0n to\u00e0n c\u00f3 th\u1ec3 t\u0103ng c\u01a1 h\u1ed9i nh\u1eadn \u0111\u01b0\u1ee3c nh\u1eefng ph\u1ea7n th\u01b0\u1edfng l\u1edbn.<\/span><\/p>\n<h3><span style=\"font-weight: 400;\">Ch\u1ecdn m\u1ee9c c\u01b0\u1ee3c h\u1ee3p l\u00fd<\/span><\/h3>\n<p><span style=\"font-weight: 400;\">Khi ch\u01a1i N\u1ed5 h\u0169 Open88, vi\u1ec7c l\u1ef1a ch\u1ecdn m\u1ee9c c\u01b0\u1ee3c h\u1ee3p l\u00fd l\u00e0 y\u1ebfu t\u1ed1 quan tr\u1ecdng \u0111\u1ea7u ti\u00ean \u0111\u1ec3 t\u0103ng c\u01a1 h\u1ed9i chi\u1ebfn th\u1eafng. \u0110\u1eebng \u0111\u1eb7t c\u01b0\u1ee3c qu\u00e1 cao khi ch\u01b0a quen v\u1edbi tr\u00f2 ch\u01a1i. H\u00e3y b\u1eaft \u0111\u1ea7u v\u1edbi m\u1ee9c c\u01b0\u1ee3c nh\u1ecf v\u00e0 t\u1eeb t\u1eeb t\u0103ng l\u00ean khi b\u1ea1n \u0111\u00e3 hi\u1ec3u r\u00f5 h\u01a1n v\u1ec1 c\u00e1c t\u00ednh n\u0103ng v\u00e0 c\u01a1 ch\u1ebf c\u1ee7a tr\u00f2 ch\u01a1i.<\/span><\/p>\n<h3><span style=\"font-weight: 400;\">Kh\u00e1m Ph\u00e1 C\u00e1c T\u00ednh N\u0103ng N\u1ed5i B\u1eadt V\u00e0 T\u1eadn D\u1ee5ng L\u1ee3i \u00cdch<\/span><\/h3>\n<p><span style=\"font-weight: 400;\">Tr\u00f2 ch\u01a1i N\u1ed5 h\u0169 Open88 cung c\u1ea5p nhi\u1ec1u t\u00ednh n\u0103ng \u0111\u1eb7c bi\u1ec7t nh\u01b0 bi\u1ec3u t\u01b0\u1ee3ng Wild, Scatter v\u00e0 c\u00e1c v\u00f2ng quay mi\u1ec5n ph\u00ed. C\u00e1c t\u00ednh n\u0103ng n\u00e0y gi\u00fap b\u1ea1n c\u00f3 c\u01a1 h\u1ed9i th\u1eafng l\u1edbn h\u01a1n v\u00e0 t\u0103ng c\u01b0\u1eddng ph\u1ea7n th\u01b0\u1edfng trong m\u1ed7i v\u00f2ng quay. H\u00e3y ch\u1eafc ch\u1eafn r\u1eb1ng b\u1ea1n hi\u1ec3u r\u00f5 c\u00e1ch th\u1ee9c ho\u1ea1t \u0111\u1ed9ng c\u1ee7a c\u00e1c t\u00ednh n\u0103ng n\u00e0y \u0111\u1ec3 c\u00f3 th\u1ec3 t\u1eadn d\u1ee5ng t\u1ed1i \u0111a l\u1ee3i \u00edch m\u00e0 ch\u00fang mang l\u1ea1i.<\/span><\/p>\n<figure id=\"attachment_253\" aria-describedby=\"caption-attachment-253\" style=\"width: 800px\" class=\"wp-caption aligncenter\"><img loading=\"lazy\" decoding=\"async\" class=\"size-full wp-image-253\" src=\"https:\/\/markethive.io\/wp-content\/uploads\/2026\/01\/tinh-nang-no-hu-open88.webp\" alt=\"C\u00e1c t\u00ednh n\u0103ng n\u1ed5i b\u1eadt c\u1ee7a N\u1ed5 H\u0169 Open88\" width=\"800\" height=\"400\" srcset=\"https:\/\/markethive.io\/wp-content\/uploads\/2026\/01\/tinh-nang-no-hu-open88.webp 800w, https:\/\/markethive.io\/wp-content\/uploads\/2026\/01\/tinh-nang-no-hu-open88-300x150.webp 300w, https:\/\/markethive.io\/wp-content\/uploads\/2026\/01\/tinh-nang-no-hu-open88-768x384.webp 768w\" sizes=\"auto, (max-width: 800px) 100vw, 800px\" \/><figcaption id=\"caption-attachment-253\" class=\"wp-caption-text\">C\u00e1c t\u00ednh n\u0103ng n\u1ed5i b\u1eadt c\u1ee7a N\u1ed5 H\u0169 Open88<\/figcaption><\/figure>\n<h2><span style=\"font-weight: 400;\">B\u1ea3o M\u1eadt V\u00e0 An To\u00e0n Khi Ch\u01a1i N\u1ed5 H\u0169 Open88<\/span><\/h2>\n<p><span style=\"font-weight: 400;\">B\u1ea3o m\u1eadt l\u00e0 m\u1ed9t trong nh\u1eefng y\u1ebfu t\u1ed1 m\u00e0 ng\u01b0\u1eddi ch\u01a1i \u0111\u1eb7c bi\u1ec7t quan t\u00e2m khi tham gia c\u00e1 c\u01b0\u1ee3c tr\u1ef1c tuy\u1ebfn. Open88 \u0111\u1ea3m b\u1ea3o cung c\u1ea5p m\u1ed9t kh\u00f4ng gian ch\u01a1i game an to\u00e0n v\u00e0 b\u1ea3o m\u1eadt tuy\u1ec7t \u0111\u1ed1i cho ng\u01b0\u1eddi d\u00f9ng.<\/span><\/p>\n<h3><span style=\"font-weight: 400;\">H\u1ec7 th\u1ed1ng b\u1ea3o m\u1eadt c\u1ee7a Open88<\/span><\/h3>\n<p><span style=\"font-weight: 400;\">Open88 s\u1eed d\u1ee5ng c\u00f4ng ngh\u1ec7 m\u00e3 h\u00f3a ti\u00ean ti\u1ebfn c\u00f9ng c\u00e1c bi\u1ec7n ph\u00e1p <strong><a href=\"https:\/\/markethive.io\/chinh-sach-bao-mat-open88\/\">b\u1ea3o m\u1eadt<\/a><\/strong> ch\u1eb7t ch\u1ebd, \u0111\u1ea3m b\u1ea3o r\u1eb1ng th\u00f4ng tin v\u00e0 giao d\u1ecbch c\u1ee7a ng\u01b0\u1eddi ch\u01a1i lu\u00f4n \u0111\u01b0\u1ee3c b\u1ea3o v\u1ec7 an to\u00e0n, mang l\u1ea1i s\u1ef1 y\u00ean t\u00e2m khi tham gia c\u00e1c tr\u00f2 ch\u01a1i.<\/span><\/p>\n<h3><span style=\"font-weight: 400;\">Quy\u1ec1n l\u1ee3i c\u1ee7a ng\u01b0\u1eddi ch\u01a1i<\/span><\/h3>\n<p><span style=\"font-weight: 400;\">Open88 lu\u00f4n \u0111\u1ea3m b\u1ea3o quy\u1ec1n l\u1ee3i c\u1ee7a ng\u01b0\u1eddi ch\u01a1i b\u1eb1ng c\u00e1ch cung c\u1ea5p c\u00e1c d\u1ecbch v\u1ee5 minh b\u1ea1ch v\u00e0 c\u00f4ng b\u1eb1ng. C\u00e1c quy tr\u00ecnh n\u1ea1p ti\u1ec1n, r\u00fat ti\u1ec1n t\u1ea1i Open88 \u0111\u01b0\u1ee3c th\u1ef1c hi\u1ec7n nhanh ch\u00f3ng v\u00e0 b\u1ea3o m\u1eadt, gi\u00fap ng\u01b0\u1eddi ch\u01a1i an t\u00e2m h\u01a1n khi tham gia c\u00e1 c\u01b0\u1ee3c.<\/span><\/p>\n<h2><span style=\"font-weight: 400;\">V\u00ec Sao N\u00ean Ch\u1ecdn N\u1ed5 H\u0169 Open88?<\/span><\/h2>\n<p><span style=\"font-weight: 400;\">N\u1ed5 h\u0169 Open88 kh\u00f4ng ch\u1ec9 n\u1ed5i b\u1eadt nh\u1edd v\u00e0o c\u00e1c t\u00ednh n\u0103ng \u0111\u1eb7c bi\u1ec7t m\u00e0 c\u00f2n b\u1edfi s\u1ef1 uy t\u00edn v\u00e0 ch\u1ea5t l\u01b0\u1ee3ng m\u00e0 nh\u00e0 c\u00e1i Open88 \u0111\u00e3 x\u00e2y d\u1ef1ng trong su\u1ed1t th\u1eddi gian qua. D\u01b0\u1edbi \u0111\u00e2y l\u00e0 m\u1ed9t s\u1ed1 l\u00fd do t\u1ea1i sao b\u1ea1n n\u00ean l\u1ef1a ch\u1ecdn N\u1ed5 h\u0169 Open88 khi tham gia c\u00e1 c\u01b0\u1ee3c tr\u1ef1c tuy\u1ebfn.<\/span><\/p>\n<figure id=\"attachment_254\" aria-describedby=\"caption-attachment-254\" style=\"width: 800px\" class=\"wp-caption aligncenter\"><img loading=\"lazy\" decoding=\"async\" class=\"size-full wp-image-254\" src=\"https:\/\/markethive.io\/wp-content\/uploads\/2026\/01\/vi-sao-nen-chon-no-hu-open88.webp\" alt=\"L\u00fd do \u0111\u1ec3 ch\u1ecdn ch\u01a1i N\u1ed5 H\u0169 Open88\" width=\"800\" height=\"400\" srcset=\"https:\/\/markethive.io\/wp-content\/uploads\/2026\/01\/vi-sao-nen-chon-no-hu-open88.webp 800w, https:\/\/markethive.io\/wp-content\/uploads\/2026\/01\/vi-sao-nen-chon-no-hu-open88-300x150.webp 300w, https:\/\/markethive.io\/wp-content\/uploads\/2026\/01\/vi-sao-nen-chon-no-hu-open88-768x384.webp 768w\" sizes=\"auto, (max-width: 800px) 100vw, 800px\" \/><figcaption id=\"caption-attachment-254\" class=\"wp-caption-text\">L\u00fd do \u0111\u1ec3 ch\u1ecdn ch\u01a1i N\u1ed5 H\u0169 Open88<\/figcaption><\/figure>\n<h3><span style=\"font-weight: 400;\">L\u00fd do t\u1ea1i sao N\u1ed5 h\u0169 Open88 l\u00e0 s\u1ef1 l\u1ef1a ch\u1ecdn h\u00e0ng \u0111\u1ea7u<\/span><\/h3>\n<p><span style=\"font-weight: 400;\">N\u1ed5 h\u0169 Open88 n\u1ed5i b\u1eadt nh\u1edd c\u00e1c t\u00ednh n\u0103ng h\u1ea5p d\u1eabn, t\u1ef7 l\u1ec7 tr\u1ea3 th\u01b0\u1edfng cao v\u00e0 m\u00f4i tr\u01b0\u1eddng ch\u01a1i game an to\u00e0n. Ngo\u00e0i ra, Open88 c\u00f2n c\u00f3 \u0111\u1ed9i ng\u0169 h\u1ed7 tr\u1ee3 kh\u00e1ch h\u00e0ng chuy\u00ean nghi\u1ec7p, lu\u00f4n s\u1eb5n s\u00e0ng gi\u00fap ng\u01b0\u1eddi ch\u01a1i gi\u1ea3i quy\u1ebft m\u1ecdi th\u1eafc m\u1eafc.<\/span><\/p>\n<p><strong>&gt;&gt;<a href=\"https:\/\/markethive.io\/slot-game-open88\/\">Slot Game Open88<\/a>: Tr\u1ea3i Nghi\u1ec7m Slot Game \u0110\u1ec9nh Cao 2026<\/strong><\/p>\n<h3><span style=\"font-weight: 400;\">C\u00e1c \u01b0u \u0111i\u1ec3m khi ch\u01a1i N\u1ed5 h\u0169 Open88<\/span><\/h3>\n<ul>\n<li style=\"font-weight: 400;\" aria-level=\"1\"><b>Giao di\u1ec7n d\u1ec5 s\u1eed d\u1ee5ng<\/b><span style=\"font-weight: 400;\">: Giao di\u1ec7n tr\u00f2 ch\u01a1i \u0111\u01b0\u1ee3c thi\u1ebft k\u1ebf \u0111\u01a1n gi\u1ea3n, d\u1ec5 hi\u1ec3u, gi\u00fap ng\u01b0\u1eddi ch\u01a1i m\u1edbi c\u00f3 th\u1ec3 nhanh ch\u00f3ng l\u00e0m quen.<\/span><\/li>\n<li style=\"font-weight: 400;\" aria-level=\"1\"><b>Ph\u1ea7n th\u01b0\u1edfng h\u1ea5p d\u1eabn<\/b><span style=\"font-weight: 400;\">: C\u01a1 h\u1ed9i nh\u1eadn \u0111\u01b0\u1ee3c c\u00e1c ph\u1ea7n th\u01b0\u1edfng l\u1edbn nh\u01b0 jackpot lu\u00f4n hi\u1ec7n h\u1eefu, khi\u1ebfn tr\u00f2 ch\u01a1i th\u00eam ph\u1ea7n h\u1ea5p d\u1eabn.<\/span><\/li>\n<li style=\"font-weight: 400;\" aria-level=\"1\"><b>B\u1ea3o m\u1eadt cao<\/b><span style=\"font-weight: 400;\">: Open88 cam k\u1ebft b\u1ea3o v\u1ec7 quy\u1ec1n l\u1ee3i ng\u01b0\u1eddi ch\u01a1i v\u1edbi h\u1ec7 th\u1ed1ng b\u1ea3o m\u1eadt hi\u1ec7n \u0111\u1ea1i, \u0111\u1ea3m b\u1ea3o an to\u00e0n trong m\u1ecdi giao d\u1ecbch.<\/span><\/li>\n<\/ul>\n<h2><span style=\"font-weight: 400;\">K\u1ebft Lu\u1eadn<\/span><\/h2>\n<p><span style=\"font-weight: 400;\"><strong><a href=\"https:\/\/markethive.io\/no-hu-open88\/\">N\u1ed5 h\u0169 Open88<\/a><\/strong> l\u00e0 m\u1ed9t tr\u00f2 ch\u01a1i kh\u00f4ng th\u1ec3 b\u1ecf qua \u0111\u1ed1i v\u1edbi nh\u1eefng ai y\u00eau th\u00edch c\u00e1 c\u01b0\u1ee3c tr\u1ef1c tuy\u1ebfn. V\u1edbi h\u1ec7 th\u1ed1ng b\u1ea3o m\u1eadt uy t\u00edn, ph\u1ea7n th\u01b0\u1edfng h\u1ea5p d\u1eabn v\u00e0 giao di\u1ec7n d\u1ec5 s\u1eed d\u1ee5ng, tr\u00f2 ch\u01a1i n\u00e0y ch\u1eafc ch\u1eafn s\u1ebd mang l\u1ea1i nh\u1eefng gi\u1edd ph\u00fat gi\u1ea3i tr\u00ed th\u00fa v\u1ecb. H\u00e3y tham gia ngay \u0111\u1ec3 kh\u00e1m ph\u00e1 v\u00e0 t\u1eadn h\u01b0\u1edfng nh\u1eefng c\u01a1 h\u1ed9i chi\u1ebfn th\u1eafng t\u1ea1i <strong><a href=\"https:\/\/markethive.io\/\">Open88<\/a><\/strong>!<\/span><\/p>\n","protected":false},"excerpt":{"rendered":"<p>N\u1ed5 H\u0169 Open88: Tr\u1ea3i Nghi\u1ec7m C\u1ef1c \u0110\u1ec9nh Cho Ng\u01b0\u1eddi Ch\u01a1i C\u00e1 C\u01b0\u1ee3c Online N\u1ed5 h\u0169 Open88 kh\u00f4ng ch\u1ec9 l\u00e0 tr\u00f2 ch\u01a1i gi\u1ea3i tr\u00ed, m\u00e0 c\u00f2n l\u00e0 c\u01a1 h\u1ed9i \u0111\u1ec3 ng\u01b0\u1eddi ch\u01a1i th\u1eed s\u1ee9c v\u00e0 c\u00f3 th\u1ec3 gi\u00e0nh \u0111\u01b0\u1ee3c nh\u1eefng ph\u1ea7n th\u01b0\u1edfng l\u1edbn. T\u1ea1i Open88, ng\u01b0\u1eddi ch\u01a1i s\u1ebd \u0111\u01b0\u1ee3c tr\u1ea3i nghi\u1ec7m kh\u00f4ng ch\u1ec9 m\u1ed9t tr\u00f2 ch\u01a1i [&#8230;]\n","protected":false},"author":1,"featured_media":252,"parent":0,"menu_order":0,"comment_status":"closed","ping_status":"closed","template":"","meta":{"footnotes":""},"class_list":["post-37","page","type-page","status-publish","has-post-thumbnail","hentry"],"_links":{"self":[{"href":"https:\/\/markethive.io\/vi-vn\/wp-json\/wp\/v2\/pages\/37","targetHints":{"allow":["GET"]}}],"collection":[{"href":"https:\/\/markethive.io\/vi-vn\/wp-json\/wp\/v2\/pages"}],"about":[{"href":"https:\/\/markethive.io\/vi-vn\/wp-json\/wp\/v2\/types\/page"}],"author":[{"embeddable":true,"href":"https:\/\/markethive.io\/vi-vn\/wp-json\/wp\/v2\/users\/1"}],"replies":[{"embeddable":true,"href":"https:\/\/markethive.io\/vi-vn\/wp-json\/wp\/v2\/comments?post=37"}],"version-history":[{"count":0,"href":"https:\/\/markethive.io\/vi-vn\/wp-json\/wp\/v2\/pages\/37\/revisions"}],"wp:featuredmedia":[{"embeddable":true,"href":"https:\/\/markethive.io\/vi-vn\/wp-json\/wp\/v2\/media\/252"}],"wp:attachment":[{"href":"https:\/\/markethive.io\/vi-vn\/wp-json\/wp\/v2\/media?parent=37"}],"curies":[{"name":"wp","href":"https:\/\/api.w.org\/{rel}","templated":true}]}}