{"id":39,"date":"2026-01-19T16:07:53","date_gmt":"2026-01-19T09:07:53","guid":{"rendered":"https:\/\/markethive.io\/?page_id=39"},"modified":"2026-01-22T14:44:29","modified_gmt":"2026-01-22T07:44:29","slug":"slot-game-open88","status":"publish","type":"page","link":"https:\/\/markethive.io\/vi-vn\/slot-game-open88\/","title":{"rendered":"Slot game Open88"},"content":{"rendered":"<h1 style=\"text-align: center;\"><span style=\"font-weight: 400;\">Slot Game Open88: Tr\u1ea3i Nghi\u1ec7m Slot Game \u0110\u1ec9nh Cao 2026<\/span><\/h1>\n<p><span style=\"font-weight: 400;\"><strong><a href=\"https:\/\/markethive.io\/slot-game-open88\/\">Slot game Open88<\/a><\/strong> \u0111\u00e3 v\u00e0 \u0111ang tr\u1edf th\u00e0nh m\u1ed9t trong nh\u1eefng l\u1ef1a ch\u1ecdn y\u00eau th\u00edch c\u1ee7a ng\u01b0\u1eddi ch\u01a1i c\u00e1 c\u01b0\u1ee3c tr\u1ef1c tuy\u1ebfn nh\u1edd v\u00e0o \u0111a d\u1ea1ng th\u1ec3 lo\u1ea1i v\u00e0 t\u00ednh n\u0103ng \u0111\u1eb7c bi\u1ec7t. V\u1edbi giao di\u1ec7n d\u1ec5 s\u1eed d\u1ee5ng, c\u00e1c tr\u00f2 ch\u01a1i slot t\u1ea1i Open88 kh\u00f4ng ch\u1ec9 mang \u0111\u1ebfn ni\u1ec1m vui m\u00e0 c\u00f2n c\u00f3 th\u1ec3 gi\u00fap ng\u01b0\u1eddi ch\u01a1i gi\u00e0nh \u0111\u01b0\u1ee3c nh\u1eefng ph\u1ea7n th\u01b0\u1edfng h\u1ea5p d\u1eabn. B\u00e0i vi\u1ebft n\u00e0y s\u1ebd gi\u00fap b\u1ea1n hi\u1ec3u r\u00f5 h\u01a1n v\u1ec1 Slot game Open88 v\u00e0 l\u00fd do t\u1ea1i sao n\u00f3 l\u1ea1i thu h\u00fat \u0111\u00f4ng \u0111\u1ea3o ng\u01b0\u1eddi ch\u01a1i.<\/span><\/p>\n<h2><span style=\"font-weight: 400;\">Gi\u1edbi Thi\u1ec7u Slot Game Open88 \u0110\u1eb7c S\u1eafc 2026<\/span><\/h2>\n<p><span style=\"font-weight: 400;\">Slot game Open88 l\u00e0 m\u1ed9t trong nh\u1eefng th\u1ec3 lo\u1ea1i game ph\u1ed5 bi\u1ebfn nh\u1ea5t t\u1ea1i nh\u00e0 c\u00e1i Open88. V\u1edbi nhi\u1ec1u tr\u00f2 ch\u01a1i slot \u0111a d\u1ea1ng v\u1ec1 ch\u1ee7 \u0111\u1ec1 v\u00e0 t\u00ednh n\u0103ng, ng\u01b0\u1eddi ch\u01a1i lu\u00f4n c\u00f3 th\u1ec3 t\u00ecm th\u1ea5y m\u1ed9t tr\u00f2 ch\u01a1i ph\u00f9 h\u1ee3p v\u1edbi s\u1edf th\u00edch c\u1ee7a m\u00ecnh. T\u1eeb nh\u1eefng tr\u00f2 ch\u01a1i c\u1ed5 \u0111i\u1ec3n \u0111\u1ebfn c\u00e1c phi\u00ean b\u1ea3n slot hi\u1ec7n \u0111\u1ea1i, Open88 mang \u0111\u1ebfn cho ng\u01b0\u1eddi ch\u01a1i nh\u1eefng tr\u1ea3i nghi\u1ec7m th\u00fa v\u1ecb v\u00e0 \u0111\u1ea7y th\u1eed th\u00e1ch.<\/span><\/p>\n<p><span style=\"font-weight: 400;\">Kh\u00f4ng ch\u1ec9 th\u1ebf, c\u00e1c tr\u00f2 ch\u01a1i slot t\u1ea1i <strong><a href=\"https:\/\/markethive.io\/\">Open88<\/a> <\/strong>c\u00f2n s\u1edf h\u1eefu c\u00e1c t\u00ednh n\u0103ng h\u1ea5p d\u1eabn nh\u01b0 Wild, Scatter, v\u00f2ng quay mi\u1ec5n ph\u00ed v\u00e0 c\u00e1c bi\u1ec3u t\u01b0\u1ee3ng \u0111\u1eb7c bi\u1ec7t gi\u00fap gia t\u0103ng c\u01a1 h\u1ed9i th\u1eafng l\u1edbn cho ng\u01b0\u1eddi ch\u01a1i. Ch\u00ednh nh\u1eefng y\u1ebfu t\u1ed1 n\u00e0y \u0111\u00e3 khi\u1ebfn Slot game Open88 tr\u1edf th\u00e0nh m\u1ed9t trong nh\u1eefng l\u1ef1a ch\u1ecdn h\u00e0ng \u0111\u1ea7u c\u1ee7a c\u1ed9ng \u0111\u1ed3ng game th\u1ee7.<\/span><\/p>\n<figure id=\"attachment_257\" aria-describedby=\"caption-attachment-257\" style=\"width: 800px\" class=\"wp-caption aligncenter\"><img loading=\"lazy\" decoding=\"async\" class=\"size-full wp-image-257\" src=\"https:\/\/markethive.io\/wp-content\/uploads\/2026\/01\/gioi-thieu-slot-game-open88-dac-sac-2026.webp\" alt=\"Slot game Open88 \u0111\u1eb7c s\u1eafc 2026\" width=\"800\" height=\"400\" srcset=\"https:\/\/markethive.io\/wp-content\/uploads\/2026\/01\/gioi-thieu-slot-game-open88-dac-sac-2026.webp 800w, https:\/\/markethive.io\/wp-content\/uploads\/2026\/01\/gioi-thieu-slot-game-open88-dac-sac-2026-300x150.webp 300w, https:\/\/markethive.io\/wp-content\/uploads\/2026\/01\/gioi-thieu-slot-game-open88-dac-sac-2026-768x384.webp 768w\" sizes=\"auto, (max-width: 800px) 100vw, 800px\" \/><figcaption id=\"caption-attachment-257\" class=\"wp-caption-text\">Slot game Open88 \u0111\u1eb7c s\u1eafc 2026<\/figcaption><\/figure>\n<h2><span style=\"font-weight: 400;\">C\u00e1ch Ch\u01a1i Slot Game Open88 V\u1edbi Newbie<\/span><\/h2>\n<p><span style=\"font-weight: 400;\">Slot game Open88 cung c\u1ea5p c\u00e1ch ch\u01a1i d\u1ec5 d\u00e0ng, l\u00fd t\u01b0\u1edfng cho c\u1ea3 ng\u01b0\u1eddi ch\u01a1i m\u1edbi v\u00e0 nh\u1eefng ng\u01b0\u1eddi c\u00f3 kinh nghi\u1ec7m. D\u01b0\u1edbi \u0111\u00e2y l\u00e0 h\u01b0\u1edbng d\u1eabn c\u00e1c b\u01b0\u1edbc c\u01a1 b\u1ea3n \u0111\u1ec3 b\u1ea1n c\u00f3 th\u1ec3 b\u1eaft \u0111\u1ea7u ch\u01a1i ngay.<\/span><\/p>\n<h3><span style=\"font-weight: 400;\">Nguy\u00ean t\u1eafc v\u00e0 c\u00e1ch th\u1ee9c ho\u1ea1t \u0111\u1ed9ng c\u1ee7a Slot game<\/span><\/h3>\n<p><span style=\"font-weight: 400;\">\u0110\u1ec3 b\u1eaft \u0111\u1ea7u ch\u01a1i Slot game Open88, b\u1ea1n ch\u1ec9 c\u1ea7n ch\u1ecdn m\u1ee9c c\u01b0\u1ee3c v\u00e0 nh\u1ea5n n\u00fat quay. C\u00e1c bi\u1ec3u t\u01b0\u1ee3ng tr\u00ean m\u00e0n h\u00ecnh s\u1ebd xoay v\u00e0 khi ch\u00fang d\u1eebng l\u1ea1i, ng\u01b0\u1eddi ch\u01a1i s\u1ebd nh\u1eadn \u0111\u01b0\u1ee3c ph\u1ea7n th\u01b0\u1edfng t\u00f9y thu\u1ed9c v\u00e0o k\u1ebft qu\u1ea3 v\u00f2ng quay. C\u00e1c tr\u00f2 ch\u01a1i slot t\u1ea1i Open88 th\u01b0\u1eddng c\u00f3 t\u1eeb ba \u0111\u1ebfn n\u0103m cu\u1ed9n (reels), v\u1edbi c\u00e1c bi\u1ec3u t\u01b0\u1ee3ng kh\u00e1c nhau xu\u1ea5t hi\u1ec7n tr\u00ean c\u00e1c d\u00f2ng (paylines).<\/span><\/p>\n<figure id=\"attachment_260\" aria-describedby=\"caption-attachment-260\" style=\"width: 800px\" class=\"wp-caption aligncenter\"><img loading=\"lazy\" decoding=\"async\" class=\"size-full wp-image-260\" src=\"https:\/\/markethive.io\/wp-content\/uploads\/2026\/01\/co-che-hoat-dong-cua-slot-game-tai-open88.webp\" alt=\"C\u01a1 ch\u1ebf ho\u1ea1t \u0111\u1ed9ng c\u1ee7a Slot game Open88\" width=\"800\" height=\"400\" srcset=\"https:\/\/markethive.io\/wp-content\/uploads\/2026\/01\/co-che-hoat-dong-cua-slot-game-tai-open88.webp 800w, https:\/\/markethive.io\/wp-content\/uploads\/2026\/01\/co-che-hoat-dong-cua-slot-game-tai-open88-300x150.webp 300w, https:\/\/markethive.io\/wp-content\/uploads\/2026\/01\/co-che-hoat-dong-cua-slot-game-tai-open88-768x384.webp 768w\" sizes=\"auto, (max-width: 800px) 100vw, 800px\" \/><figcaption id=\"caption-attachment-260\" class=\"wp-caption-text\">C\u01a1 ch\u1ebf ho\u1ea1t \u0111\u1ed9ng c\u1ee7a Slot game Open88<\/figcaption><\/figure>\n<h3><span style=\"font-weight: 400;\">C\u00e1c b\u01b0\u1edbc c\u01a1 b\u1ea3n \u0111\u1ec3 ch\u01a1i<\/span><\/h3>\n<ol>\n<li style=\"font-weight: 400;\" aria-level=\"1\"><b>Ch\u1ecdn m\u1ee9c c\u01b0\u1ee3c<\/b><span style=\"font-weight: 400;\">: Tr\u01b0\u1edbc khi quay, b\u1ea1n n\u00ean ch\u1ecdn m\u1ee9c c\u01b0\u1ee3c sao cho h\u1ee3p l\u00fd v\u1edbi ng\u00e2n s\u00e1ch c\u00e1 nh\u00e2n c\u1ee7a m\u00ecnh.<\/span><\/li>\n<li style=\"font-weight: 400;\" aria-level=\"1\"><b>Nh\u1ea5n quay<\/b><span style=\"font-weight: 400;\">: Sau khi \u0111\u1eb7t c\u01b0\u1ee3c, nh\u1ea5n n\u00fat quay \u0111\u1ec3 b\u1eaft \u0111\u1ea7u v\u00f2ng quay.<\/span><\/li>\n<li style=\"font-weight: 400;\" aria-level=\"1\"><b>Nh\u1eadn ph\u1ea7n th\u01b0\u1edfng<\/b><span style=\"font-weight: 400;\">: N\u1ebfu c\u00e1c bi\u1ec3u t\u01b0\u1ee3ng tr\u00ean c\u00e1c cu\u1ed9n (reels) kh\u1edbp v\u1edbi c\u00e1c d\u00f2ng thanh to\u00e1n (paylines), b\u1ea1n s\u1ebd nh\u1eadn \u0111\u01b0\u1ee3c ph\u1ea7n th\u01b0\u1edfng t\u01b0\u01a1ng \u1ee9ng.<\/span><\/li>\n<\/ol>\n<h2><span style=\"font-weight: 400;\">C\u00e1c T\u00ednh N\u0103ng \u0110\u1eb7c Bi\u1ec7t C\u1ee7a Slot Game Open88<\/span><\/h2>\n<h3><span style=\"font-weight: 400;\">Wild v\u00e0 Scatter<\/span><\/h3>\n<p><span style=\"font-weight: 400;\">Trong Slot game Open88, t\u00ednh n\u0103ng Wild c\u00f3 th\u1ec3 thay th\u1ebf c\u00e1c bi\u1ec3u t\u01b0\u1ee3ng kh\u00e1c \u0111\u1ec3 t\u1ea1o ra c\u00e1c k\u1ebft h\u1ee3p th\u1eafng, trong khi Scatter k\u00edch ho\u1ea1t v\u00f2ng quay mi\u1ec5n ph\u00ed ho\u1eb7c \u0111em \u0111\u1ebfn ph\u1ea7n th\u01b0\u1edfng \u0111\u1eb7c bi\u1ec7t cho ng\u01b0\u1eddi ch\u01a1i.<\/span><\/p>\n<h3><span style=\"font-weight: 400;\">V\u00f2ng quay mi\u1ec5n ph\u00ed<\/span><\/h3>\n<p><span style=\"font-weight: 400;\">V\u00f2ng quay mi\u1ec5n ph\u00ed l\u00e0 m\u1ed9t trong nh\u1eefng t\u00ednh n\u0103ng h\u1ea5p d\u1eabn nh\u1ea5t trong c\u00e1c tr\u00f2 ch\u01a1i Slot game Open88. Khi b\u1ea1n gi\u00e0nh \u0111\u01b0\u1ee3c c\u00e1c bi\u1ec3u t\u01b0\u1ee3ng Scatter, b\u1ea1n s\u1ebd \u0111\u01b0\u1ee3c th\u01b0\u1edfng c\u00e1c v\u00f2ng quay mi\u1ec5n ph\u00ed m\u00e0 kh\u00f4ng c\u1ea7n ph\u1ea3i \u0111\u1eb7t c\u01b0\u1ee3c th\u00eam ti\u1ec1n. \u0110i\u1ec1u n\u00e0y gi\u00fap b\u1ea1n c\u00f3 c\u01a1 h\u1ed9i th\u1eafng m\u00e0 kh\u00f4ng ph\u1ea3i lo l\u1eafng v\u1ec1 vi\u1ec7c m\u1ea5t ti\u1ec1n c\u01b0\u1ee3c.<\/span><\/p>\n<h3><span style=\"font-weight: 400;\">Jackpot<\/span><\/h3>\n<p><span style=\"font-weight: 400;\">M\u1ed9t trong nh\u1eefng l\u00fd do khi\u1ebfn Slot game Open88 thu h\u00fat \u0111\u00f4ng \u0111\u1ea3o ng\u01b0\u1eddi ch\u01a1i l\u00e0 kh\u1ea3 n\u0103ng gi\u00e0nh \u0111\u01b0\u1ee3c jackpot. V\u1edbi c\u00e1c tr\u00f2 ch\u01a1i slot c\u00f3 gi\u1ea3i th\u01b0\u1edfng jackpot, ng\u01b0\u1eddi ch\u01a1i c\u00f3 th\u1ec3 nh\u1eadn \u0111\u01b0\u1ee3c m\u1ed9t ph\u1ea7n th\u01b0\u1edfng c\u1ef1c k\u1ef3 l\u1edbn n\u1ebfu tr\u00fang \u0111\u01b0\u1ee3c jackpot. \u0110i\u1ec1u n\u00e0y t\u1ea1o ra s\u1ef1 h\u1ea5p d\u1eabn v\u00e0 k\u00edch th\u00edch ng\u01b0\u1eddi ch\u01a1i quay th\u00eam nhi\u1ec1u v\u00f2ng \u0111\u1ec3 c\u00f3 c\u01a1 h\u1ed9i tr\u00fang gi\u1ea3i.<\/span><\/p>\n<h2><span style=\"font-weight: 400;\">B\u1ea3o M\u1eadt V\u00e0 An To\u00e0n Khi Ch\u01a1i Slot Game Open88<\/span><\/h2>\n<p><span style=\"font-weight: 400;\">Khi tham gia c\u00e1 c\u01b0\u1ee3c tr\u1ef1c tuy\u1ebfn, <strong><a href=\"https:\/\/markethive.io\/chinh-sach-bao-mat-open88\/\">b\u1ea3o m\u1eadt<\/a><\/strong> l\u00e0 y\u1ebfu t\u1ed1 c\u1ea7n thi\u1ebft. Open88 cam k\u1ebft s\u1eed d\u1ee5ng h\u1ec7 th\u1ed1ng b\u1ea3o m\u1eadt ti\u00ean ti\u1ebfn \u0111\u1ec3 b\u1ea3o v\u1ec7 an to\u00e0n cho th\u00f4ng tin c\u00e1 nh\u00e2n v\u00e0 t\u00e0i ch\u00ednh c\u1ee7a ng\u01b0\u1eddi ch\u01a1i.<\/span><\/p>\n<h3><span style=\"font-weight: 400;\">H\u1ec7 th\u1ed1ng b\u1ea3o m\u1eadt c\u1ee7a Open88<\/span><\/h3>\n<p><span style=\"font-weight: 400;\">\u0110\u1ec3 \u0111\u1ea3m b\u1ea3o an to\u00e0n cho ng\u01b0\u1eddi ch\u01a1i, Open88 s\u1eed d\u1ee5ng c\u00f4ng ngh\u1ec7 m\u00e3 h\u00f3a hi\u1ec7n \u0111\u1ea1i b\u1ea3o v\u1ec7 m\u1ecdi giao d\u1ecbch v\u00e0 th\u00f4ng tin c\u00e1 nh\u00e2n. Ng\u01b0\u1eddi ch\u01a1i c\u00f3 th\u1ec3 an t\u00e2m tham gia c\u00e1c tr\u00f2 ch\u01a1i, t\u1eeb vi\u1ec7c n\u1ea1p ti\u1ec1n, r\u00fat ti\u1ec1n \u0111\u1ebfn b\u1ea3o v\u1ec7 s\u1ef1 ri\u00eang t\u01b0 c\u1ee7a m\u00ecnh.<\/span><\/p>\n<h3><span style=\"font-weight: 400;\">Quy\u1ec1n l\u1ee3i c\u1ee7a ng\u01b0\u1eddi ch\u01a1i<\/span><\/h3>\n<p><span style=\"font-weight: 400;\">Open88 cam k\u1ebft cung c\u1ea5p m\u1ed9t tr\u1ea3i nghi\u1ec7m c\u00e1 c\u01b0\u1ee3c minh b\u1ea1ch v\u00e0 c\u00f4ng b\u1eb1ng cho ng\u01b0\u1eddi ch\u01a1i. C\u00e1c quy tr\u00ecnh giao d\u1ecbch nhanh ch\u00f3ng, kh\u00f4ng c\u00f3 s\u1ef1 gi\u00e1n \u0111o\u1ea1n, gi\u00fap ng\u01b0\u1eddi ch\u01a1i d\u1ec5 d\u00e0ng tham gia v\u00e0o c\u00e1c tr\u00f2 ch\u01a1i v\u00e0 nh\u1eadn \u0111\u01b0\u1ee3c ph\u1ea7n th\u01b0\u1edfng.<\/span><\/p>\n<h2><span style=\"font-weight: 400;\">V\u00ec Sao N\u00ean Ch\u1ecdn Slot Game Open88?<\/span><\/h2>\n<p><span style=\"font-weight: 400;\">V\u1edbi nhi\u1ec1u t\u00ednh n\u0103ng \u0111\u1eb7c bi\u1ec7t v\u00e0 c\u01a1 h\u1ed9i th\u1eafng l\u1edbn, Slot game Open88 lu\u00f4n l\u00e0 s\u1ef1 l\u1ef1a ch\u1ecdn h\u1ea5p d\u1eabn cho nh\u1eefng ai y\u00eau th\u00edch c\u00e1 c\u01b0\u1ee3c tr\u1ef1c tuy\u1ebfn.<\/span><\/p>\n<figure id=\"attachment_259\" aria-describedby=\"caption-attachment-259\" style=\"width: 800px\" class=\"wp-caption aligncenter\"><img loading=\"lazy\" decoding=\"async\" class=\"size-full wp-image-259\" src=\"https:\/\/markethive.io\/wp-content\/uploads\/2026\/01\/vi-sao-nen-chon-slot-game-open88.webp\" alt=\"L\u00fd do n\u00ean ch\u1ecdn ch\u01a1i Slot game Open88\" width=\"800\" height=\"400\" srcset=\"https:\/\/markethive.io\/wp-content\/uploads\/2026\/01\/vi-sao-nen-chon-slot-game-open88.webp 800w, https:\/\/markethive.io\/wp-content\/uploads\/2026\/01\/vi-sao-nen-chon-slot-game-open88-300x150.webp 300w, https:\/\/markethive.io\/wp-content\/uploads\/2026\/01\/vi-sao-nen-chon-slot-game-open88-768x384.webp 768w\" sizes=\"auto, (max-width: 800px) 100vw, 800px\" \/><figcaption id=\"caption-attachment-259\" class=\"wp-caption-text\">L\u00fd do n\u00ean ch\u1ecdn ch\u01a1i Slot game Open88<\/figcaption><\/figure>\n<h3><span style=\"font-weight: 400;\">L\u00fd do t\u1ea1i sao Slot game Open88 l\u00e0 s\u1ef1 l\u1ef1a ch\u1ecdn h\u00e0ng \u0111\u1ea7u<\/span><\/h3>\n<ul>\n<li style=\"font-weight: 400;\" aria-level=\"1\"><b>\u0110a d\u1ea1ng tr\u00f2 ch\u01a1i<\/b><span style=\"font-weight: 400;\">: Open88 cung c\u1ea5p m\u1ed9t lo\u1ea1t c\u00e1c tr\u00f2 ch\u01a1i slot v\u1edbi c\u00e1c ch\u1ee7 \u0111\u1ec1 kh\u00e1c nhau, ph\u00f9 h\u1ee3p v\u1edbi s\u1edf th\u00edch c\u1ee7a t\u1eebng ng\u01b0\u1eddi ch\u01a1i.<\/span><\/li>\n<li style=\"font-weight: 400;\" aria-level=\"1\"><b>Ph\u1ea7n th\u01b0\u1edfng h\u1ea5p d\u1eabn<\/b><span style=\"font-weight: 400;\">: C\u00e1c tr\u00f2 ch\u01a1i slot t\u1ea1i Open88 kh\u00f4ng ch\u1ec9 c\u00f3 c\u00e1c gi\u1ea3i th\u01b0\u1edfng nh\u1ecf m\u00e0 c\u00f2n c\u00f3 c\u1ea3 jackpot l\u1edbn, mang l\u1ea1i c\u01a1 h\u1ed9i chi\u1ebfn th\u1eafng c\u1ef1c k\u1ef3 h\u1ea5p d\u1eabn.<\/span><\/li>\n<li style=\"font-weight: 400;\" aria-level=\"1\"><b>Giao di\u1ec7n d\u1ec5 s\u1eed d\u1ee5ng<\/b><span style=\"font-weight: 400;\">: C\u00e1c tr\u00f2 ch\u01a1i slot t\u1ea1i Open88 c\u00f3 giao di\u1ec7n th\u00e2n thi\u1ec7n, d\u1ec5 hi\u1ec3u, gi\u00fap ng\u01b0\u1eddi ch\u01a1i nhanh ch\u00f3ng l\u00e0m quen v\u1edbi c\u00e1ch th\u1ee9c ho\u1ea1t \u0111\u1ed9ng c\u1ee7a game.<\/span><\/li>\n<\/ul>\n<p><strong>&gt;&gt;<a href=\"https:\/\/markethive.io\/the-thao-open88\/\">Th\u1ec3 Thao Open88<\/a> \u2013 C\u00e1 C\u01b0\u1ee3c Th\u1ec3 Thao H\u1ea5p D\u1eabn v\u00e0 C\u00f4ng B\u1eb1ng<\/strong><\/p>\n<h3><span style=\"font-weight: 400;\">C\u00e1c \u01b0u \u0111i\u1ec3m khi ch\u01a1i Slot game Open88<\/span><\/h3>\n<ul>\n<li style=\"font-weight: 400;\" aria-level=\"1\"><b>T\u00ednh n\u0103ng Wild v\u00e0 Scatter<\/b><span style=\"font-weight: 400;\">: T\u0103ng c\u01a1 h\u1ed9i chi\u1ebfn th\u1eafng v\u00e0 m\u1edf ra c\u00e1c v\u00f2ng quay mi\u1ec5n ph\u00ed.<\/span><\/li>\n<li style=\"font-weight: 400;\" aria-level=\"1\"><b>Jackpot h\u1ea5p d\u1eabn<\/b><span style=\"font-weight: 400;\">: C\u01a1 h\u1ed9i gi\u00e0nh jackpot l\u00e0 m\u1ed9t y\u1ebfu t\u1ed1 thu h\u00fat l\u1edbn cho ng\u01b0\u1eddi ch\u01a1i.<\/span><\/li>\n<li style=\"font-weight: 400;\" aria-level=\"1\"><b>B\u1ea3o m\u1eadt cao<\/b><span style=\"font-weight: 400;\">: Open88 cam k\u1ebft b\u1ea3o v\u1ec7 th\u00f4ng tin c\u1ee7a ng\u01b0\u1eddi ch\u01a1i v\u1edbi h\u1ec7 th\u1ed1ng b\u1ea3o m\u1eadt ti\u00ean ti\u1ebfn.<\/span><\/li>\n<\/ul>\n<h2><span style=\"font-weight: 400;\">K\u1ebft Lu\u1eadn<\/span><\/h2>\n<p><span style=\"font-weight: 400;\">Slot game Open88 mang \u0111\u1ebfn cho ng\u01b0\u1eddi ch\u01a1i kh\u00f4ng ch\u1ec9 l\u00e0 tr\u00f2 ch\u01a1i gi\u1ea3i tr\u00ed m\u00e0 c\u00f2n l\u00e0 c\u01a1 h\u1ed9i \u0111\u1ec3 gi\u00e0nh nh\u1eefng ph\u1ea7n th\u01b0\u1edfng h\u1ea5p d\u1eabn. V\u1edbi t\u00ednh n\u0103ng \u0111\u1eb7c bi\u1ec7t, h\u1ec7 th\u1ed1ng b\u1ea3o m\u1eadt uy t\u00edn v\u00e0 \u0111a d\u1ea1ng tr\u00f2 ch\u01a1i, Open88 ch\u1eafc ch\u1eafn s\u1ebd l\u00e0 \u0111i\u1ec3m \u0111\u1ebfn l\u00fd t\u01b0\u1edfng cho nh\u1eefng ai y\u00eau th\u00edch slot game. H\u00e3y tham gia ngay \u0111\u1ec3 tr\u1ea3i nghi\u1ec7m v\u00e0 kh\u00e1m ph\u00e1 c\u00e1c c\u01a1 h\u1ed9i chi\u1ebfn th\u1eafng l\u1edbn!<\/span><\/p>\n","protected":false},"excerpt":{"rendered":"<p>Slot Game Open88: Tr\u1ea3i Nghi\u1ec7m Slot Game \u0110\u1ec9nh Cao 2026 Slot game Open88 \u0111\u00e3 v\u00e0 \u0111ang tr\u1edf th\u00e0nh m\u1ed9t trong nh\u1eefng l\u1ef1a ch\u1ecdn y\u00eau th\u00edch c\u1ee7a ng\u01b0\u1eddi ch\u01a1i c\u00e1 c\u01b0\u1ee3c tr\u1ef1c tuy\u1ebfn nh\u1edd v\u00e0o \u0111a d\u1ea1ng th\u1ec3 lo\u1ea1i v\u00e0 t\u00ednh n\u0103ng \u0111\u1eb7c bi\u1ec7t. V\u1edbi giao di\u1ec7n d\u1ec5 s\u1eed d\u1ee5ng, c\u00e1c tr\u00f2 ch\u01a1i slot t\u1ea1i Open88 [&#8230;]\n","protected":false},"author":1,"featured_media":258,"parent":0,"menu_order":0,"comment_status":"closed","ping_status":"closed","template":"","meta":{"footnotes":""},"class_list":["post-39","page","type-page","status-publish","has-post-thumbnail","hentry"],"_links":{"self":[{"href":"https:\/\/markethive.io\/vi-vn\/wp-json\/wp\/v2\/pages\/39","targetHints":{"allow":["GET"]}}],"collection":[{"href":"https:\/\/markethive.io\/vi-vn\/wp-json\/wp\/v2\/pages"}],"about":[{"href":"https:\/\/markethive.io\/vi-vn\/wp-json\/wp\/v2\/types\/page"}],"author":[{"embeddable":true,"href":"https:\/\/markethive.io\/vi-vn\/wp-json\/wp\/v2\/users\/1"}],"replies":[{"embeddable":true,"href":"https:\/\/markethive.io\/vi-vn\/wp-json\/wp\/v2\/comments?post=39"}],"version-history":[{"count":0,"href":"https:\/\/markethive.io\/vi-vn\/wp-json\/wp\/v2\/pages\/39\/revisions"}],"wp:featuredmedia":[{"embeddable":true,"href":"https:\/\/markethive.io\/vi-vn\/wp-json\/wp\/v2\/media\/258"}],"wp:attachment":[{"href":"https:\/\/markethive.io\/vi-vn\/wp-json\/wp\/v2\/media?parent=39"}],"curies":[{"name":"wp","href":"https:\/\/api.w.org\/{rel}","templated":true}]}}