{"id":41,"date":"2026-01-19T16:08:21","date_gmt":"2026-01-19T09:08:21","guid":{"rendered":"https:\/\/markethive.io\/?page_id=41"},"modified":"2026-01-22T15:01:50","modified_gmt":"2026-01-22T08:01:50","slug":"vip-open88","status":"publish","type":"page","link":"https:\/\/markethive.io\/vi-vn\/vip-open88\/","title":{"rendered":"VIP Open88"},"content":{"rendered":"<h1 style=\"text-align: center;\"><span style=\"font-weight: 400;\">VIP Open88: D\u1ecbch V\u1ee5 \u0110\u1eb3ng C\u1ea5p Cho Ng\u01b0\u1eddi Ch\u01a1i C\u00e1 C\u01b0\u1ee3c<\/span><\/h1>\n<p><span style=\"font-weight: 400;\">VIP Open88 kh\u00f4ng ch\u1ec9 l\u00e0 m\u1ed9t c\u1ea5p \u0111\u1ed9 trong h\u1ec7 th\u1ed1ng c\u1ee7a nh\u00e0 c\u00e1i, m\u00e0 c\u00f2n l\u00e0 m\u1ed9t tr\u1ea3i nghi\u1ec7m \u0111\u1eb3ng c\u1ea5p m\u00e0 m\u1ecdi ng\u01b0\u1eddi ch\u01a1i \u0111\u1ec1u mong mu\u1ed1n \u0111\u1ea1t \u0111\u01b0\u1ee3c. V\u1edbi nh\u1eefng \u01b0u \u0111\u00e3i \u0111\u1eb7c bi\u1ec7t, d\u1ecbch v\u1ee5 ch\u0103m s\u00f3c kh\u00e1ch h\u00e0ng cao c\u1ea5p v\u00e0 c\u01a1 h\u1ed9i nh\u1eadn nh\u1eefng ph\u1ea7n th\u01b0\u1edfng h\u1ea5p d\u1eabn, VIP Open88 mang \u0111\u1ebfn cho ng\u01b0\u1eddi ch\u01a1i nh\u1eefng tr\u1ea3i nghi\u1ec7m tuy\u1ec7t v\u1eddi m\u00e0 kh\u00f4ng ph\u1ea3i ai c\u0169ng c\u00f3 th\u1ec3 \u0111\u1ea1t \u0111\u01b0\u1ee3c. B\u00e0i vi\u1ebft n\u00e0y s\u1ebd gi\u00fap b\u1ea1n hi\u1ec3u r\u00f5 h\u01a1n v\u1ec1 h\u1ec7 th\u1ed1ng VIP c\u1ee7a <strong><a href=\"https:\/\/markethive.io\/\">Open88<\/a><\/strong> v\u00e0 l\u00fd do t\u1ea1i sao b\u1ea1n n\u00ean gia nh\u1eadp.<\/span><\/p>\n<h2><span style=\"font-weight: 400;\">Gi\u1edbi Thi\u1ec7u T\u1ed5ng Quan VIP Open88 C\u00f3 \u0110i\u1ec3m G\u00ec N\u1ed5i B\u1eadt<\/span><\/h2>\n<p><span style=\"font-weight: 400;\">VIP Open88 l\u00e0 ch\u01b0\u01a1ng tr\u00ecnh d\u00e0nh ri\u00eang cho nh\u1eefng ng\u01b0\u1eddi ch\u01a1i trung th\u00e0nh v\u00e0 c\u00f3 m\u1ee9c c\u01b0\u1ee3c cao t\u1ea1i nh\u00e0 c\u00e1i Open88. Khi tham gia ch\u01b0\u01a1ng tr\u00ecnh VIP, ng\u01b0\u1eddi ch\u01a1i s\u1ebd nh\u1eadn \u0111\u01b0\u1ee3c nhi\u1ec1u quy\u1ec1n l\u1ee3i \u0111\u1eb7c bi\u1ec7t m\u00e0 kh\u00f4ng ph\u1ea3i b\u1ea5t k\u1ef3 ai c\u0169ng c\u00f3 th\u1ec3 c\u00f3. Nh\u1eefng quy\u1ec1n l\u1ee3i n\u00e0y kh\u00f4ng ch\u1ec9 gi\u00fap ng\u01b0\u1eddi ch\u01a1i c\u00f3 th\u00eam c\u01a1 h\u1ed9i th\u1eafng l\u1edbn m\u00e0 c\u00f2n mang \u0111\u1ebfn nh\u1eefng tr\u1ea3i nghi\u1ec7m c\u00e1 c\u01b0\u1ee3c \u0111\u1eb3ng c\u1ea5p v\u1edbi d\u1ecbch v\u1ee5 ch\u0103m s\u00f3c kh\u00e1ch h\u00e0ng 24\/7, c\u00e1c ph\u1ea7n th\u01b0\u1edfng \u0111\u1eb7c bi\u1ec7t, v\u00e0 nhi\u1ec1u \u01b0u \u0111\u00e3i h\u1ea5p d\u1eabn kh\u00e1c.<\/span><\/p>\n<p><span style=\"font-weight: 400;\">C\u00e1c c\u1ea5p \u0111\u1ed9 VIP c\u1ee7a Open88 \u0111\u01b0\u1ee3c ph\u00e2n chia r\u00f5 r\u00e0ng, v\u1edbi m\u1ed7i c\u1ea5p \u0111\u1ed9 t\u01b0\u01a1ng \u1ee9ng v\u1edbi m\u1ed9t s\u1ed1 quy\u1ec1n l\u1ee3i nh\u1ea5t \u0111\u1ecbnh. Ng\u01b0\u1eddi ch\u01a1i c\u00e0ng t\u00edch l\u0169y \u0111\u01b0\u1ee3c nhi\u1ec1u \u0111i\u1ec3m VIP, h\u1ecd c\u00e0ng ti\u1ebfn g\u1ea7n h\u01a1n \u0111\u1ebfn c\u00e1c quy\u1ec1n l\u1ee3i cao c\u1ea5p nh\u01b0 ti\u1ec1n th\u01b0\u1edfng, ho\u00e0n ti\u1ec1n, v\u00e0 c\u00e1c s\u1ef1 ki\u1ec7n \u0111\u1eb7c bi\u1ec7t d\u00e0nh ri\u00eang cho h\u1ed9i vi\u00ean VIP.<\/span><\/p>\n<figure id=\"attachment_263\" aria-describedby=\"caption-attachment-263\" style=\"width: 800px\" class=\"wp-caption aligncenter\"><img loading=\"lazy\" decoding=\"async\" class=\"size-full wp-image-263\" src=\"https:\/\/markethive.io\/wp-content\/uploads\/2026\/01\/gioi-thieu-tong-quan-vip-open88-noi-bat.webp\" alt=\"T\u1ed5ng quan v\u1ec1 VIP Open88 n\u1ed5i b\u1eadt\" width=\"800\" height=\"400\" srcset=\"https:\/\/markethive.io\/wp-content\/uploads\/2026\/01\/gioi-thieu-tong-quan-vip-open88-noi-bat.webp 800w, https:\/\/markethive.io\/wp-content\/uploads\/2026\/01\/gioi-thieu-tong-quan-vip-open88-noi-bat-300x150.webp 300w, https:\/\/markethive.io\/wp-content\/uploads\/2026\/01\/gioi-thieu-tong-quan-vip-open88-noi-bat-768x384.webp 768w\" sizes=\"auto, (max-width: 800px) 100vw, 800px\" \/><figcaption id=\"caption-attachment-263\" class=\"wp-caption-text\">T\u1ed5ng quan v\u1ec1 VIP Open88 n\u1ed5i b\u1eadt<\/figcaption><\/figure>\n<h2><span style=\"font-weight: 400;\">Quy\u1ec1n L\u1ee3i Khi Tr\u1edf Th\u00e0nh VIP Open88<\/span><\/h2>\n<p><span style=\"font-weight: 400;\">Khi gia nh\u1eadp VIP Open88, b\u1ea1n s\u1ebd \u0111\u01b0\u1ee3c t\u1eadn h\u01b0\u1edfng nhi\u1ec1u quy\u1ec1n l\u1ee3i v\u01b0\u1ee3t tr\u1ed9i m\u00e0 c\u00e1c th\u00e0nh vi\u00ean th\u00f4ng th\u01b0\u1eddng kh\u00f4ng c\u00f3. \u0110\u00e2y l\u00e0 l\u00fd do t\u1ea1i sao r\u1ea5t nhi\u1ec1u ng\u01b0\u1eddi ch\u01a1i mu\u1ed1n \u0111\u1ea1t \u0111\u01b0\u1ee3c c\u1ea5p \u0111\u1ed9 VIP t\u1ea1i nh\u00e0 c\u00e1i n\u00e0y.<\/span><\/p>\n<h3><span style=\"font-weight: 400;\">Ph\u1ea7n Th\u01b0\u1edfng \u0110\u1eb7c Bi\u1ec7t<\/span><\/h3>\n<p><span style=\"font-weight: 400;\">VIP Open88 kh\u00f4ng ch\u1ec9 \u0111\u01a1n thu\u1ea7n l\u00e0 v\u1ec1 c\u00e1c tr\u00f2 ch\u01a1i c\u00e1 c\u01b0\u1ee3c m\u00e0 c\u00f2n li\u00ean quan \u0111\u1ebfn c\u00e1c ph\u1ea7n th\u01b0\u1edfng \u0111\u1eb7c bi\u1ec7t d\u00e0nh ri\u00eang cho h\u1ed9i vi\u00ean VIP. Nh\u1eefng ph\u1ea7n th\u01b0\u1edfng n\u00e0y c\u00f3 th\u1ec3 l\u00e0 ti\u1ec1n th\u01b0\u1edfng, v\u00e9 tham gia c\u00e1c s\u1ef1 ki\u1ec7n \u0111\u1eb7c bi\u1ec7t, ho\u1eb7c th\u1eadm ch\u00ed l\u00e0 nh\u1eefng chuy\u1ebfn du l\u1ecbch cao c\u1ea5p. \u0110i\u1ec1u n\u00e0y gi\u00fap ng\u01b0\u1eddi ch\u01a1i c\u1ea3m th\u1ea5y \u0111\u01b0\u1ee3c t\u00f4n vinh v\u00e0 \u0111\u1ed9ng vi\u00ean ti\u1ebfp t\u1ee5c g\u1eafn b\u00f3 l\u00e2u d\u00e0i v\u1edbi Open88.<\/span><\/p>\n<h3><span style=\"font-weight: 400;\">Ho\u00e0n Ti\u1ec1n Cao<\/span><\/h3>\n<p><span style=\"font-weight: 400;\">M\u1ed9t trong nh\u1eefng quy\u1ec1n l\u1ee3i h\u1ea5p d\u1eabn nh\u1ea5t khi tr\u1edf th\u00e0nh VIP Open88 l\u00e0 ch\u1ebf \u0111\u1ed9 ho\u00e0n ti\u1ec1n cao. C\u00e1c th\u00e0nh vi\u00ean VIP s\u1ebd \u0111\u01b0\u1ee3c nh\u1eadn l\u1ea1i m\u1ed9t ph\u1ea7n ti\u1ec1n c\u01b0\u1ee3c \u0111\u00e3 thua trong c\u00e1c tr\u00f2 ch\u01a1i, gi\u00fap gi\u1ea3m b\u1edbt g\u00e1nh n\u1eb7ng t\u00e0i ch\u00ednh v\u00e0 t\u1ea1o \u0111\u1ed9ng l\u1ef1c cho ng\u01b0\u1eddi ch\u01a1i ti\u1ebfp t\u1ee5c tham gia. T\u1ef7 l\u1ec7 ho\u00e0n ti\u1ec1n cho h\u1ed9i vi\u00ean VIP th\u01b0\u1eddng cao h\u01a1n so v\u1edbi ng\u01b0\u1eddi ch\u01a1i th\u00f4ng th\u01b0\u1eddng.<\/span><\/p>\n<h3><span style=\"font-weight: 400;\">Ch\u0103m S\u00f3c Kh\u00e1ch H\u00e0ng \u0110\u1eb7c Bi\u1ec7t T\u1ea1i Open88<\/span><\/h3>\n<p><span style=\"font-weight: 400;\">V\u1edbi t\u01b0 c\u00e1ch l\u00e0 VIP Open88, b\u1ea1n s\u1ebd \u0111\u01b0\u1ee3c h\u01b0\u1edfng d\u1ecbch v\u1ee5 ch\u0103m s\u00f3c kh\u00e1ch h\u00e0ng 24\/7. \u0110\u1ed9i ng\u0169 h\u1ed7 tr\u1ee3 t\u1eadn t\u00ecnh v\u00e0 chuy\u00ean nghi\u1ec7p s\u1ebd gi\u1ea3i quy\u1ebft m\u1ecdi th\u1eafc m\u1eafc c\u1ee7a b\u1ea1n, gi\u00fap tr\u1ea3i nghi\u1ec7m c\u00e1 c\u01b0\u1ee3c tr\u1edf n\u00ean d\u1ec5 d\u00e0ng v\u00e0 tho\u1ea3i m\u00e1i.<\/span><\/p>\n<h3><span style=\"font-weight: 400;\">Ch\u01b0\u01a1ng Tr\u00ecnh S\u1ef1 Ki\u1ec7n VIP \u0110\u1eb7c Quy\u1ec1n<\/span><\/h3>\n<p><span style=\"font-weight: 400;\">VIP Open88 kh\u00f4ng ch\u1ec9 d\u00e0nh cho nh\u1eefng ng\u01b0\u1eddi ch\u01a1i v\u1edbi m\u1ee9c c\u01b0\u1ee3c cao, m\u00e0 c\u00f2n l\u00e0 c\u01a1 h\u1ed9i \u0111\u1ec3 tham gia c\u00e1c s\u1ef1 ki\u1ec7n \u0111\u1eb7c bi\u1ec7t, ch\u1ec9 d\u00e0nh ri\u00eang cho h\u1ed9i vi\u00ean VIP. C\u00e1c s\u1ef1 ki\u1ec7n n\u00e0y c\u00f3 th\u1ec3 l\u00e0 c\u00e1c gi\u1ea3i \u0111\u1ea5u l\u1edbn v\u1edbi ph\u1ea7n th\u01b0\u1edfng h\u1ea5p d\u1eabn, c\u00e1c cu\u1ed9c thi ho\u1eb7c nh\u1eefng bu\u1ed5i ti\u1ec7c \u0111\u1eb7c bi\u1ec7t \u0111\u01b0\u1ee3c t\u1ed5 ch\u1ee9c cho nh\u1eefng ng\u01b0\u1eddi ch\u01a1i c\u00f3 c\u1ea5p \u0111\u1ed9 VIP.<\/span><\/p>\n<figure id=\"attachment_266\" aria-describedby=\"caption-attachment-266\" style=\"width: 800px\" class=\"wp-caption aligncenter\"><img loading=\"lazy\" decoding=\"async\" class=\"size-full wp-image-266\" src=\"https:\/\/markethive.io\/wp-content\/uploads\/2026\/01\/chuong-trinh-su-kien-vip-dac-quyen.webp\" alt=\"S\u1ef1 ki\u1ec7n VIP \u0111\u1eb7c quy\u1ec1n t\u1ea1i Open88\" width=\"800\" height=\"400\" srcset=\"https:\/\/markethive.io\/wp-content\/uploads\/2026\/01\/chuong-trinh-su-kien-vip-dac-quyen.webp 800w, https:\/\/markethive.io\/wp-content\/uploads\/2026\/01\/chuong-trinh-su-kien-vip-dac-quyen-300x150.webp 300w, https:\/\/markethive.io\/wp-content\/uploads\/2026\/01\/chuong-trinh-su-kien-vip-dac-quyen-768x384.webp 768w\" sizes=\"auto, (max-width: 800px) 100vw, 800px\" \/><figcaption id=\"caption-attachment-266\" class=\"wp-caption-text\">S\u1ef1 ki\u1ec7n VIP \u0111\u1eb7c quy\u1ec1n t\u1ea1i Open88<\/figcaption><\/figure>\n<h2><span style=\"font-weight: 400;\">L\u00e0m Th\u1ebf N\u00e0o \u0110\u1ec3 Tr\u1edf Th\u00e0nh VIP Open88?<\/span><\/h2>\n<p><span style=\"font-weight: 400;\">\u0110\u1ec3 tr\u1edf th\u00e0nh VIP Open88, ng\u01b0\u1eddi ch\u01a1i c\u1ea7n ph\u1ea3i \u0111\u00e1p \u1ee9ng m\u1ed9t s\u1ed1 \u0111i\u1ec1u ki\u1ec7n nh\u1ea5t \u0111\u1ecbnh, ch\u1ee7 y\u1ebfu l\u00e0 v\u1ec1 m\u1ee9c c\u01b0\u1ee3c v\u00e0 th\u1eddi gian tham gia tr\u00f2 ch\u01a1i t\u1ea1i nh\u00e0 c\u00e1i. D\u01b0\u1edbi \u0111\u00e2y l\u00e0 c\u00e1c b\u01b0\u1edbc c\u01a1 b\u1ea3n \u0111\u1ec3 b\u1ea1n c\u00f3 th\u1ec3 gia nh\u1eadp c\u1ed9ng \u0111\u1ed3ng VIP c\u1ee7a Open88.<\/span><\/p>\n<h3><span style=\"font-weight: 400;\">T\u00edch L\u0169y \u0110i\u1ec3m VIP<\/span><\/h3>\n<p><span style=\"font-weight: 400;\">M\u1ed7i khi b\u1ea1n tham gia c\u00e1c tr\u00f2 ch\u01a1i v\u00e0 \u0111\u1eb7t c\u01b0\u1ee3c t\u1ea1i Open88, b\u1ea1n s\u1ebd t\u00edch l\u0169y \u0111\u01b0\u1ee3c \u0111i\u1ec3m VIP. S\u1ed1 \u0111i\u1ec3m n\u00e0y s\u1ebd quy\u1ebft \u0111\u1ecbnh b\u1ea1n \u0111ang \u1edf c\u1ea5p \u0111\u1ed9 n\u00e0o trong h\u1ec7 th\u1ed1ng VIP. B\u1ea1n c\u00e0ng ch\u01a1i l\u00e2u v\u00e0 c\u01b0\u1ee3c cao, s\u1ed1 \u0111i\u1ec3m b\u1ea1n t\u00edch l\u0169y s\u1ebd c\u00e0ng l\u1edbn, gi\u00fap b\u1ea1n th\u0103ng h\u1ea1ng l\u00ean c\u00e1c c\u1ea5p \u0111\u1ed9 VIP cao h\u01a1n v\u00e0 nh\u1eadn \u0111\u01b0\u1ee3c nhi\u1ec1u quy\u1ec1n l\u1ee3i h\u1ea5p d\u1eabn.<\/span><\/p>\n<h3><span style=\"font-weight: 400;\">\u0110\u1ea1t M\u1ee9c C\u01b0\u1ee3c Cao<\/span><\/h3>\n<p><span style=\"font-weight: 400;\">M\u1ed9t trong nh\u1eefng y\u1ebfu t\u1ed1 quan tr\u1ecdng \u0111\u1ec3 tr\u1edf th\u00e0nh VIP l\u00e0 m\u1ee9c c\u01b0\u1ee3c c\u1ee7a b\u1ea1n. Ng\u01b0\u1eddi ch\u01a1i c\u00f3 m\u1ee9c c\u01b0\u1ee3c cao v\u00e0 th\u01b0\u1eddng xuy\u00ean s\u1ebd nhanh ch\u00f3ng \u0111\u1ea1t \u0111\u01b0\u1ee3c c\u1ea5p \u0111\u1ed9 VIP. M\u1ee9c c\u01b0\u1ee3c n\u00e0y kh\u00f4ng ch\u1ec9 gi\u00fap b\u1ea1n t\u00edch l\u0169y \u0111i\u1ec3m nhanh m\u00e0 c\u00f2n m\u1edf ra c\u01a1 h\u1ed9i nh\u1eadn \u0111\u01b0\u1ee3c c\u00e1c ph\u1ea7n th\u01b0\u1edfng \u0111\u1eb7c bi\u1ec7t t\u1eeb Open88.<\/span><\/p>\n<h2><span style=\"font-weight: 400;\">B\u1ea3o M\u1eadt V\u00e0 An To\u00e0n Khi Tr\u1edf Th\u00e0nh VIP Open88<\/span><\/h2>\n<p><span style=\"font-weight: 400;\">Open88 hi\u1ec3u r\u1eb1ng b\u1ea3o m\u1eadt l\u00e0 m\u1ed1i quan t\u00e2m ch\u00ednh c\u1ee7a ng\u01b0\u1eddi ch\u01a1i khi c\u00e1 c\u01b0\u1ee3c tr\u1ef1c tuy\u1ebfn, v\u00ec v\u1eady cam k\u1ebft cung c\u1ea5p m\u1ed9t m\u00f4i tr\u01b0\u1eddng ch\u01a1i game an to\u00e0n v\u00e0 b\u1ea3o m\u1eadt.<\/span><\/p>\n<h3><span style=\"font-weight: 400;\">H\u1ec7 th\u1ed1ng b\u1ea3o m\u1eadt c\u1ee7a Open88<\/span><\/h3>\n<p><span style=\"font-weight: 400;\">Open88 s\u1eed d\u1ee5ng c\u00f4ng ngh\u1ec7 m\u00e3 h\u00f3a ti\u00ean ti\u1ebfn \u0111\u1ec3 b\u1ea3o v\u1ec7 m\u1ecdi th\u00f4ng tin c\u00e1 nh\u00e2n v\u00e0 t\u00e0i ch\u00ednh c\u1ee7a ng\u01b0\u1eddi ch\u01a1i, \u0111\u1ea3m b\u1ea3o r\u1eb1ng c\u00e1c giao d\u1ecbch lu\u00f4n \u0111\u01b0\u1ee3c th\u1ef1c hi\u1ec7n m\u1ed9t c\u00e1ch an to\u00e0n v\u00e0 b\u1ea3o m\u1eadt. D\u00f9 b\u1ea1n l\u00e0 ng\u01b0\u1eddi ch\u01a1i th\u00f4ng th\u01b0\u1eddng hay l\u00e0 VIP, Open88 lu\u00f4n \u0111\u1eb7t s\u1ef1 an to\u00e0n c\u1ee7a b\u1ea1n l\u00ean h\u00e0ng \u0111\u1ea7u.<\/span><\/p>\n<h3><span style=\"font-weight: 400;\">Quy\u1ec1n l\u1ee3i c\u1ee7a ng\u01b0\u1eddi ch\u01a1i VIP<\/span><\/h3>\n<p><span style=\"font-weight: 400;\">Open88 lu\u00f4n \u0111\u1ea3m b\u1ea3o r\u1eb1ng c\u00e1c th\u00e0nh vi\u00ean VIP c\u1ee7a m\u00ecnh \u0111\u01b0\u1ee3c h\u01b0\u1edfng \u0111\u1ea7y \u0111\u1ee7 c\u00e1c quy\u1ec1n l\u1ee3i m\u00e0 kh\u00f4ng ph\u1ea3i lo l\u1eafng v\u1ec1 b\u1ea5t k\u1ef3 s\u1ef1 gi\u00e1n \u0111o\u1ea1n hay v\u1ea5n \u0111\u1ec1 b\u1ea3o m\u1eadt n\u00e0o. \u0110\u1ed9i ng\u0169 ch\u0103m s\u00f3c kh\u00e1ch h\u00e0ng s\u1ebd lu\u00f4n t\u00fac tr\u1ef1c 24\/7 \u0111\u1ec3 h\u1ed7 tr\u1ee3 b\u1ea1n trong m\u1ecdi t\u00ecnh hu\u1ed1ng.<\/span><\/p>\n<figure id=\"attachment_264\" aria-describedby=\"caption-attachment-264\" style=\"width: 800px\" class=\"wp-caption aligncenter\"><img loading=\"lazy\" decoding=\"async\" class=\"size-full wp-image-264\" src=\"https:\/\/markethive.io\/wp-content\/uploads\/2026\/01\/quyen-loi-nguoi-choi-vip-open88.webp\" alt=\"Quy\u1ec1n l\u1ee3i ri\u00eang bi\u1ec7t d\u00e0nh cho ng\u01b0\u1eddi ch\u01a1i VIP\" width=\"800\" height=\"400\" srcset=\"https:\/\/markethive.io\/wp-content\/uploads\/2026\/01\/quyen-loi-nguoi-choi-vip-open88.webp 800w, https:\/\/markethive.io\/wp-content\/uploads\/2026\/01\/quyen-loi-nguoi-choi-vip-open88-300x150.webp 300w, https:\/\/markethive.io\/wp-content\/uploads\/2026\/01\/quyen-loi-nguoi-choi-vip-open88-768x384.webp 768w\" sizes=\"auto, (max-width: 800px) 100vw, 800px\" \/><figcaption id=\"caption-attachment-264\" class=\"wp-caption-text\">Quy\u1ec1n l\u1ee3i ri\u00eang bi\u1ec7t d\u00e0nh cho ng\u01b0\u1eddi ch\u01a1i VIP<\/figcaption><\/figure>\n<h2><span style=\"font-weight: 400;\">V\u00ec Sao N\u00ean Tr\u1edf Th\u00e0nh VIP Open88?<\/span><\/h2>\n<p><span style=\"font-weight: 400;\">VIP Open88 kh\u00f4ng ch\u1ec9 mang \u0111\u1ebfn nh\u1eefng quy\u1ec1n l\u1ee3i v\u01b0\u1ee3t tr\u1ed9i m\u00e0 c\u00f2n gi\u00fap ng\u01b0\u1eddi ch\u01a1i c\u1ea3m th\u1ea5y \u0111\u01b0\u1ee3c coi tr\u1ecdng v\u00e0 nh\u1eadn \u0111\u01b0\u1ee3c s\u1ef1 ch\u0103m s\u00f3c \u0111\u1eb7c bi\u1ec7t. D\u01b0\u1edbi \u0111\u00e2y l\u00e0 l\u00fd do t\u1ea1i sao b\u1ea1n n\u00ean tr\u1edf th\u00e0nh VIP c\u1ee7a Open88.<\/span><\/p>\n<h3><span style=\"font-weight: 400;\">L\u00fd do t\u1ea1i sao VIP Open88 l\u00e0 s\u1ef1 l\u1ef1a ch\u1ecdn h\u00e0ng \u0111\u1ea7u<\/span><\/h3>\n<ul>\n<li style=\"font-weight: 400;\" aria-level=\"1\"><b>\u01afu \u0111\u00e3i \u0111\u1eb7c bi\u1ec7t<\/b><span style=\"font-weight: 400;\">: C\u00e1c ph\u1ea7n th\u01b0\u1edfng d\u00e0nh ri\u00eang cho VIP lu\u00f4n h\u1ea5p d\u1eabn v\u00e0 gi\u00e1 tr\u1ecb.<\/span><\/li>\n<li style=\"font-weight: 400;\" aria-level=\"1\"><b>Ch\u0103m s\u00f3c kh\u00e1ch h\u00e0ng cao c\u1ea5p<\/b><span style=\"font-weight: 400;\">: B\u1ea1n s\u1ebd \u0111\u01b0\u1ee3c h\u01b0\u1edfng d\u1ecbch v\u1ee5 h\u1ed7 tr\u1ee3 t\u1eadn t\u00e2m v\u00e0 chuy\u00ean nghi\u1ec7p.<\/span><\/li>\n<li style=\"font-weight: 400;\" aria-level=\"1\"><b>C\u01a1 h\u1ed9i nh\u1eadn jackpot cao<\/b><span style=\"font-weight: 400;\">: C\u1ed9ng \u0111\u1ed3ng VIP c\u00f3 c\u01a1 h\u1ed9i tham gia v\u00e0o c\u00e1c s\u1ef1 ki\u1ec7n jackpot \u0111\u1eb7c bi\u1ec7t.<\/span><\/li>\n<\/ul>\n<p><strong>&gt;&gt;<a href=\"https:\/\/markethive.io\/khuyen-mai-open88\/\">Khuy\u1ebfn M\u00e3i Open88<\/a> \u2013 C\u00e1c Ch\u01b0\u01a1ng Tr\u00ecnh \u01afu \u0110\u00e3i H\u1ea5p D\u1eabn<\/strong><\/p>\n<h3><span style=\"font-weight: 400;\">C\u00e1c \u01b0u \u0111i\u1ec3m khi tr\u1edf th\u00e0nh VIP Open88<\/span><\/h3>\n<ul>\n<li style=\"font-weight: 400;\" aria-level=\"1\"><b>Ho\u00e0n ti\u1ec1n cao<\/b><span style=\"font-weight: 400;\">: Nh\u1eadn l\u1ea1i m\u1ed9t ph\u1ea7n ti\u1ec1n c\u01b0\u1ee3c khi tham gia c\u00e1c tr\u00f2 ch\u01a1i.<\/span><\/li>\n<li style=\"font-weight: 400;\" aria-level=\"1\"><b>Ph\u1ea7n th\u01b0\u1edfng v\u00e0 s\u1ef1 ki\u1ec7n \u0111\u1eb7c bi\u1ec7t<\/b><span style=\"font-weight: 400;\">: \u0110\u01b0\u1ee3c tham gia v\u00e0o c\u00e1c s\u1ef1 ki\u1ec7n \u0111\u1ed9c quy\u1ec1n d\u00e0nh ri\u00eang cho h\u1ed9i vi\u00ean VIP.<\/span><\/li>\n<li style=\"font-weight: 400;\" aria-level=\"1\"><b>Ch\u0103m s\u00f3c kh\u00e1ch h\u00e0ng 24\/7<\/b><span style=\"font-weight: 400;\">: D\u1ecbch v\u1ee5 ch\u0103m s\u00f3c kh\u00e1ch h\u00e0ng lu\u00f4n s\u1eb5n s\u00e0ng h\u1ed7 tr\u1ee3 b\u1ea1n m\u1ecdi l\u00fac, m\u1ecdi n\u01a1i.<\/span><\/li>\n<\/ul>\n<h2><span style=\"font-weight: 400;\">K\u1ebft Lu\u1eadn<\/span><\/h2>\n<p><span style=\"font-weight: 400;\">Tr\u1edf th\u00e0nh th\u00e0nh vi\u00ean <strong><a href=\"https:\/\/markethive.io\/vip-open88\/\">VIP Open88<\/a><\/strong> kh\u00f4ng ch\u1ec9 mang l\u1ea1i c\u00e1c \u01b0u \u0111\u00e3i h\u1ea5p d\u1eabn m\u00e0 c\u00f2n gi\u00fap b\u1ea1n tr\u1ea3i nghi\u1ec7m c\u00e1 c\u01b0\u1ee3c \u0111\u1eb3ng c\u1ea5p. V\u1edbi quy\u1ec1n l\u1ee3i \u0111\u1eb7c bi\u1ec7t, d\u1ecbch v\u1ee5 ch\u0103m s\u00f3c kh\u00e1ch h\u00e0ng t\u1eadn t\u00ecnh v\u00e0 c\u01a1 h\u1ed9i tham gia c\u00e1c s\u1ef1 ki\u1ec7n VIP, Open88 l\u00e0 l\u1ef1a ch\u1ecdn l\u00fd t\u01b0\u1edfng cho nh\u1eefng ai mu\u1ed1n gia nh\u1eadp c\u1ed9ng \u0111\u1ed3ng c\u00e1 c\u01b0\u1ee3c cao c\u1ea5p.<\/span><\/p>\n","protected":false},"excerpt":{"rendered":"<p>VIP Open88: D\u1ecbch V\u1ee5 \u0110\u1eb3ng C\u1ea5p Cho Ng\u01b0\u1eddi Ch\u01a1i C\u00e1 C\u01b0\u1ee3c VIP Open88 kh\u00f4ng ch\u1ec9 l\u00e0 m\u1ed9t c\u1ea5p \u0111\u1ed9 trong h\u1ec7 th\u1ed1ng c\u1ee7a nh\u00e0 c\u00e1i, m\u00e0 c\u00f2n l\u00e0 m\u1ed9t tr\u1ea3i nghi\u1ec7m \u0111\u1eb3ng c\u1ea5p m\u00e0 m\u1ecdi ng\u01b0\u1eddi ch\u01a1i \u0111\u1ec1u mong mu\u1ed1n \u0111\u1ea1t \u0111\u01b0\u1ee3c. V\u1edbi nh\u1eefng \u01b0u \u0111\u00e3i \u0111\u1eb7c bi\u1ec7t, d\u1ecbch v\u1ee5 ch\u0103m s\u00f3c kh\u00e1ch h\u00e0ng cao [&#8230;]\n","protected":false},"author":1,"featured_media":265,"parent":0,"menu_order":0,"comment_status":"closed","ping_status":"closed","template":"","meta":{"footnotes":""},"class_list":["post-41","page","type-page","status-publish","has-post-thumbnail","hentry"],"_links":{"self":[{"href":"https:\/\/markethive.io\/vi-vn\/wp-json\/wp\/v2\/pages\/41","targetHints":{"allow":["GET"]}}],"collection":[{"href":"https:\/\/markethive.io\/vi-vn\/wp-json\/wp\/v2\/pages"}],"about":[{"href":"https:\/\/markethive.io\/vi-vn\/wp-json\/wp\/v2\/types\/page"}],"author":[{"embeddable":true,"href":"https:\/\/markethive.io\/vi-vn\/wp-json\/wp\/v2\/users\/1"}],"replies":[{"embeddable":true,"href":"https:\/\/markethive.io\/vi-vn\/wp-json\/wp\/v2\/comments?post=41"}],"version-history":[{"count":0,"href":"https:\/\/markethive.io\/vi-vn\/wp-json\/wp\/v2\/pages\/41\/revisions"}],"wp:featuredmedia":[{"embeddable":true,"href":"https:\/\/markethive.io\/vi-vn\/wp-json\/wp\/v2\/media\/265"}],"wp:attachment":[{"href":"https:\/\/markethive.io\/vi-vn\/wp-json\/wp\/v2\/media?parent=41"}],"curies":[{"name":"wp","href":"https:\/\/api.w.org\/{rel}","templated":true}]}}