{"id":43,"date":"2026-01-19T16:08:26","date_gmt":"2026-01-19T09:08:26","guid":{"rendered":"https:\/\/markethive.io\/?page_id=43"},"modified":"2026-01-22T14:49:41","modified_gmt":"2026-01-22T07:49:41","slug":"dang-ky-open88","status":"publish","type":"page","link":"https:\/\/markethive.io\/vi-vn\/dang-ky-open88\/","title":{"rendered":"\u0110\u0103ng k\u00fd Open88"},"content":{"rendered":"<h1 style=\"text-align: center;\"><span style=\"font-weight: 400;\">\u0110\u0103ng K\u00fd Open88: H\u01b0\u1edbng D\u1eabn \u0110\u0103ng K\u00fd T\u00e0i Kho\u1ea3n Nhanh Ch\u00f3ng<\/span><\/h1>\n<p><span style=\"font-weight: 400;\">\u0110\u1ec3 b\u1eaft \u0111\u1ea7u tham gia v\u00e0o c\u00e1c tr\u00f2 ch\u01a1i c\u00e1 c\u01b0\u1ee3c th\u00fa v\u1ecb t\u1ea1i <strong><a href=\"https:\/\/markethive.io\/\">Open88<\/a><\/strong>, b\u01b0\u1edbc \u0111\u1ea7u ti\u00ean l\u00e0 \u0111\u0103ng k\u00fd t\u00e0i kho\u1ea3n. Vi\u1ec7c \u0110\u0103ng k\u00fd Open88 r\u1ea5t \u0111\u01a1n gi\u1ea3n v\u00e0 ch\u1ec9 m\u1ea5t v\u00e0i ph\u00fat. Nh\u00e0 c\u00e1i n\u00e0y mang \u0111\u1ebfn kh\u00f4ng ch\u1ec9 c\u00e1c tr\u00f2 ch\u01a1i h\u1ea5p d\u1eabn m\u00e0 c\u00f2n nh\u1eefng ph\u1ea7n th\u01b0\u1edfng \u0111\u1eb7c bi\u1ec7t v\u00e0 ch\u01b0\u01a1ng tr\u00ecnh khuy\u1ebfn m\u00e3i h\u1ea5p d\u1eabn. B\u00e0i vi\u1ebft n\u00e0y s\u1ebd h\u01b0\u1edbng d\u1eabn b\u1ea1n c\u00e1ch \u0110\u0103ng k\u00fd Open88 m\u1ed9t c\u00e1ch nhanh ch\u00f3ng v\u00e0 d\u1ec5 d\u00e0ng.<\/span><\/p>\n<h2><span style=\"font-weight: 400;\">Gi\u1edbi Thi\u1ec7u Qua V\u1ec1 Nh\u00e0 C\u00e1i Open88<\/span><\/h2>\n<p><span style=\"font-weight: 400;\">Open88 l\u00e0 m\u1ed9t trong nh\u1eefng nh\u00e0 c\u00e1i c\u00e1 c\u01b0\u1ee3c tr\u1ef1c tuy\u1ebfn uy t\u00edn v\u00e0 n\u1ed5i b\u1eadt v\u1edbi c\u00e1c tr\u00f2 ch\u01a1i \u0111a d\u1ea1ng nh\u01b0 <strong><a href=\"https:\/\/markethive.io\/casino-open88\/\">casino tr\u1ef1c tuy\u1ebfn<\/a><\/strong>, th\u1ec3 thao, slot game v\u00e0 nhi\u1ec1u l\u1ef1a ch\u1ecdn kh\u00e1c. Nh\u00e0 c\u00e1i n\u00e0y n\u1ed5i b\u1eadt v\u1edbi t\u1ef7 l\u1ec7 c\u01b0\u1ee3c cao, giao di\u1ec7n d\u1ec5 s\u1eed d\u1ee5ng v\u00e0 h\u1ec7 th\u1ed1ng b\u1ea3o m\u1eadt an to\u00e0n, gi\u00fap ng\u01b0\u1eddi ch\u01a1i c\u00f3 th\u1ec3 tho\u1ea3i m\u00e1i tham gia m\u00e0 kh\u00f4ng lo v\u1ec1 v\u1ea5n \u0111\u1ec1 b\u1ea3o m\u1eadt. \u0110\u1ec3 tham gia c\u00e1 c\u01b0\u1ee3c t\u1ea1i Open88, b\u1ea1n ch\u1ec9 c\u1ea7n th\u1ef1c hi\u1ec7n b\u01b0\u1edbc \u0110\u0103ng k\u00fd Open88.<\/span><\/p>\n<figure id=\"attachment_269\" aria-describedby=\"caption-attachment-269\" style=\"width: 800px\" class=\"wp-caption aligncenter\"><img loading=\"lazy\" decoding=\"async\" class=\"size-full wp-image-269\" src=\"https:\/\/markethive.io\/wp-content\/uploads\/2026\/01\/gioi-thieu-nha-cai-open88-moi-nhat-2026.webp\" alt=\"Gi\u1edbi thi\u1ec7u nh\u00e0 c\u00e1i Open88 n\u1ed5i b\u1eadt 2026\" width=\"800\" height=\"400\" srcset=\"https:\/\/markethive.io\/wp-content\/uploads\/2026\/01\/gioi-thieu-nha-cai-open88-moi-nhat-2026.webp 800w, https:\/\/markethive.io\/wp-content\/uploads\/2026\/01\/gioi-thieu-nha-cai-open88-moi-nhat-2026-300x150.webp 300w, https:\/\/markethive.io\/wp-content\/uploads\/2026\/01\/gioi-thieu-nha-cai-open88-moi-nhat-2026-768x384.webp 768w\" sizes=\"auto, (max-width: 800px) 100vw, 800px\" \/><figcaption id=\"caption-attachment-269\" class=\"wp-caption-text\">Gi\u1edbi thi\u1ec7u nh\u00e0 c\u00e1i Open88 n\u1ed5i b\u1eadt 2026<\/figcaption><\/figure>\n<h2><span style=\"font-weight: 400;\">C\u00e1ch \u0110\u0103ng K\u00fd T\u00e0i Kho\u1ea3n Open88<\/span><\/h2>\n<p><span style=\"font-weight: 400;\">\u0110\u0103ng k\u00fd Open88 c\u1ef1c k\u1ef3 \u0111\u01a1n gi\u1ea3n v\u00e0 nhanh ch\u00f3ng. B\u1ea1n ch\u1ec9 c\u1ea7n th\u1ef1c hi\u1ec7n theo c\u00e1c b\u01b0\u1edbc h\u01b0\u1edbng d\u1eabn d\u01b0\u1edbi \u0111\u00e2y \u0111\u1ec3 t\u1ea1o t\u00e0i kho\u1ea3n v\u00e0 tham gia ngay:<\/span><\/p>\n<h3><span style=\"font-weight: 400;\">B\u01b0\u1edbc 1: V\u00e0o Website Ch\u00ednh Th\u1ee9c C\u1ee7a Open88<\/span><\/h3>\n<p><span style=\"font-weight: 400;\">\u0110\u1ea7u ti\u00ean, b\u1ea1n c\u1ea7n truy c\u1eadp v\u00e0o trang web ch\u00ednh th\u1ee9c c\u1ee7a Open88. H\u00e3y ch\u1eafc ch\u1eafn b\u1ea1n \u0111ang truy c\u1eadp v\u00e0o \u0111\u00fang \u0111\u1ecba ch\u1ec9 c\u1ee7a nh\u00e0 c\u00e1i \u0111\u1ec3 b\u1ea3o \u0111\u1ea3m an to\u00e0n cho t\u00e0i kho\u1ea3n c\u1ee7a m\u00ecnh.<\/span><\/p>\n<h3><span style=\"font-weight: 400;\">B\u01b0\u1edbc 2: Nh\u1ea5n V\u00e0o N\u00fat &#8220;\u0110\u0103ng K\u00fd&#8221;<\/span><\/h3>\n<p><span style=\"font-weight: 400;\">Tr\u00ean giao di\u1ec7n trang ch\u1ee7, t\u00ecm n\u00fat &#8220;\u0110\u0103ng k\u00fd&#8221; \u1edf g\u00f3c tr\u00ean b\u00ean ph\u1ea3i v\u00e0 nh\u1ea5n v\u00e0o \u0111\u00f3 \u0111\u1ec3 b\u1eaft \u0111\u1ea7u t\u1ea1o t\u00e0i kho\u1ea3n c\u1ee7a b\u1ea1n.<\/span><\/p>\n<h3><span style=\"font-weight: 400;\">B\u01b0\u1edbc 3: \u0110i\u1ec1n Th\u00f4ng Tin C\u00e1 Nh\u00e2n<\/span><\/h3>\n<p><span style=\"font-weight: 400;\">Sau khi nh\u1ea5n n\u00fat &#8220;\u0110\u0103ng k\u00fd Open88&#8221;, b\u1ea1n s\u1ebd c\u1ea7n \u0111i\u1ec1n v\u00e0o form \u0111\u0103ng k\u00fd v\u1edbi c\u00e1c th\u00f4ng tin c\u00e1 nh\u00e2n sau \u0111\u00e2y:<\/span><\/p>\n<ul>\n<li style=\"font-weight: 400;\" aria-level=\"1\"><b>T\u00ean \u0111\u1ea7y \u0111\u1ee7<\/b><\/li>\n<li style=\"font-weight: 400;\" aria-level=\"1\"><b>S\u1ed1 \u0111i\u1ec7n tho\u1ea1i<\/b><\/li>\n<li style=\"font-weight: 400;\" aria-level=\"1\"><b>Email<\/b><\/li>\n<li style=\"font-weight: 400;\" aria-level=\"1\"><b>T\u00ean ng\u01b0\u1eddi d\u00f9ng<\/b><span style=\"font-weight: 400;\"> (\u0111\u1ec3 \u0111\u0103ng nh\u1eadp)<\/span><\/li>\n<li style=\"font-weight: 400;\" aria-level=\"1\"><b>M\u1eadt kh\u1ea9u<\/b><span style=\"font-weight: 400;\"> (c\u1ea7n m\u1ea1nh v\u00e0 b\u1ea3o m\u1eadt)<\/span><\/li>\n<\/ul>\n<p><span style=\"font-weight: 400;\">Ki\u1ec3m tra l\u1ea1i th\u00f4ng tin m\u1ed9t l\u1ea7n n\u1eefa sau khi \u0111\u00e3 \u0111i\u1ec1n \u0111\u1ea7y \u0111\u1ee7, r\u1ed3i nh\u1ea5n &#8220;\u0110\u0103ng k\u00fd&#8221; \u0111\u1ec3 ho\u00e0n t\u1ea5t qu\u00e1 tr\u00ecnh.<\/span><\/p>\n<figure id=\"attachment_271\" aria-describedby=\"caption-attachment-271\" style=\"width: 800px\" class=\"wp-caption aligncenter\"><img loading=\"lazy\" decoding=\"async\" class=\"size-full wp-image-271\" src=\"https:\/\/markethive.io\/wp-content\/uploads\/2026\/01\/buoc-3-dien-thong-tin-ca-nhan.webp\" alt=\"H\u01b0\u1edbng d\u1eabn c\u00e1c th\u1ee7 t\u1ee5c v\u1ec1 th\u00f4ng tin c\u00e1 nh\u00e2n\" width=\"800\" height=\"400\" srcset=\"https:\/\/markethive.io\/wp-content\/uploads\/2026\/01\/buoc-3-dien-thong-tin-ca-nhan.webp 800w, https:\/\/markethive.io\/wp-content\/uploads\/2026\/01\/buoc-3-dien-thong-tin-ca-nhan-300x150.webp 300w, https:\/\/markethive.io\/wp-content\/uploads\/2026\/01\/buoc-3-dien-thong-tin-ca-nhan-768x384.webp 768w\" sizes=\"auto, (max-width: 800px) 100vw, 800px\" \/><figcaption id=\"caption-attachment-271\" class=\"wp-caption-text\">H\u01b0\u1edbng d\u1eabn c\u00e1c th\u1ee7 t\u1ee5c v\u1ec1 th\u00f4ng tin c\u00e1 nh\u00e2n<\/figcaption><\/figure>\n<h3><span style=\"font-weight: 400;\">B\u01b0\u1edbc 4: X\u00e1c Nh\u1eadn M\u00e3 OTP<\/span><\/h3>\n<p><span style=\"font-weight: 400;\">Sau khi \u0111\u0103ng k\u00fd th\u00e0nh c\u00f4ng, b\u1ea1n s\u1ebd nh\u1eadn \u0111\u01b0\u1ee3c m\u00e3 OTP qua \u0111i\u1ec7n tho\u1ea1i ho\u1eb7c email. Nh\u1eadp m\u00e3 OTP v\u00e0o \u00f4 y\u00eau c\u1ea7u \u0111\u1ec3 ho\u00e0n t\u1ea5t x\u00e1c nh\u1eadn t\u00e0i kho\u1ea3n.<\/span><\/p>\n<h3><span style=\"font-weight: 400;\">B\u01b0\u1edbc 5: \u0110\u0103ng Nh\u1eadp V\u00e0 N\u1ea1p Ti\u1ec1n<\/span><\/h3>\n<p><span style=\"font-weight: 400;\">Khi \u0111\u00e3 ho\u00e0n th\u00e0nh \u0110\u0103ng k\u00fd Open88, b\u1ea1n c\u00f3 th\u1ec3 \u0111\u0103ng nh\u1eadp v\u00e0o t\u00e0i kho\u1ea3n v\u00e0 b\u1eaft \u0111\u1ea7u n\u1ea1p ti\u1ec1n \u0111\u1ec3 tham gia c\u00e1c tr\u00f2 ch\u01a1i. Open88 h\u1ed7 tr\u1ee3 nhi\u1ec1u ph\u01b0\u01a1ng th\u1ee9c <strong><a href=\"https:\/\/markethive.io\/nap-tien-open88\/\">n\u1ea1p ti\u1ec1n<\/a><\/strong> nh\u01b0 chuy\u1ec3n kho\u1ea3n ng\u00e2n h\u00e0ng, v\u00ed \u0111i\u1ec7n t\u1eed, v\u00e0 th\u1ebb c\u00e0o \u0111i\u1ec7n tho\u1ea1i.<\/span><\/p>\n<h2><span style=\"font-weight: 400;\">L\u1ee3i \u00cdch Khi \u0110\u0103ng K\u00fd T\u00e0i Kho\u1ea3n Tham Gia Open88<\/span><\/h2>\n<p><span style=\"font-weight: 400;\">Khi \u0110\u0103ng k\u00fd Open88, b\u1ea1n kh\u00f4ng ch\u1ec9 c\u00f3 th\u1ec3 tham gia c\u00e1 c\u01b0\u1ee3c m\u00e0 c\u00f2n nh\u1eadn \u0111\u01b0\u1ee3c nhi\u1ec1u quy\u1ec1n l\u1ee3i \u0111\u1eb7c bi\u1ec7t.<\/span><\/p>\n<h3><span style=\"font-weight: 400;\">\u01afu \u0110\u00e3i Khuy\u1ebfn M\u00e3i Cho Ng\u01b0\u1eddi M\u1edbi Khi Tham Gia Open88<\/span><\/h3>\n<p><span style=\"font-weight: 400;\">Khi \u0111\u0103ng k\u00fd Open88, ng\u01b0\u1eddi ch\u01a1i m\u1edbi s\u1ebd nh\u1eadn \u0111\u01b0\u1ee3c c\u00e1c <strong><a href=\"https:\/\/markethive.io\/khuyen-mai-open88\/\">\u01b0u \u0111\u00e3i<\/a><\/strong> h\u1ea5p d\u1eabn nh\u01b0 ti\u1ec1n th\u01b0\u1edfng mi\u1ec5n ph\u00ed, v\u00f2ng quay mi\u1ec5n ph\u00ed trong c\u00e1c tr\u00f2 ch\u01a1i slot, v\u00e0 nhi\u1ec1u ph\u1ea7n th\u01b0\u1edfng ch\u00e0o m\u1eebng \u0111\u1eb7c bi\u1ec7t. \u0110\u00e2y l\u00e0 d\u1ecbp l\u00fd t\u01b0\u1edfng \u0111\u1ec3 b\u1ea1n tr\u1ea3i nghi\u1ec7m c\u00e1c tr\u00f2 ch\u01a1i m\u00e0 kh\u00f4ng ph\u1ea3i t\u1ed1n chi ph\u00ed.<\/span><\/p>\n<figure id=\"attachment_270\" aria-describedby=\"caption-attachment-270\" style=\"width: 800px\" class=\"wp-caption aligncenter\"><img loading=\"lazy\" decoding=\"async\" class=\"size-full wp-image-270\" src=\"https:\/\/markethive.io\/wp-content\/uploads\/2026\/01\/uu-dai-khuyen-mai-cho-anh-em-newbie-open88.webp\" alt=\"Khuy\u1ebfn m\u00e3i h\u1ea5p d\u1eabn d\u00e0nh cho anh em newbie\" width=\"800\" height=\"400\" srcset=\"https:\/\/markethive.io\/wp-content\/uploads\/2026\/01\/uu-dai-khuyen-mai-cho-anh-em-newbie-open88.webp 800w, https:\/\/markethive.io\/wp-content\/uploads\/2026\/01\/uu-dai-khuyen-mai-cho-anh-em-newbie-open88-300x150.webp 300w, https:\/\/markethive.io\/wp-content\/uploads\/2026\/01\/uu-dai-khuyen-mai-cho-anh-em-newbie-open88-768x384.webp 768w\" sizes=\"auto, (max-width: 800px) 100vw, 800px\" \/><figcaption id=\"caption-attachment-270\" class=\"wp-caption-text\">Khuy\u1ebfn m\u00e3i h\u1ea5p d\u1eabn d\u00e0nh cho anh em newbie<\/figcaption><\/figure>\n<h3><span style=\"font-weight: 400;\">D\u1ecbch V\u1ee5 Ch\u0103m S\u00f3c Kh\u00e1ch H\u00e0ng<\/span><\/h3>\n<p><span style=\"font-weight: 400;\">\u0110\u1ed9i ng\u0169 h\u1ed7 tr\u1ee3 kh\u00e1ch h\u00e0ng c\u1ee7a Open88 lu\u00f4n s\u1eb5n s\u00e0ng 24\/7 \u0111\u1ec3 h\u1ed7 tr\u1ee3 b\u1ea1n trong qu\u00e1 tr\u00ecnh c\u00e1 c\u01b0\u1ee3c. B\u1ea1n c\u00f3 th\u1ec3 li\u00ean h\u1ec7 qua chat tr\u1ef1c tuy\u1ebfn, email ho\u1eb7c \u0111i\u1ec7n tho\u1ea1i \u0111\u1ec3 gi\u1ea3i quy\u1ebft b\u1ea5t k\u1ef3 th\u1eafc m\u1eafc n\u00e0o.<\/span><\/p>\n<h3><span style=\"font-weight: 400;\">M\u00f4i Tr\u01b0\u1eddng C\u00e1 C\u01b0\u1ee3c An To\u00e0n<\/span><\/h3>\n<p><span style=\"font-weight: 400;\">Open88 cam k\u1ebft b\u1ea3o m\u1eadt tuy\u1ec7t \u0111\u1ed1i th\u00f4ng tin c\u00e1 nh\u00e2n v\u00e0 t\u00e0i ch\u00ednh c\u1ee7a b\u1ea1n b\u1eb1ng h\u1ec7 th\u1ed1ng m\u00e3 h\u00f3a ti\u00ean ti\u1ebfn. \u0110i\u1ec1u n\u00e0y gi\u00fap b\u1ea1n y\u00ean t\u00e2m khi tham gia c\u00e1c tr\u00f2 ch\u01a1i m\u00e0 kh\u00f4ng c\u1ea7n lo l\u1eafng v\u1ec1 v\u1ea5n \u0111\u1ec1 b\u1ea3o m\u1eadt.<\/span><\/p>\n<p><strong>&gt;&gt;<a href=\"https:\/\/markethive.io\/dang-nhap-open88\/\">\u0110\u0103ng Nh\u1eadp Open88<\/a>: H\u01b0\u1edbng D\u1eabn \u0110\u0103ng Nh\u1eadp T\u00e0i Kho\u1ea3n Nhanh Ch\u00f3ng<\/strong><\/p>\n<h2><span style=\"font-weight: 400;\">V\u00ec Sao N\u00ean \u0110\u0103ng K\u00fd Open88?<\/span><\/h2>\n<p><span style=\"font-weight: 400;\">Vi\u1ec7c \u0110\u0103ng k\u00fd Open88 mang l\u1ea1i r\u1ea5t nhi\u1ec1u l\u1ee3i \u00edch cho ng\u01b0\u1eddi ch\u01a1i, t\u1eeb ph\u1ea7n th\u01b0\u1edfng h\u1ea5p d\u1eabn \u0111\u1ebfn m\u1ed9t m\u00f4i tr\u01b0\u1eddng c\u00e1 c\u01b0\u1ee3c an to\u00e0n v\u00e0 c\u00f4ng b\u1eb1ng.<\/span><\/p>\n<ul>\n<li style=\"font-weight: 400;\" aria-level=\"1\"><b>Tr\u00f2 ch\u01a1i \u0111a d\u1ea1ng<\/b><span style=\"font-weight: 400;\">: B\u1ea1n c\u00f3 th\u1ec3 tham gia nhi\u1ec1u lo\u1ea1i h\u00ecnh c\u00e1 c\u01b0\u1ee3c, t\u1eeb th\u1ec3 thao, casino, \u0111\u1ebfn c\u00e1c tr\u00f2 ch\u01a1i slot th\u00fa v\u1ecb.<\/span><\/li>\n<li style=\"font-weight: 400;\" aria-level=\"1\"><b>\u01afu \u0111\u00e3i h\u1ea5p d\u1eabn<\/b><span style=\"font-weight: 400;\">: C\u00e1c ch\u01b0\u01a1ng tr\u00ecnh khuy\u1ebfn m\u00e3i d\u00e0nh cho ng\u01b0\u1eddi m\u1edbi r\u1ea5t h\u1ea5p d\u1eabn, gi\u00fap b\u1ea1n b\u1eaft \u0111\u1ea7u ch\u01a1i m\u00e0 kh\u00f4ng ph\u1ea3i lo v\u1ec1 chi ph\u00ed.<\/span><\/li>\n<li style=\"font-weight: 400;\" aria-level=\"1\"><b>D\u1ecbch v\u1ee5 h\u1ed7 tr\u1ee3 24\/7<\/b><span style=\"font-weight: 400;\">: Open88 lu\u00f4n s\u1eb5n s\u00e0ng gi\u00fap \u0111\u1ee1 b\u1ea1n m\u1ecdi l\u00fac, m\u1ecdi n\u01a1i.<\/span><\/li>\n<li style=\"font-weight: 400;\" aria-level=\"1\"><b>B\u1ea3o m\u1eadt cao<\/b><span style=\"font-weight: 400;\">: M\u1ecdi th\u00f4ng tin c\u00e1 nh\u00e2n c\u1ee7a b\u1ea1n s\u1ebd \u0111\u01b0\u1ee3c b\u1ea3o v\u1ec7 an to\u00e0n v\u1edbi h\u1ec7 th\u1ed1ng m\u00e3 h\u00f3a hi\u1ec7n \u0111\u1ea1i.<\/span><\/li>\n<\/ul>\n<h2><span style=\"font-weight: 400;\">K\u1ebft Lu\u1eadn<\/span><\/h2>\n<p><span style=\"font-weight: 400;\">Vi\u1ec7c <strong><a href=\"https:\/\/markethive.io\/dang-ky-open88\/\">\u0110\u0103ng k\u00fd Open88<\/a><\/strong> m\u1edf ra c\u01a1 h\u1ed9i tham gia th\u1ebf gi\u1edbi c\u00e1 c\u01b0\u1ee3c tr\u1ef1c tuy\u1ebfn \u0111\u1ea7y h\u1ea5p d\u1eabn v\u1edbi c\u00e1c tr\u00f2 ch\u01a1i \u0111a d\u1ea1ng v\u00e0 c\u01a1 h\u1ed9i th\u1eafng l\u1edbn. V\u1edbi \u01b0u \u0111\u00e3i \u0111\u1eb7c bi\u1ec7t v\u00e0 d\u1ecbch v\u1ee5 kh\u00e1ch h\u00e0ng chuy\u00ean nghi\u1ec7p, Open88 l\u00e0 l\u1ef1a ch\u1ecdn l\u00fd t\u01b0\u1edfng cho nh\u1eefng ai \u0111am m\u00ea c\u00e1 c\u01b0\u1ee3c. H\u00e3y \u0111\u0103ng k\u00fd ngay h\u00f4m nay \u0111\u1ec3 kh\u00f4ng b\u1ecf l\u1ee1 c\u01a1 h\u1ed9i tr\u1ea3i nghi\u1ec7m v\u00e0 nh\u1eadn ph\u1ea7n th\u01b0\u1edfng h\u1ea5p d\u1eabn!<\/span><\/p>\n","protected":false},"excerpt":{"rendered":"<p>\u0110\u0103ng K\u00fd Open88: H\u01b0\u1edbng D\u1eabn \u0110\u0103ng K\u00fd T\u00e0i Kho\u1ea3n Nhanh Ch\u00f3ng \u0110\u1ec3 b\u1eaft \u0111\u1ea7u tham gia v\u00e0o c\u00e1c tr\u00f2 ch\u01a1i c\u00e1 c\u01b0\u1ee3c th\u00fa v\u1ecb t\u1ea1i Open88, b\u01b0\u1edbc \u0111\u1ea7u ti\u00ean l\u00e0 \u0111\u0103ng k\u00fd t\u00e0i kho\u1ea3n. Vi\u1ec7c \u0110\u0103ng k\u00fd Open88 r\u1ea5t \u0111\u01a1n gi\u1ea3n v\u00e0 ch\u1ec9 m\u1ea5t v\u00e0i ph\u00fat. Nh\u00e0 c\u00e1i n\u00e0y mang \u0111\u1ebfn kh\u00f4ng ch\u1ec9 c\u00e1c tr\u00f2 [&#8230;]\n","protected":false},"author":1,"featured_media":272,"parent":0,"menu_order":0,"comment_status":"closed","ping_status":"closed","template":"","meta":{"footnotes":""},"class_list":["post-43","page","type-page","status-publish","has-post-thumbnail","hentry"],"_links":{"self":[{"href":"https:\/\/markethive.io\/vi-vn\/wp-json\/wp\/v2\/pages\/43","targetHints":{"allow":["GET"]}}],"collection":[{"href":"https:\/\/markethive.io\/vi-vn\/wp-json\/wp\/v2\/pages"}],"about":[{"href":"https:\/\/markethive.io\/vi-vn\/wp-json\/wp\/v2\/types\/page"}],"author":[{"embeddable":true,"href":"https:\/\/markethive.io\/vi-vn\/wp-json\/wp\/v2\/users\/1"}],"replies":[{"embeddable":true,"href":"https:\/\/markethive.io\/vi-vn\/wp-json\/wp\/v2\/comments?post=43"}],"version-history":[{"count":0,"href":"https:\/\/markethive.io\/vi-vn\/wp-json\/wp\/v2\/pages\/43\/revisions"}],"wp:featuredmedia":[{"embeddable":true,"href":"https:\/\/markethive.io\/vi-vn\/wp-json\/wp\/v2\/media\/272"}],"wp:attachment":[{"href":"https:\/\/markethive.io\/vi-vn\/wp-json\/wp\/v2\/media?parent=43"}],"curies":[{"name":"wp","href":"https:\/\/api.w.org\/{rel}","templated":true}]}}