{"id":45,"date":"2026-01-19T16:08:33","date_gmt":"2026-01-19T09:08:33","guid":{"rendered":"https:\/\/markethive.io\/?page_id=45"},"modified":"2026-01-22T14:52:08","modified_gmt":"2026-01-22T07:52:08","slug":"dang-nhap-open88","status":"publish","type":"page","link":"https:\/\/markethive.io\/vi-vn\/dang-nhap-open88\/","title":{"rendered":"\u0110\u0103ng nh\u1eadp Open88"},"content":{"rendered":"<h1 style=\"text-align: center;\"><span style=\"font-weight: 400;\">\u0110\u0103ng Nh\u1eadp Open88: H\u01b0\u1edbng D\u1eabn \u0110\u0103ng Nh\u1eadp T\u00e0i Kho\u1ea3n Nhanh Ch\u00f3ng<\/span><\/h1>\n<p><span style=\"font-weight: 400;\">\u0110\u1ec3 b\u1eaft \u0111\u1ea7u tham gia v\u00e0o th\u1ebf gi\u1edbi c\u00e1 c\u01b0\u1ee3c t\u1ea1i <strong><a href=\"https:\/\/markethive.io\/\">Open88<\/a><\/strong>, b\u01b0\u1edbc \u0111\u1ea7u ti\u00ean b\u1ea1n c\u1ea7n th\u1ef1c hi\u1ec7n l\u00e0 \u0110\u0103ng nh\u1eadp Open88. Qu\u00e1 tr\u00ecnh n\u00e0y r\u1ea5t nhanh ch\u00f3ng v\u00e0 d\u1ec5 d\u00e0ng. Sau khi \u0111\u00e3 c\u00f3 t\u00e0i kho\u1ea3n, b\u1ea1n ch\u1ec9 c\u1ea7n nh\u1eadp th\u00f4ng tin \u0111\u0103ng nh\u1eadp \u0111\u1ec3 truy c\u1eadp v\u00e0o h\u1ec7 th\u1ed1ng v\u00e0 kh\u00e1m ph\u00e1 c\u00e1c tr\u00f2 ch\u01a1i h\u1ea5p d\u1eabn. B\u00e0i vi\u1ebft n\u00e0y s\u1ebd h\u01b0\u1edbng d\u1eabn b\u1ea1n c\u00e1ch \u0110\u0103ng nh\u1eadp Open88 m\u1ed9t c\u00e1ch an to\u00e0n v\u00e0 hi\u1ec7u qu\u1ea3.<\/span><\/p>\n<h2><span style=\"font-weight: 400;\">Gi\u1edbi Thi\u1ec7u V\u1ec1 Open88 &#8211; Nh\u00e0 C\u00e1i C\u00e1 C\u01b0\u1ee3c M\u1edbi 2026<\/span><\/h2>\n<p><span style=\"font-weight: 400;\">Open88 l\u00e0 nh\u00e0 c\u00e1i c\u00e1 c\u01b0\u1ee3c tr\u1ef1c tuy\u1ebfn uy t\u00edn, n\u1ed5i b\u1eadt v\u1edbi nhi\u1ec1u tr\u00f2 ch\u01a1i \u0111a d\u1ea1ng nh\u01b0 casino tr\u1ef1c tuy\u1ebfn, th\u1ec3 thao, slot game v\u00e0 c\u00e1c tr\u00f2 ch\u01a1i kh\u00e1c. V\u1edbi h\u1ec7 th\u1ed1ng b\u1ea3o m\u1eadt an to\u00e0n v\u00e0 giao di\u1ec7n d\u1ec5 s\u1eed d\u1ee5ng, Open88 mang \u0111\u1ebfn m\u1ed9t tr\u1ea3i nghi\u1ec7m c\u00e1 c\u01b0\u1ee3c tuy\u1ec7t v\u1eddi cho ng\u01b0\u1eddi ch\u01a1i. Vi\u1ec7c \u0110\u0103ng nh\u1eadp Open88 l\u00e0 b\u01b0\u1edbc \u0111\u1ea7u ti\u00ean gi\u00fap b\u1ea1n c\u00f3 th\u1ec3 b\u1eaft \u0111\u1ea7u tham gia c\u00e1c tr\u00f2 ch\u01a1i v\u00e0 nh\u1eadn nhi\u1ec1u ph\u1ea7n th\u01b0\u1edfng h\u1ea5p d\u1eabn.<\/span><\/p>\n<figure id=\"attachment_275\" aria-describedby=\"caption-attachment-275\" style=\"width: 800px\" class=\"wp-caption aligncenter\"><img loading=\"lazy\" decoding=\"async\" class=\"size-full wp-image-275\" src=\"https:\/\/markethive.io\/wp-content\/uploads\/2026\/01\/gioi-thieu-open88-nha-cai-ca-cuoc-moi-2026.webp\" alt=\"Nh\u00e0 c\u00e1i Open88 n\u1ed5i b\u1eadt trong n\u0103m 2026\" width=\"800\" height=\"400\" srcset=\"https:\/\/markethive.io\/wp-content\/uploads\/2026\/01\/gioi-thieu-open88-nha-cai-ca-cuoc-moi-2026.webp 800w, https:\/\/markethive.io\/wp-content\/uploads\/2026\/01\/gioi-thieu-open88-nha-cai-ca-cuoc-moi-2026-300x150.webp 300w, https:\/\/markethive.io\/wp-content\/uploads\/2026\/01\/gioi-thieu-open88-nha-cai-ca-cuoc-moi-2026-768x384.webp 768w\" sizes=\"auto, (max-width: 800px) 100vw, 800px\" \/><figcaption id=\"caption-attachment-275\" class=\"wp-caption-text\">Nh\u00e0 c\u00e1i Open88 n\u1ed5i b\u1eadt trong n\u0103m 2026<\/figcaption><\/figure>\n<h2><span style=\"font-weight: 400;\">C\u00e1ch \u0110\u0103ng Nh\u1eadp Open88 An To\u00e0n &amp; Uy T\u00edn<\/span><\/h2>\n<p><span style=\"font-weight: 400;\">Qu\u00e1 tr\u00ecnh \u0110\u0103ng nh\u1eadp Open88 r\u1ea5t \u0111\u01a1n gi\u1ea3n. D\u01b0\u1edbi \u0111\u00e2y l\u00e0 c\u00e1c b\u01b0\u1edbc chi ti\u1ebft \u0111\u1ec3 b\u1ea1n c\u00f3 th\u1ec3 \u0111\u0103ng nh\u1eadp v\u00e0o t\u00e0i kho\u1ea3n c\u1ee7a m\u00ecnh v\u00e0 b\u1eaft \u0111\u1ea7u ch\u01a1i.<\/span><\/p>\n<h3><span style=\"font-weight: 400;\">B\u01b0\u1edbc 1: Truy C\u1eadp Website Open88 \u0110\u1ec3 B\u1eaft \u0110\u1ea7u<\/span><\/h3>\n<p><span style=\"font-weight: 400;\">\u0110\u1ea7u ti\u00ean, b\u1ea1n c\u1ea7n truy c\u1eadp v\u00e0o trang web ch\u00ednh th\u1ee9c c\u1ee7a Open88. \u0110\u1ea3m b\u1ea3o r\u1eb1ng b\u1ea1n \u0111ang v\u00e0o \u0111\u00fang \u0111\u1ecba ch\u1ec9 website c\u1ee7a nh\u00e0 c\u00e1i \u0111\u1ec3 tr\u00e1nh c\u00e1c trang gi\u1ea3 m\u1ea1o.<\/span><\/p>\n<h3><span style=\"font-weight: 400;\">B\u01b0\u1edbc 2: Nh\u1ea5n V\u00e0o N\u00fat &#8220;\u0110\u0103ng Nh\u1eadp&#8221;<\/span><\/h3>\n<p><span style=\"font-weight: 400;\">Khi v\u00e0o trang ch\u1ee7, n\u00fat &#8220;\u0110\u0103ng nh\u1eadp&#8221; s\u1ebd xu\u1ea5t hi\u1ec7n \u1edf g\u00f3c tr\u00ean b\u00ean ph\u1ea3i c\u1ee7a m\u00e0n h\u00ecnh. Nh\u1ea5n v\u00e0o n\u00fat n\u00e0y \u0111\u1ec3 truy c\u1eadp trang \u0111\u0103ng nh\u1eadp.<\/span><\/p>\n<h3><span style=\"font-weight: 400;\">B\u01b0\u1edbc 3: \u0110i\u1ec1n Th\u00f4ng Tin \u0110\u0103ng Nh\u1eadp V\u00e0o H\u1ec7 Th\u1ed1ng<\/span><\/h3>\n<p><span style=\"font-weight: 400;\">Khi v\u00e0o trang \u0111\u0103ng nh\u1eadp, b\u1ea1n c\u1ea7n cung c\u1ea5p c\u00e1c th\u00f4ng tin sau:<\/span><\/p>\n<ul>\n<li style=\"font-weight: 400;\" aria-level=\"1\"><b>T\u00ean ng\u01b0\u1eddi d\u00f9ng:<\/b><span style=\"font-weight: 400;\"> Nh\u1eadp t\u00ean ng\u01b0\u1eddi d\u00f9ng m\u00e0 b\u1ea1n \u0111\u00e3 ch\u1ecdn khi t\u1ea1o t\u00e0i kho\u1ea3n.<\/span><\/li>\n<li style=\"font-weight: 400;\" aria-level=\"1\"><b>M\u1eadt kh\u1ea9u<\/b><span style=\"font-weight: 400;\">: Nh\u1eadp m\u1eadt kh\u1ea9u b\u1ea3o m\u1eadt m\u00e0 b\u1ea1n \u0111\u00e3 thi\u1ebft l\u1eadp trong qu\u00e1 tr\u00ecnh \u0111\u0103ng k\u00fd.<\/span><\/li>\n<\/ul>\n<p><span style=\"font-weight: 400;\">Sau khi ho\u00e0n t\u1ea5t vi\u1ec7c nh\u1eadp th\u00f4ng tin, nh\u1ea5n v\u00e0o n\u00fat &#8220;\u0110\u0103ng nh\u1eadp&#8221; \u0111\u1ec3 v\u00e0o t\u00e0i kho\u1ea3n c\u00e1 c\u01b0\u1ee3c c\u1ee7a b\u1ea1n.<\/span><\/p>\n<h3><span style=\"font-weight: 400;\">B\u01b0\u1edbc 4: X\u1eed L\u00fd L\u1ed7i \u0110\u0103ng Nh\u1eadp (N\u1ebfu C\u00f3)<\/span><\/h3>\n<p><span style=\"font-weight: 400;\">N\u1ebfu b\u1ea1n g\u1eb7p ph\u1ea3i v\u1ea5n \u0111\u1ec1 khi \u0111\u0103ng nh\u1eadp, nh\u01b0 qu\u00ean m\u1eadt kh\u1ea9u, h\u00e3y nh\u1ea5n v\u00e0o li\u00ean k\u1ebft &#8220;Qu\u00ean m\u1eadt kh\u1ea9u&#8221; \u0111\u1ec3 reset l\u1ea1i m\u1eadt kh\u1ea9u. Open88 s\u1ebd g\u1eedi li\u00ean k\u1ebft reset m\u1eadt kh\u1ea9u v\u00e0o email ho\u1eb7c s\u1ed1 \u0111i\u1ec7n tho\u1ea1i c\u1ee7a b\u1ea1n.<\/span><\/p>\n<h3><span style=\"font-weight: 400;\">B\u01b0\u1edbc 5: B\u1eaft \u0110\u1ea7u Ch\u01a1i<\/span><\/h3>\n<p><span style=\"font-weight: 400;\">Khi \u0111\u00e3 \u0110\u0103ng nh\u1eadp Open88 th\u00e0nh c\u00f4ng, b\u1ea1n c\u00f3 th\u1ec3 b\u1eaft \u0111\u1ea7u tham gia c\u00e1c <strong><a href=\"https:\/\/markethive.io\/game-open88\/\">tr\u00f2 ch\u01a1i<\/a><\/strong> ngay l\u1eadp t\u1ee9c. N\u1ebfu b\u1ea1n ch\u01b0a n\u1ea1p ti\u1ec1n v\u00e0o t\u00e0i kho\u1ea3n, \u0111\u1eebng qu\u00ean th\u1ef1c hi\u1ec7n b\u01b0\u1edbc n\u1ea1p ti\u1ec1n \u0111\u1ec3 c\u00f3 th\u1ec3 ch\u01a1i v\u00e0 nh\u1eadn th\u01b0\u1edfng.<\/span><\/p>\n<h2><span style=\"font-weight: 400;\">L\u1ee3i \u00cdch Khi Ti\u1ebfn H\u00e0nh \u0110\u0103ng Nh\u1eadp Th\u00e0nh C\u00f4ng<\/span><\/h2>\n<p><span style=\"font-weight: 400;\">Khi \u0110\u0103ng nh\u1eadp Open88, b\u1ea1n c\u00f3 th\u1ec3 t\u1eadn h\u01b0\u1edfng nhi\u1ec1u l\u1ee3i \u00edch kh\u00e1c nhau t\u1eeb vi\u1ec7c tham gia c\u00e1c tr\u00f2 ch\u01a1i c\u00e1 c\u01b0\u1ee3c tr\u1ef1c tuy\u1ebfn.<\/span><\/p>\n<figure id=\"attachment_276\" aria-describedby=\"caption-attachment-276\" style=\"width: 800px\" class=\"wp-caption aligncenter\"><img loading=\"lazy\" decoding=\"async\" class=\"size-full wp-image-276\" src=\"https:\/\/markethive.io\/wp-content\/uploads\/2026\/01\/loi-ich-dang-nhap-thanh-cong-open88.webp\" alt=\"L\u1ee3i \u00edch khi \u0111\u0103ng nh\u1eadp t\u1ea1i Open88 th\u00e0nh c\u00f4ng\" width=\"800\" height=\"400\" srcset=\"https:\/\/markethive.io\/wp-content\/uploads\/2026\/01\/loi-ich-dang-nhap-thanh-cong-open88.webp 800w, https:\/\/markethive.io\/wp-content\/uploads\/2026\/01\/loi-ich-dang-nhap-thanh-cong-open88-300x150.webp 300w, https:\/\/markethive.io\/wp-content\/uploads\/2026\/01\/loi-ich-dang-nhap-thanh-cong-open88-768x384.webp 768w\" sizes=\"auto, (max-width: 800px) 100vw, 800px\" \/><figcaption id=\"caption-attachment-276\" class=\"wp-caption-text\">L\u1ee3i \u00edch khi \u0111\u0103ng nh\u1eadp t\u1ea1i Open88 th\u00e0nh c\u00f4ng<\/figcaption><\/figure>\n<h3><span style=\"font-weight: 400;\">Tr\u00f2 Ch\u01a1i \u0110a D\u1ea1ng<\/span><\/h3>\n<p><span style=\"font-weight: 400;\">Open88 cung c\u1ea5p m\u1ed9t lo\u1ea1t c\u00e1c tr\u00f2 ch\u01a1i, t\u1eeb c\u00e1 c\u01b0\u1ee3c th\u1ec3 thao, casino tr\u1ef1c tuy\u1ebfn \u0111\u1ebfn c\u00e1c tr\u00f2 ch\u01a1i slot game. Khi b\u1ea1n \u0110\u0103ng nh\u1eadp Open88, b\u1ea1n c\u00f3 th\u1ec3 tham gia v\u00e0o b\u1ea5t k\u1ef3 tr\u00f2 ch\u01a1i n\u00e0o m\u00e0 m\u00ecnh y\u00eau th\u00edch.<\/span><\/p>\n<h3><span style=\"font-weight: 400;\">\u01afu \u0110\u00e3i V\u00e0 Khuy\u1ebfn M\u00e3i<\/span><\/h3>\n<p><span style=\"font-weight: 400;\">Sau khi \u0110\u0103ng nh\u1eadp Open88, b\u1ea1n s\u1ebd c\u00f3 c\u01a1 h\u1ed9i tham gia v\u00e0o c\u00e1c <strong><a href=\"https:\/\/markethive.io\/khuyen-mai-open88\/\">ch\u01b0\u01a1ng tr\u00ecnh khuy\u1ebfn m\u00e3i<\/a><\/strong> \u0111\u1eb7c bi\u1ec7t, bao g\u1ed3m ti\u1ec1n th\u01b0\u1edfng, v\u00f2ng quay mi\u1ec5n ph\u00ed v\u00e0 c\u00e1c ph\u1ea7n th\u01b0\u1edfng h\u1ea5p d\u1eabn kh\u00e1c. \u0110\u00e2y l\u00e0 c\u01a1 h\u1ed9i \u0111\u1ec3 b\u1ea1n c\u00f3 th\u1ec3 tr\u1ea3i nghi\u1ec7m c\u00e1c tr\u00f2 ch\u01a1i m\u00e0 kh\u00f4ng ph\u1ea3i lo v\u1ec1 chi ph\u00ed ban \u0111\u1ea7u.<\/span><\/p>\n<h3><span style=\"font-weight: 400;\">D\u1ecbch V\u1ee5 H\u1ed7 Tr\u1ee3 Kh\u00e1ch H\u00e0ng 24\/7<\/span><\/h3>\n<p><span style=\"font-weight: 400;\">N\u1ebfu g\u1eb7p kh\u00f3 kh\u0103n khi \u0111\u0103ng nh\u1eadp ho\u1eb7c tham gia c\u00e1 c\u01b0\u1ee3c, \u0111\u1ed9i ng\u0169 ch\u0103m s\u00f3c kh\u00e1ch h\u00e0ng c\u1ee7a Open88 lu\u00f4n s\u1eb5n s\u00e0ng h\u1ed7 tr\u1ee3 b\u1ea1n 24\/7 th\u00f4ng qua c\u00e1c k\u00eanh chat tr\u1ef1c tuy\u1ebfn, email v\u00e0 \u0111i\u1ec7n tho\u1ea1i.<\/span><\/p>\n<h3><span style=\"font-weight: 400;\">B\u1ea3o M\u1eadt An To\u00e0n<\/span><\/h3>\n<p><span style=\"font-weight: 400;\">Th\u00f4ng tin c\u00e1 nh\u00e2n v\u00e0 t\u00e0i kho\u1ea3n c\u1ee7a b\u1ea1n lu\u00f4n \u0111\u01b0\u1ee3c b\u1ea3o v\u1ec7 an to\u00e0n nh\u1edd v\u00e0o h\u1ec7 th\u1ed1ng b\u1ea3o m\u1eadt ti\u00ean ti\u1ebfn c\u1ee7a Open88. Khi \u0110\u0103ng nh\u1eadp Open88, b\u1ea1n c\u00f3 th\u1ec3 y\u00ean t\u00e2m r\u1eb1ng m\u1ecdi giao d\u1ecbch v\u00e0 d\u1eef li\u1ec7u c\u1ee7a m\u00ecnh s\u1ebd \u0111\u01b0\u1ee3c b\u1ea3o v\u1ec7 ho\u00e0n to\u00e0n.<\/span><\/p>\n<h2><span style=\"font-weight: 400;\">Nh\u1eefng Y\u1ebfu T\u1ed1 C\u1ea7n L\u01b0u \u00dd Khi \u0110\u0103ng Nh\u1eadp Open88<\/span><\/h2>\n<p><span style=\"font-weight: 400;\">D\u00f9 qu\u00e1 tr\u00ecnh \u0110\u0103ng nh\u1eadp r\u1ea5t \u0111\u01a1n gi\u1ea3n, nh\u01b0ng v\u1eabn c\u00f3 m\u1ed9t s\u1ed1 \u0111i\u1ec1u b\u1ea1n c\u1ea7n l\u01b0u \u00fd \u0111\u1ec3 \u0111\u1ea3m b\u1ea3o an to\u00e0n v\u00e0 tr\u1ea3i nghi\u1ec7m t\u1ed1t nh\u1ea5t.<\/span><\/p>\n<h3><span style=\"font-weight: 400;\">X\u00e1c Th\u1ef1c Th\u00f4ng Tin \u0110\u0103ng Nh\u1eadp Tr\u01b0\u1edbc Khi Ti\u1ebfn H\u00e0nh<\/span><\/h3>\n<p><span style=\"font-weight: 400;\">Khi nh\u1eadp t\u00ean ng\u01b0\u1eddi d\u00f9ng v\u00e0 m\u1eadt kh\u1ea9u, h\u00e3y ch\u1eafc ch\u1eafn r\u1eb1ng b\u1ea1n nh\u1eadp ch\u00ednh x\u00e1c th\u00f4ng tin m\u00e0 m\u00ecnh \u0111\u00e3 \u0111\u0103ng k\u00fd. N\u1ebfu b\u1ea1n nh\u1eadp sai, h\u1ec7 th\u1ed1ng s\u1ebd kh\u00f4ng th\u1ec3 \u0111\u0103ng nh\u1eadp v\u00e0o t\u00e0i kho\u1ea3n c\u1ee7a b\u1ea1n.<\/span><\/p>\n<figure id=\"attachment_277\" aria-describedby=\"caption-attachment-277\" style=\"width: 800px\" class=\"wp-caption aligncenter\"><img loading=\"lazy\" decoding=\"async\" class=\"size-full wp-image-277\" src=\"https:\/\/markethive.io\/wp-content\/uploads\/2026\/01\/xac-thuc-thong-tin-dang-nhap-open88.webp\" alt=\"X\u00e1c th\u1ef1c th\u00f4ng tin \u0111\u0103ng nh\u1eadp ph\u1ea3i ch\u00ednh x\u00e1c\" width=\"800\" height=\"400\" srcset=\"https:\/\/markethive.io\/wp-content\/uploads\/2026\/01\/xac-thuc-thong-tin-dang-nhap-open88.webp 800w, https:\/\/markethive.io\/wp-content\/uploads\/2026\/01\/xac-thuc-thong-tin-dang-nhap-open88-300x150.webp 300w, https:\/\/markethive.io\/wp-content\/uploads\/2026\/01\/xac-thuc-thong-tin-dang-nhap-open88-768x384.webp 768w\" sizes=\"auto, (max-width: 800px) 100vw, 800px\" \/><figcaption id=\"caption-attachment-277\" class=\"wp-caption-text\">X\u00e1c th\u1ef1c th\u00f4ng tin \u0111\u0103ng nh\u1eadp ph\u1ea3i ch\u00ednh x\u00e1c<\/figcaption><\/figure>\n<h3><span style=\"font-weight: 400;\">\u0110\u1eb7t M\u1eadt Kh\u1ea9u An To\u00e0n<\/span><\/h3>\n<p><span style=\"font-weight: 400;\">\u0110\u1ec3 b\u1ea3o v\u1ec7 t\u00e0i kho\u1ea3n c\u1ee7a m\u00ecnh, h\u00e3y ch\u1ecdn m\u1ed9t m\u1eadt kh\u1ea9u m\u1ea1nh, bao g\u1ed3m ch\u1eef c\u00e1i, s\u1ed1 v\u00e0 k\u00fd t\u1ef1 \u0111\u1eb7c bi\u1ec7t. M\u1eadt kh\u1ea9u n\u00e0y kh\u00f4ng n\u00ean s\u1eed d\u1ee5ng c\u00e1c th\u00f4ng tin c\u00e1 nh\u00e2n d\u1ec5 \u0111o\u00e1n nh\u01b0 t\u00ean, ng\u00e0y sinh, ho\u1eb7c s\u1ed1 \u0111i\u1ec7n tho\u1ea1i.<\/span><\/p>\n<p><strong>&gt;&gt;<a href=\"https:\/\/markethive.io\/nap-tien-open88\/\">N\u1ea1p Ti\u1ec1n Open88<\/a>: T\u1ed5ng H\u1ee3p Ph\u01b0\u01a1ng Th\u1ee9c Nhanh Ch\u00f3ng &amp; Ti\u1ec7n L\u1ee3i<\/strong><\/p>\n<h3><span style=\"font-weight: 400;\">\u0110\u1ed5i M\u1eadt Kh\u1ea9u \u0110\u1ecbnh K\u1ef3<\/span><\/h3>\n<p><span style=\"font-weight: 400;\">\u0110\u1ec3 b\u1ea3o v\u1ec7 t\u00e0i kho\u1ea3n c\u1ee7a b\u1ea1n, h\u00e3y thay \u0111\u1ed5i m\u1eadt kh\u1ea9u \u0111\u1ecbnh k\u1ef3 v\u00e0 kh\u00f4ng chia s\u1ebb m\u1eadt kh\u1ea9u v\u1edbi ng\u01b0\u1eddi kh\u00e1c. N\u1ebfu b\u1ea1n nghi ng\u1edd r\u1eb1ng t\u00e0i kho\u1ea3n c\u1ee7a m\u00ecnh \u0111\u00e3 b\u1ecb x\u00e2m nh\u1eadp, h\u00e3y thay \u0111\u1ed5i m\u1eadt kh\u1ea9u ngay l\u1eadp t\u1ee9c.<\/span><\/p>\n<h2><span style=\"font-weight: 400;\">K\u1ebft Lu\u1eadn<\/span><\/h2>\n<p><span style=\"font-weight: 400;\">Vi\u1ec7c <strong><a href=\"https:\/\/markethive.io\/dang-nhap-open88\/\">\u0110\u0103ng nh\u1eadp Open88<\/a><\/strong> l\u00e0 b\u01b0\u1edbc \u0111\u1ea7u ti\u00ean \u0111\u1ec3 b\u1ea1n c\u00f3 th\u1ec3 tham gia v\u00e0o c\u00e1c tr\u00f2 ch\u01a1i c\u00e1 c\u01b0\u1ee3c tr\u1ef1c tuy\u1ebfn \u0111\u1ea7y h\u1ea5p d\u1eabn. V\u1edbi c\u00e1c tr\u00f2 ch\u01a1i \u0111a d\u1ea1ng, t\u1ef7 l\u1ec7 c\u01b0\u1ee3c cao v\u00e0 c\u00e1c \u01b0u \u0111\u00e3i h\u1ea5p d\u1eabn, Open88 mang \u0111\u1ebfn cho ng\u01b0\u1eddi ch\u01a1i m\u1ed9t tr\u1ea3i nghi\u1ec7m c\u00e1 c\u01b0\u1ee3c tuy\u1ec7t v\u1eddi. H\u00e3y \u0110\u0103ng nh\u1eadp Open88 ngay h\u00f4m nay \u0111\u1ec3 kh\u00e1m ph\u00e1 nh\u1eefng c\u01a1 h\u1ed9i chi\u1ebfn th\u1eafng l\u1edbn!<\/span><\/p>\n","protected":false},"excerpt":{"rendered":"<p>\u0110\u0103ng Nh\u1eadp Open88: H\u01b0\u1edbng D\u1eabn \u0110\u0103ng Nh\u1eadp T\u00e0i Kho\u1ea3n Nhanh Ch\u00f3ng \u0110\u1ec3 b\u1eaft \u0111\u1ea7u tham gia v\u00e0o th\u1ebf gi\u1edbi c\u00e1 c\u01b0\u1ee3c t\u1ea1i Open88, b\u01b0\u1edbc \u0111\u1ea7u ti\u00ean b\u1ea1n c\u1ea7n th\u1ef1c hi\u1ec7n l\u00e0 \u0110\u0103ng nh\u1eadp Open88. Qu\u00e1 tr\u00ecnh n\u00e0y r\u1ea5t nhanh ch\u00f3ng v\u00e0 d\u1ec5 d\u00e0ng. Sau khi \u0111\u00e3 c\u00f3 t\u00e0i kho\u1ea3n, b\u1ea1n ch\u1ec9 c\u1ea7n nh\u1eadp th\u00f4ng tin [&#8230;]\n","protected":false},"author":1,"featured_media":278,"parent":0,"menu_order":0,"comment_status":"closed","ping_status":"closed","template":"","meta":{"footnotes":""},"class_list":["post-45","page","type-page","status-publish","has-post-thumbnail","hentry"],"_links":{"self":[{"href":"https:\/\/markethive.io\/vi-vn\/wp-json\/wp\/v2\/pages\/45","targetHints":{"allow":["GET"]}}],"collection":[{"href":"https:\/\/markethive.io\/vi-vn\/wp-json\/wp\/v2\/pages"}],"about":[{"href":"https:\/\/markethive.io\/vi-vn\/wp-json\/wp\/v2\/types\/page"}],"author":[{"embeddable":true,"href":"https:\/\/markethive.io\/vi-vn\/wp-json\/wp\/v2\/users\/1"}],"replies":[{"embeddable":true,"href":"https:\/\/markethive.io\/vi-vn\/wp-json\/wp\/v2\/comments?post=45"}],"version-history":[{"count":0,"href":"https:\/\/markethive.io\/vi-vn\/wp-json\/wp\/v2\/pages\/45\/revisions"}],"wp:featuredmedia":[{"embeddable":true,"href":"https:\/\/markethive.io\/vi-vn\/wp-json\/wp\/v2\/media\/278"}],"wp:attachment":[{"href":"https:\/\/markethive.io\/vi-vn\/wp-json\/wp\/v2\/media?parent=45"}],"curies":[{"name":"wp","href":"https:\/\/api.w.org\/{rel}","templated":true}]}}