{"id":49,"date":"2026-01-19T16:08:45","date_gmt":"2026-01-19T09:08:45","guid":{"rendered":"https:\/\/markethive.io\/?page_id=49"},"modified":"2026-01-22T14:53:40","modified_gmt":"2026-01-22T07:53:40","slug":"nap-tien-open88","status":"publish","type":"page","link":"https:\/\/markethive.io\/vi-vn\/nap-tien-open88\/","title":{"rendered":"N\u1ea1p ti\u1ec1n Open88"},"content":{"rendered":"<h1 style=\"text-align: center;\">N\u1ea1p Ti\u1ec1n Open88: T\u1ed5ng H\u1ee3p Ph\u01b0\u01a1ng Th\u1ee9c Nhanh Ch\u00f3ng &amp; Ti\u1ec7n L\u1ee3i<\/h1>\n<p><span style=\"font-weight: 400;\">Khi tham gia c\u00e1 c\u01b0\u1ee3c tr\u1ef1c tuy\u1ebfn t\u1ea1i Open88, n\u1ea1p ti\u1ec1n v\u00e0o t\u00e0i kho\u1ea3n l\u00e0 b\u01b0\u1edbc kh\u00f4ng th\u1ec3 thi\u1ebfu \u0111\u1ec3 b\u1eaft \u0111\u1ea7u tr\u00f2 ch\u01a1i. V\u1edbi nh\u1eefng ph\u01b0\u01a1ng th\u1ee9c n\u1ea1p ti\u1ec1n \u0111a d\u1ea1ng v\u00e0 d\u1ec5 s\u1eed d\u1ee5ng, Open88 mang \u0111\u1ebfn cho ng\u01b0\u1eddi ch\u01a1i s\u1ef1 thu\u1eadn ti\u1ec7n t\u1ed1i \u0111a. Trong b\u00e0i vi\u1ebft n\u00e0y, ch\u00fang ta s\u1ebd c\u00f9ng t\u00ecm hi\u1ec3u c\u00e1c ph\u01b0\u01a1ng th\u1ee9c <strong><a href=\"https:\/\/markethive.io\/nap-tien-open88\/\">n\u1ea1p ti\u1ec1n Open88<\/a><\/strong> ph\u1ed5 bi\u1ebfn, c\u00e1ch th\u1ef1c hi\u1ec7n v\u00e0 nh\u1eefng l\u01b0u \u00fd quan tr\u1ecdng.<\/span><\/p>\n<h2><span style=\"font-weight: 400;\">Open88 H\u1ed7 Tr\u1ee3 Nh\u1eefng Ph\u01b0\u01a1ng Th\u1ee9c N\u1ea1p Ti\u1ec1n N\u00e0o?<\/span><\/h2>\n<p><span style=\"font-weight: 400;\">Open88 cung c\u1ea5p nhi\u1ec1u c\u00e1ch n\u1ea1p ti\u1ec1n \u0111\u1ec3 ng\u01b0\u1eddi ch\u01a1i d\u1ec5 d\u00e0ng l\u1ef1a ch\u1ecdn, t\u1eeb chuy\u1ec3n kho\u1ea3n ng\u00e2n h\u00e0ng, v\u00ed \u0111i\u1ec7n t\u1eed \u0111\u1ebfn th\u1ebb c\u00e0o. <\/span><span style=\"font-weight: 400;\">Sau \u0111\u00e2y l\u00e0 chi ti\u1ebft c\u00e1c ph\u01b0\u01a1ng th\u1ee9c n\u1ea1p ti\u1ec1n ph\u1ed5 bi\u1ebfn t\u1ea1i Open88:<\/span><\/p>\n<figure id=\"attachment_288\" aria-describedby=\"caption-attachment-288\" style=\"width: 800px\" class=\"wp-caption aligncenter\"><img loading=\"lazy\" decoding=\"async\" class=\"size-full wp-image-288\" src=\"https:\/\/markethive.io\/wp-content\/uploads\/2026\/01\/open88-ho-tro-phuong-thuc-nap-tien.webp\" alt=\"T\u1ed5ng h\u1ee3p h\u01b0\u01a1ng th\u1ee9c n\u1ea1p ti\u1ec1n Open88\" width=\"800\" height=\"400\" srcset=\"https:\/\/markethive.io\/wp-content\/uploads\/2026\/01\/open88-ho-tro-phuong-thuc-nap-tien.webp 800w, https:\/\/markethive.io\/wp-content\/uploads\/2026\/01\/open88-ho-tro-phuong-thuc-nap-tien-300x150.webp 300w, https:\/\/markethive.io\/wp-content\/uploads\/2026\/01\/open88-ho-tro-phuong-thuc-nap-tien-768x384.webp 768w\" sizes=\"auto, (max-width: 800px) 100vw, 800px\" \/><figcaption id=\"caption-attachment-288\" class=\"wp-caption-text\">T\u1ed5ng h\u1ee3p h\u01b0\u01a1ng th\u1ee9c n\u1ea1p ti\u1ec1n Open88<\/figcaption><\/figure>\n<h3><span style=\"font-weight: 400;\">Chuy\u1ec3n Kho\u1ea3n Ng\u00e2n H\u00e0ng<\/span><\/h3>\n<p><span style=\"font-weight: 400;\">M\u1ed9t trong nh\u1eefng ph\u01b0\u01a1ng th\u1ee9c n\u1ea1p ti\u1ec1n Open88 ph\u1ed5 bi\u1ebfn l\u00e0 chuy\u1ec3n kho\u1ea3n ng\u00e2n h\u00e0ng. B\u1ea1n ch\u1ec9 c\u1ea7n chuy\u1ec3n kho\u1ea3n t\u1eeb t\u00e0i kho\u1ea3n ng\u00e2n h\u00e0ng c\u00e1 nh\u00e2n v\u00e0o t\u00e0i kho\u1ea3n ng\u00e2n h\u00e0ng c\u1ee7a Open88. Ph\u01b0\u01a1ng th\u1ee9c n\u00e0y \u0111\u1eb7c bi\u1ec7t ph\u00f9 h\u1ee3p v\u1edbi nh\u1eefng ng\u01b0\u1eddi ch\u01a1i c\u00f3 t\u00e0i kho\u1ea3n ng\u00e2n h\u00e0ng v\u00e0 y\u00eau th\u00edch s\u1ef1 \u0111\u01a1n gi\u1ea3n.<\/span><\/p>\n<h3><span style=\"font-weight: 400;\">V\u00ed \u0110i\u1ec7n T\u1eed<\/span><\/h3>\n<p><span style=\"font-weight: 400;\">N\u1ea1p ti\u1ec1n qua v\u00ed \u0111i\u1ec7n t\u1eed \u0111ang ng\u00e0y c\u00e0ng tr\u1edf n\u00ean ph\u1ed5 bi\u1ebfn v\u00e0 l\u00e0 l\u1ef1a ch\u1ecdn c\u1ee7a nhi\u1ec1u ng\u01b0\u1eddi ch\u01a1i nh\u1edd s\u1ef1 nhanh ch\u00f3ng v\u00e0 ti\u1ec7n l\u1ee3i. C\u00e1c v\u00ed \u0111i\u1ec7n t\u1eed nh\u01b0 Momo, ZaloPay, v\u00e0 VTC Pay \u0111\u1ec1u \u0111\u01b0\u1ee3c Open88 h\u1ed7 tr\u1ee3, gi\u00fap b\u1ea1n c\u00f3 th\u1ec3 n\u1ea1p ti\u1ec1n ch\u1ec9 trong v\u00e0i b\u01b0\u1edbc \u0111\u01a1n gi\u1ea3n.<\/span><\/p>\n<h3><span style=\"font-weight: 400;\">Th\u1ebb C\u00e0o \u0110i\u1ec7n Tho\u1ea1i<\/span><\/h3>\n<p><span style=\"font-weight: 400;\">N\u1ea1p ti\u1ec1n qua th\u1ebb c\u00e0o \u0111i\u1ec7n tho\u1ea1i l\u00e0 m\u1ed9t ph\u01b0\u01a1ng th\u1ee9c ti\u1ec7n l\u1ee3i m\u00e0 Open88 h\u1ed7 tr\u1ee3, d\u00e0nh cho nh\u1eefng ai kh\u00f4ng mu\u1ed1n d\u00f9ng ng\u00e2n h\u00e0ng hay v\u00ed \u0111i\u1ec7n t\u1eed. Nh\u1eadp m\u00e3 th\u1ebb v\u00e0o \u1ee9ng d\u1ee5ng ho\u1eb7c website \u0111\u1ec3 th\u1ef1c hi\u1ec7n giao d\u1ecbch.<\/span><\/p>\n<h3><span style=\"font-weight: 400;\">Chuy\u1ec3n Kho\u1ea3n Qua Th\u1ebb Ng\u00e2n H\u00e0ng<\/span><\/h3>\n<p><span style=\"font-weight: 400;\">Chuy\u1ec3n ti\u1ec1n qua th\u1ebb ng\u00e2n h\u00e0ng l\u00e0 m\u1ed9t ph\u01b0\u01a1ng th\u1ee9c \u0111\u01a1n gi\u1ea3n gi\u00fap b\u1ea1n n\u1ea1p ti\u1ec1n v\u00e0o t\u00e0i kho\u1ea3n Open88 m\u00e0 kh\u00f4ng c\u1ea7n ph\u1ea3i s\u1eed d\u1ee5ng v\u00ed \u0111i\u1ec7n t\u1eed. B\u1ea1n ch\u1ec9 c\u1ea7n cung c\u1ea5p th\u00f4ng tin th\u1ebb ng\u00e2n h\u00e0ng v\u00e0 th\u1ef1c hi\u1ec7n giao d\u1ecbch theo h\u01b0\u1edbng d\u1eabn c\u1ee7a Open88.<\/span><\/p>\n<h2><span style=\"font-weight: 400;\">H\u01b0\u1edbng D\u1eabn N\u1ea1p Ti\u1ec1n V\u00e0o T\u00e0i Kho\u1ea3n Open88<\/span><\/h2>\n<p><span style=\"font-weight: 400;\">C\u00e1ch n\u1ea1p ti\u1ec1n v\u00e0o Open88 \u0111\u01a1n gi\u1ea3n v\u00e0 nhanh ch\u00f3ng, d\u01b0\u1edbi \u0111\u00e2y l\u00e0 c\u00e1c b\u01b0\u1edbc th\u1ef1c hi\u1ec7n:<\/span><\/p>\n<h3><span style=\"font-weight: 400;\">B\u01b0\u1edbc 1: Truy C\u1eadp M\u1ee5c N\u1ea1p Ti\u1ec1n<\/span><\/h3>\n<p><span style=\"font-weight: 400;\">Tr\u01b0\u1edbc ti\u00ean, b\u1ea1n c\u1ea7n <strong><a href=\"https:\/\/markethive.io\/dang-nhap-open88\/\">\u0111\u0103ng nh\u1eadp<\/a><\/strong> v\u00e0o t\u00e0i kho\u1ea3n c\u1ee7a m\u00ecnh t\u1ea1i Open88. Sau khi \u0111\u0103ng nh\u1eadp th\u00e0nh c\u00f4ng, b\u1ea1n s\u1ebd th\u1ea5y m\u1ee5c &#8220;N\u1ea1p ti\u1ec1n&#8221; \u1edf trong giao di\u1ec7n ch\u00ednh c\u1ee7a trang web ho\u1eb7c \u1ee9ng d\u1ee5ng di \u0111\u1ed9ng.<\/span><\/p>\n<h3><span style=\"font-weight: 400;\">B\u01b0\u1edbc 2: L\u1ef1a Ch\u1ecdn Ph\u01b0\u01a1ng Th\u1ee9c Ph\u00f9 H\u1ee3p \u0110\u1ec3 N\u1ea1p Ti\u1ec1n<\/span><\/h3>\n<p><span style=\"font-weight: 400;\">T\u1ea1i m\u1ee5c n\u1ea1p ti\u1ec1n, b\u1ea1n c\u00f3 th\u1ec3 ch\u1ecdn ph\u01b0\u01a1ng th\u1ee9c ph\u00f9 h\u1ee3p v\u1edbi m\u00ecnh, nh\u01b0 chuy\u1ec3n kho\u1ea3n ng\u00e2n h\u00e0ng, v\u00ed \u0111i\u1ec7n t\u1eed, ho\u1eb7c th\u1ebb c\u00e0o \u0111i\u1ec7n tho\u1ea1i. M\u1ed7i ph\u01b0\u01a1ng th\u1ee9c s\u1ebd c\u00f3 c\u00e1c h\u01b0\u1edbng d\u1eabn c\u1ee5 th\u1ec3 \u0111\u1ec3 b\u1ea1n th\u1ef1c hi\u1ec7n.<\/span><\/p>\n<figure id=\"attachment_286\" aria-describedby=\"caption-attachment-286\" style=\"width: 800px\" class=\"wp-caption aligncenter\"><img loading=\"lazy\" decoding=\"async\" class=\"size-full wp-image-286\" src=\"https:\/\/markethive.io\/wp-content\/uploads\/2026\/01\/lua-chon-phuong-thuc-nap-tien-nhanh-open88.webp\" alt=\"L\u1ef1a ch\u1ecdn ph\u01b0\u01a1ng th\u1ee9c n\u1ea1p ti\u1ec1n d\u1ec5 d\u00e0ng\" width=\"800\" height=\"400\" srcset=\"https:\/\/markethive.io\/wp-content\/uploads\/2026\/01\/lua-chon-phuong-thuc-nap-tien-nhanh-open88.webp 800w, https:\/\/markethive.io\/wp-content\/uploads\/2026\/01\/lua-chon-phuong-thuc-nap-tien-nhanh-open88-300x150.webp 300w, https:\/\/markethive.io\/wp-content\/uploads\/2026\/01\/lua-chon-phuong-thuc-nap-tien-nhanh-open88-768x384.webp 768w\" sizes=\"auto, (max-width: 800px) 100vw, 800px\" \/><figcaption id=\"caption-attachment-286\" class=\"wp-caption-text\">L\u1ef1a ch\u1ecdn ph\u01b0\u01a1ng th\u1ee9c n\u1ea1p ti\u1ec1n d\u1ec5 d\u00e0ng<\/figcaption><\/figure>\n<h3><span style=\"font-weight: 400;\">B\u01b0\u1edbc 3: Nh\u1eadp C\u00e1c Th\u00f4ng Tin Cho Giao D\u1ecbch N\u1ea1p<\/span><\/h3>\n<p><span style=\"font-weight: 400;\">T\u00f9y v\u00e0o ph\u01b0\u01a1ng th\u1ee9c b\u1ea1n ch\u1ecdn, b\u1ea1n s\u1ebd c\u1ea7n nh\u1eadp th\u00f4ng tin giao d\u1ecbch nh\u01b0 s\u1ed1 t\u00e0i kho\u1ea3n ng\u00e2n h\u00e0ng, m\u00e3 th\u1ebb c\u00e0o, ho\u1eb7c th\u00f4ng tin v\u00ed \u0111i\u1ec7n t\u1eed. H\u00e3y ch\u1eafc ch\u1eafn r\u1eb1ng b\u1ea1n nh\u1eadp ch\u00ednh x\u00e1c c\u00e1c th\u00f4ng tin n\u00e0y \u0111\u1ec3 giao d\u1ecbch \u0111\u01b0\u1ee3c th\u1ef1c hi\u1ec7n su\u00f4n s\u1ebb.<\/span><\/p>\n<h3><span style=\"font-weight: 400;\">B\u01b0\u1edbc 4: X\u00e1c Nh\u1eadn Giao D\u1ecbch<\/span><\/h3>\n<p><span style=\"font-weight: 400;\">Sau khi nh\u1eadp th\u00f4ng tin, h\u1ec7 th\u1ed1ng s\u1ebd hi\u1ec3n th\u1ecb th\u00f4ng b\u00e1o x\u00e1c nh\u1eadn giao d\u1ecbch. Ki\u1ec3m tra l\u1ea1i s\u1ed1 ti\u1ec1n v\u00e0 c\u00e1c th\u00f4ng tin li\u00ean quan, sau \u0111\u00f3 nh\u1ea5n &#8220;X\u00e1c nh\u1eadn&#8221; \u0111\u1ec3 ho\u00e0n t\u1ea5t qu\u00e1 tr\u00ecnh n\u1ea1p ti\u1ec1n.<\/span><\/p>\n<h3><span style=\"font-weight: 400;\">B\u01b0\u1edbc 5: Ho\u00e0n T\u1ea5t Giao D\u1ecbch<\/span><\/h3>\n<p><span style=\"font-weight: 400;\">Khi giao d\u1ecbch \u0111\u00e3 \u0111\u01b0\u1ee3c x\u00e1c nh\u1eadn, ti\u1ec1n s\u1ebd \u0111\u01b0\u1ee3c n\u1ea1p v\u00e0o t\u00e0i kho\u1ea3n c\u1ee7a b\u1ea1n ngay l\u1eadp t\u1ee9c ho\u1eb7c sau m\u1ed9t th\u1eddi gian t\u00f9y v\u00e0o ph\u01b0\u01a1ng th\u1ee9c n\u1ea1p ti\u1ec1n b\u1ea1n ch\u1ecdn.<\/span><\/p>\n<h2><span style=\"font-weight: 400;\">L\u1ee3i \u00cdch Khi N\u1ea1p Ti\u1ec1n Open88<\/span><\/h2>\n<h3><span style=\"font-weight: 400;\">D\u1ec5 D\u00e0ng V\u00e0 Ti\u1ebft Ki\u1ec7m Th\u1eddi Gian<\/span><\/h3>\n<p><span style=\"font-weight: 400;\">C\u00e1c ph\u01b0\u01a1ng th\u1ee9c n\u1ea1p ti\u1ec1n c\u1ee7a Open88 \u0111\u1ec1u r\u1ea5t \u0111\u01a1n gi\u1ea3n v\u00e0 d\u1ec5 th\u1ef1c hi\u1ec7n, gi\u00fap b\u1ea1n ti\u1ebft ki\u1ec7m th\u1eddi gian \u0111\u1ec3 tham gia ngay v\u00e0o c\u00e1c tr\u00f2 ch\u01a1i m\u00e0 kh\u00f4ng ph\u1ea3i m\u1ea5t c\u00f4ng t\u00ecm ki\u1ebfm ph\u01b0\u01a1ng th\u1ee9c thanh to\u00e1n.<\/span><\/p>\n<h3><span style=\"font-weight: 400;\">C\u00e1c Ph\u01b0\u01a1ng Th\u1ee9c N\u1ea1p Ti\u1ec1n Open88 Linh Ho\u1ea1t<\/span><\/h3>\n<p><span style=\"font-weight: 400;\">B\u1eb1ng vi\u1ec7c cung c\u1ea5p nhi\u1ec1u ph\u01b0\u01a1ng th\u1ee9c thanh to\u00e1n kh\u00e1c nhau, Open88 mang l\u1ea1i s\u1ef1 linh ho\u1ea1t cho ng\u01b0\u1eddi ch\u01a1i, ph\u00f9 h\u1ee3p v\u1edbi nhi\u1ec1u \u0111\u1ed1i t\u01b0\u1ee3ng v\u00e0 nhu c\u1ea7u s\u1eed d\u1ee5ng.<\/span><\/p>\n<figure id=\"attachment_289\" aria-describedby=\"caption-attachment-289\" style=\"width: 800px\" class=\"wp-caption aligncenter\"><img loading=\"lazy\" decoding=\"async\" class=\"size-full wp-image-289\" src=\"https:\/\/markethive.io\/wp-content\/uploads\/2026\/01\/phuong-thuc-nap-tien-linh-hoat-open88.webp\" alt=\"Ph\u01b0\u01a1ng th\u1ee9c n\u1ea1p ti\u1ec1n linh ho\u1ea1t t\u1ea1i Open88\" width=\"800\" height=\"400\" srcset=\"https:\/\/markethive.io\/wp-content\/uploads\/2026\/01\/phuong-thuc-nap-tien-linh-hoat-open88.webp 800w, https:\/\/markethive.io\/wp-content\/uploads\/2026\/01\/phuong-thuc-nap-tien-linh-hoat-open88-300x150.webp 300w, https:\/\/markethive.io\/wp-content\/uploads\/2026\/01\/phuong-thuc-nap-tien-linh-hoat-open88-768x384.webp 768w\" sizes=\"auto, (max-width: 800px) 100vw, 800px\" \/><figcaption id=\"caption-attachment-289\" class=\"wp-caption-text\">Ph\u01b0\u01a1ng th\u1ee9c n\u1ea1p ti\u1ec1n linh ho\u1ea1t t\u1ea1i Open88<\/figcaption><\/figure>\n<h3><span style=\"font-weight: 400;\">B\u1ea3o M\u1eadt V\u00e0 An To\u00e0n<\/span><\/h3>\n<p><span style=\"font-weight: 400;\">V\u1edbi c\u00f4ng ngh\u1ec7 b\u1ea3o m\u1eadt ti\u00ean ti\u1ebfn, Open88 \u0111\u1ea3m b\u1ea3o b\u1ea3o v\u1ec7 tuy\u1ec7t \u0111\u1ed1i m\u1ecdi giao d\u1ecbch t\u00e0i ch\u00ednh c\u1ee7a ng\u01b0\u1eddi ch\u01a1i. T\u1ea5t c\u1ea3 th\u00f4ng tin c\u00e1 nh\u00e2n v\u00e0 giao d\u1ecbch \u0111\u1ec1u \u0111\u01b0\u1ee3c m\u00e3 h\u00f3a an to\u00e0n, gi\u00fap b\u1ea1n y\u00ean t\u00e2m tham gia c\u00e1 c\u01b0\u1ee3c.<\/span><\/p>\n<h2><span style=\"font-weight: 400;\">Nh\u1eefng \u0110i\u1ec1u C\u1ea7n L\u01b0u \u00dd Khi N\u1ea1p Ti\u1ec1n Open88<\/span><\/h2>\n<h3><span style=\"font-weight: 400;\">\u0110\u1ea3m B\u1ea3o Th\u00f4ng Tin Ch\u00ednh X\u00e1c<\/span><\/h3>\n<p><span style=\"font-weight: 400;\">Ki\u1ec3m tra k\u1ef9 c\u00e1c th\u00f4ng tin nh\u01b0 s\u1ed1 t\u00e0i kho\u1ea3n ng\u00e2n h\u00e0ng, m\u00e3 th\u1ebb c\u00e0o ho\u1eb7c th\u00f4ng tin v\u00ed \u0111i\u1ec7n t\u1eed khi th\u1ef1c hi\u1ec7n giao d\u1ecbch n\u1ea1p ti\u1ec1n. L\u1ed7i th\u00f4ng tin c\u00f3 th\u1ec3 khi\u1ebfn giao d\u1ecbch kh\u00f4ng ho\u00e0n t\u1ea5t.<\/span><\/p>\n<h3><span style=\"font-weight: 400;\">Th\u1eddi Gian X\u1eed L\u00fd Giao D\u1ecbch<\/span><\/h3>\n<p><span style=\"font-weight: 400;\">Khi s\u1eed d\u1ee5ng c\u00e1c ph\u01b0\u01a1ng th\u1ee9c n\u1ea1p ti\u1ec1n nh\u01b0 chuy\u1ec3n kho\u1ea3n ng\u00e2n h\u00e0ng, b\u1ea1n c\u1ea7n l\u01b0u \u00fd r\u1eb1ng th\u1eddi gian x\u1eed l\u00fd c\u00f3 th\u1ec3 kh\u00e1c nhau. Ki\u1ec3m tra th\u1eddi gian x\u1eed l\u00fd c\u1ee7a t\u1eebng ph\u01b0\u01a1ng th\u1ee9c tr\u01b0\u1edbc khi th\u1ef1c hi\u1ec7n \u0111\u1ec3 tr\u00e1nh b\u1ea5t k\u1ef3 s\u1ef1 ch\u1eadm tr\u1ec5 n\u00e0o.<\/span><\/p>\n<p><strong>&gt;&gt;<a href=\"https:\/\/markethive.io\/rut-tien-open88\/\">R\u00fat Ti\u1ec1n Open88<\/a>: C\u00e1ch R\u00fat Ti\u1ec1n Nhanh Ch\u00f3ng V\u00e0 An To\u00e0n<\/strong><\/p>\n<h3><span style=\"font-weight: 400;\">Ki\u1ec3m Tra K\u1ebft N\u1ed1i Internet<\/span><\/h3>\n<p><span style=\"font-weight: 400;\">\u0110\u1ea3m b\u1ea3o r\u1eb1ng k\u1ebft n\u1ed1i internet c\u1ee7a b\u1ea1n \u1ed5n \u0111\u1ecbnh trong su\u1ed1t qu\u00e1 tr\u00ecnh n\u1ea1p ti\u1ec1n \u0111\u1ec3 tr\u00e1nh gi\u00e1n \u0111o\u1ea1n giao d\u1ecbch. N\u1ebfu s\u1eed d\u1ee5ng Wi-Fi, h\u00e3y ch\u1eafc ch\u1eafn r\u1eb1ng t\u00edn hi\u1ec7u m\u1ea1nh v\u00e0 \u1ed5n \u0111\u1ecbnh.<\/span><\/p>\n<h2><span style=\"font-weight: 400;\">K\u1ebft Lu\u1eadn<\/span><\/h2>\n<p><span style=\"font-weight: 400;\">N\u1ea1p ti\u1ec1n Open88 l\u00e0 \u0111i\u1ec1u ki\u1ec7n c\u1ea7n thi\u1ebft \u0111\u1ec3 tham gia c\u00e1 c\u01b0\u1ee3c tr\u1ef1c tuy\u1ebfn. V\u1edbi nhi\u1ec1u ph\u01b0\u01a1ng th\u1ee9c n\u1ea1p ti\u1ec1n linh ho\u1ea1t v\u00e0 d\u1ec5 s\u1eed d\u1ee5ng, b\u1ea1n c\u00f3 th\u1ec3 nhanh ch\u00f3ng ch\u1ecdn ph\u01b0\u01a1ng th\u1ee9c ph\u00f9 h\u1ee3p v\u00e0 b\u1eaft \u0111\u1ea7u tr\u1ea3i nghi\u1ec7m c\u00e1c tr\u00f2 ch\u01a1i y\u00eau th\u00edch. Ch\u1ecdn ph\u01b0\u01a1ng th\u1ee9c n\u1ea1p ti\u1ec1n v\u00e0 \u0111\u1eafm ch\u00ecm v\u00e0o nh\u1eefng gi\u00e2y ph\u00fat gi\u1ea3i tr\u00ed tuy\u1ec7t v\u1eddi t\u1ea1i <strong><a href=\"https:\/\/markethive.io\/\">trang ch\u1ee7 Open88<\/a><\/strong>!<\/span><\/p>\n","protected":false},"excerpt":{"rendered":"<p>N\u1ea1p Ti\u1ec1n Open88: T\u1ed5ng H\u1ee3p Ph\u01b0\u01a1ng Th\u1ee9c Nhanh Ch\u00f3ng &amp; Ti\u1ec7n L\u1ee3i Khi tham gia c\u00e1 c\u01b0\u1ee3c tr\u1ef1c tuy\u1ebfn t\u1ea1i Open88, n\u1ea1p ti\u1ec1n v\u00e0o t\u00e0i kho\u1ea3n l\u00e0 b\u01b0\u1edbc kh\u00f4ng th\u1ec3 thi\u1ebfu \u0111\u1ec3 b\u1eaft \u0111\u1ea7u tr\u00f2 ch\u01a1i. V\u1edbi nh\u1eefng ph\u01b0\u01a1ng th\u1ee9c n\u1ea1p ti\u1ec1n \u0111a d\u1ea1ng v\u00e0 d\u1ec5 s\u1eed d\u1ee5ng, Open88 mang \u0111\u1ebfn cho ng\u01b0\u1eddi ch\u01a1i s\u1ef1 [&#8230;]\n","protected":false},"author":1,"featured_media":287,"parent":0,"menu_order":0,"comment_status":"closed","ping_status":"closed","template":"","meta":{"footnotes":""},"class_list":["post-49","page","type-page","status-publish","has-post-thumbnail","hentry"],"_links":{"self":[{"href":"https:\/\/markethive.io\/vi-vn\/wp-json\/wp\/v2\/pages\/49","targetHints":{"allow":["GET"]}}],"collection":[{"href":"https:\/\/markethive.io\/vi-vn\/wp-json\/wp\/v2\/pages"}],"about":[{"href":"https:\/\/markethive.io\/vi-vn\/wp-json\/wp\/v2\/types\/page"}],"author":[{"embeddable":true,"href":"https:\/\/markethive.io\/vi-vn\/wp-json\/wp\/v2\/users\/1"}],"replies":[{"embeddable":true,"href":"https:\/\/markethive.io\/vi-vn\/wp-json\/wp\/v2\/comments?post=49"}],"version-history":[{"count":0,"href":"https:\/\/markethive.io\/vi-vn\/wp-json\/wp\/v2\/pages\/49\/revisions"}],"wp:featuredmedia":[{"embeddable":true,"href":"https:\/\/markethive.io\/vi-vn\/wp-json\/wp\/v2\/media\/287"}],"wp:attachment":[{"href":"https:\/\/markethive.io\/vi-vn\/wp-json\/wp\/v2\/media?parent=49"}],"curies":[{"name":"wp","href":"https:\/\/api.w.org\/{rel}","templated":true}]}}