{"id":51,"date":"2026-01-19T16:08:50","date_gmt":"2026-01-19T09:08:50","guid":{"rendered":"https:\/\/markethive.io\/?page_id=51"},"modified":"2026-01-22T14:55:10","modified_gmt":"2026-01-22T07:55:10","slug":"rut-tien-open88","status":"publish","type":"page","link":"https:\/\/markethive.io\/vi-vn\/rut-tien-open88\/","title":{"rendered":"R\u00fat ti\u1ec1n Open88"},"content":{"rendered":"<h1 style=\"text-align: center;\"><span style=\"font-weight: 400;\">R\u00fat Ti\u1ec1n Open88: C\u00e1ch R\u00fat Ti\u1ec1n Nhanh Ch\u00f3ng V\u00e0 An To\u00e0n<\/span><\/h1>\n<p><span style=\"font-weight: 400;\">R\u00fat ti\u1ec1n t\u1eeb <strong><a href=\"https:\/\/markethive.io\/\">Open88<\/a> <\/strong>l\u00e0 m\u1ed9t b\u01b0\u1edbc thi\u1ebft y\u1ebfu gi\u00fap b\u1ea1n chuy\u1ec3n l\u1ee3i nhu\u1eadn t\u1eeb t\u00e0i kho\u1ea3n c\u00e1 c\u01b0\u1ee3c v\u00e0o t\u00e0i kho\u1ea3n ng\u00e2n h\u00e0ng ho\u1eb7c v\u00ed \u0111i\u1ec7n t\u1eed. Open88 h\u1ed7 tr\u1ee3 nhi\u1ec1u ph\u01b0\u01a1ng th\u1ee9c r\u00fat ti\u1ec1n ti\u1ec7n l\u1ee3i v\u00e0 an to\u00e0n, gi\u00fap ng\u01b0\u1eddi ch\u01a1i d\u1ec5 d\u00e0ng nh\u1eadn ti\u1ec1n sau chi\u1ebfn th\u1eafng. B\u00e0i vi\u1ebft n\u00e0y s\u1ebd h\u01b0\u1edbng d\u1eabn b\u1ea1n chi ti\u1ebft c\u00e1ch r\u00fat ti\u1ec1n v\u00e0 chia s\u1ebb nh\u1eefng l\u01b0u \u00fd quan tr\u1ecdng khi th\u1ef1c hi\u1ec7n giao d\u1ecbch.<\/span><\/p>\n<h2><span style=\"font-weight: 400;\">T\u1ea1i Sao R\u00fat Ti\u1ec1n Open88 L\u1ea1i Quan Tr\u1ecdng?<\/span><\/h2>\n<p><span style=\"font-weight: 400;\">R\u00fat ti\u1ec1n t\u1eeb Open88 kh\u00f4ng ch\u1ec9 gi\u00fap b\u1ea1n ki\u1ec3m tra m\u1ee9c th\u1eafng c\u01b0\u1ee3c m\u00e0 c\u00f2n l\u00e0 m\u1ed9t trong nh\u1eefng y\u1ebfu t\u1ed1 quan tr\u1ecdng khi tham gia c\u00e1 c\u01b0\u1ee3c tr\u1ef1c tuy\u1ebfn. Open88 cung c\u1ea5p nhi\u1ec1u ph\u01b0\u01a1ng th\u1ee9c r\u00fat ti\u1ec1n kh\u00e1c nhau, gi\u00fap ng\u01b0\u1eddi ch\u01a1i d\u1ec5 d\u00e0ng l\u1ef1a ch\u1ecdn ph\u01b0\u01a1ng th\u1ee9c ph\u00f9 h\u1ee3p v\u1edbi nhu c\u1ea7u c\u1ee7a m\u00ecnh.<\/span><\/p>\n<p><span style=\"font-weight: 400;\">Khi \u0111\u00e3 th\u1eafng c\u01b0\u1ee3c v\u00e0 mu\u1ed1n r\u00fat ti\u1ec1n, h\u00e3y \u0111\u1ea3m b\u1ea3o b\u1ea1n \u0111\u00e3 n\u1eafm r\u00f5 quy tr\u00ecnh v\u00e0 c\u00e1c \u0111i\u1ec1u ki\u1ec7n r\u00fat ti\u1ec1n t\u1ea1i Open88 \u0111\u1ec3 giao d\u1ecbch di\u1ec5n ra nhanh ch\u00f3ng v\u00e0 an to\u00e0n. D\u01b0\u1edbi \u0111\u00e2y l\u00e0 nh\u1eefng ph\u01b0\u01a1ng th\u1ee9c v\u00e0 h\u01b0\u1edbng d\u1eabn chi ti\u1ebft gi\u00fap b\u1ea1n th\u1ef1c hi\u1ec7n giao d\u1ecbch d\u1ec5 d\u00e0ng.<\/span><\/p>\n<figure id=\"attachment_295\" aria-describedby=\"caption-attachment-295\" style=\"width: 800px\" class=\"wp-caption aligncenter\"><img loading=\"lazy\" decoding=\"async\" class=\"size-full wp-image-295\" src=\"https:\/\/markethive.io\/wp-content\/uploads\/2026\/01\/tai-sao-rut-tien-open88-quan-trong.webp\" alt=\"T\u1ea1i sao r\u00fat ti\u1ec1n Open88 quan tr\u1ecdng\" width=\"800\" height=\"400\" srcset=\"https:\/\/markethive.io\/wp-content\/uploads\/2026\/01\/tai-sao-rut-tien-open88-quan-trong.webp 800w, https:\/\/markethive.io\/wp-content\/uploads\/2026\/01\/tai-sao-rut-tien-open88-quan-trong-300x150.webp 300w, https:\/\/markethive.io\/wp-content\/uploads\/2026\/01\/tai-sao-rut-tien-open88-quan-trong-768x384.webp 768w\" sizes=\"auto, (max-width: 800px) 100vw, 800px\" \/><figcaption id=\"caption-attachment-295\" class=\"wp-caption-text\">T\u1ea1i sao r\u00fat ti\u1ec1n Open88 quan tr\u1ecdng<\/figcaption><\/figure>\n<h2><span style=\"font-weight: 400;\">C\u00e1c Ph\u01b0\u01a1ng Th\u1ee9c R\u00fat Ti\u1ec1n Open88<\/span><\/h2>\n<h3><span style=\"font-weight: 400;\">1. Chuy\u1ec3n Kho\u1ea3n Ng\u00e2n H\u00e0ng<\/span><\/h3>\n<p><span style=\"font-weight: 400;\">Ph\u01b0\u01a1ng th\u1ee9c chuy\u1ec3n kho\u1ea3n ng\u00e2n h\u00e0ng l\u00e0 m\u1ed9t trong nh\u1eefng c\u00e1ch r\u00fat ti\u1ec1n ph\u1ed5 bi\u1ebfn t\u1ea1i Open88. B\u1ea1n c\u00f3 th\u1ec3 r\u00fat ti\u1ec1n tr\u1ef1c ti\u1ebfp t\u1eeb t\u00e0i kho\u1ea3n Open88 v\u1ec1 t\u00e0i kho\u1ea3n ng\u00e2n h\u00e0ng c\u1ee7a m\u00ecnh. Ph\u01b0\u01a1ng th\u1ee9c n\u00e0y r\u1ea5t ti\u1ec7n l\u1ee3i v\u00e0 th\u01b0\u1eddng xuy\u00ean \u0111\u01b0\u1ee3c ng\u01b0\u1eddi ch\u01a1i s\u1eed d\u1ee5ng.<\/span><\/p>\n<p><span style=\"font-weight: 400;\">H\u01b0\u1edbng d\u1eabn th\u1ef1c hi\u1ec7n r\u00fat ti\u1ec1n qua chuy\u1ec3n kho\u1ea3n ng\u00e2n h\u00e0ng:<\/span><\/p>\n<ul>\n<li style=\"font-weight: 400;\" aria-level=\"1\"><span style=\"font-weight: 400;\">\u0110\u0103ng nh\u1eadp v\u00e0o t\u00e0i kho\u1ea3n Open88 v\u00e0 chuy\u1ec3n \u0111\u1ebfn m\u1ee5c &#8220;R\u00fat ti\u1ec1n&#8221;.<\/span><\/li>\n<li style=\"font-weight: 400;\" aria-level=\"1\"><span style=\"font-weight: 400;\">Ch\u1ecdn ph\u01b0\u01a1ng th\u1ee9c r\u00fat ti\u1ec1n b\u1eb1ng chuy\u1ec3n kho\u1ea3n t\u1edbi ng\u00e2n h\u00e0ng.<\/span><\/li>\n<li style=\"font-weight: 400;\" aria-level=\"1\"><span style=\"font-weight: 400;\">Nh\u1eadp th\u00f4ng tin t\u00e0i kho\u1ea3n ng\u00e2n h\u00e0ng c\u1ee7a b\u1ea1n, bao g\u1ed3m t\u00ean ch\u1ee7 t\u00e0i kho\u1ea3n v\u00e0 s\u1ed1 t\u00e0i kho\u1ea3n ng\u00e2n h\u00e0ng.<\/span><\/li>\n<li style=\"font-weight: 400;\" aria-level=\"1\"><span style=\"font-weight: 400;\">X\u00e1c nh\u1eadn s\u1ed1 ti\u1ec1n c\u1ea7n r\u00fat v\u00e0 nh\u1ea5n &#8220;R\u00fat ti\u1ec1n&#8221;.<\/span><\/li>\n<li style=\"font-weight: 400;\" aria-level=\"1\"><span style=\"font-weight: 400;\">Sau khi giao d\u1ecbch \u0111\u01b0\u1ee3c x\u00e1c nh\u1eadn, ti\u1ec1n s\u1ebd \u0111\u01b0\u1ee3c chuy\u1ec3n v\u00e0o t\u00e0i kho\u1ea3n ng\u00e2n h\u00e0ng c\u1ee7a b\u1ea1n trong v\u00f2ng 1-3 ng\u00e0y l\u00e0m vi\u1ec7c.<\/span><\/li>\n<\/ul>\n<h3><span style=\"font-weight: 400;\">2. V\u00ed \u0110i\u1ec7n T\u1eed (E-Wallet)<\/span><\/h3>\n<p><span style=\"font-weight: 400;\">V\u00ed \u0111i\u1ec7n t\u1eed l\u00e0 ph\u01b0\u01a1ng th\u1ee9c r\u00fat ti\u1ec1n nhanh ch\u00f3ng v\u00e0 r\u1ea5t \u0111\u01b0\u1ee3c \u01b0a chu\u1ed9ng hi\u1ec7n nay. C\u00e1c v\u00ed \u0111i\u1ec7n t\u1eed ph\u1ed5 bi\u1ebfn nh\u01b0 Momo, ZaloPay v\u00e0 VTC Pay \u0111\u1ec1u \u0111\u01b0\u1ee3c Open88 h\u1ed7 tr\u1ee3. V\u1edbi v\u00ed \u0111i\u1ec7n t\u1eed, b\u1ea1n c\u00f3 th\u1ec3 nh\u1eadn ti\u1ec1n ngay l\u1eadp t\u1ee9c m\u00e0 kh\u00f4ng c\u1ea7n ph\u1ea3i ch\u1edd \u0111\u1ee3i l\u00e2u.<\/span><\/p>\n<p><span style=\"font-weight: 400;\">H\u01b0\u1edbng d\u1eabn r\u00fat ti\u1ec1n qua v\u00ed \u0111i\u1ec7n t\u1eed:<\/span><\/p>\n<ul>\n<li style=\"font-weight: 400;\" aria-level=\"1\"><span style=\"font-weight: 400;\">M\u1edf \u1ee9ng d\u1ee5ng Open88 v\u00e0 v\u00e0o m\u1ee5c &#8220;R\u00fat ti\u1ec1n&#8221;.<\/span><\/li>\n<li style=\"font-weight: 400;\" aria-level=\"1\"><span style=\"font-weight: 400;\">Ch\u1ecdn ph\u01b0\u01a1ng th\u1ee9c r\u00fat ti\u1ec1n qua v\u00ed \u0111i\u1ec7n t\u1eed.<\/span><\/li>\n<li style=\"font-weight: 400;\" aria-level=\"1\"><span style=\"font-weight: 400;\">Nh\u1eadp th\u00f4ng tin v\u00ed \u0111i\u1ec7n t\u1eed c\u1ee7a b\u1ea1n v\u00e0 s\u1ed1 ti\u1ec1n c\u1ea7n r\u00fat.<\/span><\/li>\n<li style=\"font-weight: 400;\" aria-level=\"1\"><span style=\"font-weight: 400;\">X\u00e1c nh\u1eadn giao d\u1ecbch v\u00e0 ti\u1ec1n s\u1ebd \u0111\u01b0\u1ee3c chuy\u1ec3n v\u00e0o v\u00ed \u0111i\u1ec7n t\u1eed c\u1ee7a b\u1ea1n ngay l\u1eadp t\u1ee9c.<\/span><\/li>\n<\/ul>\n<h3><span style=\"font-weight: 400;\">3. Th\u1ebb C\u00e0o \u0110i\u1ec7n Tho\u1ea1i<\/span><\/h3>\n<p><span style=\"font-weight: 400;\">R\u00fat ti\u1ec1n qua th\u1ebb c\u00e0o \u0111i\u1ec7n tho\u1ea1i l\u00e0 ph\u01b0\u01a1ng th\u1ee9c ti\u1ec7n l\u1ee3i cho nh\u1eefng ai mu\u1ed1n nh\u1eadn ti\u1ec1n m\u1eb7t ngay l\u1eadp t\u1ee9c m\u00e0 kh\u00f4ng mu\u1ed1n qua ng\u00e2n h\u00e0ng ho\u1eb7c v\u00ed \u0111i\u1ec7n t\u1eed. Open88 h\u1ed7 tr\u1ee3 c\u00e1c lo\u1ea1i th\u1ebb c\u00e0o c\u1ee7a c\u00e1c nh\u00e0 m\u1ea1ng l\u1edbn nh\u01b0 Viettel, Vinaphone v\u00e0 Mobifone.<\/span><\/p>\n<p><span style=\"font-weight: 400;\">H\u01b0\u1edbng d\u1eabn r\u00fat ti\u1ec1n qua th\u1ebb c\u00e0o \u0111i\u1ec7n tho\u1ea1i:<\/span><\/p>\n<ul>\n<li style=\"font-weight: 400;\" aria-level=\"1\"><span style=\"font-weight: 400;\">Chuy\u1ec3n \u0111\u1ebfn m\u1ee5c &#8220;R\u00fat ti\u1ec1n&#8221; trong t\u00e0i kho\u1ea3n c\u1ee7a b\u1ea1n.<\/span><\/li>\n<li style=\"font-weight: 400;\" aria-level=\"1\"><span style=\"font-weight: 400;\">Ch\u1ecdn ph\u01b0\u01a1ng th\u1ee9c r\u00fat ti\u1ec1n qua th\u1ebb c\u00e0o \u0111i\u1ec7n tho\u1ea1i.<\/span><\/li>\n<li style=\"font-weight: 400;\" aria-level=\"1\"><span style=\"font-weight: 400;\">Ch\u1ecdn nh\u00e0 m\u1ea1ng v\u00e0 \u0111i\u1ec1n m\u00e3 s\u1ed1 th\u1ebb c\u00e0o v\u00e0o \u00f4 y\u00eau c\u1ea7u.<\/span><\/li>\n<li style=\"font-weight: 400;\" aria-level=\"1\"><span style=\"font-weight: 400;\">Nh\u1ea5n &#8220;R\u00fat ti\u1ec1n&#8221; v\u00e0 giao d\u1ecbch s\u1ebd \u0111\u01b0\u1ee3c x\u1eed l\u00fd nhanh ch\u00f3ng.<\/span><\/li>\n<\/ul>\n<h2><span style=\"font-weight: 400;\">H\u01b0\u1edbng D\u1eabn Quy Tr\u00ecnh R\u00fat Ti\u1ec1n Open88<\/span><\/h2>\n<p><span style=\"font-weight: 400;\">Quy tr\u00ecnh r\u00fat ti\u1ec1n t\u1ea1i Open88 r\u1ea5t \u0111\u01a1n gi\u1ea3n v\u00e0 d\u1ec5 th\u1ef1c hi\u1ec7n. D\u01b0\u1edbi \u0111\u00e2y l\u00e0 c\u00e1c b\u01b0\u1edbc chi ti\u1ebft \u0111\u1ec3 b\u1ea1n c\u00f3 th\u1ec3 r\u00fat ti\u1ec1n t\u1eeb t\u00e0i kho\u1ea3n Open88 c\u1ee7a m\u00ecnh.<\/span><\/p>\n<figure id=\"attachment_296\" aria-describedby=\"caption-attachment-296\" style=\"width: 800px\" class=\"wp-caption aligncenter\"><img loading=\"lazy\" decoding=\"async\" class=\"size-full wp-image-296\" src=\"https:\/\/markethive.io\/wp-content\/uploads\/2026\/01\/huong-dan-quy-trinh-rut-tien-open88.webp\" alt=\"Quy tr\u00ecnh r\u00fat ti\u1ec1n Open88 d\u1ec5 d\u00e0ng\" width=\"800\" height=\"400\" srcset=\"https:\/\/markethive.io\/wp-content\/uploads\/2026\/01\/huong-dan-quy-trinh-rut-tien-open88.webp 800w, https:\/\/markethive.io\/wp-content\/uploads\/2026\/01\/huong-dan-quy-trinh-rut-tien-open88-300x150.webp 300w, https:\/\/markethive.io\/wp-content\/uploads\/2026\/01\/huong-dan-quy-trinh-rut-tien-open88-768x384.webp 768w\" sizes=\"auto, (max-width: 800px) 100vw, 800px\" \/><figcaption id=\"caption-attachment-296\" class=\"wp-caption-text\">Quy tr\u00ecnh r\u00fat ti\u1ec1n Open88 d\u1ec5 d\u00e0ng<\/figcaption><\/figure>\n<h3><span style=\"font-weight: 400;\">1. \u0110\u0103ng Nh\u1eadp V\u00e0o T\u00e0i Kho\u1ea3n<\/span><\/h3>\n<p><span style=\"font-weight: 400;\">\u0110\u1ea7u ti\u00ean, b\u1ea1n c\u1ea7n <strong><a href=\"https:\/\/markethive.io\/dang-nhap-open88\/\">\u0111\u0103ng nh\u1eadp<\/a><\/strong> v\u00e0o t\u00e0i kho\u1ea3n c\u00e1 c\u01b0\u1ee3c Open88 c\u1ee7a m\u00ecnh b\u1eb1ng t\u00ean ng\u01b0\u1eddi d\u00f9ng v\u00e0 m\u1eadt kh\u1ea9u \u0111\u00e3 \u0111\u0103ng k\u00fd.<\/span><\/p>\n<h3><span style=\"font-weight: 400;\">2. Truy C\u1eadp M\u1ee5c &#8220;R\u00fat Ti\u1ec1n&#8221;<\/span><\/h3>\n<p><span style=\"font-weight: 400;\">Sau khi \u0111\u0103ng nh\u1eadp th\u00e0nh c\u00f4ng, b\u1ea1n s\u1ebd th\u1ea5y m\u1ee5c &#8220;R\u00fat ti\u1ec1n&#8221; tr\u00ean giao di\u1ec7n trang ch\u1ee7 ho\u1eb7c trong ph\u1ea7n qu\u1ea3n l\u00fd t\u00e0i kho\u1ea3n. Nh\u1ea5n v\u00e0o m\u1ee5c n\u00e0y \u0111\u1ec3 b\u1eaft \u0111\u1ea7u qu\u00e1 tr\u00ecnh r\u00fat ti\u1ec1n.<\/span><\/p>\n<h3><span style=\"font-weight: 400;\">3. Ch\u1ecdn Ph\u01b0\u01a1ng Th\u1ee9c R\u00fat Ti\u1ec1n<\/span><\/h3>\n<p><span style=\"font-weight: 400;\">T\u1ea1i m\u1ee5c &#8220;R\u00fat ti\u1ec1n&#8221;, b\u1ea1n c\u00f3 th\u1ec3 ch\u1ecdn m\u1ed9t trong c\u00e1c ph\u01b0\u01a1ng th\u1ee9c r\u00fat ti\u1ec1n nh\u01b0 chuy\u1ec3n kho\u1ea3n ng\u00e2n h\u00e0ng, v\u00ed \u0111i\u1ec7n t\u1eed ho\u1eb7c th\u1ebb c\u00e0o \u0111i\u1ec7n tho\u1ea1i. Ch\u1ecdn ph\u01b0\u01a1ng th\u1ee9c v\u00e0 l\u00e0m theo c\u00e1c b\u01b0\u1edbc h\u01b0\u1edbng d\u1eabn ti\u1ebfp theo.<\/span><\/p>\n<h3><span style=\"font-weight: 400;\">4. Nh\u1eadp S\u1ed1 Ti\u1ec1n C\u1ea7n R\u00fat<\/span><\/h3>\n<p><span style=\"font-weight: 400;\">Sau khi ch\u1ecdn ph\u01b0\u01a1ng th\u1ee9c, nh\u1eadp s\u1ed1 ti\u1ec1n b\u1ea1n mu\u1ed1n r\u00fat. L\u01b0u \u00fd r\u1eb1ng m\u1ed7i ph\u01b0\u01a1ng th\u1ee9c c\u00f3 m\u1ee9c t\u1ed1i thi\u1ec3u v\u00e0 t\u1ed1i \u0111a kh\u00e1c nhau, v\u00ec v\u1eady b\u1ea1n c\u1ea7n ki\u1ec3m tra k\u1ef9 th\u00f4ng tin tr\u01b0\u1edbc khi th\u1ef1c hi\u1ec7n.<\/span><\/p>\n<h3><span style=\"font-weight: 400;\">5. X\u00e1c Nh\u1eadn V\u00e0 Ho\u00e0n T\u1ea5t Giao D\u1ecbch<\/span><\/h3>\n<p><span style=\"font-weight: 400;\">Khi \u0111\u00e3 nh\u1eadp \u0111\u1ee7 th\u00f4ng tin c\u1ea7n thi\u1ebft, nh\u1ea5n &#8220;X\u00e1c nh\u1eadn&#8221; \u0111\u1ec3 ho\u00e0n t\u1ea5t giao d\u1ecbch. Giao d\u1ecbch s\u1ebd \u0111\u01b0\u1ee3c Open88 x\u1eed l\u00fd v\u00e0 b\u1ea1n s\u1ebd nh\u1eadn ti\u1ec1n v\u00e0o t\u00e0i kho\u1ea3n c\u1ee7a m\u00ecnh trong th\u1eddi gian ng\u1eafn (t\u00f9y theo ph\u01b0\u01a1ng th\u1ee9c r\u00fat ti\u1ec1n).<\/span><\/p>\n<h2><span style=\"font-weight: 400;\">Nh\u1eefng L\u01b0u \u00dd Quan Tr\u1ecdng Khi R\u00fat Ti\u1ec1n Open88<\/span><\/h2>\n<h3><span style=\"font-weight: 400;\">1. X\u00e1c Minh T\u00e0i Kho\u1ea3n<\/span><\/h3>\n<p><span style=\"font-weight: 400;\">\u0110\u1ec3 \u0111\u1ea3m b\u1ea3o an to\u00e0n cho t\u00e0i kho\u1ea3n, Open88 y\u00eau c\u1ea7u ng\u01b0\u1eddi ch\u01a1i ho\u00e0n th\u00e0nh quy tr\u00ecnh x\u00e1c minh t\u00e0i kho\u1ea3n tr\u01b0\u1edbc khi th\u1ef1c hi\u1ec7n r\u00fat ti\u1ec1n. Vi\u1ec7c x\u00e1c minh t\u00e0i kho\u1ea3n s\u1ebd gi\u00fap \u0111\u1ea3m b\u1ea3o r\u1eb1ng giao d\u1ecbch c\u1ee7a b\u1ea1n \u0111\u01b0\u1ee3c th\u1ef1c hi\u1ec7n \u0111\u00fang ng\u01b0\u1eddi.<\/span><\/p>\n<h3><span style=\"font-weight: 400;\">2. Ph\u01b0\u01a1ng Th\u1ee9c R\u00fat Ti\u1ec1n Ph\u1ea3i Ph\u00f9 H\u1ee3p<\/span><\/h3>\n<p><span style=\"font-weight: 400;\">Ch\u1ecdn ph\u01b0\u01a1ng th\u1ee9c r\u00fat ti\u1ec1n ph\u00f9 h\u1ee3p v\u1edbi b\u1ea1n l\u00e0 \u0111i\u1ec1u quan tr\u1ecdng. H\u00e3y \u0111\u1ea3m b\u1ea3o r\u1eb1ng ph\u01b0\u01a1ng th\u1ee9c b\u1ea1n ch\u1ecdn c\u00f3 th\u1ec3 r\u00fat ti\u1ec1n nhanh ch\u00f3ng v\u00e0 d\u1ec5 d\u00e0ng.<\/span><\/p>\n<figure id=\"attachment_293\" aria-describedby=\"caption-attachment-293\" style=\"width: 800px\" class=\"wp-caption aligncenter\"><img loading=\"lazy\" decoding=\"async\" class=\"size-full wp-image-293\" src=\"https:\/\/markethive.io\/wp-content\/uploads\/2026\/01\/lua-chon-phuong-thuc-rut-tien-phai-phu-hop.webp\" alt=\"Ch\u1ecdn ph\u01b0\u01a1ng th\u1ee9c r\u00fat ti\u1ec1n Open88 ph\u00f9 h\u1ee3p\" width=\"800\" height=\"400\" srcset=\"https:\/\/markethive.io\/wp-content\/uploads\/2026\/01\/lua-chon-phuong-thuc-rut-tien-phai-phu-hop.webp 800w, https:\/\/markethive.io\/wp-content\/uploads\/2026\/01\/lua-chon-phuong-thuc-rut-tien-phai-phu-hop-300x150.webp 300w, https:\/\/markethive.io\/wp-content\/uploads\/2026\/01\/lua-chon-phuong-thuc-rut-tien-phai-phu-hop-768x384.webp 768w\" sizes=\"auto, (max-width: 800px) 100vw, 800px\" \/><figcaption id=\"caption-attachment-293\" class=\"wp-caption-text\">Ch\u1ecdn ph\u01b0\u01a1ng th\u1ee9c r\u00fat ti\u1ec1n Open88 ph\u00f9 h\u1ee3p<\/figcaption><\/figure>\n<h3><span style=\"font-weight: 400;\">3. \u0110\u1ea3m B\u1ea3o Th\u00f4ng Tin Ch\u00ednh X\u00e1c<\/span><\/h3>\n<p><span style=\"font-weight: 400;\">Khi nh\u1eadp th\u00f4ng tin r\u00fat ti\u1ec1n, h\u00e3y ch\u1eafc ch\u1eafn r\u1eb1ng b\u1ea1n \u0111i\u1ec1n ch\u00ednh x\u00e1c s\u1ed1 t\u00e0i kho\u1ea3n ng\u00e2n h\u00e0ng, th\u00f4ng tin v\u00ed \u0111i\u1ec7n t\u1eed ho\u1eb7c m\u00e3 th\u1ebb c\u00e0o. Vi\u1ec7c nh\u1eadp sai th\u00f4ng tin c\u00f3 th\u1ec3 d\u1eabn \u0111\u1ebfn vi\u1ec7c giao d\u1ecbch kh\u00f4ng th\u00e0nh c\u00f4ng.<\/span><\/p>\n<h3><span style=\"font-weight: 400;\">4. Th\u1eddi Gian X\u1eed L\u00fd Giao D\u1ecbch<\/span><\/h3>\n<p><span style=\"font-weight: 400;\">Th\u1eddi gian r\u00fat ti\u1ec1n c\u00f3 th\u1ec3 thay \u0111\u1ed5i t\u00f9y thu\u1ed9c v\u00e0o ph\u01b0\u01a1ng th\u1ee9c v\u00e0 c\u00e1c y\u1ebfu t\u1ed1 kh\u00e1c. R\u00fat ti\u1ec1n qua v\u00ed \u0111i\u1ec7n t\u1eed th\u01b0\u1eddng nhanh h\u01a1n, trong khi chuy\u1ec3n kho\u1ea3n ng\u00e2n h\u00e0ng c\u00f3 th\u1ec3 m\u1ea5t 1-3 ng\u00e0y l\u00e0m vi\u1ec7c.<\/span><\/p>\n<p><strong>&gt;&gt;<a href=\"https:\/\/markethive.io\/tai-app-open88\/\">T\u1ea3i App Open88<\/a>: Kh\u00e1m Ph\u00e1 C\u00e1 C\u01b0\u1ee3c M\u1edbi M\u1ebb \u0110a Thi\u1ebft B\u1ecb<\/strong><\/p>\n<h2><span style=\"font-weight: 400;\">K\u1ebft Lu\u1eadn<\/span><\/h2>\n<p><span style=\"font-weight: 400;\"><strong><a href=\"https:\/\/markethive.io\/rut-tien-open88\/\">R\u00fat ti\u1ec1n Open88<\/a><\/strong> l\u00e0 m\u1ed9t quy tr\u00ecnh \u0111\u01a1n gi\u1ea3n v\u00e0 d\u1ec5 d\u00e0ng, v\u1edbi nhi\u1ec1u ph\u01b0\u01a1ng th\u1ee9c l\u1ef1a ch\u1ecdn nh\u01b0 chuy\u1ec3n kho\u1ea3n ng\u00e2n h\u00e0ng, v\u00ed \u0111i\u1ec7n t\u1eed v\u00e0 th\u1ebb c\u00e0o \u0111i\u1ec7n tho\u1ea1i. D\u00f9 b\u1ea1n ch\u1ecdn ph\u01b0\u01a1ng th\u1ee9c n\u00e0o, Open88 lu\u00f4n \u0111\u1ea3m b\u1ea3o r\u1eb1ng giao d\u1ecbch c\u1ee7a b\u1ea1n s\u1ebd \u0111\u01b0\u1ee3c x\u1eed l\u00fd nhanh ch\u00f3ng v\u00e0 an to\u00e0n. H\u00e3y ch\u1eafc ch\u1eafn r\u1eb1ng b\u1ea1n l\u00e0m theo c\u00e1c h\u01b0\u1edbng d\u1eabn v\u00e0 l\u01b0u \u00fd \u0111\u1ec3 c\u00f3 m\u1ed9t tr\u1ea3i nghi\u1ec7m r\u00fat ti\u1ec1n su\u00f4n s\u1ebb v\u00e0 kh\u00f4ng g\u1eb7p ph\u1ea3i s\u1ef1 c\u1ed1.<\/span><\/p>\n","protected":false},"excerpt":{"rendered":"<p>R\u00fat Ti\u1ec1n Open88: C\u00e1ch R\u00fat Ti\u1ec1n Nhanh Ch\u00f3ng V\u00e0 An To\u00e0n R\u00fat ti\u1ec1n t\u1eeb Open88 l\u00e0 m\u1ed9t b\u01b0\u1edbc thi\u1ebft y\u1ebfu gi\u00fap b\u1ea1n chuy\u1ec3n l\u1ee3i nhu\u1eadn t\u1eeb t\u00e0i kho\u1ea3n c\u00e1 c\u01b0\u1ee3c v\u00e0o t\u00e0i kho\u1ea3n ng\u00e2n h\u00e0ng ho\u1eb7c v\u00ed \u0111i\u1ec7n t\u1eed. Open88 h\u1ed7 tr\u1ee3 nhi\u1ec1u ph\u01b0\u01a1ng th\u1ee9c r\u00fat ti\u1ec1n ti\u1ec7n l\u1ee3i v\u00e0 an to\u00e0n, gi\u00fap ng\u01b0\u1eddi ch\u01a1i [&#8230;]\n","protected":false},"author":1,"featured_media":294,"parent":0,"menu_order":0,"comment_status":"closed","ping_status":"closed","template":"","meta":{"footnotes":""},"class_list":["post-51","page","type-page","status-publish","has-post-thumbnail","hentry"],"_links":{"self":[{"href":"https:\/\/markethive.io\/vi-vn\/wp-json\/wp\/v2\/pages\/51","targetHints":{"allow":["GET"]}}],"collection":[{"href":"https:\/\/markethive.io\/vi-vn\/wp-json\/wp\/v2\/pages"}],"about":[{"href":"https:\/\/markethive.io\/vi-vn\/wp-json\/wp\/v2\/types\/page"}],"author":[{"embeddable":true,"href":"https:\/\/markethive.io\/vi-vn\/wp-json\/wp\/v2\/users\/1"}],"replies":[{"embeddable":true,"href":"https:\/\/markethive.io\/vi-vn\/wp-json\/wp\/v2\/comments?post=51"}],"version-history":[{"count":0,"href":"https:\/\/markethive.io\/vi-vn\/wp-json\/wp\/v2\/pages\/51\/revisions"}],"wp:featuredmedia":[{"embeddable":true,"href":"https:\/\/markethive.io\/vi-vn\/wp-json\/wp\/v2\/media\/294"}],"wp:attachment":[{"href":"https:\/\/markethive.io\/vi-vn\/wp-json\/wp\/v2\/media?parent=51"}],"curies":[{"name":"wp","href":"https:\/\/api.w.org\/{rel}","templated":true}]}}