{"id":53,"date":"2026-01-19T16:08:56","date_gmt":"2026-01-19T09:08:56","guid":{"rendered":"https:\/\/markethive.io\/?page_id=53"},"modified":"2026-01-22T14:58:31","modified_gmt":"2026-01-22T07:58:31","slug":"dai-ly-open88","status":"publish","type":"page","link":"https:\/\/markethive.io\/vi-vn\/dai-ly-open88\/","title":{"rendered":"\u0110\u1ea1i l\u00fd Open88"},"content":{"rendered":"<h1 style=\"text-align: center;\"><span style=\"font-weight: 400;\">\u0110\u1ea1i L\u00fd Open88: C\u01a1 H\u1ed9i Kinh Doanh C\u00e1 C\u01b0\u1ee3c \u0110\u01a1n Gi\u1ea3n V\u00e0 L\u1ee3i Nhu\u1eadn Cao<\/span><\/h1>\n<p><span style=\"font-weight: 400;\"><strong><a href=\"https:\/\/markethive.io\/dai-ly-open88\/\">\u0110\u1ea1i l\u00fd Open88<\/a><\/strong> l\u00e0 c\u01a1 h\u1ed9i h\u1ea5p d\u1eabn cho nh\u1eefng ai mu\u1ed1n gia nh\u1eadp v\u00e0o ng\u00e0nh c\u00e1 c\u01b0\u1ee3c tr\u1ef1c tuy\u1ebfn v\u00e0 ki\u1ebfm thu nh\u1eadp t\u1eeb vi\u1ec7c gi\u1edbi thi\u1ec7u ng\u01b0\u1eddi ch\u01a1i c\u0169ng nh\u01b0 qu\u1ea3n l\u00fd c\u00e1c ho\u1ea1t \u0111\u1ed9ng c\u00e1 c\u01b0\u1ee3c. V\u1edbi h\u1ec7 th\u1ed1ng \u0111\u1ea1i l\u00fd c\u1ee7a m\u00ecnh, Open88 gi\u00fap \u0111\u1ed1i t\u00e1c d\u1ec5 d\u00e0ng tham gia v\u00e0 ph\u00e1t tri\u1ec3n c\u00f4ng vi\u1ec7c kinh doanh trong m\u1ed9t th\u1ecb tr\u01b0\u1eddng \u0111\u1ea7y ti\u1ec1m n\u0103ng. Trong b\u00e0i vi\u1ebft n\u00e0y, ch\u00fang ta s\u1ebd t\u00ecm hi\u1ec3u chi ti\u1ebft v\u1ec1 m\u00f4 h\u00ecnh \u0111\u1ea1i l\u00fd Open88, c\u00e1c quy\u1ec1n l\u1ee3i v\u00e0 c\u01a1 h\u1ed9i h\u1ee3p t\u00e1c m\u00e0 ch\u01b0\u01a1ng tr\u00ecnh n\u00e0y mang l\u1ea1i.<\/span><\/p>\n<h2><span style=\"font-weight: 400;\">\u0110\u1ea1i L\u00fd Open88 L\u00e0 G\u00ec?<\/span><\/h2>\n<p><span style=\"font-weight: 400;\">\u0110\u1ea1i l\u00fd Open88 l\u00e0 nh\u1eefng ng\u01b0\u1eddi ho\u1eb7c t\u1ed5 ch\u1ee9c h\u1ee3p t\u00e1c v\u1edbi nh\u00e0 c\u00e1i Open88 \u0111\u1ec3 qu\u1ea3ng b\u00e1, gi\u1edbi thi\u1ec7u ng\u01b0\u1eddi ch\u01a1i m\u1edbi v\u00e0 h\u1ed7 tr\u1ee3 trong vi\u1ec7c qu\u1ea3n l\u00fd t\u00e0i kho\u1ea3n c\u00e1 c\u01b0\u1ee3c. \u0110\u1ea1i l\u00fd s\u1ebd nh\u1eadn \u0111\u01b0\u1ee3c ph\u1ea7n tr\u0103m l\u1ee3i nhu\u1eadn t\u1eeb ho\u1ea1t \u0111\u1ed9ng c\u1ee7a ng\u01b0\u1eddi ch\u01a1i m\u00e0 h\u1ecd gi\u1edbi thi\u1ec7u. M\u00f4 h\u00ecnh n\u00e0y kh\u00f4ng ch\u1ec9 mang \u0111\u1ebfn c\u01a1 h\u1ed9i ki\u1ebfm ti\u1ec1n cho \u0111\u1ed1i t\u00e1c m\u00e0 c\u00f2n gi\u00fap Open88 m\u1edf r\u1ed9ng th\u1ecb tr\u01b0\u1eddng v\u00e0 thu h\u00fat th\u00eam nhi\u1ec1u ng\u01b0\u1eddi ch\u01a1i m\u1edbi.<\/span><\/p>\n<p><span style=\"font-weight: 400;\">Ch\u01b0\u01a1ng tr\u00ecnh \u0111\u1ea1i l\u00fd c\u1ee7a Open88 linh ho\u1ea1t v\u00e0 d\u1ec5 d\u00e0ng gia nh\u1eadp. D\u00f9 b\u1ea1n kh\u00f4ng c\u00f3 kinh nghi\u1ec7m nhi\u1ec1u trong ng\u00e0nh c\u00e1 c\u01b0\u1ee3c, Open88 v\u1eabn s\u1ebd cung c\u1ea5p \u0111\u1ea7y \u0111\u1ee7 c\u00f4ng c\u1ee5 h\u1ed7 tr\u1ee3 \u0111\u1ec3 gi\u00fap b\u1ea1n trong su\u1ed1t qu\u00e1 tr\u00ecnh h\u1ee3p t\u00e1c.<\/span><\/p>\n<figure id=\"attachment_298\" aria-describedby=\"caption-attachment-298\" style=\"width: 800px\" class=\"wp-caption aligncenter\"><img loading=\"lazy\" decoding=\"async\" class=\"size-full wp-image-298\" src=\"https:\/\/markethive.io\/wp-content\/uploads\/2026\/01\/dai-ly-open88-la-gi-2026.webp\" alt=\"T\u00ecm hi\u1ec3u v\u1ec1 \u0111\u1ea1i l\u00fd Open88 n\u0103m 2026\" width=\"800\" height=\"400\" srcset=\"https:\/\/markethive.io\/wp-content\/uploads\/2026\/01\/dai-ly-open88-la-gi-2026.webp 800w, https:\/\/markethive.io\/wp-content\/uploads\/2026\/01\/dai-ly-open88-la-gi-2026-300x150.webp 300w, https:\/\/markethive.io\/wp-content\/uploads\/2026\/01\/dai-ly-open88-la-gi-2026-768x384.webp 768w\" sizes=\"auto, (max-width: 800px) 100vw, 800px\" \/><figcaption id=\"caption-attachment-298\" class=\"wp-caption-text\">T\u00ecm hi\u1ec3u v\u1ec1 \u0111\u1ea1i l\u00fd Open88 n\u0103m 2026<\/figcaption><\/figure>\n<h2><span style=\"font-weight: 400;\">Quy\u1ec1n L\u1ee3i Khi Tr\u1edf Th\u00e0nh \u0110\u1ea1i L\u00fd Open88<\/span><\/h2>\n<h3><span style=\"font-weight: 400;\">1. T\u1ef7 L\u1ec7 Hoa H\u1ed3ng H\u1ea5p D\u1eabn<\/span><\/h3>\n<p><span style=\"font-weight: 400;\">Khi tr\u1edf th\u00e0nh \u0111\u1ea1i l\u00fd c\u1ee7a Open88, b\u1ea1n s\u1ebd \u0111\u01b0\u1ee3c h\u01b0\u1edfng t\u1ef7 l\u1ec7 hoa h\u1ed3ng cao t\u1eeb c\u00e1c giao d\u1ecbch c\u00e1 c\u01b0\u1ee3c c\u1ee7a ng\u01b0\u1eddi ch\u01a1i m\u00e0 b\u1ea1n gi\u1edbi thi\u1ec7u. M\u1ee9c hoa h\u1ed3ng n\u00e0y c\u00f3 th\u1ec3 thay \u0111\u1ed5i theo c\u1ea5p \u0111\u1ed9 \u0111\u1ea1i l\u00fd v\u00e0 kh\u1ed1i l\u01b0\u1ee3ng giao d\u1ecbch, mang l\u1ea1i c\u01a1 h\u1ed9i ki\u1ebfm thu nh\u1eadp th\u1ee5 \u0111\u1ed9ng \u1ed5n \u0111\u1ecbnh.<\/span><\/p>\n<h3><span style=\"font-weight: 400;\">2. H\u1ed7 Tr\u1ee3 To\u00e0n Di\u1ec7n T\u1eeb Nh\u00e0 C\u00e1i<\/span><\/h3>\n<p><span style=\"font-weight: 400;\">Open88 cung c\u1ea5p \u0111\u1ea7y \u0111\u1ee7 c\u00e1c c\u00f4ng c\u1ee5 v\u00e0 t\u00e0i li\u1ec7u h\u1ed7 tr\u1ee3 cho \u0111\u1ea1i l\u00fd, gi\u00fap h\u1ecd d\u1ec5 d\u00e0ng ti\u1ebfp c\u1eadn kh\u00e1ch h\u00e0ng v\u00e0 qu\u1ea3n l\u00fd t\u00e0i kho\u1ea3n ng\u01b0\u1eddi ch\u01a1i. B\u1ea1n s\u1ebd \u0111\u01b0\u1ee3c cung c\u1ea5p c\u00e1c banner qu\u1ea3ng c\u00e1o, t\u00e0i li\u1ec7u gi\u1edbi thi\u1ec7u d\u1ecbch v\u1ee5, v\u00e0 \u0111\u1ed9i ng\u0169 ch\u0103m s\u00f3c kh\u00e1ch h\u00e0ng lu\u00f4n s\u1eb5n s\u00e0ng h\u1ed7 tr\u1ee3 trong qu\u00e1 tr\u00ecnh h\u1ee3p t\u00e1c.<\/span><\/p>\n<h3><span style=\"font-weight: 400;\">3. Khuy\u1ebfn M\u00e3i \u0110\u1eb7c Bi\u1ec7t D\u00e0nh Cho \u0110\u1ea1i L\u00fd t\u1ea1i Open88<\/span><\/h3>\n<p><span style=\"font-weight: 400;\">Open88 c\u00f2n t\u1ed5 ch\u1ee9c nhi\u1ec1u ch\u01b0\u01a1ng tr\u00ecnh khuy\u1ebfn m\u00e3i h\u1ea5p d\u1eabn d\u00e0nh ri\u00eang cho c\u00e1c \u0111\u1ea1i l\u00fd, bao g\u1ed3m c\u00e1c gi\u1ea3i th\u01b0\u1edfng, qu\u00e0 t\u1eb7ng v\u00e0 c\u00e1c s\u1ef1 ki\u1ec7n \u0111\u1eb7c bi\u1ec7t. \u0110i\u1ec1u n\u00e0y gi\u00fap b\u1ea1n thu h\u00fat ng\u01b0\u1eddi ch\u01a1i m\u1edbi v\u00e0 gi\u1eef ch\u00e2n kh\u00e1ch h\u00e0ng c\u0169.<\/span><\/p>\n<h3><span style=\"font-weight: 400;\">4. T\u1ea1o D\u1ef1ng M\u1ed1i Quan H\u1ec7 B\u1ec1n V\u1eefng<\/span><\/h3>\n<p><span style=\"font-weight: 400;\">L\u00e0 m\u1ed9t \u0111\u1ea1i l\u00fd c\u1ee7a Open88, b\u1ea1n s\u1ebd c\u00f3 c\u01a1 h\u1ed9i t\u1ea1o d\u1ef1ng m\u1ed1i quan h\u1ec7 l\u00e2u d\u00e0i v\u00e0 b\u1ec1n v\u1eefng v\u1edbi nh\u00e0 c\u00e1i. B\u1ea1n kh\u00f4ng ch\u1ec9 l\u00e0 \u0111\u1ed1i t\u00e1c kinh doanh m\u00e0 c\u00f2n l\u00e0 ph\u1ea7n quan tr\u1ecdng trong s\u1ef1 ph\u00e1t tri\u1ec3n c\u1ee7a Open88 t\u1ea1i c\u00e1c th\u1ecb tr\u01b0\u1eddng m\u1edbi.<\/span><\/p>\n<figure id=\"attachment_300\" aria-describedby=\"caption-attachment-300\" style=\"width: 800px\" class=\"wp-caption aligncenter\"><img loading=\"lazy\" decoding=\"async\" class=\"size-full wp-image-300\" src=\"https:\/\/markethive.io\/wp-content\/uploads\/2026\/01\/tao-dung-moi-quan-he-ben-vung.webp\" alt=\"X\u00e2y d\u1ef1ng m\u1ed1i quan h\u1ec7 l\u00e2u d\u00e0i v\u1edbi Open88\" width=\"800\" height=\"400\" srcset=\"https:\/\/markethive.io\/wp-content\/uploads\/2026\/01\/tao-dung-moi-quan-he-ben-vung.webp 800w, https:\/\/markethive.io\/wp-content\/uploads\/2026\/01\/tao-dung-moi-quan-he-ben-vung-300x150.webp 300w, https:\/\/markethive.io\/wp-content\/uploads\/2026\/01\/tao-dung-moi-quan-he-ben-vung-768x384.webp 768w\" sizes=\"auto, (max-width: 800px) 100vw, 800px\" \/><figcaption id=\"caption-attachment-300\" class=\"wp-caption-text\">X\u00e2y d\u1ef1ng m\u1ed1i quan h\u1ec7 l\u00e2u d\u00e0i v\u1edbi Open88<\/figcaption><\/figure>\n<h2><span style=\"font-weight: 400;\">C\u00e1ch Tr\u1edf Th\u00e0nh \u0110\u1ea1i L\u00fd Open88<\/span><\/h2>\n<h3><span style=\"font-weight: 400;\">1. \u0110\u0103ng K\u00fd \u0110\u1ea1i L\u00fd<\/span><\/h3>\n<p><span style=\"font-weight: 400;\">B\u01b0\u1edbc \u0111\u1ea7u ti\u00ean \u0111\u1ec3 tr\u1edf th\u00e0nh \u0111\u1ea1i l\u00fd Open88 l\u00e0 \u0111\u0103ng k\u00fd qua website ch\u00ednh th\u1ee9c c\u1ee7a nh\u00e0 c\u00e1i. B\u1ea1n ch\u1ec9 c\u1ea7n cung c\u1ea5p th\u00f4ng tin c\u01a1 b\u1ea3n nh\u01b0 t\u00ean, email, v\u00e0 s\u1ed1 \u0111i\u1ec7n tho\u1ea1i \u0111\u1ec3 t\u1ea1o t\u00e0i kho\u1ea3n \u0111\u1ea1i l\u00fd.<\/span><\/p>\n<h3><span style=\"font-weight: 400;\">2. Ho\u00e0n Th\u00e0nh C\u00e1c Th\u1ee7 T\u1ee5c H\u1ee3p T\u00e1c<\/span><\/h3>\n<p><span style=\"font-weight: 400;\">Sau khi \u0111\u0103ng k\u00fd, b\u1ea1n s\u1ebd \u0111\u01b0\u1ee3c y\u00eau c\u1ea7u k\u00fd k\u1ebft h\u1ee3p \u0111\u1ed3ng \u0111\u1ea1i l\u00fd v\u1edbi Open88. H\u1ee3p \u0111\u1ed3ng n\u00e0y s\u1ebd quy \u0111\u1ecbnh c\u00e1c quy\u1ec1n l\u1ee3i, tr\u00e1ch nhi\u1ec7m v\u00e0 t\u1ef7 l\u1ec7 hoa h\u1ed3ng m\u00e0 b\u1ea1n s\u1ebd nh\u1eadn \u0111\u01b0\u1ee3c. Nh\u00e0 c\u00e1i s\u1ebd h\u01b0\u1edbng d\u1eabn b\u1ea1n chi ti\u1ebft v\u1ec1 c\u00e1ch th\u1ee9c ho\u1ea1t \u0111\u1ed9ng c\u1ee7a m\u00f4 h\u00ecnh \u0111\u1ea1i l\u00fd v\u00e0 c\u00e1c c\u00f4ng c\u1ee5 h\u1ed7 tr\u1ee3.<\/span><\/p>\n<h3><span style=\"font-weight: 400;\">3. Chia S\u1ebb V\u00e0 Gi\u1edbi Thi\u1ec7u Th\u00eam Ng\u01b0\u1eddi Ch\u01a1i M\u1edbi<\/span><\/h3>\n<p><span style=\"font-weight: 400;\">Sau khi ho\u00e0n t\u1ea5t th\u1ee7 t\u1ee5c \u0111\u0103ng k\u00fd, b\u1ea1n c\u00f3 th\u1ec3 b\u1eaft \u0111\u1ea7u qu\u1ea3ng b\u00e1 d\u1ecbch v\u1ee5 c\u1ee7a Open88 v\u00e0 gi\u1edbi thi\u1ec7u ng\u01b0\u1eddi ch\u01a1i m\u1edbi. B\u1ea1n s\u1ebd \u0111\u01b0\u1ee3c c\u1ea5p m\u1ed9t m\u00e3 ID \u0111\u1ea1i l\u00fd ho\u1eb7c li\u00ean k\u1ebft \u0111\u0103ng k\u00fd ri\u00eang, gi\u00fap b\u1ea1n theo d\u00f5i ho\u1ea1t \u0111\u1ed9ng c\u1ee7a ng\u01b0\u1eddi ch\u01a1i m\u00e0 b\u1ea1n gi\u1edbi thi\u1ec7u.<\/span><\/p>\n<h3><span style=\"font-weight: 400;\">4. Qu\u1ea3n L\u00fd T\u00e0i Kho\u1ea3n Ng\u01b0\u1eddi Ch\u01a1i<\/span><\/h3>\n<p><span style=\"font-weight: 400;\">M\u1ed9t trong nh\u1eefng nhi\u1ec7m v\u1ee5 c\u1ee7a \u0111\u1ea1i l\u00fd Open88 l\u00e0 qu\u1ea3n l\u00fd t\u00e0i kho\u1ea3n ng\u01b0\u1eddi ch\u01a1i m\u00e0 m\u00ecnh gi\u1edbi thi\u1ec7u. B\u1ea1n s\u1ebd theo d\u00f5i c\u00e1c ho\u1ea1t \u0111\u1ed9ng c\u00e1 c\u01b0\u1ee3c c\u1ee7a h\u1ecd, h\u1ed7 tr\u1ee3 gi\u1ea3i quy\u1ebft c\u00e1c v\u1ea5n \u0111\u1ec1 ph\u00e1t sinh v\u00e0 \u0111\u1ea3m b\u1ea3o r\u1eb1ng ng\u01b0\u1eddi ch\u01a1i c\u1ee7a m\u00ecnh c\u00f3 tr\u1ea3i nghi\u1ec7m c\u00e1 c\u01b0\u1ee3c t\u1ed1t nh\u1ea5t.<\/span><\/p>\n<h2><span style=\"font-weight: 400;\">C\u00e1c C\u01a1 H\u1ed9i Kinh Doanh Khi L\u00e0m \u0110\u1ea1i L\u00fd Open88<\/span><\/h2>\n<h3><span style=\"font-weight: 400;\">1. T\u0103ng Thu Nh\u1eadp Th\u1ee5 \u0110\u1ed9ng<\/span><\/h3>\n<p><span style=\"font-weight: 400;\">Khi tr\u1edf th\u00e0nh \u0111\u1ea1i l\u00fd c\u1ee7a Open88, b\u1ea1n s\u1ebd c\u00f3 c\u01a1 h\u1ed9i ki\u1ebfm thu nh\u1eadp th\u1ee5 \u0111\u1ed9ng t\u1eeb c\u00e1c giao d\u1ecbch c\u00e1 c\u01b0\u1ee3c c\u1ee7a ng\u01b0\u1eddi ch\u01a1i m\u00e0 b\u1ea1n gi\u1edbi thi\u1ec7u. M\u1ee9c thu nh\u1eadp n\u00e0y c\u00f3 th\u1ec3 t\u0103ng d\u1ea7n theo th\u1eddi gian v\u00e0 kh\u1ed1i l\u01b0\u1ee3ng ng\u01b0\u1eddi ch\u01a1i m\u00e0 b\u1ea1n mang \u0111\u1ebfn cho nh\u00e0 c\u00e1i.<\/span><\/p>\n<h3><span style=\"font-weight: 400;\">2. M\u1edf R\u1ed9ng M\u1ea1ng L\u01b0\u1edbi Kh\u00e1ch H\u00e0ng<\/span><\/h3>\n<p><span style=\"font-weight: 400;\">L\u00e0 \u0111\u1ea1i l\u00fd Open88, b\u1ea1n c\u00f3 th\u1ec3 m\u1edf r\u1ed9ng m\u1ea1ng l\u01b0\u1edbi kh\u00e1ch h\u00e0ng c\u1ee7a m\u00ecnh kh\u00f4ng ch\u1ec9 qua vi\u1ec7c gi\u1edbi thi\u1ec7u b\u1ea1n b\u00e8, ng\u01b0\u1eddi th\u00e2n m\u00e0 c\u00f2n c\u00f3 th\u1ec3 qu\u1ea3ng b\u00e1 qua c\u00e1c k\u00eanh online nh\u01b0 website, m\u1ea1ng x\u00e3 h\u1ed9i, ho\u1eb7c c\u00e1c n\u1ec1n t\u1ea3ng qu\u1ea3ng c\u00e1o kh\u00e1c.<\/span><\/p>\n<h3><span style=\"font-weight: 400;\">3. L\u1ee3i \u00cdch T\u1eeb C\u00e1c Ch\u01b0\u01a1ng Tr\u00ecnh Khuy\u1ebfn M\u00e3i<\/span><\/h3>\n<p><span style=\"font-weight: 400;\">Open88 th\u01b0\u1eddng xuy\u00ean t\u1ed5 ch\u1ee9c c\u00e1c ch\u01b0\u01a1ng tr\u00ecnh khuy\u1ebfn m\u00e3i d\u00e0nh cho \u0111\u1ea1i l\u00fd, ch\u1eb3ng h\u1ea1n nh\u01b0 c\u00e1c cu\u1ed9c thi, th\u01b0\u1edfng theo doanh thu, ho\u1eb7c th\u01b0\u1edfng cho s\u1ed1 l\u01b0\u1ee3ng ng\u01b0\u1eddi ch\u01a1i m\u1edbi m\u00e0 b\u1ea1n gi\u1edbi thi\u1ec7u. \u0110\u00e2y l\u00e0 nh\u1eefng c\u01a1 h\u1ed9i gi\u00fap b\u1ea1n t\u0103ng th\u00eam thu nh\u1eadp m\u1ed9t c\u00e1ch nhanh ch\u00f3ng.<\/span><\/p>\n<p><strong>&gt;&gt;<a href=\"https:\/\/markethive.io\/khuyen-mai-open88\/\">Khuy\u1ebfn M\u00e3i Open88<\/a> \u2013 C\u00e1c Ch\u01b0\u01a1ng Tr\u00ecnh \u01afu \u0110\u00e3i H\u1ea5p D\u1eabn<\/strong><\/p>\n<figure id=\"attachment_299\" aria-describedby=\"caption-attachment-299\" style=\"width: 800px\" class=\"wp-caption aligncenter\"><img loading=\"lazy\" decoding=\"async\" class=\"size-full wp-image-299\" src=\"https:\/\/markethive.io\/wp-content\/uploads\/2026\/01\/loi-ich-tu-chuong-trinh-khuyen-mai-open88.webp\" alt=\"L\u1ee3i \u00edch t\u1eeb ch\u01b0\u01a1ng tr\u00ecnh khuy\u1ebfn m\u00e3i Open88\" width=\"800\" height=\"400\" srcset=\"https:\/\/markethive.io\/wp-content\/uploads\/2026\/01\/loi-ich-tu-chuong-trinh-khuyen-mai-open88.webp 800w, https:\/\/markethive.io\/wp-content\/uploads\/2026\/01\/loi-ich-tu-chuong-trinh-khuyen-mai-open88-300x150.webp 300w, https:\/\/markethive.io\/wp-content\/uploads\/2026\/01\/loi-ich-tu-chuong-trinh-khuyen-mai-open88-768x384.webp 768w\" sizes=\"auto, (max-width: 800px) 100vw, 800px\" \/><figcaption id=\"caption-attachment-299\" class=\"wp-caption-text\">L\u1ee3i \u00edch t\u1eeb ch\u01b0\u01a1ng tr\u00ecnh khuy\u1ebfn m\u00e3i Open88<\/figcaption><\/figure>\n<h2><span style=\"font-weight: 400;\">Nh\u1eefng L\u01b0u \u00dd Khi Tr\u1edf Th\u00e0nh \u0110\u1ea1i L\u00fd Open88<\/span><\/h2>\n<h3><span style=\"font-weight: 400;\">1. \u0110\u1ea3m B\u1ea3o T\u00ednh Minh B\u1ea1ch<\/span><\/h3>\n<p><span style=\"font-weight: 400;\">Khi tham gia v\u00e0o ch\u01b0\u01a1ng tr\u00ecnh \u0111\u1ea1i l\u00fd c\u1ee7a Open88, b\u1ea1n c\u1ea7n \u0111\u1ea3m b\u1ea3o t\u00ednh minh b\u1ea1ch trong vi\u1ec7c qu\u1ea3ng b\u00e1 v\u00e0 gi\u1edbi thi\u1ec7u d\u1ecbch v\u1ee5. \u0110\u1ea3m b\u1ea3o r\u1eb1ng th\u00f4ng tin b\u1ea1n cung c\u1ea5p cho ng\u01b0\u1eddi ch\u01a1i l\u00e0 ch\u00ednh x\u00e1c v\u00e0 kh\u00f4ng g\u00e2y hi\u1ec3u l\u1ea7m.<\/span><\/p>\n<h3><span style=\"font-weight: 400;\">2. H\u1ed7 Tr\u1ee3 Kh\u00e1ch H\u00e0ng K\u1ecbp Th\u1eddi<\/span><\/h3>\n<p><span style=\"font-weight: 400;\">M\u1eb7c d\u00f9 b\u1ea1n kh\u00f4ng ph\u1ea3i l\u00e0 nh\u00e2n vi\u00ean ch\u00ednh th\u1ee9c c\u1ee7a Open88, nh\u01b0ng b\u1ea1n c\u1ea7n h\u1ed7 tr\u1ee3 ng\u01b0\u1eddi ch\u01a1i c\u1ee7a m\u00ecnh m\u1ed9t c\u00e1ch k\u1ecbp th\u1eddi v\u00e0 chuy\u00ean nghi\u1ec7p. \u0110i\u1ec1u n\u00e0y gi\u00fap duy tr\u00ec m\u1ed1i quan h\u1ec7 l\u00e2u d\u00e0i v\u1edbi ng\u01b0\u1eddi ch\u01a1i v\u00e0 t\u0103ng kh\u1ea3 n\u0103ng duy tr\u00ec h\u1ecd trong h\u1ec7 th\u1ed1ng c\u1ee7a b\u1ea1n.<\/span><\/p>\n<h3><span style=\"font-weight: 400;\">3. Tu\u00e2n Th\u1ee7 Ch\u00ednh S\u00e1ch C\u1ee7a Open88<\/span><\/h3>\n<p><span style=\"font-weight: 400;\">\u0110\u1ea3m b\u1ea3o r\u1eb1ng b\u1ea1n tu\u00e2n th\u1ee7 \u0111\u1ea7y \u0111\u1ee7 c\u00e1c <strong><a href=\"https:\/\/markethive.io\/chinh-sach-bao-mat-open88\/\">ch\u00ednh s\u00e1ch b\u1ea3o m\u1eadt<\/a><\/strong> c\u1ee7a Open88, bao g\u1ed3m c\u00e1c quy \u0111\u1ecbnh v\u1ec1 qu\u1ea3ng c\u00e1o, ch\u01b0\u01a1ng tr\u00ecnh khuy\u1ebfn m\u00e3i, v\u00e0 c\u00e1c \u0111i\u1ec1u kho\u1ea3n h\u1ee3p t\u00e1c. Vi\u1ec7c kh\u00f4ng tu\u00e2n th\u1ee7 c\u00f3 th\u1ec3 \u1ea3nh h\u01b0\u1edfng \u0111\u1ebfn quy\u1ec1n l\u1ee3i v\u00e0 h\u1ee3p t\u00e1c l\u00e2u d\u00e0i c\u1ee7a b\u1ea1n v\u1edbi nh\u00e0 c\u00e1i.<\/span><\/p>\n<h2><span style=\"font-weight: 400;\">K\u1ebft Lu\u1eadn<\/span><\/h2>\n<p><span style=\"font-weight: 400;\">Tr\u1edf th\u00e0nh \u0111\u1ea1i l\u00fd Open88 kh\u00f4ng ch\u1ec9 gi\u00fap b\u1ea1n ki\u1ebfm th\u00eam thu nh\u1eadp m\u00e0 c\u00f2n mang \u0111\u1ebfn c\u01a1 h\u1ed9i l\u00e0m vi\u1ec7c trong m\u1ed9t l\u0129nh v\u1ef1c \u0111ang ng\u00e0y c\u00e0ng ph\u00e1t tri\u1ec3n. V\u1edbi c\u00e1c quy\u1ec1n l\u1ee3i h\u1ea5p d\u1eabn, h\u1ed7 tr\u1ee3 to\u00e0n di\u1ec7n v\u00e0 c\u01a1 h\u1ed9i m\u1edf r\u1ed9ng m\u1ea1ng l\u01b0\u1edbi kh\u00e1ch h\u00e0ng, <strong><a href=\"https:\/\/markethive.io\/\">Open88<\/a> <\/strong>l\u00e0 m\u1ed9t l\u1ef1a ch\u1ecdn tuy\u1ec7t v\u1eddi cho nh\u1eefng ai mu\u1ed1n tham gia v\u00e0o ng\u00e0nh c\u00e1 c\u01b0\u1ee3c tr\u1ef1c tuy\u1ebfn.<\/span><\/p>\n","protected":false},"excerpt":{"rendered":"<p>\u0110\u1ea1i L\u00fd Open88: C\u01a1 H\u1ed9i Kinh Doanh C\u00e1 C\u01b0\u1ee3c \u0110\u01a1n Gi\u1ea3n V\u00e0 L\u1ee3i Nhu\u1eadn Cao \u0110\u1ea1i l\u00fd Open88 l\u00e0 c\u01a1 h\u1ed9i h\u1ea5p d\u1eabn cho nh\u1eefng ai mu\u1ed1n gia nh\u1eadp v\u00e0o ng\u00e0nh c\u00e1 c\u01b0\u1ee3c tr\u1ef1c tuy\u1ebfn v\u00e0 ki\u1ebfm thu nh\u1eadp t\u1eeb vi\u1ec7c gi\u1edbi thi\u1ec7u ng\u01b0\u1eddi ch\u01a1i c\u0169ng nh\u01b0 qu\u1ea3n l\u00fd c\u00e1c ho\u1ea1t \u0111\u1ed9ng c\u00e1 c\u01b0\u1ee3c. V\u1edbi [&#8230;]\n","protected":false},"author":1,"featured_media":301,"parent":0,"menu_order":0,"comment_status":"closed","ping_status":"closed","template":"","meta":{"footnotes":""},"class_list":["post-53","page","type-page","status-publish","has-post-thumbnail","hentry"],"_links":{"self":[{"href":"https:\/\/markethive.io\/vi-vn\/wp-json\/wp\/v2\/pages\/53","targetHints":{"allow":["GET"]}}],"collection":[{"href":"https:\/\/markethive.io\/vi-vn\/wp-json\/wp\/v2\/pages"}],"about":[{"href":"https:\/\/markethive.io\/vi-vn\/wp-json\/wp\/v2\/types\/page"}],"author":[{"embeddable":true,"href":"https:\/\/markethive.io\/vi-vn\/wp-json\/wp\/v2\/users\/1"}],"replies":[{"embeddable":true,"href":"https:\/\/markethive.io\/vi-vn\/wp-json\/wp\/v2\/comments?post=53"}],"version-history":[{"count":0,"href":"https:\/\/markethive.io\/vi-vn\/wp-json\/wp\/v2\/pages\/53\/revisions"}],"wp:featuredmedia":[{"embeddable":true,"href":"https:\/\/markethive.io\/vi-vn\/wp-json\/wp\/v2\/media\/301"}],"wp:attachment":[{"href":"https:\/\/markethive.io\/vi-vn\/wp-json\/wp\/v2\/media?parent=53"}],"curies":[{"name":"wp","href":"https:\/\/api.w.org\/{rel}","templated":true}]}}