{"id":55,"date":"2026-01-19T16:09:03","date_gmt":"2026-01-19T09:09:03","guid":{"rendered":"https:\/\/markethive.io\/?page_id=55"},"modified":"2026-02-01T16:49:16","modified_gmt":"2026-02-01T09:49:16","slug":"game-open88","status":"publish","type":"page","link":"https:\/\/markethive.io\/vi-vn\/game-open88\/","title":{"rendered":"Game Open88"},"content":{"rendered":"<h1 style=\"text-align: center;\"><span style=\"font-weight: 400;\">Game Open88: Tr\u1ea3i Nghi\u1ec7m S\u1ea3nh Game Hot Hit 2026<\/span><\/h1>\n<p><span style=\"font-weight: 400;\">N\u1ec1n t\u1ea3ng c\u00e1 c\u01b0\u1ee3c tr\u1ef1c tuy\u1ebfn <a href=\"https:\/\/markethive.io\/\"><strong>Open88<\/strong><\/a> thu h\u00fat s\u1ef1 quan t\u00e2m t\u1eeb c\u1ed9ng \u0111\u1ed3ng game th\u1ee7 nh\u1edd v\u00e0o giao di\u1ec7n d\u1ec5 s\u1eed d\u1ee5ng v\u00e0 kho tr\u00f2 ch\u01a1i phong ph\u00fa. Game Open88 mang l\u1ea1i m\u1ed9t tr\u1ea3i nghi\u1ec7m \u0111\u1ea7y th\u00fa v\u1ecb, v\u00ec v\u1eady kh\u00f4ng ng\u1ea1c nhi\u00ean khi \u0111\u00e2y tr\u1edf th\u00e0nh l\u1ef1a ch\u1ecdn h\u00e0ng \u0111\u1ea7u c\u1ee7a nhi\u1ec1u ng\u01b0\u1eddi ch\u01a1i.<\/span><\/p>\n<h2><span style=\"font-weight: 400;\">Gi\u1edbi Thi\u1ec7u V\u1ec1 Game Open88 C\u00f3 \u0110i\u1ec3m G\u00ec V\u01b0\u1ee3t Tr\u1ed9i<\/span><\/h2>\n<p><span style=\"font-weight: 400;\">Open88 kh\u00f4ng ch\u1ec9 l\u00e0 m\u1ed9t n\u1ec1n t\u1ea3ng c\u00e1 c\u01b0\u1ee3c th\u00f4ng th\u01b0\u1eddng m\u00e0 c\u00f2n l\u00e0 m\u1ed9t th\u1ebf gi\u1edbi game \u0111\u1ea7y m\u00e0u s\u1eafc, n\u01a1i ng\u01b0\u1eddi ch\u01a1i c\u00f3 th\u1ec3 th\u1eed th\u00e1ch k\u1ef9 n\u0103ng v\u00e0 v\u1eadn may c\u1ee7a m\u00ecnh. Nh\u00e0 c\u00e1i n\u00e0y cung c\u1ea5p m\u1ed9t lo\u1ea1t c\u00e1c tr\u00f2 ch\u01a1i t\u1eeb c\u00e1c game th\u1ec3 thao \u0111i\u1ec7n t\u1eed, <strong><a href=\"https:\/\/markethive.io\/slot-game-open88\/\">slot game<\/a><\/strong> \u0111\u1ebfn nh\u1eefng tr\u00f2 ch\u01a1i b\u00e0i n\u1ed5i ti\u1ebfng, gi\u00fap ng\u01b0\u1eddi ch\u01a1i c\u00f3 th\u1ec3 tho\u1ea3i m\u00e1i l\u1ef1a ch\u1ecdn theo s\u1edf th\u00edch c\u00e1 nh\u00e2n.<\/span><\/p>\n<figure id=\"attachment_304\" aria-describedby=\"caption-attachment-304\" style=\"width: 800px\" class=\"wp-caption aligncenter\"><img loading=\"lazy\" decoding=\"async\" class=\"size-full wp-image-304\" src=\"https:\/\/markethive.io\/wp-content\/uploads\/2026\/01\/gioi-thieu-game-open88-vuot-troi.webp\" alt=\"Game Open88 c\u00f3 \u0111i\u1ec3m v\u01b0\u1ee3t tr\u1ed9i g\u00ec?\" width=\"800\" height=\"400\" srcset=\"https:\/\/markethive.io\/wp-content\/uploads\/2026\/01\/gioi-thieu-game-open88-vuot-troi.webp 800w, https:\/\/markethive.io\/wp-content\/uploads\/2026\/01\/gioi-thieu-game-open88-vuot-troi-300x150.webp 300w, https:\/\/markethive.io\/wp-content\/uploads\/2026\/01\/gioi-thieu-game-open88-vuot-troi-768x384.webp 768w\" sizes=\"auto, (max-width: 800px) 100vw, 800px\" \/><figcaption id=\"caption-attachment-304\" class=\"wp-caption-text\">Game Open88 c\u00f3 \u0111i\u1ec3m v\u01b0\u1ee3t tr\u1ed9i g\u00ec?<\/figcaption><\/figure>\n<h3><span style=\"font-weight: 400;\">T\u00ednh N\u0103ng N\u1ed5i B\u1eadt C\u1ee7a Game Open88<\/span><\/h3>\n<p><span style=\"font-weight: 400;\">V\u1edbi c\u00f4ng ngh\u1ec7 hi\u1ec7n \u0111\u1ea1i v\u00e0 giao di\u1ec7n th\u00e2n thi\u1ec7n, Game Open88 kh\u00f4ng ch\u1ec9 \u0111\u1ea3m b\u1ea3o s\u1ef1 m\u01b0\u1ee3t m\u00e0 trong tr\u1ea3i nghi\u1ec7m m\u00e0 c\u00f2n t\u1ed1i \u01b0u h\u00f3a m\u1ecdi y\u1ebfu t\u1ed1 \u0111\u1ec3 ng\u01b0\u1eddi ch\u01a1i c\u00f3 th\u1ec3 d\u1ec5 d\u00e0ng tham gia v\u00e0 t\u1eadn h\u01b0\u1edfng. Nh\u1eefng t\u00ednh n\u0103ng nh\u01b0 giao d\u1ecbch nhanh ch\u00f3ng, h\u1ed7 tr\u1ee3 \u0111a d\u1ea1ng ph\u01b0\u01a1ng th\u1ee9c thanh to\u00e1n, v\u00e0 \u0111\u1ed9i ng\u0169 h\u1ed7 tr\u1ee3 kh\u00e1ch h\u00e0ng chuy\u00ean nghi\u1ec7p s\u1ebd khi\u1ebfn b\u1ea1n ho\u00e0n to\u00e0n h\u00e0i l\u00f2ng khi ch\u01a1i t\u1ea1i \u0111\u00e2y.<\/span><\/p>\n<h3><span style=\"font-weight: 400;\">C\u00e1c Lo\u1ea1i Game Ph\u1ed5 Bi\u1ebfn T\u1ea1i Open88<\/span><\/h3>\n<p><span style=\"font-weight: 400;\">Game Open88 c\u00f3 m\u1ed9t b\u1ed9 s\u01b0u t\u1eadp tr\u00f2 ch\u01a1i \u0111a d\u1ea1ng, ph\u1ee5c v\u1ee5 m\u1ecdi nhu c\u1ea7u c\u1ee7a ng\u01b0\u1eddi ch\u01a1i. T\u1eeb nh\u1eefng tr\u00f2 ch\u01a1i <strong><a href=\"https:\/\/markethive.io\/the-thao-open88\/\">c\u00e1 c\u01b0\u1ee3c th\u1ec3 thao<\/a><\/strong>, \u0111\u1ebfn c\u00e1c lo\u1ea1i game slot v\u00e0 b\u00e0i, m\u1ed7i th\u1ec3 lo\u1ea1i \u0111\u1ec1u c\u00f3 nh\u1eefng \u0111\u1eb7c \u0111i\u1ec3m ri\u00eang bi\u1ec7t v\u00e0 h\u1ea5p d\u1eabn. D\u01b0\u1edbi \u0111\u00e2y l\u00e0 m\u1ed9t s\u1ed1 tr\u00f2 ch\u01a1i n\u1ed5i b\u1eadt m\u00e0 b\u1ea1n c\u00f3 th\u1ec3 tham gia:<\/span><\/p>\n<ul>\n<li style=\"font-weight: 400;\" aria-level=\"1\"><b>Slot Game:<\/b><span style=\"font-weight: 400;\"> Nh\u1eefng tr\u00f2 ch\u01a1i quay s\u1ed1 h\u1ea5p d\u1eabn v\u1edbi c\u00e1c ch\u1ee7 \u0111\u1ec1 \u0111a d\u1ea1ng, t\u1eb7ng b\u1ea1n c\u01a1 h\u1ed9i th\u1eafng l\u1edbn.<\/span><\/li>\n<li style=\"font-weight: 400;\" aria-level=\"1\"><b>Game B\u00e0i:<\/b><span style=\"font-weight: 400;\"> T\u1eeb Poker \u0111\u1ebfn Baccarat, c\u00e1c game b\u00e0i t\u1ea1i Open88 lu\u00f4n thu h\u00fat \u0111\u00f4ng \u0111\u1ea3o ng\u01b0\u1eddi ch\u01a1i.<\/span><\/li>\n<li style=\"font-weight: 400;\" aria-level=\"1\"><b>C\u00e1 C\u01b0\u1ee3c Th\u1ec3 Thao:<\/b><span style=\"font-weight: 400;\"> N\u1ebfu b\u1ea1n l\u00e0 fan c\u1ee7a c\u00e1c m\u00f4n th\u1ec3 thao, c\u00e1c tr\u00f2 ch\u01a1i c\u00e1 c\u01b0\u1ee3c th\u1ec3 thao t\u1ea1i Open88 l\u00e0 l\u1ef1a ch\u1ecdn tuy\u1ec7t v\u1eddi.<\/span><\/li>\n<\/ul>\n<h2><span style=\"font-weight: 400;\">L\u00fd Do B\u1ea1n N\u00ean Ch\u01a1i Game Open88<\/span><\/h2>\n<p><span style=\"font-weight: 400;\">Khi tham gia Game Open88, b\u1ea1n s\u1ebd kh\u00f4ng ch\u1ec9 th\u01b0\u1edfng th\u1ee9c c\u00e1c tr\u00f2 ch\u01a1i h\u1ea5p d\u1eabn m\u00e0 c\u00f2n nh\u1eadn \u0111\u01b0\u1ee3c v\u00f4 v\u00e0n l\u1ee3i \u00edch h\u1ea5p d\u1eabn. D\u01b0\u1edbi \u0111\u00e2y l\u00e0 nh\u1eefng l\u00fd do t\u1ea1i sao b\u1ea1n kh\u00f4ng th\u1ec3 b\u1ecf l\u1ee1 c\u01a1 h\u1ed9i n\u00e0y:<\/span><\/p>\n<h3><span style=\"font-weight: 400;\">Open88: M\u00f4i Tr\u01b0\u1eddng Ch\u01a1i C\u00e1 C\u01b0\u1ee3c An To\u00e0n V\u00e0 C\u00f4ng B\u1eb1ng<\/span><\/h3>\n<p><span style=\"font-weight: 400;\">Open88 cam k\u1ebft mang \u0111\u1ebfn m\u1ed9t m\u00f4i tr\u01b0\u1eddng c\u00e1 c\u01b0\u1ee3c c\u00f4ng b\u1eb1ng, n\u01a1i m\u1ecdi tr\u00f2 ch\u01a1i \u0111\u1ec1u d\u1ef1a tr\u00ean thu\u1eadt to\u00e1n ng\u1eabu nhi\u00ean, \u0111\u1ea3m b\u1ea3o t\u00ednh c\u00f4ng b\u1eb1ng cho t\u1ea5t c\u1ea3 ng\u01b0\u1eddi ch\u01a1i. H\u1ec7 th\u1ed1ng b\u1ea3o m\u1eadt ti\u00ean ti\u1ebfn b\u1ea3o v\u1ec7 th\u00f4ng tin v\u00e0 t\u00e0i kho\u1ea3n c\u1ee7a ng\u01b0\u1eddi ch\u01a1i kh\u1ecfi c\u00e1c m\u1ed1i \u0111e d\u1ecda, gi\u00fap b\u1ea1n an t\u00e2m khi tham gia.<\/span><\/p>\n<figure id=\"attachment_305\" aria-describedby=\"caption-attachment-305\" style=\"width: 800px\" class=\"wp-caption aligncenter\"><img loading=\"lazy\" decoding=\"async\" class=\"size-full wp-image-305\" src=\"https:\/\/markethive.io\/wp-content\/uploads\/2026\/01\/open88-moi-truong-choi-ca-cuoc-an-toan.webp\" alt=\"M\u00f4i tr\u01b0\u1eddng ch\u01a1i c\u00e1 c\u01b0\u1ee3c \u0111\u01b0\u1ee3c lu\u00f4n an to\u00e0n\" width=\"800\" height=\"400\" srcset=\"https:\/\/markethive.io\/wp-content\/uploads\/2026\/01\/open88-moi-truong-choi-ca-cuoc-an-toan.webp 800w, https:\/\/markethive.io\/wp-content\/uploads\/2026\/01\/open88-moi-truong-choi-ca-cuoc-an-toan-300x150.webp 300w, https:\/\/markethive.io\/wp-content\/uploads\/2026\/01\/open88-moi-truong-choi-ca-cuoc-an-toan-768x384.webp 768w\" sizes=\"auto, (max-width: 800px) 100vw, 800px\" \/><figcaption id=\"caption-attachment-305\" class=\"wp-caption-text\">M\u00f4i tr\u01b0\u1eddng ch\u01a1i c\u00e1 c\u01b0\u1ee3c \u0111\u01b0\u1ee3c lu\u00f4n an to\u00e0n<\/figcaption><\/figure>\n<h3><span style=\"font-weight: 400;\">T\u00ednh N\u0103ng X\u00e3 H\u1ed9i V\u00e0 C\u1ed9ng \u0110\u1ed3ng<\/span><\/h3>\n<p><span style=\"font-weight: 400;\">Game Open88 kh\u00f4ng ch\u1ec9 l\u00e0 m\u1ed9t n\u01a1i \u0111\u1ec3 ch\u01a1i m\u00e0 c\u00f2n l\u00e0 m\u1ed9t c\u1ed9ng \u0111\u1ed3ng n\u01a1i b\u1ea1n c\u00f3 th\u1ec3 giao l\u01b0u, h\u1ecdc h\u1ecfi v\u00e0 chia s\u1ebb kinh nghi\u1ec7m v\u1edbi nh\u1eefng ng\u01b0\u1eddi ch\u01a1i kh\u00e1c. C\u00e1c t\u00ednh n\u0103ng t\u01b0\u01a1ng t\u00e1c x\u00e3 h\u1ed9i nh\u01b0 b\u1ea3ng x\u1ebfp h\u1ea1ng, gi\u1ea3i \u0111\u1ea5u v\u00e0 s\u1ef1 ki\u1ec7n \u0111\u1eb7c bi\u1ec7t gi\u00fap ng\u01b0\u1eddi ch\u01a1i c\u1ea3m th\u1ea5y nh\u01b0 \u0111ang tham gia v\u00e0o m\u1ed9t s\u00e2n ch\u01a1i th\u1ef1c s\u1ef1.<\/span><\/p>\n<h3><span style=\"font-weight: 400;\">Khuy\u1ebfn M\u00e3i H\u1ea5p D\u1eabn D\u00e0nh Cho Ng\u01b0\u1eddi Ch\u01a1i Open88<\/span><\/h3>\n<p><span style=\"font-weight: 400;\">M\u1ed9t trong nh\u1eefng y\u1ebfu t\u1ed1 gi\u00fap Open88 thu h\u00fat ng\u01b0\u1eddi ch\u01a1i ch\u00ednh l\u00e0 c\u00e1c ch\u01b0\u01a1ng tr\u00ecnh khuy\u1ebfn m\u00e3i h\u1ea5p d\u1eabn. Ng\u01b0\u1eddi ch\u01a1i m\u1edbi s\u1ebd nh\u1eadn \u0111\u01b0\u1ee3c c\u00e1c ph\u1ea7n th\u01b0\u1edfng ch\u00e0o m\u1eebng, trong khi nh\u1eefng ng\u01b0\u1eddi ch\u01a1i trung th\u00e0nh c\u00f3 th\u1ec3 tham gia v\u00e0o c\u00e1c ch\u01b0\u01a1ng tr\u00ecnh th\u01b0\u1edfng cho th\u00e0nh vi\u00ean <strong><a href=\"https:\/\/markethive.io\/vip-open88\/\">VIP<\/a><\/strong>. \u0110\u00e2y l\u00e0 c\u01a1 h\u1ed9i tuy\u1ec7t v\u1eddi \u0111\u1ec3 gia t\u0103ng c\u01a1 h\u1ed9i th\u1eafng l\u1edbn khi tham gia game.<\/span><\/p>\n<h2><span style=\"font-weight: 400;\">C\u00e1ch Tham Gia Game Open88<\/span><\/h2>\n<p><span style=\"font-weight: 400;\">\u0110\u1ec3 b\u1eaft \u0111\u1ea7u ch\u01a1i Game Open88, b\u1ea1n ch\u1ec9 c\u1ea7n th\u1ef1c hi\u1ec7n v\u00e0i b\u01b0\u1edbc \u0111\u01a1n gi\u1ea3n:<\/span><\/p>\n<ol>\n<li style=\"font-weight: 400;\" aria-level=\"1\"><b>\u0110\u0103ng k\u00fd t\u00e0i kho\u1ea3n<\/b><span style=\"font-weight: 400;\">: Truy c\u1eadp trang web ch\u00ednh th\u1ee9c c\u1ee7a Open88 v\u00e0 \u0111\u0103ng k\u00fd t\u00e0i kho\u1ea3n.<\/span><\/li>\n<li style=\"font-weight: 400;\" aria-level=\"1\"><b>N\u1ea1p ti\u1ec1n v\u00e0o t\u00e0i kho\u1ea3n<\/b><span style=\"font-weight: 400;\">: Ch\u1ecdn ph\u01b0\u01a1ng th\u1ee9c thanh to\u00e1n ph\u00f9 h\u1ee3p \u0111\u1ec3 n\u1ea1p ti\u1ec1n v\u00e0o t\u00e0i kho\u1ea3n c\u1ee7a b\u1ea1n.<\/span><\/li>\n<li style=\"font-weight: 400;\" aria-level=\"1\"><b>Ch\u1ecdn tr\u00f2 ch\u01a1i y\u00eau th\u00edch<\/b><span style=\"font-weight: 400;\">: T\u1ea1i giao di\u1ec7n c\u1ee7a Game Open88, ch\u1ecdn tr\u00f2 ch\u01a1i m\u00e0 b\u1ea1n mu\u1ed1n tham gia v\u00e0 b\u1eaft \u0111\u1ea7u tr\u1ea3i nghi\u1ec7m.<\/span><\/li>\n<li style=\"font-weight: 400;\" aria-level=\"1\"><b>Tham gia khuy\u1ebfn m\u00e3i<\/b><span style=\"font-weight: 400;\">: \u0110\u1eebng qu\u00ean t\u1eadn d\u1ee5ng c\u00e1c ch\u01b0\u01a1ng tr\u00ecnh khuy\u1ebfn m\u00e3i \u0111\u1ec3 gia t\u0103ng c\u01a1 h\u1ed9i chi\u1ebfn th\u1eafng.<\/span><\/li>\n<\/ol>\n<figure id=\"attachment_306\" aria-describedby=\"caption-attachment-306\" style=\"width: 800px\" class=\"wp-caption aligncenter\"><img loading=\"lazy\" decoding=\"async\" class=\"size-full wp-image-306\" src=\"https:\/\/markethive.io\/wp-content\/uploads\/2026\/01\/cach-tham-gia-game-open88.webp\" alt=\"H\u01b0\u1edbng d\u1eabn tham gia game Open88 d\u1ec5 d\u00e0ng\" width=\"800\" height=\"400\" srcset=\"https:\/\/markethive.io\/wp-content\/uploads\/2026\/01\/cach-tham-gia-game-open88.webp 800w, https:\/\/markethive.io\/wp-content\/uploads\/2026\/01\/cach-tham-gia-game-open88-300x150.webp 300w, https:\/\/markethive.io\/wp-content\/uploads\/2026\/01\/cach-tham-gia-game-open88-768x384.webp 768w\" sizes=\"auto, (max-width: 800px) 100vw, 800px\" \/><figcaption id=\"caption-attachment-306\" class=\"wp-caption-text\">H\u01b0\u1edbng d\u1eabn tham gia game Open88 d\u1ec5 d\u00e0ng<\/figcaption><\/figure>\n<p><strong>&gt;&gt;<a href=\"https:\/\/markethive.io\/huong-dan-open88\/\">H\u01b0\u1edbng D\u1eabn Open88<\/a>: C\u00e1ch \u0110\u0103ng K\u00fd, N\u1ea1p Ti\u1ec1n V\u00e0 Tham Gia C\u00e1 C\u01b0\u1ee3c<\/strong><\/p>\n<h3><span style=\"font-weight: 400;\">H\u01b0\u1edbng D\u1eabn \u0110\u1eb7t C\u01b0\u1ee3c V\u00e0 Qu\u1ea3n L\u00fd T\u00e0i Kho\u1ea3n<\/span><\/h3>\n<p><span style=\"font-weight: 400;\">Khi tham gia c\u00e1 c\u01b0\u1ee3c t\u1ea1i Game Open88, vi\u1ec7c \u0111\u1eb7t c\u01b0\u1ee3c v\u00e0 qu\u1ea3n l\u00fd t\u00e0i kho\u1ea3n l\u00e0 r\u1ea5t quan tr\u1ecdng. B\u1ea1n c\u00f3 th\u1ec3 d\u1ec5 d\u00e0ng \u0111\u1eb7t c\u01b0\u1ee3c v\u00e0 theo d\u00f5i l\u1ecbch s\u1eed giao d\u1ecbch c\u1ee7a m\u00ecnh th\u00f4ng qua \u1ee9ng d\u1ee5ng ho\u1eb7c website c\u1ee7a Open88. H\u1ec7 th\u1ed1ng h\u1ed7 tr\u1ee3 kh\u00e1ch h\u00e0ng c\u0169ng lu\u00f4n s\u1eb5n s\u00e0ng \u0111\u1ec3 gi\u00fap b\u1ea1n gi\u1ea3i \u0111\u00e1p m\u1ecdi th\u1eafc m\u1eafc li\u00ean quan \u0111\u1ebfn vi\u1ec7c c\u00e1 c\u01b0\u1ee3c ho\u1eb7c t\u00e0i kho\u1ea3n.<\/span><\/p>\n<h2><span style=\"font-weight: 400;\">K\u1ebft Lu\u1eadn<\/span><\/h2>\n<p><span style=\"font-weight: 400;\"><strong>Game Open88<\/strong> l\u00e0 l\u1ef1a ch\u1ecdn l\u00fd t\u01b0\u1edfng cho nh\u1eefng ai y\u00eau th\u00edch s\u1ef1 th\u00fa v\u1ecb v\u00e0 \u0111am m\u00ea c\u00e1 c\u01b0\u1ee3c. V\u1edbi s\u1ef1 \u0111a d\u1ea1ng trong tr\u00f2 ch\u01a1i, t\u00ednh n\u0103ng b\u1ea3o m\u1eadt cao, v\u00e0 c\u00e1c ch\u01b0\u01a1ng tr\u00ecnh khuy\u1ebfn m\u00e3i h\u1ea5p d\u1eabn, <strong><a href=\"https:\/\/markethive.io\/\">nh\u00e0 c\u00e1i Open88<\/a><\/strong> lu\u00f4n \u0111\u1ea3m b\u1ea3o mang \u0111\u1ebfn cho ng\u01b0\u1eddi ch\u01a1i nh\u1eefng tr\u1ea3i nghi\u1ec7m tuy\u1ec7t v\u1eddi.<\/span><\/p>\n","protected":false},"excerpt":{"rendered":"<p>Game Open88: Tr\u1ea3i Nghi\u1ec7m S\u1ea3nh Game Hot Hit 2026 N\u1ec1n t\u1ea3ng c\u00e1 c\u01b0\u1ee3c tr\u1ef1c tuy\u1ebfn Open88 thu h\u00fat s\u1ef1 quan t\u00e2m t\u1eeb c\u1ed9ng \u0111\u1ed3ng game th\u1ee7 nh\u1edd v\u00e0o giao di\u1ec7n d\u1ec5 s\u1eed d\u1ee5ng v\u00e0 kho tr\u00f2 ch\u01a1i phong ph\u00fa. Game Open88 mang l\u1ea1i m\u1ed9t tr\u1ea3i nghi\u1ec7m \u0111\u1ea7y th\u00fa v\u1ecb, v\u00ec v\u1eady kh\u00f4ng ng\u1ea1c nhi\u00ean khi [&#8230;]\n","protected":false},"author":1,"featured_media":307,"parent":0,"menu_order":0,"comment_status":"closed","ping_status":"closed","template":"","meta":{"footnotes":""},"class_list":["post-55","page","type-page","status-publish","has-post-thumbnail","hentry"],"_links":{"self":[{"href":"https:\/\/markethive.io\/vi-vn\/wp-json\/wp\/v2\/pages\/55","targetHints":{"allow":["GET"]}}],"collection":[{"href":"https:\/\/markethive.io\/vi-vn\/wp-json\/wp\/v2\/pages"}],"about":[{"href":"https:\/\/markethive.io\/vi-vn\/wp-json\/wp\/v2\/types\/page"}],"author":[{"embeddable":true,"href":"https:\/\/markethive.io\/vi-vn\/wp-json\/wp\/v2\/users\/1"}],"replies":[{"embeddable":true,"href":"https:\/\/markethive.io\/vi-vn\/wp-json\/wp\/v2\/comments?post=55"}],"version-history":[{"count":0,"href":"https:\/\/markethive.io\/vi-vn\/wp-json\/wp\/v2\/pages\/55\/revisions"}],"wp:featuredmedia":[{"embeddable":true,"href":"https:\/\/markethive.io\/vi-vn\/wp-json\/wp\/v2\/media\/307"}],"wp:attachment":[{"href":"https:\/\/markethive.io\/vi-vn\/wp-json\/wp\/v2\/media?parent=55"}],"curies":[{"name":"wp","href":"https:\/\/api.w.org\/{rel}","templated":true}]}}