{"id":57,"date":"2026-01-19T16:09:13","date_gmt":"2026-01-19T09:09:13","guid":{"rendered":"https:\/\/markethive.io\/?page_id=57"},"modified":"2026-02-01T16:49:40","modified_gmt":"2026-02-01T09:49:40","slug":"huong-dan-open88","status":"publish","type":"page","link":"https:\/\/markethive.io\/vi-vn\/huong-dan-open88\/","title":{"rendered":"H\u01b0\u1edbng d\u1eabn Open88"},"content":{"rendered":"<h1 style=\"text-align: center;\"><span style=\"font-weight: 400;\">H\u01b0\u1edbng D\u1eabn Open88: C\u00e1ch \u0110\u0103ng K\u00fd, N\u1ea1p Ti\u1ec1n V\u00e0 Tham Gia C\u00e1 C\u01b0\u1ee3c<\/span><\/h1>\n<p><span style=\"font-weight: 400;\"><strong><a href=\"https:\/\/markethive.io\/\">Open88<\/a> <\/strong>l\u00e0 n\u1ec1n t\u1ea3ng c\u00e1 c\u01b0\u1ee3c tr\u1ef1c tuy\u1ebfn uy t\u00edn v\u1edbi h\u00e0ng lo\u1ea1t tr\u00f2 ch\u01a1i h\u1ea5p d\u1eabn. N\u1ebfu b\u1ea1n \u0111ang t\u00ecm ki\u1ebfm h\u01b0\u1edbng d\u1eabn chi ti\u1ebft v\u1ec1 c\u00e1ch s\u1eed d\u1ee5ng Open88, b\u00e0i vi\u1ebft n\u00e0y s\u1ebd cung c\u1ea5p <\/span><b>H\u01b0\u1edbng D\u1eabn Open88<\/b><span style=\"font-weight: 400;\"> t\u1eeb A \u0111\u1ebfn Z, bao g\u1ed3m c\u00e1c b\u01b0\u1edbc \u0111\u0103ng k\u00fd t\u00e0i kho\u1ea3n, n\u1ea1p ti\u1ec1n, v\u00e0 tham gia c\u00e1 c\u01b0\u1ee3c. C\u00f9ng b\u1eaft \u0111\u1ea7u kh\u00e1m ph\u00e1!<\/span><\/p>\n<h2><span style=\"font-weight: 400;\">H\u01b0\u1edbng D\u1eabn \u0110\u0103ng K\u00fd Open88 Ch\u1ec9 1 Ph\u00fat<\/span><\/h2>\n<p><span style=\"font-weight: 400;\">\u0110\u1ec3 tham gia v\u00e0o c\u1ed9ng \u0111\u1ed3ng ng\u01b0\u1eddi ch\u01a1i c\u1ee7a Open88, b\u1ea1n c\u1ea7n c\u00f3 m\u1ed9t t\u00e0i kho\u1ea3n c\u00e1 nh\u00e2n. D\u01b0\u1edbi \u0111\u00e2y l\u00e0 <\/span><b>H\u01b0\u1edbng D\u1eabn Open88<\/b><span style=\"font-weight: 400;\"> chi ti\u1ebft gi\u00fap b\u1ea1n \u0111\u0103ng k\u00fd nhanh ch\u00f3ng v\u00e0 d\u1ec5 d\u00e0ng.<\/span><\/p>\n<figure id=\"attachment_310\" aria-describedby=\"caption-attachment-310\" style=\"width: 800px\" class=\"wp-caption aligncenter\"><img loading=\"lazy\" decoding=\"async\" class=\"size-full wp-image-310\" src=\"https:\/\/markethive.io\/wp-content\/uploads\/2026\/01\/huong-dan-dang-ky-open88-1-phut.webp\" alt=\"H\u01b0\u1edbng d\u1eabn \u0111\u0103ng k\u00fd Open88 nhanh ch\u00f3ng\" width=\"800\" height=\"400\" srcset=\"https:\/\/markethive.io\/wp-content\/uploads\/2026\/01\/huong-dan-dang-ky-open88-1-phut.webp 800w, https:\/\/markethive.io\/wp-content\/uploads\/2026\/01\/huong-dan-dang-ky-open88-1-phut-300x150.webp 300w, https:\/\/markethive.io\/wp-content\/uploads\/2026\/01\/huong-dan-dang-ky-open88-1-phut-768x384.webp 768w\" sizes=\"auto, (max-width: 800px) 100vw, 800px\" \/><figcaption id=\"caption-attachment-310\" class=\"wp-caption-text\">H\u01b0\u1edbng d\u1eabn \u0111\u0103ng k\u00fd Open88 nhanh ch\u00f3ng<\/figcaption><\/figure>\n<h3><span style=\"font-weight: 400;\">C\u00e1c B\u01b0\u1edbc \u0110\u0103ng K\u00fd T\u00e0i Kho\u1ea3n Open88 Th\u00e0nh C\u00f4ng &amp; An To\u00e0n<\/span><\/h3>\n<ol>\n<li style=\"font-weight: 400;\" aria-level=\"1\"><b>Truy c\u1eadp v\u00e0o trang ch\u1ee7 Open88<\/b><span style=\"font-weight: 400;\">: \u0110\u1ea3m b\u1ea3o r\u1eb1ng b\u1ea1n v\u00e0o \u0111\u00fang website ch\u00ednh th\u1ee9c c\u1ee7a Open88 \u0111\u1ec3 tr\u00e1nh c\u00e1c trang gi\u1ea3 m\u1ea1o.<\/span><\/li>\n<li style=\"font-weight: 400;\" aria-level=\"1\"><b>Kh\u1edfi \u0110\u1ea7u Quy Tr\u00ecnh \u0110\u0103ng K\u00fd:<\/b><span style=\"font-weight: 400;\"> Tr\u00ean trang ch\u1ee7 c\u1ee7a Open88, nh\u1ea5n v\u00e0o n\u00fat &#8220;<strong><a href=\"https:\/\/markethive.io\/dang-ky-open88\/\">\u0110\u0103ng K\u00fd<\/a><\/strong>&#8221; \u0111\u1ec3 b\u1eaft \u0111\u1ea7u b\u01b0\u1edbc \u0111\u1ea7u ti\u00ean trong qu\u00e1 tr\u00ecnh t\u1ea1o t\u00e0i kho\u1ea3n.<\/span><\/li>\n<li style=\"font-weight: 400;\" aria-level=\"1\"><b>\u0110i\u1ec1n th\u00f4ng tin c\u00e1 nh\u00e2n<\/b><span style=\"font-weight: 400;\">: B\u1ea1n s\u1ebd c\u1ea7n nh\u1eadp \u0111\u1ea7y \u0111\u1ee7 th\u00f4ng tin nh\u01b0 t\u00ean, email, s\u1ed1 \u0111i\u1ec7n tho\u1ea1i v\u00e0 m\u1eadt kh\u1ea9u. H\u00e3y ch\u1eafc ch\u1eafn r\u1eb1ng b\u1ea1n \u0111i\u1ec1n ch\u00ednh x\u00e1c \u0111\u1ec3 tr\u00e1nh r\u1eafc r\u1ed1i sau n\u00e0y.<\/span><\/li>\n<li style=\"font-weight: 400;\" aria-level=\"1\"><b>X\u00e1c minh t\u00e0i kho\u1ea3n<\/b><span style=\"font-weight: 400;\">: Open88 s\u1ebd g\u1eedi m\u00e3 x\u00e1c nh\u1eadn qua email ho\u1eb7c s\u1ed1 \u0111i\u1ec7n tho\u1ea1i c\u1ee7a b\u1ea1n. \u0110i\u1ec1n m\u00e3 x\u00e1c minh v\u00e0o \u00f4 ch\u1ec9 \u0111\u1ecbnh v\u00e0 nh\u1ea5n ho\u00e0n t\u1ea5t \u0111\u1ec3 k\u1ebft th\u00fac qu\u00e1 tr\u00ecnh.<\/span><\/li>\n<li style=\"font-weight: 400;\" aria-level=\"1\"><b>Ho\u00e0n t\u1ea5t \u0111\u0103ng k\u00fd<\/b><span style=\"font-weight: 400;\">: Sau khi x\u00e1c minh, b\u1ea1n c\u00f3 th\u1ec3 \u0111\u0103ng nh\u1eadp v\u00e0o t\u00e0i kho\u1ea3n v\u00e0 b\u1eaft \u0111\u1ea7u tham gia c\u00e1 c\u01b0\u1ee3c.<\/span><\/li>\n<\/ol>\n<p><span style=\"font-weight: 400;\">V\u1edbi <\/span><b>H\u01b0\u1edbng D\u1eabn Open88<\/b><span style=\"font-weight: 400;\"> \u0111\u01a1n gi\u1ea3n n\u00e0y, b\u1ea1n \u0111\u00e3 c\u00f3 th\u1ec3 b\u1eaft \u0111\u1ea7u \u0111\u0103ng k\u00fd t\u00e0i kho\u1ea3n th\u00e0nh c\u00f4ng ch\u1ec9 trong v\u00e0i ph\u00fat.<\/span><\/p>\n<h2><span style=\"font-weight: 400;\">H\u01b0\u1edbng D\u1eabn N\u1ea1p Ti\u1ec1n V\u00e0o T\u00e0i Kho\u1ea3n Open88<\/span><\/h2>\n<p><span style=\"font-weight: 400;\">\u0110\u1ec3 b\u1eaft \u0111\u1ea7u ch\u01a1i, b\u1ea1n c\u1ea7n n\u1ea1p ti\u1ec1n v\u00e0o t\u00e0i kho\u1ea3n c\u1ee7a m\u00ecnh. Open88 h\u1ed7 tr\u1ee3 nhi\u1ec1u ph\u01b0\u01a1ng th\u1ee9c thanh to\u00e1n linh ho\u1ea1t. D\u01b0\u1edbi \u0111\u00e2y l\u00e0 H\u01b0\u1edbng D\u1eabn Open88 gi\u00fap b\u1ea1n th\u1ef1c hi\u1ec7n vi\u1ec7c n\u1ea1p ti\u1ec1n nhanh ch\u00f3ng.<\/span><\/p>\n<h3><span style=\"font-weight: 400;\">Ph\u01b0\u01a1ng Th\u1ee9c N\u1ea1p Ti\u1ec1n Ph\u1ed5 Bi\u1ebfn T\u1ea1i Open88<\/span><\/h3>\n<ol>\n<li style=\"font-weight: 400;\" aria-level=\"1\"><b>Chuy\u1ec3n kho\u1ea3n ng\u00e2n h\u00e0ng: <\/b><span style=\"font-weight: 400;\">Ph\u01b0\u01a1ng th\u1ee9c n\u1ea1p ti\u1ec1n ph\u1ed5 bi\u1ebfn v\u00e0 an to\u00e0n, cho ph\u00e9p b\u1ea1n th\u1ef1c hi\u1ec7n chuy\u1ec3n kho\u1ea3n t\u1eeb t\u00e0i kho\u1ea3n ng\u00e2n h\u00e0ng c\u1ee7a m\u00ecnh v\u00e0o Open88 m\u1ed9t c\u00e1ch \u0111\u01a1n gi\u1ea3n v\u00e0 nhanh ch\u00f3ng.<\/span><\/li>\n<li style=\"font-weight: 400;\" aria-level=\"1\"><b>V\u00ed \u0111i\u1ec7n t\u1eed<\/b><span style=\"font-weight: 400;\">: Open88 h\u1ed7 tr\u1ee3 v\u00ed \u0111i\u1ec7n t\u1eed nh\u01b0 MoMo, ZaloPay, gi\u00fap vi\u1ec7c n\u1ea1p ti\u1ec1n tr\u1edf n\u00ean thu\u1eadn ti\u1ec7n v\u00e0 nhanh ch\u00f3ng.<\/span><\/li>\n<li style=\"font-weight: 400;\" aria-level=\"1\"><b>Th\u1ebb c\u00e0o \u0111i\u1ec7n tho\u1ea1i<\/b><span style=\"font-weight: 400;\">: \u0110\u00e2y l\u00e0 m\u1ed9t l\u1ef1a ch\u1ecdn ph\u1ed5 bi\u1ebfn cho nh\u1eefng ng\u01b0\u1eddi kh\u00f4ng c\u00f3 t\u00e0i kho\u1ea3n ng\u00e2n h\u00e0ng, gi\u00fap b\u1ea1n n\u1ea1p ti\u1ec1n v\u00e0o t\u00e0i kho\u1ea3n Open88 ngay l\u1eadp t\u1ee9c.<\/span><\/li>\n<\/ol>\n<figure id=\"attachment_313\" aria-describedby=\"caption-attachment-313\" style=\"width: 800px\" class=\"wp-caption aligncenter\"><img loading=\"lazy\" decoding=\"async\" class=\"size-full wp-image-313\" src=\"https:\/\/markethive.io\/wp-content\/uploads\/2026\/01\/phuong-thuc-nap-tien-pho-bien-open88.webp\" alt=\"C\u00e1c ph\u01b0\u01a1ng th\u1ee9c n\u1ea1p ti\u1ec1n \u01b0u ti\u00ean t\u1ea1i Open88\" width=\"800\" height=\"400\" srcset=\"https:\/\/markethive.io\/wp-content\/uploads\/2026\/01\/phuong-thuc-nap-tien-pho-bien-open88.webp 800w, https:\/\/markethive.io\/wp-content\/uploads\/2026\/01\/phuong-thuc-nap-tien-pho-bien-open88-300x150.webp 300w, https:\/\/markethive.io\/wp-content\/uploads\/2026\/01\/phuong-thuc-nap-tien-pho-bien-open88-768x384.webp 768w\" sizes=\"auto, (max-width: 800px) 100vw, 800px\" \/><figcaption id=\"caption-attachment-313\" class=\"wp-caption-text\">C\u00e1c ph\u01b0\u01a1ng th\u1ee9c n\u1ea1p ti\u1ec1n \u01b0u ti\u00ean t\u1ea1i Open88<\/figcaption><\/figure>\n<h3><span style=\"font-weight: 400;\">C\u00e1c B\u01b0\u1edbc N\u1ea1p Ti\u1ec1n<\/span><\/h3>\n<ol>\n<li style=\"font-weight: 400;\" aria-level=\"1\"><b>\u0110\u0103ng nh\u1eadp v\u00e0o t\u00e0i kho\u1ea3n Open88<\/b><span style=\"font-weight: 400;\">: Sau khi \u0111\u0103ng k\u00fd th\u00e0nh c\u00f4ng, b\u1ea1n \u0111\u0103ng nh\u1eadp v\u00e0o t\u00e0i kho\u1ea3n c\u00e1 nh\u00e2n.<\/span><\/li>\n<li style=\"font-weight: 400;\" aria-level=\"1\"><b>Ch\u1ecdn ph\u01b0\u01a1ng th\u1ee9c n\u1ea1p ti\u1ec1n<\/b><span style=\"font-weight: 400;\">: T\u1ea1i giao di\u1ec7n t\u00e0i kho\u1ea3n, b\u1ea1n s\u1ebd ch\u1ecdn ph\u01b0\u01a1ng th\u1ee9c thanh to\u00e1n ph\u00f9 h\u1ee3p.<\/span><\/li>\n<li style=\"font-weight: 400;\" aria-level=\"1\"><b>Nh\u1eadp s\u1ed1 ti\u1ec1n c\u1ea7n n\u1ea1p<\/b><span style=\"font-weight: 400;\">: B\u1ea1n c\u00f3 th\u1ec3 nh\u1eadp s\u1ed1 ti\u1ec1n b\u1ea1n mu\u1ed1n n\u1ea1p v\u00e0o t\u00e0i kho\u1ea3n Open88 c\u1ee7a m\u00ecnh.<\/span><\/li>\n<li style=\"font-weight: 400;\" aria-level=\"1\"><b>X\u00e1c nh\u1eadn giao d\u1ecbch<\/b><span style=\"font-weight: 400;\">: Sau khi x\u00e1c nh\u1eadn, giao d\u1ecbch s\u1ebd \u0111\u01b0\u1ee3c ho\u00e0n t\u1ea5t v\u00e0 s\u1ed1 ti\u1ec1n s\u1ebd \u0111\u01b0\u1ee3c c\u1eadp nh\u1eadt v\u00e0o t\u00e0i kho\u1ea3n c\u1ee7a b\u1ea1n ngay l\u1eadp t\u1ee9c.<\/span><\/li>\n<\/ol>\n<p><b>H\u01b0\u1edbng D\u1eabn Open88<\/b><span style=\"font-weight: 400;\"> n\u00e0y s\u1ebd gi\u00fap b\u1ea1n th\u1ef1c hi\u1ec7n c\u00e1c giao d\u1ecbch <strong><a href=\"https:\/\/markethive.io\/nap-tien-open88\/\">n\u1ea1p ti\u1ec1n<\/a><\/strong> m\u1ed9t c\u00e1ch d\u1ec5 d\u00e0ng v\u00e0 nhanh ch\u00f3ng.<\/span><\/p>\n<h2><span style=\"font-weight: 400;\">H\u01b0\u1edbng D\u1eabn Tham Gia C\u00e1 C\u01b0\u1ee3c T\u1ea1i Open88<\/span><\/h2>\n<p><span style=\"font-weight: 400;\">Khi b\u1ea1n \u0111\u00e3 c\u00f3 ti\u1ec1n trong t\u00e0i kho\u1ea3n, b\u01b0\u1edbc ti\u1ebfp theo l\u00e0 tham gia c\u00e1 c\u01b0\u1ee3c. <\/span><b>H\u01b0\u1edbng D\u1eabn Open88<\/b><span style=\"font-weight: 400;\"> d\u01b0\u1edbi \u0111\u00e2y s\u1ebd gi\u00fap b\u1ea1n ch\u1ecdn tr\u00f2 ch\u01a1i v\u00e0 \u0111\u1eb7t c\u01b0\u1ee3c.<\/span><\/p>\n<figure id=\"attachment_312\" aria-describedby=\"caption-attachment-312\" style=\"width: 800px\" class=\"wp-caption aligncenter\"><img loading=\"lazy\" decoding=\"async\" class=\"size-full wp-image-312\" src=\"https:\/\/markethive.io\/wp-content\/uploads\/2026\/01\/huong-dan-tham-gia-ca-cuoc-open88.webp\" alt=\"Tham gia c\u00e1 c\u01b0\u1ee3c t\u1ea1i Open88 d\u1ec5 d\u00e0ng\" width=\"800\" height=\"400\" srcset=\"https:\/\/markethive.io\/wp-content\/uploads\/2026\/01\/huong-dan-tham-gia-ca-cuoc-open88.webp 800w, https:\/\/markethive.io\/wp-content\/uploads\/2026\/01\/huong-dan-tham-gia-ca-cuoc-open88-300x150.webp 300w, https:\/\/markethive.io\/wp-content\/uploads\/2026\/01\/huong-dan-tham-gia-ca-cuoc-open88-768x384.webp 768w\" sizes=\"auto, (max-width: 800px) 100vw, 800px\" \/><figcaption id=\"caption-attachment-312\" class=\"wp-caption-text\">Tham gia c\u00e1 c\u01b0\u1ee3c t\u1ea1i Open88 d\u1ec5 d\u00e0ng<\/figcaption><\/figure>\n<h3><span style=\"font-weight: 400;\">Ch\u1ecdn Tr\u00f2 Ch\u01a1i C\u00e1 C\u01b0\u1ee3c<\/span><\/h3>\n<p><span style=\"font-weight: 400;\">Open88 cung c\u1ea5p \u0111a d\u1ea1ng c\u00e1c tr\u00f2 ch\u01a1i \u0111\u1ec3 b\u1ea1n c\u00f3 th\u1ec3 tham gia:<\/span><\/p>\n<ul>\n<li style=\"font-weight: 400;\" aria-level=\"1\"><b>C\u00e1 c\u01b0\u1ee3c th\u1ec3 thao<\/b><span style=\"font-weight: 400;\">: T\u1eeb b\u00f3ng \u0111\u00e1, b\u00f3ng r\u1ed5 \u0111\u1ebfn tennis, b\u1ea1n c\u00f3 th\u1ec3 \u0111\u1eb7t c\u01b0\u1ee3c v\u00e0o c\u00e1c s\u1ef1 ki\u1ec7n th\u1ec3 thao tr\u1ef1c tuy\u1ebfn ngay tr\u00ean n\u1ec1n t\u1ea3ng c\u1ee7a Open88.<\/span><\/li>\n<li style=\"font-weight: 400;\" aria-level=\"1\"><b>Game slot<\/b><span style=\"font-weight: 400;\">: Nh\u1eefng tr\u00f2 ch\u01a1i slot v\u1edbi c\u00e1c ch\u1ee7 \u0111\u1ec1 h\u1ea5p d\u1eabn, \u0111\u01a1n gi\u1ea3n v\u00e0 mang \u0111\u1ebfn nhi\u1ec1u c\u01a1 h\u1ed9i chi\u1ebfn th\u1eafng l\u1edbn.<\/span><\/li>\n<li style=\"font-weight: 400;\" aria-level=\"1\"><b>Casino tr\u1ef1c tuy\u1ebfn<\/b><span style=\"font-weight: 400;\">: Tham gia c\u00e1c tr\u00f2 ch\u01a1i nh\u01b0 Poker, Baccarat v\u00e0 Roulette \u0111\u1ec3 th\u1eed th\u00e1ch k\u1ef9 n\u0103ng v\u00e0 v\u1eadn may c\u1ee7a m\u00ecnh.<\/span><\/li>\n<\/ul>\n<h3><span style=\"font-weight: 400;\">\u0110\u1eb7t C\u01b0\u1ee3c V\u00e0 Qu\u1ea3n L\u00fd T\u00e0i Kho\u1ea3n<\/span><\/h3>\n<ol>\n<li style=\"font-weight: 400;\" aria-level=\"1\"><b>Ch\u1ecdn tr\u00f2 ch\u01a1i ho\u1eb7c s\u1ef1 ki\u1ec7n<\/b><span style=\"font-weight: 400;\">: B\u1ea1n ch\u1ec9 c\u1ea7n l\u1ef1a ch\u1ecdn tr\u00f2 ch\u01a1i ho\u1eb7c s\u1ef1 ki\u1ec7n m\u00ecnh y\u00eau th\u00edch, v\u00e0 x\u00e1c nh\u1eadn t\u1ef7 l\u1ec7 c\u01b0\u1ee3c.<\/span><\/li>\n<li style=\"font-weight: 400;\" aria-level=\"1\"><b>\u0110\u1eb7t c\u01b0\u1ee3c<\/b><span style=\"font-weight: 400;\">: Sau khi ch\u1ecdn m\u1ee9c c\u01b0\u1ee3c, x\u00e1c nh\u1eadn giao d\u1ecbch v\u00e0 ch\u1edd k\u1ebft qu\u1ea3.<\/span><\/li>\n<li style=\"font-weight: 400;\" aria-level=\"1\"><b>Theo d\u00f5i k\u1ebft qu\u1ea3<\/b><span style=\"font-weight: 400;\">: B\u1ea1n c\u00f3 th\u1ec3 theo d\u00f5i k\u1ebft qu\u1ea3 c\u00e1 c\u01b0\u1ee3c c\u1ee7a m\u00ecnh trong ph\u1ea7n l\u1ecbch s\u1eed giao d\u1ecbch c\u1ee7a t\u00e0i kho\u1ea3n.<\/span><\/li>\n<\/ol>\n<h2><span style=\"font-weight: 400;\">Tham Gia C\u00e1c \u01afu \u0110\u00e3i Khuy\u1ebfn M\u00e3i T\u1ea1i Open88<\/span><\/h2>\n<p><span style=\"font-weight: 400;\">Open88 cung c\u1ea5p nhi\u1ec1u ch\u01b0\u01a1ng tr\u00ecnh khuy\u1ebfn m\u00e3i h\u1ea5p d\u1eabn \u0111\u1ec3 ng\u01b0\u1eddi ch\u01a1i c\u00f3 th\u1ec3 t\u1ed1i \u0111a h\u00f3a c\u01a1 h\u1ed9i chi\u1ebfn th\u1eafng. D\u01b0\u1edbi \u0111\u00e2y l\u00e0 <\/span><b>H\u01b0\u1edbng D\u1eabn Open88<\/b><span style=\"font-weight: 400;\"> v\u1ec1 c\u00e1c ch\u01b0\u01a1ng tr\u00ecnh khuy\u1ebfn m\u00e3i m\u00e0 b\u1ea1n c\u00f3 th\u1ec3 tham gia:<\/span><\/p>\n<ul>\n<li style=\"font-weight: 400;\" aria-level=\"1\"><b>Ch\u01b0\u01a1ng tr\u00ecnh ch\u00e0o m\u1eebng cho ng\u01b0\u1eddi m\u1edbi<\/b><span style=\"font-weight: 400;\">: T\u1eb7ng th\u01b0\u1edfng cho nh\u1eefng ng\u01b0\u1eddi \u0111\u0103ng k\u00fd t\u00e0i kho\u1ea3n l\u1ea7n \u0111\u1ea7u.<\/span><\/li>\n<li style=\"font-weight: 400;\" aria-level=\"1\"><b>Ch\u01b0\u01a1ng tr\u00ecnh VIP<\/b><span style=\"font-weight: 400;\">: Nh\u1eefng ng\u01b0\u1eddi ch\u01a1i l\u00e2u d\u00e0i v\u00e0 c\u00f3 s\u1ed1 giao d\u1ecbch l\u1edbn s\u1ebd \u0111\u01b0\u1ee3c tham gia c\u00e1c ch\u01b0\u01a1ng tr\u00ecnh VIP v\u1edbi nh\u1eefng ph\u1ea7n th\u01b0\u1edfng \u0111\u1eb7c bi\u1ec7t.<\/span><\/li>\n<li style=\"font-weight: 400;\" aria-level=\"1\"><b>Khuy\u1ebfn m\u00e3i theo m\u00f9a<\/b><span style=\"font-weight: 400;\">: Open88 th\u01b0\u1eddng xuy\u00ean t\u1ed5 ch\u1ee9c c\u00e1c ch\u01b0\u01a1ng tr\u00ecnh khuy\u1ebfn m\u00e3i theo c\u00e1c d\u1ecbp \u0111\u1eb7c bi\u1ec7t, b\u1ea1n c\u00f3 th\u1ec3 tham gia v\u00e0 nh\u1eadn th\u01b0\u1edfng.<\/span><\/li>\n<\/ul>\n<p><strong>&gt;&gt;<a href=\"https:\/\/markethive.io\/khuyen-mai-open88\/\">Khuy\u1ebfn M\u00e3i Open88<\/a> \u2013 C\u00e1c Ch\u01b0\u01a1ng Tr\u00ecnh \u01afu \u0110\u00e3i H\u1ea5p D\u1eabn<\/strong><\/p>\n<h2><span style=\"font-weight: 400;\">C\u00e1c L\u1ee3i \u00cdch Khi Ch\u01a1i T\u1ea1i Open88<\/span><\/h2>\n<p><span style=\"font-weight: 400;\">Khi tham gia c\u00e1 c\u01b0\u1ee3c t\u1ea1i Open88, b\u1ea1n s\u1ebd nh\u1eadn \u0111\u01b0\u1ee3c r\u1ea5t nhi\u1ec1u l\u1ee3i \u00edch:<\/span><\/p>\n<ol>\n<li style=\"font-weight: 400;\" aria-level=\"1\"><b>Ch\u1ebf \u0111\u1ed9 b\u1ea3o m\u1eadt cao<\/b><span style=\"font-weight: 400;\">: Open88 cam k\u1ebft b\u1ea3o v\u1ec7 th\u00f4ng tin c\u00e1 nh\u00e2n c\u1ee7a ng\u01b0\u1eddi ch\u01a1i b\u1eb1ng h\u1ec7 th\u1ed1ng b\u1ea3o m\u1eadt ti\u00ean ti\u1ebfn.<\/span><\/li>\n<li style=\"font-weight: 400;\" aria-level=\"1\"><b>H\u1ed7 tr\u1ee3 kh\u00e1ch h\u00e0ng 24\/7<\/b><span style=\"font-weight: 400;\">: \u0110\u1ed9i ng\u0169 ch\u0103m s\u00f3c kh\u00e1ch h\u00e0ng c\u1ee7a Open88 lu\u00f4n s\u1eb5n s\u00e0ng h\u1ed7 tr\u1ee3 ng\u01b0\u1eddi ch\u01a1i b\u1ea5t c\u1ee9 l\u00fac n\u00e0o.<\/span><\/li>\n<li style=\"font-weight: 400;\" aria-level=\"1\"><b>Tr\u1ea3i nghi\u1ec7m m\u01b0\u1ee3t m\u00e0<\/b><span style=\"font-weight: 400;\">: Giao di\u1ec7n d\u1ec5 s\u1eed d\u1ee5ng, gi\u00fap ng\u01b0\u1eddi ch\u01a1i c\u00f3 tr\u1ea3i nghi\u1ec7m m\u01b0\u1ee3t m\u00e0 tr\u00ean c\u1ea3 \u1ee9ng d\u1ee5ng di \u0111\u1ed9ng v\u00e0 trang web.<\/span><\/li>\n<\/ol>\n<h2><span style=\"font-weight: 400;\">K\u1ebft Lu\u1eadn<\/span><\/h2>\n<p><span style=\"font-weight: 400;\">V\u1edbi <\/span><b>H\u01b0\u1edbng D\u1eabn Open88<\/b><span style=\"font-weight: 400;\"> chi ti\u1ebft n\u00e0y, hy v\u1ecdng b\u1ea1n \u0111\u00e3 hi\u1ec3u r\u00f5 c\u00e1c b\u01b0\u1edbc \u0111\u1ec3 tham gia c\u00e1 c\u01b0\u1ee3c v\u00e0 t\u1eadn h\u01b0\u1edfng nh\u1eefng tr\u00f2 ch\u01a1i th\u00fa v\u1ecb t\u1ea1i Open88. N\u1ec1n t\u1ea3ng n\u00e0y cung c\u1ea5p kh\u00f4ng ch\u1ec9 c\u00e1c tr\u00f2 ch\u01a1i \u0111a d\u1ea1ng m\u00e0 c\u00f2n c\u00e1c ch\u01b0\u01a1ng tr\u00ecnh khuy\u1ebfn m\u00e3i h\u1ea5p d\u1eabn, gi\u00fap ng\u01b0\u1eddi ch\u01a1i c\u00f3 nhi\u1ec1u c\u01a1 h\u1ed9i th\u1eafng l\u1edbn. H\u00e3y tham gia Open88 ngay h\u00f4m nay \u0111\u1ec3 kh\u00f4ng b\u1ecf l\u1ee1 c\u01a1 h\u1ed9i tuy\u1ec7t v\u1eddi n\u00e0y!<\/span><\/p>\n","protected":false},"excerpt":{"rendered":"<p>H\u01b0\u1edbng D\u1eabn Open88: C\u00e1ch \u0110\u0103ng K\u00fd, N\u1ea1p Ti\u1ec1n V\u00e0 Tham Gia C\u00e1 C\u01b0\u1ee3c Open88 l\u00e0 n\u1ec1n t\u1ea3ng c\u00e1 c\u01b0\u1ee3c tr\u1ef1c tuy\u1ebfn uy t\u00edn v\u1edbi h\u00e0ng lo\u1ea1t tr\u00f2 ch\u01a1i h\u1ea5p d\u1eabn. N\u1ebfu b\u1ea1n \u0111ang t\u00ecm ki\u1ebfm h\u01b0\u1edbng d\u1eabn chi ti\u1ebft v\u1ec1 c\u00e1ch s\u1eed d\u1ee5ng Open88, b\u00e0i vi\u1ebft n\u00e0y s\u1ebd cung c\u1ea5p H\u01b0\u1edbng D\u1eabn Open88 t\u1eeb A [&#8230;]\n","protected":false},"author":1,"featured_media":311,"parent":0,"menu_order":0,"comment_status":"closed","ping_status":"closed","template":"","meta":{"footnotes":""},"class_list":["post-57","page","type-page","status-publish","has-post-thumbnail","hentry"],"_links":{"self":[{"href":"https:\/\/markethive.io\/vi-vn\/wp-json\/wp\/v2\/pages\/57","targetHints":{"allow":["GET"]}}],"collection":[{"href":"https:\/\/markethive.io\/vi-vn\/wp-json\/wp\/v2\/pages"}],"about":[{"href":"https:\/\/markethive.io\/vi-vn\/wp-json\/wp\/v2\/types\/page"}],"author":[{"embeddable":true,"href":"https:\/\/markethive.io\/vi-vn\/wp-json\/wp\/v2\/users\/1"}],"replies":[{"embeddable":true,"href":"https:\/\/markethive.io\/vi-vn\/wp-json\/wp\/v2\/comments?post=57"}],"version-history":[{"count":0,"href":"https:\/\/markethive.io\/vi-vn\/wp-json\/wp\/v2\/pages\/57\/revisions"}],"wp:featuredmedia":[{"embeddable":true,"href":"https:\/\/markethive.io\/vi-vn\/wp-json\/wp\/v2\/media\/311"}],"wp:attachment":[{"href":"https:\/\/markethive.io\/vi-vn\/wp-json\/wp\/v2\/media?parent=57"}],"curies":[{"name":"wp","href":"https:\/\/api.w.org\/{rel}","templated":true}]}}